{"id":3769,"date":"2025-12-15T20:10:16","date_gmt":"2025-12-15T19:10:16","guid":{"rendered":"https:\/\/hotelardesia.com\/desayunos"},"modified":"2025-12-15T21:46:22","modified_gmt":"2025-12-15T20:46:22","slug":"desayunos","status":"publish","type":"page","link":"https:\/\/hotelardesia.com\/es\/desayunos","title":{"rendered":"Desayuno"},"content":{"rendered":"<div class=\"wpb-content-wrapper\"><p>[vc_row css_animation=\u00bb\u00bb row_type=\u00bbrow\u00bb use_row_as_full_screen_section=\u00bbno\u00bb type=\u00bbfull_width\u00bb angled_section=\u00bbno\u00bb text_align=\u00bbleft\u00bb background_image_as_pattern=\u00bbwithout_pattern\u00bb css=\u00bb.vc_custom_1682210138308{margin-top: 3% !important;}\u00bb z_index=\u00bb\u00bb][vc_column][qode_elements_holder number_of_columns=\u00bbthree_columns\u00bb][qode_elements_holder_item advanced_animations=\u00bbno\u00bb custom_class=\u00bbrelative-box two\u00bb][vc_single_image image=\u00bb984&#8243; img_size=\u00bbfull\u00bb qode_css_animation=\u00bb\u00bb][\/qode_elements_holder_item][qode_elements_holder_item advanced_animations=\u00bbno\u00bb custom_class=\u00bbrelative-box two\u00bb][vc_single_image image=\u00bb987&#8243; img_size=\u00bbfull\u00bb qode_css_animation=\u00bb\u00bb][\/qode_elements_holder_item][qode_elements_holder_item vertical_alignment=\u00bbmiddle\u00bb advanced_animations=\u00bbno\u00bb custom_class=\u00bbrelative-box two\u00bb][vc_column_text css=\u00bb\u00bb]<\/p>\n<h1 style=\"text-align: center;\">DESAYUNO<\/h1>\n<p><\/p>\n<p style=\"text-align: center;\">En el Hotel Ardesia podr\u00e1s disfrutar de los sabores de un desayuno aut\u00e9ntico y casero.<br \/>\nUn <strong>abundante buf\u00e9 de platos dulces y salados <\/strong>y pasteles de elaboraci\u00f3n propia te permitir\u00e1n empezar el d\u00eda con la energ\u00eda y el vigor adecuados.<\/p>\n<p style=\"text-align: center;\">Podr\u00e1 elegir entre disfrutarla en la amplia <strong>sala climatizada<\/strong> o al aire libre en el <strong>jard\u00edn<\/strong> del hotel.<\/p>\n<p style=\"text-align: center;\"><a class=\"qbutton read_more_button blue\" href=\"https:\/\/hotelardesia.com\/es\/servicios\">Todos los servicios<\/a><\/p>\n<p>[\/vc_column_text][\/qode_elements_holder_item][\/qode_elements_holder][vc_empty_space height=\u00bb60px\u00bb][\/vc_column][\/vc_row][vc_row row_type=\u00bbparallax\u00bb header_style=\u00bbdark\u00bb parallax_content_width=\u00bbfull_width\u00bb text_align=\u00bbcenter\u00bb full_screen_section_height=\u00bbno\u00bb background_image=\u00bb1188&#8243; section_height=\u00bb350&#8243; parallax_speed=\u00bb0.3&#8243;][vc_column][\/vc_column][\/vc_row][vc_row css_animation=\u00bb\u00bb row_type=\u00bbrow\u00bb use_row_as_full_screen_section=\u00bbno\u00bb type=\u00bbfull_width\u00bb angled_section=\u00bbno\u00bb text_align=\u00bbleft\u00bb background_image_as_pattern=\u00bbwithout_pattern\u00bb z_index=\u00bb\u00bb][vc_column][vc_empty_space][vc_column_text]<\/p>\n<p style=\"text-align: center;\">El despertar nunca ha sido tan dulce como con el <strong>desayuno buf\u00e9<\/strong> del Hotel Ardesia.<\/p>\n<p><\/p>\n<p style=\"text-align: center;\">Monica sabr\u00e1 conquistar a sus hu\u00e9spedes con preparaciones sencillas, que respetan la estacionalidad y la cadena de suministro corta, para que disfruten de momentos de <strong>despreocupaci\u00f3n<\/strong> y <strong>relajaci\u00f3n<\/strong> al aire libre durante los espl\u00e9ndidos d\u00edas de verano o en la sala interior.<\/p>\n<p><\/p>\n<p style=\"text-align: center;\">Siempre hay disponibles alternativas vegetarianas y <strong>veganas<\/strong>, as\u00ed como productos <strong>sin gluten<\/strong>, para satisfacer los gustos y preferencias de todos los hu\u00e9spedes.<\/p>\n<p>[\/vc_column_text][vc_empty_space][\/vc_column][\/vc_row]<\/p>\n<\/div>","protected":false},"excerpt":{"rendered":"<p>[vc_row css_animation=\u00bb\u00bb row_type=\u00bbrow\u00bb use_row_as_full_screen_section=\u00bbno\u00bb type=\u00bbfull_width\u00bb angled_section=\u00bbno\u00bb text_align=\u00bbleft\u00bb background_image_as_pattern=\u00bbwithout_pattern\u00bb css=\u00bb.vc_custom_1682210138308{margin-top: 3% !important;}\u00bb z_index=\u00bb\u00bb][vc_column][qode_elements_holder number_of_columns=\u00bbthree_columns\u00bb][qode_elements_holder_item advanced_animations=\u00bbno\u00bb custom_class=\u00bbrelative-box two\u00bb][vc_single_image image=\u00bb984&#8243; img_size=\u00bbfull\u00bb qode_css_animation=\u00bb\u00bb][\/qode_elements_holder_item][qode_elements_holder_item advanced_animations=\u00bbno\u00bb custom_class=\u00bbrelative-box two\u00bb][vc_single_image image=\u00bb987&#8243; img_size=\u00bbfull\u00bb qode_css_animation=\u00bb\u00bb][\/qode_elements_holder_item][qode_elements_holder_item vertical_alignment=\u00bbmiddle\u00bb advanced_animations=\u00bbno\u00bb custom_class=\u00bbrelative-box two\u00bb][vc_column_text css=\u00bb\u00bb] DESAYUNO En el Hotel Ardesia podr\u00e1s disfrutar de los sabores de un desayuno aut\u00e9ntico y&#8230;<\/p>\n","protected":false},"author":1,"featured_media":0,"parent":0,"menu_order":0,"comment_status":"closed","ping_status":"closed","template":"","meta":{"_monsterinsights_skip_tracking":false,"_monsterinsights_sitenote_active":false,"_monsterinsights_sitenote_note":"","_monsterinsights_sitenote_category":0,"footnotes":""},"class_list":["post-3769","page","type-page","status-publish","hentry"],"aioseo_notices":[],"_links":{"self":[{"href":"https:\/\/hotelardesia.com\/es\/wp-json\/wp\/v2\/pages\/3769","targetHints":{"allow":["GET"]}}],"collection":[{"href":"https:\/\/hotelardesia.com\/es\/wp-json\/wp\/v2\/pages"}],"about":[{"href":"https:\/\/hotelardesia.com\/es\/wp-json\/wp\/v2\/types\/page"}],"author":[{"embeddable":true,"href":"https:\/\/hotelardesia.com\/es\/wp-json\/wp\/v2\/users\/1"}],"replies":[{"embeddable":true,"href":"https:\/\/hotelardesia.com\/es\/wp-json\/wp\/v2\/comments?post=3769"}],"version-history":[{"count":0,"href":"https:\/\/hotelardesia.com\/es\/wp-json\/wp\/v2\/pages\/3769\/revisions"}],"wp:attachment":[{"href":"https:\/\/hotelardesia.com\/es\/wp-json\/wp\/v2\/media?parent=3769"}],"curies":[{"name":"wp","href":"https:\/\/api.w.org\/{rel}","templated":true}]}}