{"id":3776,"date":"2025-12-15T20:12:57","date_gmt":"2025-12-15T19:12:57","guid":{"rendered":"https:\/\/hotelardesia.com\/contacto-hotel-ardesia"},"modified":"2026-02-17T14:58:08","modified_gmt":"2026-02-17T13:58:08","slug":"contacto-hotel-ardesia","status":"publish","type":"page","link":"https:\/\/hotelardesia.com\/es\/contacto-hotel-ardesia","title":{"rendered":"Contactos"},"content":{"rendered":"<div class=\"wpb-content-wrapper\"><p>[vc_row css_animation=\u00bb\u00bb row_type=\u00bbrow\u00bb use_row_as_full_screen_section=\u00bbno\u00bb type=\u00bbfull_width\u00bb angled_section=\u00bbno\u00bb text_align=\u00bbleft\u00bb background_image_as_pattern=\u00bbwithout_pattern\u00bb][vc_column][vc_column_text][\/vc_column_text][\/vc_column][\/vc_row][vc_row css_animation=\u00bb\u00bb row_type=\u00bbrow\u00bb use_row_as_full_screen_section=\u00bbno\u00bb type=\u00bbfull_width\u00bb angled_section=\u00bbno\u00bb text_align=\u00bbleft\u00bb background_image_as_pattern=\u00bbwithout_pattern\u00bb][vc_column][vc_empty_space height=\u00bb100px\u00bb][vc_column_text]<\/p>\n<h1 style=\"text-align: center;\">Contactos<\/h1>\n<p>[\/vc_column_text][vc_empty_space height=\u00bb30px\u00bb][vc_column_text]<\/p>\n<p style=\"text-align: center;\">\u00bfTienes alguna pregunta? \u00a1Estamos a tu disposici\u00f3n!<br \/>Puedes contactarnos sin compromiso por tel\u00e9fono, por correo electr\u00f3nico o rellenando el siguiente formulario.<br \/>Estaremos encantados de responder a todas tus preguntas.<br \/>\n[\/vc_column_text][qode_elements_holder number_of_columns=\u00bbone_column\u00bb alignment_one_column=\u00bbcenter\u00bb][qode_elements_holder_item advanced_animations=\u00bbno\u00bb][vc_column_text css=\u00bb\u00bb el_class=\u00bbmax-1000&#8243;]<\/p>\n<p style=\"text-align: center;\"><strong>Tel: <\/strong><a class=\"email-footer\" href=\"tel:+390541389363\">0541.389363<\/a><br \/>\n<strong>E-mail<\/strong>: <a class=\"email-contatti\" href=\"mailto:info@hotelardesia.com?subject=Richiesta informazioni dal sito albergoardesia.it\">info@hotelardesia.com<\/a><br \/>\n<strong>Whatsapp<\/strong>: <a class=\"email-footer\" href=\"https:\/\/wa.me\/393886338363\">+39 388 633 8363<\/a><\/p>\n<p>[\/vc_column_text][vc_raw_html css=\u00bb\u00bb]PGRpdiBzdHlsZT0idGV4dC1hbGlnbjogY2VudGVyOyIgY2xhc3M9ImZvcm0tZXh0Ij4NCiAgICA8ZGl2IHN0eWxlPSJwYWRkaW5nLXRvcDogMjBweDsgbWFyZ2luLXRvcDogOHB4OyI+PC9kaXY+PGJyPiAgICA8aDMgc3R5bGU9InRleHQtYWxpZ246IGNlbnRlcjsiPkluZm9ybWFjacOzbiBzb2xpY2l0YWRhPC9oMz48YnI+ICAgIDxkaXYgaWQ9ImNvbnRhaW5lcl9jb250YXR0aSIgc3R5bGU9InRleHQtYWxpZ246IGNlbnRlciFpbXBvcnRhbnQ7Ij48L2Rpdj48YnI+PC9kaXY+PGJyPjxicj48c2NyaXB0IHNyYz0iaHR0cHM6Ly93d3cuc2NpZG9vLmNvbS93aWRnZXRfY29udGF0dGkvaW5jbHVkZV93aWRnZXRfY29udGF0dGkuanMiIGRhdGEtY29kaWNlPSIxMDI4IiBkYXRhLWxhbmc9IjIiIGRhdGEtdmlzdWFsaXp6YS1leHRyYT0iMSIgZGF0YS1zdHJ1dHR1cmE9Ii0xIiBkYXRhLWx1b2dvPSIwIiBkYXRhLWNvbnRhaW5lcj0iY29udGFpbmVyX2NvbnRhdHRpIj48L3NjcmlwdD48YnI+PGJyPg==[\/vc_raw_html][\/qode_elements_holder_item][\/qode_elements_holder][vc_empty_space height=\u00bb60px\u00bb][\/vc_column][\/vc_row][vc_row css_animation=\u00bb\u00bb row_type=\u00bbrow\u00bb use_row_as_full_screen_section=\u00bbno\u00bb type=\u00bbfull_width\u00bb angled_section=\u00bbno\u00bb text_align=\u00bbleft\u00bb background_image_as_pattern=\u00bbwithout_pattern\u00bb][vc_column][vc_column_text][\/vc_column_text][\/vc_column][\/vc_row]<\/p>\n<\/div>","protected":false},"excerpt":{"rendered":"<p>[vc_row css_animation=\u00bb\u00bb row_type=\u00bbrow\u00bb use_row_as_full_screen_section=\u00bbno\u00bb type=\u00bbfull_width\u00bb angled_section=\u00bbno\u00bb text_align=\u00bbleft\u00bb background_image_as_pattern=\u00bbwithout_pattern\u00bb][vc_column][vc_column_text][\/vc_column_text][\/vc_column][\/vc_row][vc_row css_animation=\u00bb\u00bb row_type=\u00bbrow\u00bb use_row_as_full_screen_section=\u00bbno\u00bb type=\u00bbfull_width\u00bb angled_section=\u00bbno\u00bb text_align=\u00bbleft\u00bb background_image_as_pattern=\u00bbwithout_pattern\u00bb][vc_column][vc_empty_space height=\u00bb100px\u00bb][vc_column_text] Contactos [\/vc_column_text][vc_empty_space height=\u00bb30px\u00bb][vc_column_text] \u00bfTienes alguna pregunta? \u00a1Estamos a tu disposici\u00f3n!Puedes contactarnos sin compromiso por tel\u00e9fono, por correo electr\u00f3nico o rellenando el siguiente formulario.Estaremos encantados de responder a todas tus&#8230;<\/p>\n","protected":false},"author":1,"featured_media":0,"parent":0,"menu_order":0,"comment_status":"closed","ping_status":"closed","template":"","meta":{"_monsterinsights_skip_tracking":false,"_monsterinsights_sitenote_active":false,"_monsterinsights_sitenote_note":"","_monsterinsights_sitenote_category":0,"footnotes":""},"class_list":["post-3776","page","type-page","status-publish","hentry"],"aioseo_notices":[],"_links":{"self":[{"href":"https:\/\/hotelardesia.com\/es\/wp-json\/wp\/v2\/pages\/3776","targetHints":{"allow":["GET"]}}],"collection":[{"href":"https:\/\/hotelardesia.com\/es\/wp-json\/wp\/v2\/pages"}],"about":[{"href":"https:\/\/hotelardesia.com\/es\/wp-json\/wp\/v2\/types\/page"}],"author":[{"embeddable":true,"href":"https:\/\/hotelardesia.com\/es\/wp-json\/wp\/v2\/users\/1"}],"replies":[{"embeddable":true,"href":"https:\/\/hotelardesia.com\/es\/wp-json\/wp\/v2\/comments?post=3776"}],"version-history":[{"count":0,"href":"https:\/\/hotelardesia.com\/es\/wp-json\/wp\/v2\/pages\/3776\/revisions"}],"wp:attachment":[{"href":"https:\/\/hotelardesia.com\/es\/wp-json\/wp\/v2\/media?parent=3776"}],"curies":[{"name":"wp","href":"https:\/\/api.w.org\/{rel}","templated":true}]}}