{"id":3786,"date":"2025-12-15T20:15:56","date_gmt":"2025-12-15T19:15:56","guid":{"rendered":"https:\/\/hotelardesia.com\/politica-de-cookies"},"modified":"2025-12-15T20:15:56","modified_gmt":"2025-12-15T19:15:56","slug":"politica-de-cookies","status":"publish","type":"page","link":"https:\/\/hotelardesia.com\/es\/politica-de-cookies","title":{"rendered":"Pol\u00edtica de cookies"},"content":{"rendered":"<div class=\"wpb-content-wrapper\"><p>[vc_row css_animation=\u00bb\u00bb row_type=\u00bbrow\u00bb use_row_as_full_screen_section=\u00bbno\u00bb type=\u00bbfull_width\u00bb angled_section=\u00bbno\u00bb text_align=\u00bbleft\u00bb background_image_as_pattern=\u00bbwithout_pattern\u00bb][vc_column][vc_empty_space height=\u00bb60px\u00bb][vc_column_text]<\/p>\n<h1 style=\"text-align: center;\">Pol\u00edtica de cookies<\/h1>\n<p>[\/vc_column_text][vc_empty_space height=\u00bb60px\u00bb][\/vc_column][\/vc_row][vc_row css_animation=\u00bb\u00bb row_type=\u00bbrow\u00bb use_row_as_full_screen_section=\u00bbno\u00bb type=\u00bbfull_width\u00bb angled_section=\u00bbno\u00bb text_align=\u00bbleft\u00bb background_image_as_pattern=\u00bbwithout_pattern\u00bb][vc_column][vc_column_text css=\u00bb\u00bb]<\/p>\n<table width=\"100%\">\n<tbody>\n<tr>\n<th style=\"text-align: left;\" colspan=\"2\" valign=\"top\">Informaci\u00f3n corporativa<\/th>\n<\/tr>\n<tr>\n<td valign=\"top\" nowrap=\"nowrap\" width=\"30%\">Responsable del tratamiento de datos<\/td>\n<td valign=\"top\"><strong>Gems Hotel Sas<\/strong><\/td>\n<\/tr>\n<tr>\n<td valign=\"top\" nowrap=\"nowrap\" width=\"30%\">Direcci\u00f3n del domicilio social<\/td>\n<td valign=\"top\"><strong> Viale delle Rimembranze, 80 47924 Bellariva, Rimini (RN)<\/strong><\/td>\n<\/tr>\n<tr>\n<td valign=\"top\" nowrap=\"nowrap\" width=\"30%\">N\u00famero de identificaci\u00f3n fiscal<\/td>\n<td valign=\"top\"><strong>00267650406<\/strong><\/td>\n<\/tr>\n<tr>\n<td valign=\"top\" nowrap=\"nowrap\" width=\"30%\">Responsable del tratamiento de datos personales<\/td>\n<td valign=\"top\"><strong>Guenda Mancini<\/strong><\/td>\n<\/tr>\n<tr>\n<td valign=\"top\" nowrap=\"nowrap\" width=\"30%\">N\u00famero de inscripci\u00f3n en el Registro Mercantil<\/td>\n<td valign=\"top\"><strong>RN &#8211; 190807<\/strong><\/td>\n<\/tr>\n<tr>\n<td valign=\"top\" nowrap=\"nowrap\" width=\"30%\">C\u00f3digo identificativo<\/td>\n<td valign=\"top\"><strong>CIR 099014-AL-01009 CIN IT099014A1ZCTZ4KQZ<\/strong><\/td>\n<\/tr>\n<\/tbody>\n<\/table>\n<p><\/p>\n<h4><\/h4>\n<p>&nbsp;<\/p>\n<h4><strong><u>Pol\u00edtica sobre cookies y preferencias<\/u><\/strong><\/h4>\n<p>Le informamos de que Hotel Ardesia utiliza cookies u otras herramientas de seguimiento en su sitio web https:\/\/hotelardesia.com\/<\/p>\n<p>Las herramientas de seguimiento pueden instalarse en el dispositivo del usuario en funci\u00f3n de las preferencias ya expresadas o que pueda expresar en cualquier momento de conformidad con la presente pol\u00edtica.<\/p>\n<p><strong>1. \u00bfPara qu\u00e9 sirve la pol\u00edtica sobre cookies?<\/strong><\/p>\n<p>Con el fin de garantizar la m\u00e1xima transparencia, Hotel Ardesia ha definido la presente pol\u00edtica para ofrecer al usuario m\u00e1s informaci\u00f3n sobre:<\/p>\n<ul>\n<li>El origen y la finalidad de la informaci\u00f3n procesada durante la navegaci\u00f3n del usuario en<br \/>\nhttps:\/\/hotelardesia.com\/.<\/li>\n<li>Los derechos del usuario en relaci\u00f3n con las cookies y otras herramientas de seguimiento utilizadas por Hotel Ardesia.<\/li>\n<\/ul>\n<p><strong>2. \u00bfQu\u00e9 es una cookie?<\/strong><\/p>\n<p>Las cookies y otros instrumentos de seguimiento similares son paquetes de datos que utilizan los servidores para transmitir informaci\u00f3n de estado al navegador del usuario y enviar informaci\u00f3n de estado al servidor de origen a trav\u00e9s del mismo navegador.<br \/>Algunos ejemplos de informaci\u00f3n de estado son el identificador de una sesi\u00f3n, el idioma, la fecha de caducidad, el campo de respuesta u otros tipos de informaci\u00f3n.<br \/>Durante su per\u00edodo de validez, las cookies se utilizan para almacenar informaci\u00f3n de estado cuando el usuario accede, a trav\u00e9s del navegador, a las distintas p\u00e1ginas de un sitio web o cuando vuelve a visitar el mismo sitio en un segundo momento.<\/p>\n<p>Existen diferentes tipos de cookies:<\/p>\n<ul>\n<li>Las cookies de sesi\u00f3n se eliminan tan pronto como el usuario cierra el navegador o abandona el sitio web<\/li>\n<li>Las cookies persistentes permanecen en el dispositivo del usuario hasta que caducan o hasta que se eliminan utilizando las funciones del navegador<\/li>\n<\/ul>\n<p><strong>3. \u00bfPor qu\u00e9 utilizamos cookies?<\/strong><\/p>\n<p>Las cookies y otras herramientas de seguimiento se utilizan principalmente por los siguientes motivos:<\/p>\n<p>Las cookies son indispensables para navegar por el sitio web https:\/\/hotelardesia.com\/ y utilizar todas sus funciones y, en concreto, permiten:<\/p>\n<ul>\n<li>gestionar la autenticaci\u00f3n de los visitantes del sitio web y las medidas de seguridad relacionadas, y garantizar el correcto funcionamiento del m\u00f3dulo de autenticaci\u00f3n<\/li>\n<li>optimizar la experiencia del usuario y simplificar la navegaci\u00f3n, en particular determinando \u00abrutas t\u00e9cnicas\u00bb para la navegaci\u00f3n<\/li>\n<li>almacenar la informaci\u00f3n relativa al banner informativo sobre cookies que ven los visitantes del sitio web y que luego contin\u00faan navegando por el sitio despu\u00e9s de haber aceptado las cookies en su dispositivo<\/li>\n<li>adoptar medidas de seguridad (por ejemplo, cuando se pide al usuario que vuelva a iniciar sesi\u00f3n para acceder a contenidos o servicios despu\u00e9s de un intervalo de tiempo determinado o para garantizar el funcionamiento b\u00e1sico de https:\/\/hotelardesia.com\/ y el uso de sus principales funciones, entre las que se incluyen la supervisi\u00f3n del rendimiento y los errores de navegaci\u00f3n, la gesti\u00f3n de las sesiones del usuario, etc.).<\/li>\n<\/ul>\n<p>Las cookies de funcionalidad son necesarias sobre todo para:<\/p>\n<ul>\n<li>adaptar https:\/\/hotelardesia.com\/ a las preferencias de visualizaci\u00f3n del dispositivo del usuario (idioma, moneda, resoluci\u00f3n de pantalla, sistema operativo utilizado, configuraci\u00f3n y ajustes de visualizaci\u00f3n de las p\u00e1ginas web en funci\u00f3n del dispositivo utilizado y la ubicaci\u00f3n del usuario, etc.)<\/li>\n<li>almacenar la informaci\u00f3n que el usuario introduce en https:\/\/hotelardesia.com\/ para facilitar y personalizar sus visitas posteriores a los mismos sitios (incluida la visualizaci\u00f3n del nombre y apellidos del visitante, si dispone de una cuenta de usuario)<\/li>\n<li>permitir al usuario acceder m\u00e1s r\u00e1pidamente a las p\u00e1ginas personales almacenando los datos o la informaci\u00f3n de acceso introducidos anteriormente<br \/>\nLas cookies para el seguimiento de los visitantes tienen como objetivo mejorar la experiencia del usuario, ayud\u00e1ndonos a comprender c\u00f3mo interact\u00faa el usuario con https:\/\/hotelardesia.com\/ (p\u00e1ginas m\u00e1s visitadas, aplicaciones utilizadas, etc.); estas cookies pueden recopilar datos estad\u00edsticos o probar las distintas formas de visualizar la informaci\u00f3n para mejorar la relevancia y la facilidad de uso de nuestros servicios.\n<\/ul>\n<p>Las cookies con fines publicitarios est\u00e1n dise\u00f1adas para (i) ofrecer contenidos espec\u00edficos dentro de espacios publicitarios que puedan interesar al usuario (mejores ofertas, otros destinos, etc.) en funci\u00f3n de sus intereses, comportamiento de navegaci\u00f3n, preferencias y otros factores; y (ii) reducir el n\u00famero de visualizaciones de anuncios publicitarios.<\/p>\n<p>Las cookies de afiliaci\u00f3n identifican el sitio web de terceros que ha redirigido a un visitante a https:\/\/hotelardesia.com\/<\/p>\n<p>Las cookies de redes sociales, establecidas por terceros, permiten al usuario compartir en las redes sociales su opini\u00f3n y los contenidos de https:\/\/hotelardesia.com\/ (por ejemplo, a trav\u00e9s de los botones \u00abCompartir\u00bb o \u00abMe gusta\u00bb de las redes sociales).<\/p>\n<p>En algunos casos, las aplicaciones de redes sociales en https:\/ \/hotelardesia.com\/ mencionadas anteriormente pueden permitir a las redes sociales correspondientes identificar al usuario aunque no seleccione el bot\u00f3n de acceso a la aplicaci\u00f3n. Este tipo de bot\u00f3n puede permitir a una red social supervisar la actividad de navegaci\u00f3n del usuario en https:\/\/hotelardesia.com\/ simplemente porque la cuenta de la red social est\u00e1 habilitada en el dispositivo del usuario (sesi\u00f3n abierta) durante la navegaci\u00f3n.<\/p>\n<p>Invitamos al usuario a leer las pol\u00edticas de uso de las redes sociales mencionadas para comprender mejor c\u00f3mo utilizan la informaci\u00f3n de navegaci\u00f3n que pueden recopilar, especialmente con fines promocionales. Dichas pol\u00edticas deben permitir expl\u00edcitamente al usuario tomar decisiones sobre las redes sociales, en particular configurando las cuentas de usuario para cada aplicaci\u00f3n.<\/p>\n<p><strong>4. Consentimiento<\/strong><\/p>\n<p>Las cookies son datos creados por un servidor que se almacenan en archivos de texto en el disco duro de su ordenador y permiten el funcionamiento de este sitio web, el uso de una funcionalidad espec\u00edfica solicitada expl\u00edcitamente por el usuario o permiten mejorar el funcionamiento de este sitio, como las cookies que agilizan la navegaci\u00f3n o que muestran los contenidos de mayor inter\u00e9s para el usuario en funci\u00f3n de sus elecciones anteriores. Las cookies pueden ser permanentes (las llamadas cookies persistentes), pero tambi\u00e9n pueden tener una duraci\u00f3n limitada (las llamadas cookies de sesi\u00f3n). Este sitio web utiliza tanto cookies persistentes como de sesi\u00f3n. Las de sesi\u00f3n no se almacenan de forma permanente en su ordenador y desaparecen al cerrar el navegador. Las persistentes sirven para personalizar la navegaci\u00f3n en funci\u00f3n del dispositivo utilizado por el usuario (ordenador, tableta, smartphone), al igual que las cookies de terceros, que sirven para analizar los accesos al sitio web (por ejemplo, Google Analytics) y para permitir a los usuarios compartir los contenidos del sitio web a trav\u00e9s de redes sociales (FB) o correo electr\u00f3nico (Add This). Estas cookies se almacenan de forma permanente en su ordenador y tienen una duraci\u00f3n variable.<\/p>\n<p>El sitio web utiliza en particular las siguientes cookies:<\/p>\n<p><strong>Cookies del sitio web<\/strong><\/p>\n<table width=\"100%\">\n<tbody>\n<tr bgcolor=\"\">\n<th>Nombre de la cookie<\/th>\n<th>Tipo<\/th>\n<th>Nombre del servicio<\/th>\n<th>Nombre de la descripci\u00f3n<\/th>\n<th>Duraci\u00f3n<\/th>\n<th>Dominio<\/th>\n<\/tr>\n<tr>\n<td nowrap=\"nowrap\">_ga<\/td>\n<td>anal\u00edtica de terceros<\/td>\n<td>Google Analytics<\/td>\n<td>Utilizada por las API de Google Analytics<\/td>\n<td>6 meses<\/td>\n<td>www.hotelardesia.com<\/td>\n<\/tr>\n<tr>\n<td nowrap=\"nowrap\">_gat<\/td>\n<td>anal\u00edtica de terceros<\/td>\n<td>Google Analytics<\/td>\n<td>Utilizada por las API de Google Analytics<\/td>\n<td>10 minutos<\/td>\n<td>www.hotelardesia.com<\/td>\n<\/tr>\n<tr>\n<td nowrap=\"nowrap\">viewed_cookie_policy<\/td>\n<td>funcional<\/td>\n<td>Pol\u00edtica de privacidad<\/td>\n<td>Mantiene oculta la barra de la pol\u00edtica de privacidad<\/td>\n<td>1 a\u00f1o<\/td>\n<td>www.hotelardesia.com<\/td>\n<\/tr>\n<tr>\n<td nowrap=\"nowrap\">wfvt_xxxxxxx<\/td>\n<td>anal\u00edtico<\/td>\n<td>Anal\u00edtico Wordfence<\/td>\n<td>Realiza un seguimiento de las p\u00e1ginas visitadas por un usuario<\/td>\n<td>30 minutos<\/td>\n<td>www.hotelardesia.com<\/td>\n<\/tr>\n<tr>\n<td nowrap=\"nowrap\">googtrans<\/td>\n<td>funcional<\/td>\n<td>Translate<\/td>\n<td>Realiza un seguimiento del idioma elegido<\/td>\n<td>hasta el final de la sesi\u00f3n de navegaci\u00f3n<\/td>\n<td>www.hotelardesia.com<\/td>\n<\/tr>\n<tr>\n<td nowrap=\"nowrap\">PHPSESSID<\/td>\n<td>t\u00e9cnico<\/td>\n<td>WebServer<\/td>\n<td>Identificador de la sesi\u00f3n de navegaci\u00f3n<\/td>\n<td>hasta el final de la sesi\u00f3n de navegaci\u00f3n<\/td>\n<td>www.hotelardesia.com<\/td>\n<\/tr>\n<tr>\n<td nowrap=\"nowrap\">SERVERID<\/td>\n<td>t\u00e9cnico<\/td>\n<td>WebServer<\/td>\n<td>Identificador del servidor que ha gestionado la solicitud del usuario<\/td>\n<td>hasta el final de la sesi\u00f3n de navegaci\u00f3n<\/td>\n<td>www.hotelardesia.com<\/td>\n<\/tr>\n<\/tbody>\n<\/table>\n<p><strong>Cookies de Google Analytics<\/strong><br \/>Nuestro sitio web utiliza Google Analytics de Google, Inc., un servicio que ofrece estad\u00edsticas de medici\u00f3n y an\u00e1lisis del rendimiento del sitio web mediante el uso de cookies. Para consultar la pol\u00edtica de privacidad del servicio Google Analytics, visite la p\u00e1gina <a href=\"http:\/\/www.google.com\/intl\/en\/analytics\/privacyoverview.html\" target=\u00ab_blank\u00bb rel=\"noopener noreferrer\">http:\/\/www.google.com\/intl\/en\/analytics\/privacyoverview.html<\/a>. Para conocer las normas de privacidad de Google, le remitimos a la siguiente direcci\u00f3n <a href=\"http:\/\/www.google.com\/intl\/it\/privacy\/privacy-policy.html\" target=\"_blank\" rel=\"noopener noreferrer\">http:\/\/www.google.com\/intl\/it\/privacy\/privacy-policy.html<\/a>.)<br \/>Para m\u00e1s informaci\u00f3n, consulte <a href=\"http:\/\/www.google.it\/intl\/it\/policies\/technologies\/types\/\" target=\"_blank\" rel=\"noopener noreferrer\">http:\/\/www.google.it\/intl\/it\/policies\/technologies\/types\/ <\/a> y <a href=\"https:\/\/developers.google.com\/analytics\/devguides\/collection\/analyticsjs\/cookie-usage\" target=\"_blank\" rel=\"noopener noreferrer\">https:\/\/developers.google.com\/analytics\/devguides\/collection\/analyticsjs\/cookie-usage<\/a><\/p>\n<p><strong>Cookies de Google Adwords y Google Remarketing<\/strong><br \/>El sitio web puede utilizar el programa Google Adwords y la tecnolog\u00eda Google Remarketing. Ambos son gestionados por Google Inc. La funci\u00f3n de seguimiento de conversiones de AdWords tambi\u00e9n utiliza cookies. Para ayudarnos a realizar un seguimiento de las ventas y otras conversiones, se a\u00f1ade una cookie al ordenador de un usuario en el momento en que dicho usuario hace clic en un anuncio. Esta cookie tiene una duraci\u00f3n de 30 d\u00edas y no recopila ni supervisa informaci\u00f3n que pueda identificar personalmente a un usuario. Los usuarios pueden desactivar las cookies de seguimiento de conversiones de Google en la configuraci\u00f3n de su navegador de Internet. En algunos casos, las cookies pueden causar problemas al iniciar sesi\u00f3n o navegar por su cuenta de AdWords. Cuando esto ocurre, la mejor manera de solucionar el problema es vaciar la cach\u00e9 y eliminar las cookies guardadas en su navegador de Internet. Para obtener m\u00e1s informaci\u00f3n, haga clic en <a href=\"https:\/\/support.google.com\/adwords\/topic\/3121763?hl=it&#038;ref_topic=3119071\" target=\u00ab_blank\u00bb rel=\"noopener noreferrer\">haga clic aqu\u00ed<\/a> <a href=\"https:\/\/www.google.es\/intl\/it\/policies\/privacy\/\" target=\"_blank\" rel=\"noopener noreferrer\">https:\/\/www.google.es\/intl\/it\/policies\/privacy\/<\/a>. Por \u00faltimo, el usuario puede desactivar las cookies de Google Analytics descargando un complemento espec\u00edfico del navegador que se encuentra en la siguiente URL <a href=\"https:\/\/tools.google.com\/dlpage\/gaoptout\" target=\"_blank\" rel=\"noopener noreferrer\">https:\/\/tools.google.com\/dlpage\/gaoptout<\/a>.<\/p>\n<p><strong>Cookies de Facebook<\/strong><br \/>El sitio web puede utilizar cookies de Facebook Inc. para supervisar el rendimiento de las campa\u00f1as de Facebook Ads y cualquier acci\u00f3n de remarketing. Haga clic aqu\u00ed para obtener m\u00e1s informaci\u00f3n sobre el uso de cookies por parte de Facebook: <a href=\"https:\/\/www.facebook.com\/help\/cookies\/\" target=\"_blank\" rel=\"noopener noreferrer\">https:\/\/www.facebook.com\/help\/cookies\/<\/a><\/p>\n<p>El usuario puede oponerse al registro de cookies persistentes en su disco duro configurando el navegador para desactivar las cookies. Descubra c\u00f3mo desactivar las cookies en los principales navegadores: <a href=\"https:\/\/support.google.com\/accounts\/answer\/61416? hl=it\u00ab target=\"_blank\" rel=\"noopener noreferrer\">Chrome<\/a>, <a href=\"https:\/\/support.mozilla.org\/en-US\/kb\/enable-and-disable-cookies-website-preferences\" target=\"_blank\" rel=\"noopener noreferrer\">Firefox<\/a>, <a href=\u00bbhttp:\/\/windows.microsoft.com\/ it-it\/windows-vista\/block-or-allow-cookies\" target=\"_blank\" rel=\"noopener noreferrer\">Internet Explorer<\/a>, <a href=\"https:\/\/support.apple.com\/kb\/PH5042?locale=en_US\" target=\"_blank\" rel=\"noopener noreferrer\">Safari<\/a>, <a href=\"http:\/\/www.opera.com\/help\/tutorials\/security\/privacy\/\" target=\"_blank\" rel=\"noopener noreferrer\">Opera<\/a>. Sin embargo, tras realizar esta operaci\u00f3n, es posible que algunas funciones de las p\u00e1ginas web no se ejecuten correctamente.<\/p>\n<p>Esta pol\u00edtica de privacidad puede modificarse peri\u00f3dicamente y el uso de la informaci\u00f3n recopilada est\u00e1 sujeto a la pol\u00edtica de privacidad vigente en el momento de su uso. El presente documento, publicado en la direcci\u00f3n <strong>www.hotelardesia.com<\/strong>, constituye la Pol\u00edtica de privacidad de este sitio web y estar\u00e1 sujeto a actualizaciones que se publicar\u00e1n peri\u00f3dicamente y llevar\u00e1n la fecha de actualizaci\u00f3n.<\/p>\n<p><strong>5. Eliminar y\/o bloquear las cookies<\/strong><\/p>\n<p>Hay varias formas de eliminar las cookies y otras herramientas de rastreo.<\/p>\n<p>Configuraci\u00f3n del navegador<\/p>\n<p>Aunque en la mayor\u00eda de los navegadores las cookies se aceptan por defecto, el usuario puede decidir, si lo desea, aceptar todas las cookies, bloquear siempre las cookies o seleccionar qu\u00e9 cookies aceptar en funci\u00f3n de su procedencia.<\/p>\n<p>Tambi\u00e9n es posible configurar el navegador para que acepte o bloquee las cookies individualmente antes de que se instalen. El navegador tambi\u00e9n permite al usuario eliminar regularmente las cookies de su dispositivo. Es importante recordar configurar todos los navegadores instalados en los distintos dispositivos (tabletas, tel\u00e9fonos inteligentes, ordenadores, etc.).<\/p>\n<p>En cuanto a la gesti\u00f3n de las cookies y las preferencias del usuario, la configuraci\u00f3n var\u00eda de un navegador a otro. Estos ajustes se describen en el men\u00fa \u00abAyuda\u00bb del navegador que se utilice, desde donde tambi\u00e9n se pueden modificar las preferencias relativas a las cookies. Por ejemplo:<\/p>\n<ul>\n<li>Para Microsoft Edge\u2122:<br \/>\n<a href=\"https:\/\/support.microsoft.com\/en-us\/windows\/microsoft-edge-browsing-data-and-privacy-bb8174ba-9d73-dcf2-9b4a -c582b4e640dd\">https:\/\/support.microsoft.com\/en-us\/windows\/microsoft-edge-browsing-data-and-privacy-bb8174ba-9d73-dcf2-9b4a-c582b4e640dd<\/a><\/li>\n<li>Para Safari\u2122: <a href=\"https:\/\/support.apple.com\/guide\/safari\/manage-cookies-and-website-data-sfri11471\/mac\">https:\/\/support.apple.com\/guide\/safari\/manage-cookies-and-website-data-sfri11471\/mac<\/a><\/li>\n<li>Para Chrome\u2122:<br \/>\n<u>https:\/\/support.google.com\/chrome\/answer\/95647<\/u><\/li>\n<li>Para Firefox\u2122:<br \/>\n<a href=\"https:\/\/support.mozilla.org\/en-US\/kb\/block-websites-storing-cookies-site-data-firefox\">https:\/\/support.mozilla.org\/en-US\/kb\/block-websites-storing-cookies-site-data-firefox<\/a><\/li>\n<li>Para Opera\u2122:<br \/>\n<a href=\"https:\/\/help.opera.com\/en\/latest\/web-preferences\/#cookies\">https:\/\/help.opera.com\/en\/latest\/web-preferences\/#cookies<\/a><\/li>\n<\/ul>\n<p>El usuario tiene la facultad de decidir si desea guardar o no una cookie en su dispositivo y puede modificar su elecci\u00f3n, en cualquier momento y de forma gratuita, a trav\u00e9s de la configuraci\u00f3n disponible en el software de su navegador.<\/p>\n<p>Si el navegador est\u00e1 configurado para aceptar cookies en el dispositivo, las cookies integradas en las p\u00e1ginas y contenidos que visualiza el usuario pueden almacenarse temporalmente en un espacio dedicado del dispositivo del usuario. Las cookies solo pueden ser le\u00eddas por el emisor.<\/p>\n<p>No obstante, el usuario puede configurar su navegador web para bloquear las cookies. Sin embargo, le recordamos que, al bloquear las cookies en el navegador, no podr\u00e1 acceder a algunas funciones, p\u00e1ginas y secciones de https:\/\/hotelardesia.com\/ y, en tal caso, declinamos toda responsabilidad al respecto.<\/p>\n<p>Plataformas publicitarias especializadas<\/p>\n<p>Varias plataformas publicitarias profesionales permiten al usuario aceptar o bloquear las cookies utilizadas por las empresas de las que son miembros. Estos mecanismos centralizados no bloquean la visualizaci\u00f3n de anuncios publicitarios, sino que se limitan a impedir la instalaci\u00f3n de cookies que personalizan los anuncios publicitarios en funci\u00f3n de los intereses del usuario.<\/p>\n<p>Por ejemplo, puede visitar el sitio web <a href=\"http:\/\/www.youronlinechoices.com\/\">http:\/\/www.youronlinechoices.com<\/a> para impedir la instalaci\u00f3n de cookies en su dispositivo.<\/p>\n<p><em>Actualizado el 03\/04\/2023<\/em>[\/vc_column_text][\/vc_column][\/vc_row]<\/p>\n<\/div>","protected":false},"excerpt":{"rendered":"<p>[vc_row css_animation=\u00bb\u00bb row_type=\u00bbrow\u00bb use_row_as_full_screen_section=\u00bbno\u00bb type=\u00bbfull_width\u00bb angled_section=\u00bbno\u00bb text_align=\u00bbleft\u00bb background_image_as_pattern=\u00bbwithout_pattern\u00bb][vc_column][vc_empty_space height=\u00bb60px\u00bb][vc_column_text] Pol\u00edtica de cookies [\/vc_column_text][vc_empty_space height=\u00bb60px\u00bb][\/vc_column][\/vc_row][vc_row css_animation=\u00bb\u00bb row_type=\u00bbrow\u00bb use_row_as_full_screen_section=\u00bbno\u00bb type=\u00bbfull_width\u00bb angled_section=\u00bbno\u00bb text_align=\u00bbleft\u00bb background_image_as_pattern=\u00bbwithout_pattern\u00bb][vc_column][vc_column_text css=\u00bb\u00bb] Informaci\u00f3n corporativa Responsable del tratamiento de datos Gems Hotel Sas Direcci\u00f3n del domicilio social Viale delle Rimembranze, 80 47924 Bellariva, Rimini (RN) N\u00famero&#8230;<\/p>\n","protected":false},"author":1,"featured_media":0,"parent":0,"menu_order":0,"comment_status":"closed","ping_status":"closed","template":"","meta":{"_monsterinsights_skip_tracking":false,"_monsterinsights_sitenote_active":false,"_monsterinsights_sitenote_note":"","_monsterinsights_sitenote_category":0,"footnotes":""},"class_list":["post-3786","page","type-page","status-publish","hentry"],"aioseo_notices":[],"_links":{"self":[{"href":"https:\/\/hotelardesia.com\/es\/wp-json\/wp\/v2\/pages\/3786","targetHints":{"allow":["GET"]}}],"collection":[{"href":"https:\/\/hotelardesia.com\/es\/wp-json\/wp\/v2\/pages"}],"about":[{"href":"https:\/\/hotelardesia.com\/es\/wp-json\/wp\/v2\/types\/page"}],"author":[{"embeddable":true,"href":"https:\/\/hotelardesia.com\/es\/wp-json\/wp\/v2\/users\/1"}],"replies":[{"embeddable":true,"href":"https:\/\/hotelardesia.com\/es\/wp-json\/wp\/v2\/comments?post=3786"}],"version-history":[{"count":0,"href":"https:\/\/hotelardesia.com\/es\/wp-json\/wp\/v2\/pages\/3786\/revisions"}],"wp:attachment":[{"href":"https:\/\/hotelardesia.com\/es\/wp-json\/wp\/v2\/media?parent=3786"}],"curies":[{"name":"wp","href":"https:\/\/api.w.org\/{rel}","templated":true}]}}