{"id":3796,"date":"2025-12-15T20:19:30","date_gmt":"2025-12-15T19:19:30","guid":{"rendered":"https:\/\/hotelardesia.com\/diversion"},"modified":"2025-12-15T20:23:42","modified_gmt":"2025-12-15T19:23:42","slug":"diversion","status":"publish","type":"page","link":"https:\/\/hotelardesia.com\/es\/diversion","title":{"rendered":"Diversi\u00f3n"},"content":{"rendered":"<div class=\"wpb-content-wrapper\"><p>[vc_row css_animation=\u00bb\u00bb row_type=\u00bbrow\u00bb use_row_as_full_screen_section=\u00bbno\u00bb type=\u00bbfull_width\u00bb angled_section=\u00bbno\u00bb text_align=\u00bbleft\u00bb background_image_as_pattern=\u00bbwithout_pattern\u00bb][vc_column][vc_empty_space height=\u00bb200px\u00bb][\/vc_column][\/vc_row][vc_row css_animation=\u00bb\u00bb row_type=\u00bbrow\u00bb use_row_as_full_screen_section=\u00bbno\u00bb type=\u00bbfull_width\u00bb angled_section=\u00bbno\u00bb text_align=\u00bbleft\u00bb background_image_as_pattern=\u00bbwithout_pattern\u00bb][vc_column][vc_column_text css=\u00bb\u00bb]<\/p>\n<p><\/p>\n<h1 style=\"text-align: center;\">DIVERSI\u00d3N<\/h1>\n<p><\/p>\n<p>[\/vc_column_text][vc_column_text css=\u00bb\u00bb]<\/p>\n<p><\/p>\n<p style=\"text-align: center;\" data-start=\"98\" data-end=\"855\">Scopri il<strong> divertimento a Rimini<\/strong> soggiornando nel nostro hotel, punto di partenza ideale per vivere la <strong>Riviera Romagnola<\/strong> al massimo. Dalle famiglie agli appassionati di <strong>sport <\/strong>e <strong>intrattenimento<\/strong>, Rimini offre parchi tematici come <strong>Mirabilandia<\/strong>, <strong>Fiabilandia<\/strong> e <strong>Italia<\/strong> <strong>in Miniatura<\/strong>, eventi estivi, concerti e spettacoli per tutte le et\u00e0. Gli amanti dello <strong>sport<\/strong> possono praticare attivit\u00e0 all\u2019aria aperta, dal beach volley al windsurf, mentre chi cerca <strong>relax<\/strong> pu\u00f2 godersi lunghe passeggiate sul lungomare. Rimini \u00e8 anche una meta perfetta per lo <strong>shopping<\/strong>, con boutique, mercati e centri commerciali a pochi passi dall\u2019hotel. Scegli il nostro hotel per vivere un soggiorno tra divertimento, sport, shopping e intrattenimento, con tutto il comfort a portata di mano.<\/p>\n<p>[\/vc_column_text][\/vc_column][\/vc_row][vc_row css_animation=\u00bb\u00bb row_type=\u00bbrow\u00bb use_row_as_full_screen_section=\u00bbno\u00bb type=\u00bbfull_width\u00bb angled_section=\u00bbno\u00bb text_align=\u00bbleft\u00bb background_image_as_pattern=\u00bbwithout_pattern\u00bb][vc_column][vc_empty_space height=\u00bb60px\u00bb][\/vc_column][\/vc_row][vc_row css_animation=\u00bb\u00bb row_type=\u00bbrow\u00bb use_row_as_full_screen_section=\u00bbno\u00bb type=\u00bbfull_width\u00bb angled_section=\u00bbno\u00bb text_align=\u00bbleft\u00bb background_image_as_pattern=\u00bbwithout_pattern\u00bb z_index=\u00bb\u00bb css=\u00bb.vc_custom_1765056372953{background-color: #ffffff !important;}\u00bb el_class=\u00bbindex-risto\u00bb][vc_column][qode_elements_holder number_of_columns=\u00bbtwo_columns\u00bb][qode_elements_holder_item advanced_animations=\u00bbno\u00bb item_padding=\u00bb0 15px 0 0&#8243;][vc_column_text css=\u00bb\u00bb][\/vc_column_text][vc_single_image image=\u00bb3799&#8243; img_size=\u00bbfull\u00bb alignment=\u00bbright\u00bb css=\u00bb.vc_custom_1765116306961{padding-right: 15px !important;padding-left: 15px !important;}\u00bb qode_css_animation=\u00bbelement_from_fade\u00bb][\/qode_elements_holder_item][qode_elements_holder_item advanced_animations=\u00bbno\u00bb item_padding=\u00bb0 0 0 15px\u00bb][vc_column_text css=\u00bb.vc_custom_1765117399259{padding-right: 15px !important;padding-left: 15px !important;}\u00bb]<\/p>\n<p><\/p>\n<p style=\"text-align: center;\"><strong>Parques tem\u00e1ticos y atracciones<\/strong><\/p>\n<p><\/p>\n<p style=\"text-align: center;\" data-start=\u00ab84\u00bb data-end=\u00ab942\u00bb>Descubra los <strong>parques tem\u00e1ticos<\/strong> y las atracciones de R\u00edmini y sus alrededores aloj\u00e1ndose en nuestro hotel de 3 estrellas. <strong>Italia in Miniatura<\/strong> te lleva a un viaje por las maravillas italianas en formato reducido, ideal para grandes y peque\u00f1os. <strong>Oltremare<\/strong> y <strong>Aquafan<\/strong> ofrecen emociones entre espect\u00e1culos, toboganes acu\u00e1ticos y aventuras llenas de adrenalina, mientras que <strong>Fiabilandia<\/strong> es perfecto para los m\u00e1s peque\u00f1os, con atracciones, espect\u00e1culos y mundos m\u00e1gicos por explorar. Para los amantes de la adrenalina, <strong>Mirabilandia<\/strong> es el parque ideal, con monta\u00f1as rusas y atracciones impresionantes. Los amantes del mar y la naturaleza no pueden perderse el <strong>Acuario de Cattolica<\/strong>, con sus fascinantes especies marinas y recorridos did\u00e1cticos. Gracias a la ubicaci\u00f3n estrat\u00e9gica de nuestro hotel, todos estos parques son f\u00e1cilmente accesibles para vivir d\u00edas inolvidables entre diversi\u00f3n, relax y aventura en la <strong>Riviera Romagnola<\/strong>.<\/p>\n<p><\/p>\n<p>[\/vc_column_text][\/qode_elements_holder_item][\/qode_elements_holder][\/vc_column][\/vc_row][vc_row css_animation=\u00bb\u00bb row_type=\u00bbrow\u00bb use_row_as_full_screen_section=\u00bbno\u00bb type=\u00bbfull_width\u00bb angled_section=\u00bbno\u00bb text_align=\u00bbright\u00bb background_image_as_pattern=\u00bbwithout_pattern\u00bb el_class=\u00bbindex-risto\u00bb z_index=\u00bb\u00bb css=\u00bb.vc_custom_1702072643551{background-color: #ffffff !important;}\u00bb][vc_column][qode_elements_holder number_of_columns=\u00bbtwo_columns\u00bb][qode_elements_holder_item advanced_animations=\u00bbno\u00bb item_padding=\u00bb0 0 0 15px\u00bb][vc_column_text css=\u00bb.vc_custom_1765117424668{padding-right: 15px !important;padding-left: 15px !important;}\u00bb]<\/p>\n<p><\/p>\n<p style=\"text-align: center;\"><strong>Deportes y eventos<\/strong><\/p>\n<p><\/p>\n<p style=\"text-align: center;\" data-start=\u00ab943\u00bb data-end=\u00ab1065\u00bb><strong data-start=\u201c117\u201d data-end=\u00ab148\u00bb>Deportes y aventura en R\u00edmini: <\/strong> Alquila bicicletas para explorar el paseo mar\u00edtimo, participa en excursiones en kayak o en barco, prueba el surf o el SUP en las hermosas playas, o divi\u00e9rtete con deportes en la arena como el voleibol y el tenis de playa. Para los que buscan adrenalina, tambi\u00e9n hay wakeboard, motos acu\u00e1ticas y recorridos acu\u00e1ticos, mientras que los que prefieren relajarse pueden optar por el yoga en el agua o simples paseos por la orilla del mar. <\/p>\n<p><\/p>\n<p style=\"text-align: center;\" data-start=\u00ab1068\u00bb data-end=\u00ab1189\u00bb><strong data-start=\u201c99\u201d data-end=\u00ab130\u00bb>Eventos y festivales en R\u00edmini:<\/strong> La ciudad ofrece durante todo el a\u00f1o conciertos, festivales culturales, festivales de teatro, fiestas populares y eventos enogastron\u00f3micos. Desde el verano, con espect\u00e1culos y veladas en la playa, hasta los festivales musicales y teatrales en la ciudad, pasando por los eventos tradicionales en oto\u00f1o e invierno, R\u00edmini ofrece una mezcla de m\u00fasica, arte, folclore y diversi\u00f3n para todos los gustos y todas las edades.[\/vc_column_text][\/qode_elements_holder_item][qode_elements_holder_item advanced_animations=\u00bbno\u00bb item_padding=\u00bb0 15px 0 0&#8243;][vc_single_image image=\u00bb3800&#8243; img_size=\u00bbfull\u00bb css=\u00bb.vc_custom_1765116113975{padding-right: 15px !important;padding-left: 15px !important;}\u00bb qode_css_animation=\u00bbelement_from_fade\u00bb][\/qode_elements_holder_item][\/qode_elements_holder][\/vc_column][\/vc_row][vc_row css_animation=\u00bb\u00bb row_type=\u00bbrow\u00bb use_row_as_full_screen_section=\u00bbno\u00bb type=\u00bbfull_width\u00bb angled_section=\u00bbno\u00bb text_align=\u00bbleft\u00bb background_image_as_pattern=\u00bbwithout_pattern\u00bb z_index=\u00bb\u00bb css=\u00bb.vc_custom_1765056372953{background-color: #ffffff !important;}\u00bb el_class=\u00bbindex-risto\u00bb][vc_column][qode_elements_holder number_of_columns=\u00bbtwo_columns\u00bb][qode_elements_holder_item advanced_animations=\u00bbno\u00bb item_padding=\u00bb0 15px 0 0&#8243;][vc_column_text css=\u00bb\u00bb][\/vc_column_text][vc_single_image image=\u00bb2642&#8243; img_size=\u00bbfull\u00bb alignment=\u00bbright\u00bb css=\u00bb.vc_custom_1765124260379{padding-right: 15px !important;padding-left: 15px !important;}\u00bb qode_css_animation=\u00bbelement_from_fade\u00bb][\/qode_elements_holder_item][qode_elements_holder_item advanced_animations=\u00bbno\u00bb item_padding=\u00bb0 0 0 15px\u00bb][vc_column_text css=\u00bb.vc_custom_1765116642040{padding-right: 15px !important;padding-left: 15px !important;}\u00bb]<\/p>\n<p><\/p>\n<p style=\"text-align: center;\"><strong>Compras y restaurantes<\/strong><\/p>\n<p><\/p>\n<article class=\"text-token-text-primary w-full focus:outline-none [--shadow-height:45px] has-data-writing-block:pointer-events-none has-data-writing-block:-mt-(--shadow-height) has-data-writing-block:pt-(--shadow-height) [&amp;:has([data-writing-block])&gt;*]:pointer-events-auto scroll-mt-[calc(var(--header-height)+min(200px,max(70px,20svh)))]\u00ab dir=\"auto\" tabindex=\"-1\" data-turn-id=\u00bbrequest -69357195-08f4-832d-a7cb-0c7a7e0239b9-5\u00ab data-testid=\u00bbconversation-turn-26\u00ab data-scroll-anchor=\u00bbtrue\u00ab data-turn=\u201cassistant\u201d>\n<div class=\u00bbtext-base my-auto mx-auto pb-10 [- -thread-content-margin:--spacing(4)] @w-sm\/main:[--thread-content-margin:--spacing(6)] @w-lg\/main:[--thread-content-margin:--spacing(16)] px-(--thread-content-margin)\u00ab>\n<div class=\u00bb[- -thread-content-max-width:40rem] @w-lg\/main:[--thread-content-max-width:48rem] mx-auto max-w-(--thread-content-max-width) flex-1 group\/turn-messages focus-visible:outline-hidden relative flex w-full min-w-0 flex-col agent-turn\" tabindex=\"-1\">\n<div class=\"flex max-w-full flex-col grow\">\n<div class=\"min-h-8 text-message relative flex w-full flex-col items-end gap-2 text-start break-words whitespace-normal [.text-message+&amp;]:mt-1\" dir=\"auto\" data-message-author-role=\u00abassistant\u00bb data-message-id=\"4f7655f4-face-4d66-be7f -996135c729c5\u00ab data-message-model-slug=\u00bbgpt-5-mini\">\n<div class=\"flex w-full flex-col gap-1 empty:hidden first:pt-[1px]\">\n<div class=\"markdown prose dark:prose-invert w-full break-words light markdown-new-styling\">\n<p style=\"text-align: center;\" data-start=\u00ab0\u00bb data-end=\u00ab631\u00bb data-is-last-node=\u201c\u201d data-is-only-node=\u00ab\u00bb>Descubre lo mejor de <strong>Rimini<\/strong> entre <strong>tiendas<\/strong>, <strong>restaurantes<\/strong> y excursiones aloj\u00e1ndote en nuestro hotel de 3 estrellas. A pocos pasos encontrar\u00e1s boutiques, mercados y centros comerciales para todos los gustos, mientras que los restaurantes t\u00edpicos y los locales modernos te permitir\u00e1n saborear los <strong>platos tradicionales de la cocina roma\u00f1ola<\/strong>. La ubicaci\u00f3n estrat\u00e9gica de nuestro hotel te permite explorar f\u00e1cilmente la ciudad, el paseo mar\u00edtimo y las calles comerciales, pero tambi\u00e9n organizar excursiones a <strong>San Marino<\/strong>, a solo 30 minutos, para vivir una experiencia \u00fanica entre cultura, paisajes y tiendas libres de impuestos. Relajaci\u00f3n, comodidad y diversi\u00f3n te esperan para una estancia inolvidable.\n<\/div>\n<\/div>\n<\/div>\n<\/div>\n<\/div>\n<\/div>\n<\/article>\n<p><\/p>\n<p>[\/vc_column_text][\/qode_elements_holder_item][\/qode_elements_holder][vc_empty_space height=\u00bb60px\u00bb][\/vc_column][\/vc_row][vc_row css_animation=\u00bb\u00bb row_type=\u00bbrow\u00bb use_row_as_full_screen_section=\u00bbno\u00bb type=\u00bbfull_width\u00bb angled_section=\u00bbno\u00bb text_align=\u00bbleft\u00bb background_image_as_pattern=\u00bbwithout_pattern\u00bb z_index=\u00bb\u00bb css=\u00bb.vc_custom_1521192956462{background-color: #dfd9d4 !important;}\u00bb][vc_column][vc_column_text css=\u00bb.vc_custom_1764976110410{padding-top: 6% !important;padding-bottom: 6% !important;}\u00bb]<\/p>\n<p><\/p>\n<h3 style=\"text-align: center;\" data-start=\u00ab1658\u00bb data-end=\u00ab1680\u00bb><strong data-start=\u201c1662\u201d data-end=\u00ab1680\u00bb>Consejos \u00fatiles<\/strong><\/h3>\n<p><\/p>\n<p style=\"text-align: center;\" data-start=\u00ab1683\u00bb data-end=\u00ab1771\u00bb>Planifica tus visitas a los <strong>parques tem\u00e1ticos<\/strong> en los d\u00edas de menor afluencia para evitar colas.<\/p>\n<p style=\"text-align: center;\" data-start=\u00ab1774\u00bb data-end=\u00ab1897\u00bb>Aprovecha los <strong>paseos nocturnos por el paseo mar\u00edtimo<\/strong> para disfrutar de la <strong>m\u00fasica, los helados artesanales<\/strong> y el ambiente \u00fanico de la ciudad.<\/p>\n<p style=\"text-align: center;\" data-start=\u00ab1900\u00bb data-end=\u00ab1994\u00bb>Consulte el calendario de eventos de temporada para no perderse <strong>espect\u00e1culos y manifestaciones.<\/strong><\/p>\n<p><\/p>\n<p style=\"text-align: center;\"><a class=\"qbutton read_more_button blue\" href=\"https:\/\/hotelardesia.com\/es\/donde-estamos\">Vea d\u00f3nde estamos<\/a><\/p>\n<p><\/p>\n<p>[\/vc_column_text][\/vc_column][\/vc_row][vc_row css_animation=\u00bb\u00bb row_type=\u00bbrow\u00bb use_row_as_full_screen_section=\u00bbno\u00bb type=\u00bbfull_width\u00bb angled_section=\u00bbno\u00bb text_align=\u00bbleft\u00bb background_image_as_pattern=\u00bbwithout_pattern\u00bb][vc_column][vc_raw_html css=\u00bb\u00bb]PGRpdiBjbGFzcz0icGFyYWxsYXggc2Vjb25kIj48L2Rpdj4=[\/vc_raw_html][\/vc_column][\/vc_row]<\/p>\n<\/div>","protected":false},"excerpt":{"rendered":"<p>[vc_row css_animation=\u00bb\u00bb row_type=\u00bbrow\u00bb use_row_as_full_screen_section=\u00bbno\u00bb type=\u00bbfull_width\u00bb angled_section=\u00bbno\u00bb text_align=\u00bbleft\u00bb background_image_as_pattern=\u00bbwithout_pattern\u00bb][vc_column][vc_empty_space height=\u00bb200px\u00bb][\/vc_column][\/vc_row][vc_row css_animation=\u00bb\u00bb row_type=\u00bbrow\u00bb use_row_as_full_screen_section=\u00bbno\u00bb type=\u00bbfull_width\u00bb angled_section=\u00bbno\u00bb text_align=\u00bbleft\u00bb background_image_as_pattern=\u00bbwithout_pattern\u00bb][vc_column][vc_column_text css=\u00bb\u00bb] DIVERSI\u00d3N [\/vc_column_text][vc_column_text css=\u00bb\u00bb] Scopri il divertimento a Rimini soggiornando nel nostro hotel, punto di partenza ideale per vivere la Riviera Romagnola al massimo. Dalle famiglie agli appassionati di&#8230;<\/p>\n","protected":false},"author":1,"featured_media":0,"parent":0,"menu_order":0,"comment_status":"closed","ping_status":"closed","template":"full_width.php","meta":{"_monsterinsights_skip_tracking":false,"_monsterinsights_sitenote_active":false,"_monsterinsights_sitenote_note":"","_monsterinsights_sitenote_category":0,"footnotes":""},"class_list":["post-3796","page","type-page","status-publish","hentry"],"aioseo_notices":[],"_links":{"self":[{"href":"https:\/\/hotelardesia.com\/es\/wp-json\/wp\/v2\/pages\/3796","targetHints":{"allow":["GET"]}}],"collection":[{"href":"https:\/\/hotelardesia.com\/es\/wp-json\/wp\/v2\/pages"}],"about":[{"href":"https:\/\/hotelardesia.com\/es\/wp-json\/wp\/v2\/types\/page"}],"author":[{"embeddable":true,"href":"https:\/\/hotelardesia.com\/es\/wp-json\/wp\/v2\/users\/1"}],"replies":[{"embeddable":true,"href":"https:\/\/hotelardesia.com\/es\/wp-json\/wp\/v2\/comments?post=3796"}],"version-history":[{"count":0,"href":"https:\/\/hotelardesia.com\/es\/wp-json\/wp\/v2\/pages\/3796\/revisions"}],"wp:attachment":[{"href":"https:\/\/hotelardesia.com\/es\/wp-json\/wp\/v2\/media?parent=3796"}],"curies":[{"name":"wp","href":"https:\/\/api.w.org\/{rel}","templated":true}]}}