{"id":3805,"date":"2025-12-15T20:23:41","date_gmt":"2025-12-15T19:23:41","guid":{"rendered":"https:\/\/hotelardesia.com\/donde-estamos"},"modified":"2025-12-15T20:23:42","modified_gmt":"2025-12-15T19:23:42","slug":"donde-estamos","status":"publish","type":"page","link":"https:\/\/hotelardesia.com\/es\/donde-estamos","title":{"rendered":"D\u00f3nde estamos"},"content":{"rendered":"<div class=\"wpb-content-wrapper\"><p>[vc_row css_animation=\u00bb\u00bb row_type=\u00bbrow\u00bb use_row_as_full_screen_section=\u00bbno\u00bb type=\u00bbfull_width\u00bb angled_section=\u00bbno\u00bb text_align=\u00bbleft\u00bb background_image_as_pattern=\u00bbwithout_pattern\u00bb el_class=\u00bbfull\u00bb z_index=\u00bb\u00bb][vc_column][vc_column_text][\/vc_column_text][\/vc_column][\/vc_row][vc_row css_animation=\u00bb\u00bb row_type=\u00bbrow\u00bb use_row_as_full_screen_section=\u00bbno\u00bb type=\u00bbgrid\u00bb angled_section=\u00bbno\u00bb text_align=\u00bbleft\u00bb background_image_as_pattern=\u00bbwithout_pattern\u00bb css=\u00bb.vc_custom_1681908197340{margin-top: 5% !important;}\u00bb z_index=\u00bb\u00bb][vc_column width=\u00bb1\/2&#8243;]<div class=\"qode-scrolling-image-holder qode-si-rounded-yes qode-si-box-shadow-yes\">\n\t\t<div class=\"qode-si-content-holder\">\n\t\t\t\t<div class=\"qode-si-image-holder\">\n\t\t\t<div class=\"qode-si-image-holder-inner\">\n\t\t\t\t<img decoding=\"async\" class=\"qode-si-image\" src=\"https:\/\/hotelardesia.com\/wp-content\/uploads\/2023\/04\/Come-arrivare-in-auto.jpg\" alt=\"Come arrivare in auto>\" \/>\n\t\t\t<\/div>\n\t\t\t<img decoding=\"async\" class=\"qode-si-frame\" src=\"https:\/\/hotelardesia.com\/wp-content\/themes\/bridge\/css\/img\/scrolling-image-frame.png\" alt=\"Scrolling Image Frame\" \/>\n\t\t<\/div>\n\t\t\t<\/div>\n<\/div>[\/vc_column][vc_column width=\u00bb1\/2&#8243;][vc_column_text]<\/p>\n<p class=\"titolone\" style=\"text-align: center;\">C\u00f3mo llegar en coche<\/p>\n<p>Desde la salida Rimini Sud (6 min \/ 3,4 km), siga en direcci\u00f3n a Rimini, contin\u00fae por la SS72 y, en el primer cruce, gire a la derecha por la SS16 Adriatica. Contin\u00faa hasta la gran rotonda, pasando por el centro comercial Le Befane. Toma la tercera salida y gira inmediatamente a la derecha en Viale Rimembranze. Sigue recto durante 850 m, pasando el sem\u00e1foro. Estamos en el n\u00famero 80.[\/vc_column_text][\/vc_column][\/vc_row][vc_row css_animation=\u00bb\u00bb row_type=\u00bbrow\u00bb use_row_as_full_screen_section=\u00bbno\u00bb type=\u00bbgrid\u00bb angled_section=\u00bbno\u00bb text_align=\u00bbleft\u00bb background_image_as_pattern=\u00bbwithout_pattern\u00bb css=\u00bb.vc_custom_1681908197340{margin-top: 5% !important;}\u00bb z_index=\u00bb\u00bb][vc_column width=\u00bb1\/2&#8243;][vc_column_text]<\/p>\n<p class=\"titolone\" style=\"text-align: center;\">C\u00f3mo llegar en tren<\/p>\n<p>Si eres un Ecopassenger, te gusta la sostenibilidad y prefieres viajar despacio, relaj\u00e1ndote y cuidando tu bienestar, elige llegar hasta nosotros en tren. Desde la estaci\u00f3n central de tren de R\u00edmini, solo tardar\u00e1s 5 minutos en llegar hasta nosotros gracias al c\u00f3modo servicio de <a href=\"https:\/\/www.startromagna.it\/servizi\/metromare\/\">Metromare<\/a>. B\u00e1jate en la parada Bellariva y en dos pasos estar\u00e1s frente a la terraza jard\u00edn de nuestro hotel.<\/p>\n<p>* Tambi\u00e9n puedes tomar el autob\u00fas 11, que sale de la estaci\u00f3n central de R\u00edmini en direcci\u00f3n a Riccione, y bajarte en la parada n.\u00ba 22 Gondar. En el sem\u00e1foro, gira en viale Rimembranze, pasa el paso subterr\u00e1neo, sigue recto y nos encontrar\u00e1s a la derecha.[\/vc_column_text][\/vc_column][vc_column width=\u00bb1\/2&#8243;]<div class=\"qode-scrolling-image-holder qode-si-rounded-yes qode-si-box-shadow-yes\">\n\t\t<div class=\"qode-si-content-holder\">\n\t\t\t\t<div class=\"qode-si-image-holder\">\n\t\t\t<div class=\"qode-si-image-holder-inner\">\n\t\t\t\t<img decoding=\"async\" class=\"qode-si-image\" src=\"https:\/\/hotelardesia.com\/wp-content\/uploads\/2023\/04\/Come-arrivare-in-treno-Hotel-Ardesia.jpg\" alt=\"Come-arrivare-in-treno-Hotel-Ardesia>\" \/>\n\t\t\t<\/div>\n\t\t\t<img decoding=\"async\" class=\"qode-si-frame\" src=\"https:\/\/hotelardesia.com\/wp-content\/themes\/bridge\/css\/img\/scrolling-image-frame.png\" alt=\"Scrolling Image Frame\" \/>\n\t\t<\/div>\n\t\t\t<\/div>\n<\/div>[\/vc_column][\/vc_row][vc_row css_animation=\u00bb\u00bb row_type=\u00bbrow\u00bb use_row_as_full_screen_section=\u00bbno\u00bb type=\u00bbgrid\u00bb angled_section=\u00bbno\u00bb text_align=\u00bbleft\u00bb background_image_as_pattern=\u00bbwithout_pattern\u00bb css=\u00bb.vc_custom_1681908197340{margin-top: 5% !important;}\u00bb z_index=\u00bb\u00bb][vc_column width=\u00bb1\/2&#8243;]<div class=\"qode-scrolling-image-holder qode-si-rounded-yes qode-si-box-shadow-yes\">\n\t\t<div class=\"qode-si-content-holder\">\n\t\t\t\t<div class=\"qode-si-image-holder\">\n\t\t\t<div class=\"qode-si-image-holder-inner\">\n\t\t\t\t<img decoding=\"async\" class=\"qode-si-image\" src=\"https:\/\/hotelardesia.com\/wp-content\/uploads\/2023\/04\/Come-arrivare-in-aereo.jpg\" alt=\"Come arrivare in aereo>\" \/>\n\t\t\t<\/div>\n\t\t\t<img decoding=\"async\" class=\"qode-si-frame\" src=\"https:\/\/hotelardesia.com\/wp-content\/themes\/bridge\/css\/img\/scrolling-image-frame.png\" alt=\"Scrolling Image Frame\" \/>\n\t\t<\/div>\n\t\t\t<\/div>\n<\/div>[\/vc_column][vc_column width=\u00bb1\/2&#8243;][vc_column_text]<\/p>\n<p class=\"titolone\" style=\"text-align: center;\">C\u00f3mo llegar en avi\u00f3n<\/p>\n<p>Desde el <a href=\"https:\/\/riminiairport.com\/\">aeropuerto internacional de R\u00edmini y San Marino,<\/a> se puede llegar a nuestro hotel en 10 minutos. Puede decidir utilizar un servicio de taxi, llamando al n\u00famero: <a href=\"tel:+39054150020\"><strong>+39 0541 50020<\/strong><\/a>, o bien subir al autob\u00fas n.\u00ba 9 frente al aeropuerto y continuar hasta la parada Pagano y luego 200 m m\u00e1s hasta nuestro hotel.<\/p>\n<p>El <a href=\"https:\/\/www.bologna-airport.it\/en\/welcome-to-bologna-airport\/?idC=62175\">aeropuerto de Bolonia<\/a>, por su parte, est\u00e1 conectado con la ciudad de R\u00edmini mediante trenes y un servicio de autob\u00fas lanzadera que se puede reservar online <a href=\"https:\/\/www.shuttleriminibologna.it\/\" >aqu\u00ed<\/a>. Recomendamos llegar hasta la estaci\u00f3n central de tren de R\u00edmini y utilizar el Metromare, tal y como se indica en la secci\u00f3n \u00abEn tren\u00bb.[\/vc_column_text][\/vc_column][\/vc_row][vc_row css_animation=\u00bb\u00bb row_type=\u00bbrow\u00bb use_row_as_full_screen_section=\u00bbno\u00bb type=\u00bbfull_width\u00bb angled_section=\u00bbno\u00bb text_align=\u00bbleft\u00bb background_image_as_pattern=\u00bbwithout_pattern\u00bb background_image=\u00bb502&#8243; z_index=\u00bb\u00bb el_class=\u00bbbackground-home\u00bb css=\u00bb.vc_custom_1681909193265{margin-top: 5% !important;}\u00bb][vc_column][qode_elements_holder number_of_columns=\u00bbthree_columns\u00bb custom_class=\u00bbmax-1600&#8243;][qode_elements_holder_item vertical_alignment=\u00bbtop\u00bb advanced_animations=\u00bbno\u00bb custom_class=\u00bbserv1&#8243;][vc_single_image image=\u00bb2647&#8243; img_size=\u00bb500&#215;500&#8243; alignment=\u00bbcenter\u00bb style=\u00bbvc_box_rounded\u00bb onclick=\u00bbcustom_link\u00bb css=\u00bb\u00bb qode_css_animation=\u00bb\u00bb link=\u00bbhttps:\/\/hotelardesia.com\/es\/habitaciones\u00bb][vc_empty_space height=\u00bb60px\u00bb][vc_column_text css=\u00bb.vc_custom_1765112207553{padding-right: 10px !important;padding-left: 10px !important;}\u00bb]<\/p>\n<h3 style=\"text-align: center;\"><span style=\"color: #333f48;\">Las habitaciones<\/span><\/h3>\n<p><\/p>\n<p class=\"home-boxes\" style=\"text-align: center;\">Habitaciones Standard y Economy amplias y luminosas, con balc\u00f3n, Wi-Fi gratuito, TV, aire acondicionado y ba\u00f1o privado. El confort ideal para una estancia relajante en nuestro hotel de 3 estrellas en R\u00edmini.<br \/>\n[\/vc_column_text][vc_raw_html]PGEgaHJlZj0iaHR0cHM6Ly9ob3RlbGFyZGVzaWEuY29tL2VzL2hhYml0YWNpb25lcyIgY2xhc3M9InFidXR0b24gcmVhZF9tb3JlX2J1dHRvbiBkYXJrIj5JciBhIGxhcyBoYWJpdGFjaW9uZXM8L2E+[\/vc_raw_html][\/qode_elements_holder_item][qode_elements_holder_item advanced_animations=\u00bbno\u00bb custom_class=\u00bbserv1&#8243;][vc_single_image image=\u00bb2656&#8243; img_size=\u00bb500&#215;500&#8243; alignment=\u00bbcenter\u00bb style=\u00bbvc_box_rounded\u00bb onclick=\u00bbcustom_link\u00bb css=\u00bb\u00bb qode_css_animation=\u00bb\u00bb link=\u00bb\/fiera\u00bb][vc_empty_space height=\u00bb60px\u00bb][vc_column_text css=\u00bb.vc_custom_1765112216339{padding-right: 10px !important;padding-left: 10px !important;}\u00bb]<\/p>\n<h3 style=\"text-align: center;\"><span style=\"color: #333f48;\">Vacaciones y trabajo<\/span><\/h3>\n<p><\/p>\n<p class=\"home-boxes\" style=\"text-align: center;\">Perfecto para vacaciones y trabajo en R\u00edmini: a pocos minutos de la playa, la feria, el centro de congresos, el centro SGR y el hospital. Comodidad y ubicaci\u00f3n estrat\u00e9gica para todas las necesidades.<br \/>\n[\/vc_column_text][vc_raw_html css=\u00bb\u00bb]PGEgaHJlZj0iL2NvbnZlbmNpb25lcy1lbXByZXNhcmlhbGVzIiBjbGFzcz0icWJ1dHRvbiByZWFkX21vcmVfYnV0dG9uIGRhcmsiPlBhcmEgZW1wcmVzYXM8L2E+[\/vc_raw_html][\/qode_elements_holder_item][qode_elements_holder_item advanced_animations=\u00bbno\u00bb custom_class=\u00bbserv1&#8243;][vc_single_image image=\u00bb2664&#8243; img_size=\u00bb500&#215;500&#8243; alignment=\u00bbcenter\u00bb style=\u00bbvc_box_rounded\u00bb onclick=\u00bbcustom_link\u00bb css=\u00bb\u00bb qode_css_animation=\u00bb\u00bb link=\u00bbhttps:\/\/hotelardesia.com\/servizi\u00bb][vc_empty_space height=\u00bb60px\u00bb][vc_column_text css=\u00bb.vc_custom_1765112223744{padding-right: 10px !important;padding-left: 10px !important;}\u00bb]<\/p>\n<h3 style=\"text-align: center;\"><span style=\"color: #333f48;\">Aparcamiento<\/span><\/h3>\n<p><\/p>\n<p class=\"home-boxes\" style=\"text-align: center;\">Al llegar al Hotel Ardesia, podr\u00e1s aparcar gratis en las calles cercanas o elegir los c\u00f3modos aparcamientos concertados de pago, cercanos al hotel y de f\u00e1cil acceso.<br \/>\n[\/vc_column_text][vc_raw_html]PGEgaHJlZj0iL3NlcnZpY2lvcyIgY2xhc3M9InFidXR0b24gcmVhZF9tb3JlX2J1dHRvbiBkYXJrIj5EZXNjdWJyZSBsb3Mgc2VydmljaW9zL2E+[\/vc_raw_html][\/qode_elements_holder_item][\/qode_elements_holder][vc_empty_space height=\u00bb60px\u00bb][\/vc_column][\/vc_row]<\/p>\n<\/div>","protected":false},"excerpt":{"rendered":"<p>[vc_row css_animation=\u00bb\u00bb row_type=\u00bbrow\u00bb use_row_as_full_screen_section=\u00bbno\u00bb type=\u00bbfull_width\u00bb angled_section=\u00bbno\u00bb text_align=\u00bbleft\u00bb background_image_as_pattern=\u00bbwithout_pattern\u00bb el_class=\u00bbfull\u00bb z_index=\u00bb\u00bb][vc_column][vc_column_text][\/vc_column_text][\/vc_column][\/vc_row][vc_row css_animation=\u00bb\u00bb row_type=\u00bbrow\u00bb use_row_as_full_screen_section=\u00bbno\u00bb type=\u00bbgrid\u00bb angled_section=\u00bbno\u00bb text_align=\u00bbleft\u00bb background_image_as_pattern=\u00bbwithout_pattern\u00bb css=\u00bb.vc_custom_1681908197340{margin-top: 5% !important;}\u00bb z_index=\u00bb\u00bb][vc_column width=\u00bb1\/2&#8243;][\/vc_column][vc_column width=\u00bb1\/2&#8243;][vc_column_text] C\u00f3mo llegar en coche Desde la salida Rimini Sud (6 min \/ 3,4 km), siga en direcci\u00f3n a Rimini, contin\u00fae por la&#8230;<\/p>\n","protected":false},"author":1,"featured_media":0,"parent":0,"menu_order":0,"comment_status":"closed","ping_status":"closed","template":"full_width.php","meta":{"_monsterinsights_skip_tracking":false,"_monsterinsights_sitenote_active":false,"_monsterinsights_sitenote_note":"","_monsterinsights_sitenote_category":0,"footnotes":""},"class_list":["post-3805","page","type-page","status-publish","hentry"],"aioseo_notices":[],"_links":{"self":[{"href":"https:\/\/hotelardesia.com\/es\/wp-json\/wp\/v2\/pages\/3805","targetHints":{"allow":["GET"]}}],"collection":[{"href":"https:\/\/hotelardesia.com\/es\/wp-json\/wp\/v2\/pages"}],"about":[{"href":"https:\/\/hotelardesia.com\/es\/wp-json\/wp\/v2\/types\/page"}],"author":[{"embeddable":true,"href":"https:\/\/hotelardesia.com\/es\/wp-json\/wp\/v2\/users\/1"}],"replies":[{"embeddable":true,"href":"https:\/\/hotelardesia.com\/es\/wp-json\/wp\/v2\/comments?post=3805"}],"version-history":[{"count":0,"href":"https:\/\/hotelardesia.com\/es\/wp-json\/wp\/v2\/pages\/3805\/revisions"}],"wp:attachment":[{"href":"https:\/\/hotelardesia.com\/es\/wp-json\/wp\/v2\/media?parent=3805"}],"curies":[{"name":"wp","href":"https:\/\/api.w.org\/{rel}","templated":true}]}}