{"id":3830,"date":"2025-12-15T20:27:24","date_gmt":"2025-12-15T19:27:24","guid":{"rendered":"https:\/\/hotelardesia.com\/hotel-familiar-en-rimini"},"modified":"2025-12-15T20:27:24","modified_gmt":"2025-12-15T19:27:24","slug":"hotel-familiar-en-rimini","status":"publish","type":"page","link":"https:\/\/hotelardesia.com\/es\/hotel-familiar-en-rimini","title":{"rendered":"Hotel familiar en R\u00edmini"},"content":{"rendered":"<div class=\"wpb-content-wrapper\"><p>[vc_row css_animation=\u00bb\u00bb row_type=\u00bbrow\u00bb use_row_as_full_screen_section=\u00bbno\u00bb type=\u00bbfull_width\u00bb angled_section=\u00bbno\u00bb text_align=\u00bbleft\u00bb background_image_as_pattern=\u00bbwithout_pattern\u00bb][vc_column][vc_empty_space][vc_column_text]<strong>Hotel familiar en R\u00edmini<\/strong><\/p>\n<p>Cuando lleguen a este hotel familiar en R\u00edmini, podr\u00e1n estar tranquilos, dejar atr\u00e1s cualquier preocupaci\u00f3n y, por fin, dedicarse a ese descanso saludable que llevan tanto tiempo buscando y deseando.<\/p>\n<p>Gracias a nuestra amplia experiencia en el sector hotelero, entre los hoteles <strong>para familias de R\u00edmini<\/strong> hemos desarrollado la capacidad de satisfacer las diversas necesidades de todos, tanto de los adultos como de los ni\u00f1os, que aqu\u00ed siempre encontrar\u00e1n mil atenciones y mucha comprensi\u00f3n.<\/p>\n<p>Empezando, por ejemplo, por el cuidado del men\u00fa personalizado que pueden solicitar en el restaurante de nuestro<span style=\"color: #dca879;\"> <a style=\"color: #dca879;\" href=\u00ab\/servicios\u00bb>hotel de 3 estrellas en R\u00edmini  <\/a><\/span><strong>Bellariva<\/strong>, ya que siempre intentamos satisfacer las peticiones y, a veces, incluso los caprichos de los ni\u00f1os.<\/p>\n<p>La ubicaci\u00f3n para sus vacaciones en la costa de la Riviera Romagnola es muy favorable, ya que una vez aqu\u00ed, estar\u00e1 a solo 200 metros del mar y, adem\u00e1s, con las bicicletas que ponemos a su disposici\u00f3n de forma gratuita, podr\u00e1 llegar c\u00f3modamente a muchos otros lugares y puntos de inter\u00e9s de la ciudad, como el Delfinario o incluso Fiabilandia, destinos de indudable encanto y atractivo para los m\u00e1s peque\u00f1os.<\/p>\n<p>Por otro lado, solo tendr\u00e1s que coger el coche o incluso el autob\u00fas, muy c\u00f3modo, para llegar a Italia in Miniatura, a 10 kil\u00f3metros de aqu\u00ed, donde podr\u00e1s ver las muchas bellezas de Italia y Europa juntas, representadas fielmente a escala reducida.<\/p>\n<p>Este es precisamente el secreto de R\u00edmini y la belleza de ser un hotel familiar: que adem\u00e1s de las vacaciones en la playa, entre la placidez del mar y el calor del sol, siempre se pueden organizar muchas excursiones en nombre de la diversi\u00f3n sana para toda la familia. No olvide que un poco m\u00e1s lejos de los parques ya mencionados tambi\u00e9n se encuentran Mirabilandia (en Savio di Ravenna) y Aquafan di Riccione.<br \/>\u00bfLo ve? \u00bfPor qu\u00e9 no planifica sus pr\u00f3ximas vacaciones en familia en Bellariva di Rimini, un oasis de tranquilidad en la Riviera Romagnola?[\/vc_column_text][vc_empty_space][\/vc_column][\/vc_row]<\/p>\n<\/div>","protected":false},"excerpt":{"rendered":"<p>[vc_row css_animation=\u00bb\u00bb row_type=\u00bbrow\u00bb use_row_as_full_screen_section=\u00bbno\u00bb type=\u00bbfull_width\u00bb angled_section=\u00bbno\u00bb text_align=\u00bbleft\u00bb background_image_as_pattern=\u00bbwithout_pattern\u00bb][vc_column][vc_empty_space][vc_column_text]Hotel familiar en R\u00edmini Cuando lleguen a este hotel familiar en R\u00edmini, podr\u00e1n estar tranquilos, dejar atr\u00e1s cualquier preocupaci\u00f3n y, por fin, dedicarse a ese descanso saludable que llevan tanto tiempo buscando y deseando. Gracias a nuestra amplia&#8230;<\/p>\n","protected":false},"author":1,"featured_media":0,"parent":0,"menu_order":0,"comment_status":"closed","ping_status":"closed","template":"full_width.php","meta":{"_monsterinsights_skip_tracking":false,"_monsterinsights_sitenote_active":false,"_monsterinsights_sitenote_note":"","_monsterinsights_sitenote_category":0,"footnotes":""},"class_list":["post-3830","page","type-page","status-publish","hentry"],"aioseo_notices":[],"_links":{"self":[{"href":"https:\/\/hotelardesia.com\/es\/wp-json\/wp\/v2\/pages\/3830","targetHints":{"allow":["GET"]}}],"collection":[{"href":"https:\/\/hotelardesia.com\/es\/wp-json\/wp\/v2\/pages"}],"about":[{"href":"https:\/\/hotelardesia.com\/es\/wp-json\/wp\/v2\/types\/page"}],"author":[{"embeddable":true,"href":"https:\/\/hotelardesia.com\/es\/wp-json\/wp\/v2\/users\/1"}],"replies":[{"embeddable":true,"href":"https:\/\/hotelardesia.com\/es\/wp-json\/wp\/v2\/comments?post=3830"}],"version-history":[{"count":0,"href":"https:\/\/hotelardesia.com\/es\/wp-json\/wp\/v2\/pages\/3830\/revisions"}],"wp:attachment":[{"href":"https:\/\/hotelardesia.com\/es\/wp-json\/wp\/v2\/media?parent=3830"}],"curies":[{"name":"wp","href":"https:\/\/api.w.org\/{rel}","templated":true}]}}