{"id":3852,"date":"2025-12-15T20:29:29","date_gmt":"2025-12-15T19:29:29","guid":{"rendered":"https:\/\/hotelardesia.com\/preguntas-frecuentes"},"modified":"2025-12-15T20:29:29","modified_gmt":"2025-12-15T19:29:29","slug":"preguntas-frecuentes","status":"publish","type":"page","link":"https:\/\/hotelardesia.com\/es\/preguntas-frecuentes","title":{"rendered":"Preguntas frecuentes"},"content":{"rendered":"<div class=\"wpb-content-wrapper\"><p>[vc_row css_animation=\u00bb\u00bb row_type=\u00bbrow\u00bb use_row_as_full_screen_section=\u00bbno\u00bb type=\u00bbfull_width\u00bb angled_section=\u00bbno\u00bb text_align=\u00bbleft\u00bb background_image_as_pattern=\u00bbwithout_pattern\u00bb][vc_column][vc_column_text css=\u00bb\u00bb]<\/p>\n<h1><\/h1>\n<p>&nbsp;<\/p>\n<h1><span style=\"color: #dca879;\">Preguntas frecuentes<\/span><\/h1>\n<hr \/>\n<h3>\u00bfCu\u00e1les son los horarios de check-in y check-out?<\/h3>\n<p>El check-in es a partir de las <strong>15:00<\/strong> y el check-out antes de las <strong>11:00<\/strong>.<\/p>\n<h3>Salgo por la ma\u00f1ana, \u00bfpuedo desayunar antes de las 7:30 o pedir un desayuno para llevar?<\/h3>\n<p>La noche anterior a la salida, puede solicitar un <strong>desayuno m\u00e1s sencillo<\/strong> incluso antes de las 7:00 o un desayuno para llevar sin coste adicional.<\/p>\n<h3>Llego temprano, \u00bfpuedo adelantar el check-in?<\/h3>\n<p>La habitaci\u00f3n estar\u00e1 disponible alrededor de las <strong>14:00<\/strong>, pero si deseas llegar antes, puedes dejar tu equipaje en nuestra <strong>sala de consigna<\/strong>. Nos encargaremos de que la habitaci\u00f3n est\u00e9 lista lo antes posible.<\/p>\n<h3>Llego tarde, \u00bfhasta qu\u00e9 hora puedo hacer el check-in?<\/h3>\n<p>Es posible realizar el <strong>check-in hasta las 23:00<\/strong>, despu\u00e9s de esta hora se aplicar\u00e1 un suplemento. Recuerde avisar siempre a nuestro personal de la hora de llegada para que podamos recibirle de la mejor manera posible.<\/p>\n<h3>Cuando llegue, \u00bfd\u00f3nde puedo aparcar?<\/h3>\n<p>Se puede <strong>aparcar gratis<\/strong> en los alrededores del hotel y en las zonas cercanas. Recomendamos:<br \/>Via Bersezio <a href=\"https:\/\/maps.app.goo.gl\/VSGsVaZxXak7Roxu5\" target=\"_blank\" rel=\"noopener noreferrer\"><u>HAGA CLIC AQU\u00cd<\/u><\/a><br \/>Via Armellini <a href=\"https:\/\/maps.app.goo.gl\/GF9jKt5PEqRdXkT69\" target=\"_blank\" rel=\"noopener noreferrer\"><u>HAGA CLIC AQU\u00cd<\/u><\/a><br \/>o en el aparcamiento de pago Chiabrera <a href=\"https:\/\/maps.app.goo.gl\/T4my4fX9HBqCW31MA\" target=\"_blank\" rel=\"noopener noreferrer\"><u>HAGA CLIC AQU\u00cd<\/u><\/a><\/p>\n<h3>\u00bfCu\u00e1nto cuesta la tasa tur\u00edstica?<\/h3>\n<p>La tasa tur\u00edstica es de <strong>2,50 euros<\/strong> por persona y d\u00eda durante un m\u00e1ximo de 7 d\u00edas y no est\u00e1 incluida en el precio de la reserva.<br \/>Los menores de 14 a\u00f1os est\u00e1n exentos.<\/p>\n<h3>\u00bfPuedo hacer una reserva con media pensi\u00f3n o todo incluido?<\/h3>\n<p>Nuestros paquetes solo incluyen <strong>alojamiento y desayuno<\/strong>. Productos locales, materias primas de calidad, dulces caseros y alternativas veganas y sin gluten te esperan cada ma\u00f1ana para darte nuestro mejor buongiorno. Adem\u00e1s, estaremos encantados de recomendarle <strong>restaurantes<\/strong> y <strong>pizzer\u00edas<\/strong> <strong>convencionadas <\/strong>cerca de nosotros.<\/p>\n<h3>\u00bfEs posible hacer el check-out tarde?<\/h3>\n<p>Por supuesto, este servicio es <strong>de pago<\/strong>, est\u00e1 sujeto a disponibilidad y se ofrece bajo petici\u00f3n.<\/p>\n<h3>\u00bfAdmiten mascotas? \u00bfHay alg\u00fan suplemento por los animales?<\/h3>\n<p>Los <strong>animales de tama\u00f1o peque\u00f1o y mediano<\/strong> son bienvenidos tanto en el hotel como en nuestra playa asociada Bagno 87 Carlo &amp; 88 Vittorio. El coste de la estancia de su animal es de <strong>10 euros por noche<\/strong>, debido a una limpieza m\u00e1s profunda de las habitaciones con detergentes y desinfectantes adecuados.<\/p>\n<h3>\u00bfHay productos sin gluten para el desayuno?<\/h3>\n<p>Siempre disponemos de <strong>productos envasados sin gluten<\/strong>: galletas, copos de ma\u00edz, galletas saladas, bizcochos, tartaletas, crackers, pur\u00e9s de fruta, bebidas de soja, arroz y almendra. Recuerda avisar a nuestro personal al hacer el check-in, para que los tengamos listos cada ma\u00f1ana.<\/p>\n<h3>\u00bfPuedo cancelar la reserva sin coste alguno?<\/h3>\n<p>Las condiciones de reserva y cancelaci\u00f3n pueden variar seg\u00fan la temporada. Le recomendamos que lea las condiciones de cancelaci\u00f3n, que siempre se indican en su reserva.<\/p>\n<h3>\u00bfQu\u00e9 formas de pago aceptan?<\/h3>\n<p>Tarjetas de cr\u00e9dito y d\u00e9bito, transferencias bancarias y efectivo.<\/p>\n<h3>\u00bfC\u00f3mo se llega a su hotel?<\/h3>\n<p>Consulte este <a href=\"https:\/\/hotelardesia.com\/es\/donde-estamos\">enlace<\/a>.<\/p>\n<h3>\u00bfHay ofertas activas para mi estancia en su Hotel Ardesia?<\/h3>\n<p>Le garantizamos siempre la <strong>mejor tarifa disponible en nuestra p\u00e1gina web oficial<\/strong> en comparaci\u00f3n con los principales portales de reservas online, con pagos y servidores seguros, adem\u00e1s de la asistencia constante de nuestro personal, siempre a su disposici\u00f3n para ayudarle durante el proceso de reserva y ofrecerle la mejor soluci\u00f3n para su estancia. Suscr\u00edbase a nuestro bolet\u00edn para mantenerse informado sobre promociones y novedades.[\/vc_column_text][\/vc_column][\/vc_row]<\/p>\n<\/div>","protected":false},"excerpt":{"rendered":"<p>[vc_row css_animation=\u00bb\u00bb row_type=\u00bbrow\u00bb use_row_as_full_screen_section=\u00bbno\u00bb type=\u00bbfull_width\u00bb angled_section=\u00bbno\u00bb text_align=\u00bbleft\u00bb background_image_as_pattern=\u00bbwithout_pattern\u00bb][vc_column][vc_column_text css=\u00bb\u00bb] &nbsp; Preguntas frecuentes \u00bfCu\u00e1les son los horarios de check-in y check-out? El check-in es a partir de las 15:00 y el check-out antes de las 11:00. Salgo por la ma\u00f1ana, \u00bfpuedo desayunar antes de las 7:30&#8230;<\/p>\n","protected":false},"author":1,"featured_media":0,"parent":0,"menu_order":0,"comment_status":"closed","ping_status":"closed","template":"","meta":{"_monsterinsights_skip_tracking":false,"_monsterinsights_sitenote_active":false,"_monsterinsights_sitenote_note":"","_monsterinsights_sitenote_category":0,"footnotes":""},"class_list":["post-3852","page","type-page","status-publish","hentry"],"aioseo_notices":[],"_links":{"self":[{"href":"https:\/\/hotelardesia.com\/es\/wp-json\/wp\/v2\/pages\/3852","targetHints":{"allow":["GET"]}}],"collection":[{"href":"https:\/\/hotelardesia.com\/es\/wp-json\/wp\/v2\/pages"}],"about":[{"href":"https:\/\/hotelardesia.com\/es\/wp-json\/wp\/v2\/types\/page"}],"author":[{"embeddable":true,"href":"https:\/\/hotelardesia.com\/es\/wp-json\/wp\/v2\/users\/1"}],"replies":[{"embeddable":true,"href":"https:\/\/hotelardesia.com\/es\/wp-json\/wp\/v2\/comments?post=3852"}],"version-history":[{"count":0,"href":"https:\/\/hotelardesia.com\/es\/wp-json\/wp\/v2\/pages\/3852\/revisions"}],"wp:attachment":[{"href":"https:\/\/hotelardesia.com\/es\/wp-json\/wp\/v2\/media?parent=3852"}],"curies":[{"name":"wp","href":"https:\/\/api.w.org\/{rel}","templated":true}]}}