{"id":3858,"date":"2025-12-15T20:32:48","date_gmt":"2025-12-15T19:32:48","guid":{"rendered":"https:\/\/hotelardesia.com\/parque-fiabilandia"},"modified":"2025-12-15T20:32:49","modified_gmt":"2025-12-15T19:32:49","slug":"parque-fiabilandia","status":"publish","type":"page","link":"https:\/\/hotelardesia.com\/es\/parque-fiabilandia","title":{"rendered":"Fiabilandia"},"content":{"rendered":"<div class=\"wpb-content-wrapper\"><p>[vc_row css_animation=\u00bb\u00bb row_type=\u00bbrow\u00bb use_row_as_full_screen_section=\u00bbno\u00bb type=\u00bbfull_width\u00bb angled_section=\u00bbno\u00bb text_align=\u00bbleft\u00bb background_image_as_pattern=\u00bbwithout_pattern\u00bb el_class=\u00bbmax-1400&#8243; z_index=\u00bb\u00bb][vc_column][vc_empty_space height=\u00bb60px\u00bb][vc_column_text]<\/p>\n<h1 style=\"text-align: center;\">Fiabilandia<\/h1>\n<p>[\/vc_column_text][vc_column_text css=\u00bb\u00bb]<\/p>\n<p style=\"text-align: center;\">En <strong>Fiabilandia de R\u00edmini<\/strong> hay muchas atracciones y diversi\u00f3n a pocos pasos de nuestro <strong>hotel cerca de R\u00edmini Fiabilandia<\/strong>. Se trata de un parque de atracciones que atrae especialmente a los m\u00e1s peque\u00f1os, pero que tambi\u00e9n consigue hacer sonre\u00edr a los padres, que vuelven a ser ni\u00f1os por un d\u00eda. Se trata del parque de atracciones con m\u00e1s historia de la <strong>Riviera Romagnola<\/strong>, el mundo de los cuentos de hadas que nace antes que todos los dem\u00e1s.<\/p>\n<p>[\/vc_column_text][vc_empty_space height=\u00bb60px\u00bb][\/vc_column][\/vc_row][vc_row css_animation=\u00bb\u00bb row_type=\u00bbrow\u00bb use_row_as_full_screen_section=\u00bbno\u00bb type=\u00bbfull_width\u00bb angled_section=\u00bbno\u00bb text_align=\u00bbleft\u00bb background_image_as_pattern=\u00bbwithout_pattern\u00bb el_class=\u00bbindex-risto\u00bb z_index=\u00bb\u00bb css=\u00bb.vc_custom_1518098798166{background-color: #ffffff !important;}\u00bb][vc_column][qode_elements_holder number_of_columns=\u00bbtwo_columns\u00bb][qode_elements_holder_item advanced_animations=\u00bbno\u00bb item_padding=\u00bb0 15px 0 0&#8243;][vc_single_image image=\u00bb3860&#8243; img_size=\u00bbfull\u00bb alignment=\u00bbright\u00bb css=\u00bb.vc_custom_1521471500446{padding-right: 15px !important;padding-left: 15px !important;}\u00bb qode_css_animation=\u00bbelement_from_left\u00bb][\/qode_elements_holder_item][qode_elements_holder_item advanced_animations=\u00bbno\u00bb item_padding=\u00bb0 0 0 15px\u00bb][vc_column_text css=\u00bb.vc_custom_1683200978457{padding-right: 15px !important;padding-left: 15px !important;}\u00bb]<\/p>\n<p style=\"text-align: center;\">Hay muchas <strong>atracciones para toda la familia en Fiabilandia<\/strong>, m\u00e1s de treinta, a las que se suman <strong>espect\u00e1culos, representaciones, juegos y servicios de todo tipo<\/strong>. El parque se extiende alrededor del lago Bernardo, rodeado de una densa vegetaci\u00f3n natural que atrae cada a\u00f1o a muchas especies de aves. Es posible cruzar la cuenca a bordo del barco Fiaby Boat, muy colorido y divertido, mientras que con el trenecito Fiabilandia Express se adentra en el parque hasta llegar a la zona tem\u00e1tica del viejo oeste, donde se encuentran el pueblo navajo y el pueblo apache, que puede explorar para vivir una aventura de otros tiempos. En el Saloon del Viejo Oeste se puede comer algo eligiendo entre un men\u00fa de platos extravagantes y asistir a espect\u00e1culos tem\u00e1ticos.<br \/>\n[\/vc_column_text][\/qode_elements_holder_item][\/qode_elements_holder][vc_empty_space height=\u00bb60px\u00bb][\/vc_column][\/vc_row][vc_row css_animation=\u00bb\u00bb row_type=\u00bbrow\u00bb use_row_as_full_screen_section=\u00bbno\u00bb type=\u00bbfull_width\u00bb angled_section=\u00bbno\u00bb text_align=\u00bbleft\u00bb background_image_as_pattern=\u00bbwithout_pattern\u00bb z_index=\u00bb\u00bb css=\u00bb.vc_custom_1521192956462{background-color: #dfd9d4 !important;}\u00bb][vc_column][vc_column_text css=\u00bb.vc_custom_1521468332952{padding-top: 6% !important;padding-bottom: 6% !important;}\u00bb]<\/p>\n<p style=\"text-align: center;\">El <strong>Castillo del Mago Merl\u00edn<\/strong> es sin duda la principal atracci\u00f3n del parque, que se distingue desde la entrada y despierta mucha curiosidad con sus formas extra\u00f1as y fant\u00e1sticas.<\/p>\n<p>[\/vc_column_text][\/vc_column][\/vc_row][vc_row css_animation=\u00bb\u00bb row_type=\u00bbrow\u00bb use_row_as_full_screen_section=\u00bbno\u00bb type=\u00bbfull_width\u00bb angled_section=\u00bbno\u00bb text_align=\u00bbleft\u00bb background_image_as_pattern=\u00bbwithout_pattern\u00bb el_class=\u00bbfull\u00bb z_index=\u00bb\u00bb][vc_column][vc_raw_html]PGRpdiBjbGFzcz0icGFyYWxsYXggZmlhYmlsYW5kaWEiPjwvZGl2Pg==[\/vc_raw_html][\/vc_column][\/vc_row]<\/p>\n<\/div>","protected":false},"excerpt":{"rendered":"<p>[vc_row css_animation=\u00bb\u00bb row_type=\u00bbrow\u00bb use_row_as_full_screen_section=\u00bbno\u00bb type=\u00bbfull_width\u00bb angled_section=\u00bbno\u00bb text_align=\u00bbleft\u00bb background_image_as_pattern=\u00bbwithout_pattern\u00bb el_class=\u00bbmax-1400&#8243; z_index=\u00bb\u00bb][vc_column][vc_empty_space height=\u00bb60px\u00bb][vc_column_text] Fiabilandia [\/vc_column_text][vc_column_text css=\u00bb\u00bb] En Fiabilandia de R\u00edmini hay muchas atracciones y diversi\u00f3n a pocos pasos de nuestro hotel cerca de R\u00edmini Fiabilandia. Se trata de un parque de atracciones que atrae especialmente a los&#8230;<\/p>\n","protected":false},"author":1,"featured_media":0,"parent":0,"menu_order":0,"comment_status":"closed","ping_status":"closed","template":"full_width.php","meta":{"_monsterinsights_skip_tracking":false,"_monsterinsights_sitenote_active":false,"_monsterinsights_sitenote_note":"","_monsterinsights_sitenote_category":0,"footnotes":""},"class_list":["post-3858","page","type-page","status-publish","hentry"],"aioseo_notices":[],"_links":{"self":[{"href":"https:\/\/hotelardesia.com\/es\/wp-json\/wp\/v2\/pages\/3858","targetHints":{"allow":["GET"]}}],"collection":[{"href":"https:\/\/hotelardesia.com\/es\/wp-json\/wp\/v2\/pages"}],"about":[{"href":"https:\/\/hotelardesia.com\/es\/wp-json\/wp\/v2\/types\/page"}],"author":[{"embeddable":true,"href":"https:\/\/hotelardesia.com\/es\/wp-json\/wp\/v2\/users\/1"}],"replies":[{"embeddable":true,"href":"https:\/\/hotelardesia.com\/es\/wp-json\/wp\/v2\/comments?post=3858"}],"version-history":[{"count":0,"href":"https:\/\/hotelardesia.com\/es\/wp-json\/wp\/v2\/pages\/3858\/revisions"}],"wp:attachment":[{"href":"https:\/\/hotelardesia.com\/es\/wp-json\/wp\/v2\/media?parent=3858"}],"curies":[{"name":"wp","href":"https:\/\/api.w.org\/{rel}","templated":true}]}}