{"id":3864,"date":"2025-12-15T20:33:36","date_gmt":"2025-12-15T19:33:36","guid":{"rendered":"https:\/\/hotelardesia.com\/feria-rimini-wellness"},"modified":"2025-12-15T20:33:36","modified_gmt":"2025-12-15T19:33:36","slug":"feria-rimini-wellness","status":"publish","type":"page","link":"https:\/\/hotelardesia.com\/es\/feria-rimini-wellness","title":{"rendered":"Feria Rimini Wellness: el bienestar diario"},"content":{"rendered":"<div class=\"wpb-content-wrapper\"><p>[vc_row css_animation=\u00bb\u00bb row_type=\u00bbrow\u00bb use_row_as_full_screen_section=\u00bbno\u00bb type=\u00bbfull_width\u00bb angled_section=\u00bbno\u00bb text_align=\u00bbleft\u00bb background_image_as_pattern=\u00bbwithout_pattern\u00bb][vc_column][vc_empty_space][vc_column_text]<\/p>\n<h3>Feria Rimini Wellness: el bienestar diario<\/h3>\n<p>Rimini Wellness es un evento \u00fanico que se celebra cada a\u00f1o en mayo en la Feria de Rimini, una cita con el bienestar del cuerpo y la mente que combina los ingredientes del deporte, el bienestar y el fitness para ofrecer ideas, soluciones y consejos \u00fatiles.<\/p>\n<p>El p\u00fablico al que se dirige Rimini Wellness es el de los grandes eventos, pero con una particularidad. De hecho, la feria se divide en dos macro\u00e1reas, <strong>WFUN<\/strong> y <strong>WPRO<\/strong>, dedicadas respectivamente al gran p\u00fablico, que siempre busca el bienestar, y al business to business, es decir, un campo de intercambio y colaboraci\u00f3n entre expertos del sector.<\/p>\n<p>Es una feria que ofrece a su p\u00fablico <strong>exhibiciones y demostraciones<\/strong> de todo tipo, basta pensar en el ritmo fren\u00e9tico de los spinners, o en los movimientos decididamente m\u00e1s tranquilos del yoga, la fit education y los entrenamientos en el escenario que proponen gimnasia y ejercicios \u00fatiles para el bienestar del cuerpo, para terminar con pruebas de esgrima o exhibiciones de danza.<\/p>\n<p>Son muchas tambi\u00e9n las novedades que cada a\u00f1o enriquecen Rimini Wellness con un toque de originalidad, como por ejemplo Film Fest, una aut\u00e9ntica cineterapia que permite al p\u00fablico amenizar la espera del inicio de una pel\u00edcula con sesiones de cromoterapia o aromaterapia dise\u00f1adas ad hoc para disfrutar mejor del espect\u00e1culo.<\/p>\n<p>En definitiva, todo en esta feria est\u00e1 pensado para redescubrir el bienestar y la relajaci\u00f3n en todas sus formas. De hecho, Rimini Wellness, adem\u00e1s de ofrecer deportes, ejercicios y tratamientos, es un contenedor de patrocinadores que ofrecen nuevas ideas de ropa deportiva, equipamiento para gimnasios y centros de bienestar y vacaciones dedicadas al bienestar.<\/p>\n<p>Llegar a la Feria de R\u00edmini es f\u00e1cil: hay conexiones peri\u00f3dicas en autob\u00fas desde la estaci\u00f3n central de R\u00edmini, R\u00edmini sur y R\u00edmini norte, y en tren se puede llegar directamente al recinto ferial gracias a una parada espec\u00edfica. Adem\u00e1s, quienes lleguen a la feria en tren tendr\u00e1n un descuento especial para acceder a Rimini Wellness. Para quienes lleguen en coche, hay un amplio aparcamiento frente al recinto ferial.<br \/>No se pierda esta cita con la salud y el bienestar. El Albergo Ardesia le espera a pocos pasos de la Feria de R\u00edmini para ofrecerle una estancia c\u00f3moda y relajante.[\/vc_column_text][vc_empty_space][\/vc_column][\/vc_row]<\/p>\n<\/div>","protected":false},"excerpt":{"rendered":"<p>[vc_row css_animation=\u00bb\u00bb row_type=\u00bbrow\u00bb use_row_as_full_screen_section=\u00bbno\u00bb type=\u00bbfull_width\u00bb angled_section=\u00bbno\u00bb text_align=\u00bbleft\u00bb background_image_as_pattern=\u00bbwithout_pattern\u00bb][vc_column][vc_empty_space][vc_column_text] Feria Rimini Wellness: el bienestar diario Rimini Wellness es un evento \u00fanico que se celebra cada a\u00f1o en mayo en la Feria de Rimini, una cita con el bienestar del cuerpo y la mente que combina los&#8230;<\/p>\n","protected":false},"author":1,"featured_media":0,"parent":0,"menu_order":0,"comment_status":"closed","ping_status":"closed","template":"","meta":{"_monsterinsights_skip_tracking":false,"_monsterinsights_sitenote_active":false,"_monsterinsights_sitenote_note":"","_monsterinsights_sitenote_category":0,"footnotes":""},"class_list":["post-3864","page","type-page","status-publish","hentry"],"aioseo_notices":[],"_links":{"self":[{"href":"https:\/\/hotelardesia.com\/es\/wp-json\/wp\/v2\/pages\/3864","targetHints":{"allow":["GET"]}}],"collection":[{"href":"https:\/\/hotelardesia.com\/es\/wp-json\/wp\/v2\/pages"}],"about":[{"href":"https:\/\/hotelardesia.com\/es\/wp-json\/wp\/v2\/types\/page"}],"author":[{"embeddable":true,"href":"https:\/\/hotelardesia.com\/es\/wp-json\/wp\/v2\/users\/1"}],"replies":[{"embeddable":true,"href":"https:\/\/hotelardesia.com\/es\/wp-json\/wp\/v2\/comments?post=3864"}],"version-history":[{"count":0,"href":"https:\/\/hotelardesia.com\/es\/wp-json\/wp\/v2\/pages\/3864\/revisions"}],"wp:attachment":[{"href":"https:\/\/hotelardesia.com\/es\/wp-json\/wp\/v2\/media?parent=3864"}],"curies":[{"name":"wp","href":"https:\/\/api.w.org\/{rel}","templated":true}]}}