{"id":3929,"date":"2025-12-15T20:57:50","date_gmt":"2025-12-15T19:57:50","guid":{"rendered":"https:\/\/hotelardesia.com\/habitacion-y-desayuno-rimini"},"modified":"2026-04-17T23:42:08","modified_gmt":"2026-04-17T21:42:08","slug":"habitacion-y-desayuno-rimini","status":"publish","type":"page","link":"https:\/\/hotelardesia.com\/es\/habitacion-y-desayuno-rimini","title":{"rendered":"Hotel Bed and Breakfast Rimini ideal para familias con ni\u00f1os"},"content":{"rendered":"<div class=\"wpb-content-wrapper\"><p>[vc_row css_animation=\u00bb\u00bb row_type=\u00bbrow\u00bb use_row_as_full_screen_section=\u00bbno\u00bb type=\u00bbfull_width\u00bb angled_section=\u00bbno\u00bb text_align=\u00bbleft\u00bb background_image_as_pattern=\u00bbwithout_pattern\u00bb][vc_column][vc_empty_space][vc_column_text css=\u00bb\u00bb]<\/p>\n<h3>Hotel en R\u00edmini ideal para familias con ni\u00f1os<\/h3>\n<p>Bellariva di Rimini es una localidad costera situada cerca de Marina Centro, en una de las zonas m\u00e1s concurridas y c\u00e9ntricas de la costa de R\u00edmini. Al alojarse en nuestro hotel en Bellariva di Rimini, tendr\u00e1 a su disposici\u00f3n cabinas en la playa equipada, en las que podr\u00e1 pasar todo el tiempo que desee gracias a las numerosas comodidades, muchas tiendas para ir de compras situadas en el paseo mar\u00edtimo y locales nocturnos en los que bailar y divertirse hasta altas horas de la madrugada.<\/p>\n<p>Pasar las vacaciones en un hotel en <strong>Bellariva di Rimini<\/strong> significa elegir uno de los barrios m\u00e1s animados de la ciudad romana, frecuentado tanto por j\u00f3venes como por familias. De hecho, el hotel Ardesia ofrece muchos servicios pensados precisamente para las necesidades de los ni\u00f1os, tanto los m\u00e1s mayores como los beb\u00e9s, como men\u00fas infantiles personalizados en el restaurante, habitaciones amplias y luminosas adecuadas para familias, bicicletas con sillas para llevar a los m\u00e1s peque\u00f1os. El hotel es uno de los m\u00e1s valorados <strong>hoteles para ni\u00f1os de R\u00edmini<\/strong>, gracias tambi\u00e9n a su estrat\u00e9gica ubicaci\u00f3n cerca de los parques de atracciones de Roma\u00f1a. Al alojarse en el hotel Ardesia, sus hijos tendr\u00e1n un recuerdo inolvidable de R\u00edmini, sobre todo si les permite pasar un d\u00eda entre las maravillas de Fiabilandia e Italia in Miniatura, los toboganes acu\u00e1ticos de Aquafan y los espect\u00e1culos del Delfinario.<\/p>\n<p>Nuestro <strong>hotel en R\u00edmini ofrece tarifas por habitaci\u00f3n y desayuno<\/strong>, con f\u00f3rmulas de vacaciones pensadas tanto para familias como para quienes viajan solos o en pareja. Los servicios incluidos en el precio son, adem\u00e1s del desayuno, amplias habitaciones con todas las comodidades y balc\u00f3n, internet wi-fi en todo el hotel, cabinas en la playa en el Bagno Vittorio 88 y terraza con jard\u00edn para momentos de relax. Un hotel en <strong>R\u00edmini con habitaci\u00f3n y desayuno<\/strong> como el Ardesia es una oportunidad imperdible para unas vacaciones econ\u00f3micas en la playa en uno de los lugares m\u00e1s emocionantes de la costa de Roma\u00f1a.[\/vc_column_text][vc_empty_space][\/vc_column][\/vc_row]<\/p>\n<\/div>","protected":false},"excerpt":{"rendered":"<p>[vc_row css_animation=\u00bb\u00bb row_type=\u00bbrow\u00bb use_row_as_full_screen_section=\u00bbno\u00bb type=\u00bbfull_width\u00bb angled_section=\u00bbno\u00bb text_align=\u00bbleft\u00bb background_image_as_pattern=\u00bbwithout_pattern\u00bb][vc_column][vc_empty_space][vc_column_text css=\u00bb\u00bb] Hotel en R\u00edmini ideal para familias con ni\u00f1os Bellariva di Rimini es una localidad costera situada cerca de Marina Centro, en una de las zonas m\u00e1s concurridas y c\u00e9ntricas de la costa de R\u00edmini. Al alojarse&#8230;<\/p>\n","protected":false},"author":1,"featured_media":0,"parent":0,"menu_order":0,"comment_status":"closed","ping_status":"closed","template":"","meta":{"_monsterinsights_skip_tracking":false,"_monsterinsights_sitenote_active":false,"_monsterinsights_sitenote_note":"","_monsterinsights_sitenote_category":0,"footnotes":""},"class_list":["post-3929","page","type-page","status-publish","hentry"],"aioseo_notices":[],"_links":{"self":[{"href":"https:\/\/hotelardesia.com\/es\/wp-json\/wp\/v2\/pages\/3929","targetHints":{"allow":["GET"]}}],"collection":[{"href":"https:\/\/hotelardesia.com\/es\/wp-json\/wp\/v2\/pages"}],"about":[{"href":"https:\/\/hotelardesia.com\/es\/wp-json\/wp\/v2\/types\/page"}],"author":[{"embeddable":true,"href":"https:\/\/hotelardesia.com\/es\/wp-json\/wp\/v2\/users\/1"}],"replies":[{"embeddable":true,"href":"https:\/\/hotelardesia.com\/es\/wp-json\/wp\/v2\/comments?post=3929"}],"version-history":[{"count":2,"href":"https:\/\/hotelardesia.com\/es\/wp-json\/wp\/v2\/pages\/3929\/revisions"}],"predecessor-version":[{"id":5117,"href":"https:\/\/hotelardesia.com\/es\/wp-json\/wp\/v2\/pages\/3929\/revisions\/5117"}],"wp:attachment":[{"href":"https:\/\/hotelardesia.com\/es\/wp-json\/wp\/v2\/media?parent=3929"}],"curies":[{"name":"wp","href":"https:\/\/api.w.org\/{rel}","templated":true}]}}