{"id":3932,"date":"2025-12-15T20:59:01","date_gmt":"2025-12-15T19:59:01","guid":{"rendered":"https:\/\/hotelardesia.com\/hoteles-para-familias-en-rimini"},"modified":"2025-12-15T20:59:01","modified_gmt":"2025-12-15T19:59:01","slug":"hoteles-para-familias-en-rimini","status":"publish","type":"page","link":"https:\/\/hotelardesia.com\/es\/hoteles-para-familias-en-rimini","title":{"rendered":"Hoteles para familias en R\u00edmini"},"content":{"rendered":"<div class=\"wpb-content-wrapper\"><p>[vc_row css_animation=\u00bb\u00bb row_type=\u00bbrow\u00bb use_row_as_full_screen_section=\u00bbno\u00bb type=\u00bbfull_width\u00bb angled_section=\u00bbno\u00bb text_align=\u00bbleft\u00bb background_image_as_pattern=\u00bbwithout_pattern\u00bb][vc_column][vc_empty_space][vc_column_text]<\/p>\n<h3>Hotel para familias en R\u00edmini<\/h3>\n<p>Situado en Bellariva, podemos considerarnos un perfecto <strong>hotel para familias en R\u00edmini<\/strong>, ya que garantizamos el <strong>ambiente m\u00e1s c\u00e1lido y acogedor<\/strong> y, al mismo tiempo, reservado, atento a las diversas necesidades de los hu\u00e9spedes, incluso de los <strong>m\u00e1s peque\u00f1os<\/strong> que, como es sabido, suelen tener peticiones constantes y dif\u00edciles de satisfacer.<\/p>\n<p>Aqu\u00ed todos se sienten bien, por supuesto, pero nos gusta situarnos entre los <strong>hoteles para ni\u00f1os en R\u00edmini<\/strong>, porque sabemos bien que las vacaciones dependen muy a menudo de c\u00f3mo se encuentre el \u00abeslab\u00f3n d\u00e9bil de la cadena\u00bb, el que tiene m\u00e1s dificultades, m\u00e1s necesidades y que, con su estado de \u00e1nimo, podr\u00eda influir en el \u00e9xito de toda la estancia.<\/p>\n<p>En cambio, en este <strong>hotel econ\u00f3mico en R\u00edmini<\/strong> <strong>todos estar\u00e1n bien<\/strong>: en el restaurante, en la amplia sala climatizada con vistas al jard\u00edn, los sabores y la sencillez de los platos preparados directamente por Graziella le conquistar\u00e1n; las <strong>habitaciones luminosas<\/strong> y confortables le acunar\u00e1n, proporcion\u00e1ndole el mejor sue\u00f1o reparador y, adem\u00e1s, nuestro mar le permitir\u00e1 darse muchos ba\u00f1os y jugar en la playa en compa\u00f1\u00eda.<\/p>\n<p>En particular, como dec\u00edamos, los <strong>ni\u00f1os <\/strong>ser\u00e1n los m\u00e1s felices si <strong>aprovechan nuestra ventajosa ubicaci\u00f3n<\/strong> y los llevan a divertirse un poco a los numerosos <strong>parques de atracciones<\/strong> y a los muchos<strong> puntos de inter\u00e9s<\/strong> que pueden encontrar en los alrededores: empezando por Fiabilandia, hacia Miramare, a unos 5 minutos en coche desde aqu\u00ed (pero sed buenos con el medio ambiente y pedidnos las bicicletas gratuitas para llegar all\u00ed: adem\u00e1s del aire, su salud tambi\u00e9n se lo agradecer\u00e1), el delfinario de R\u00edmini (al que tambi\u00e9n se puede llegar en bicicleta en unos diez minutos), Italia in Miniatura, donde podr\u00e1 ver por una vez todas las maravillas de Italia (y de Europa), <strong>Mirabilandia<\/strong> en R\u00e1vena (45 minutos), Oltremare y Aquafan en <strong>Riccione<\/strong> (15 minutos).<\/p>\n<p>Adem\u00e1s, podr\u00e1 hacer una <strong>excursi\u00f3n con toda la familia<\/strong> a las maravillosas ciudades cercanas a R\u00edmini: desde <strong>Santarcangelo<\/strong> a <strong>San Leo<\/strong>, pasando por Sant&#8217;Agata Feltria, <strong>Montebello<\/strong>, <strong>Gradara<\/strong> y muchos otros lugares encantadores.<\/p>\n<p>\u00bfHan visto cu\u00e1ntas cosas hay? Los m\u00e1s peque\u00f1os se lo pasar\u00e1n en grande y ustedes se ver\u00e1n reflejados en sus sonrisas.[\/vc_column_text][vc_empty_space][\/vc_column][\/vc_row]<\/p>\n<\/div>","protected":false},"excerpt":{"rendered":"<p>[vc_row css_animation=\u00bb\u00bb row_type=\u00bbrow\u00bb use_row_as_full_screen_section=\u00bbno\u00bb type=\u00bbfull_width\u00bb angled_section=\u00bbno\u00bb text_align=\u00bbleft\u00bb background_image_as_pattern=\u00bbwithout_pattern\u00bb][vc_column][vc_empty_space][vc_column_text] Hotel para familias en R\u00edmini Situado en Bellariva, podemos considerarnos un perfecto hotel para familias en R\u00edmini, ya que garantizamos el ambiente m\u00e1s c\u00e1lido y acogedor y, al mismo tiempo, reservado, atento a las diversas necesidades de&#8230;<\/p>\n","protected":false},"author":1,"featured_media":0,"parent":0,"menu_order":0,"comment_status":"closed","ping_status":"closed","template":"","meta":{"_monsterinsights_skip_tracking":false,"_monsterinsights_sitenote_active":false,"_monsterinsights_sitenote_note":"","_monsterinsights_sitenote_category":0,"footnotes":""},"class_list":["post-3932","page","type-page","status-publish","hentry"],"aioseo_notices":[],"_links":{"self":[{"href":"https:\/\/hotelardesia.com\/es\/wp-json\/wp\/v2\/pages\/3932","targetHints":{"allow":["GET"]}}],"collection":[{"href":"https:\/\/hotelardesia.com\/es\/wp-json\/wp\/v2\/pages"}],"about":[{"href":"https:\/\/hotelardesia.com\/es\/wp-json\/wp\/v2\/types\/page"}],"author":[{"embeddable":true,"href":"https:\/\/hotelardesia.com\/es\/wp-json\/wp\/v2\/users\/1"}],"replies":[{"embeddable":true,"href":"https:\/\/hotelardesia.com\/es\/wp-json\/wp\/v2\/comments?post=3932"}],"version-history":[{"count":0,"href":"https:\/\/hotelardesia.com\/es\/wp-json\/wp\/v2\/pages\/3932\/revisions"}],"wp:attachment":[{"href":"https:\/\/hotelardesia.com\/es\/wp-json\/wp\/v2\/media?parent=3932"}],"curies":[{"name":"wp","href":"https:\/\/api.w.org\/{rel}","templated":true}]}}