{"id":3939,"date":"2025-12-15T21:00:26","date_gmt":"2025-12-15T20:00:26","guid":{"rendered":"https:\/\/hotelardesia.com\/hotel-economico-rimini"},"modified":"2025-12-15T21:00:26","modified_gmt":"2025-12-15T20:00:26","slug":"hotel-economico-rimini","status":"publish","type":"page","link":"https:\/\/hotelardesia.com\/es\/hotel-economico-rimini","title":{"rendered":"El nuestro es un hotel econ\u00f3mico en R\u00edmini abierto todo el a\u00f1o."},"content":{"rendered":"<div class=\"wpb-content-wrapper\"><p>[vc_row css_animation=\u00bb\u00bb row_type=\u00bbrow\u00bb use_row_as_full_screen_section=\u00bbno\u00bb type=\u00bbfull_width\u00bb angled_section=\u00bbno\u00bb text_align=\u00bbleft\u00bb background_image_as_pattern=\u00bbwithout_pattern\u00bb][vc_column][vc_empty_space][vc_column_text]<\/p>\n<h3>El nuestro es un hotel econ\u00f3mico en R\u00edmini abierto todo el a\u00f1o<\/h3>\n<p>El Albergo Ardesia es un <strong>hotel econ\u00f3mico en R\u00edmini<\/strong> situado en la localidad de Bellariva, rodeado de vegetaci\u00f3n y a pocos metros del mar y del centro de la ciudad. Gracias a su proximidad al Centro de Congresos y a la Feria de R\u00edmini, este hotel de R\u00edmini est\u00e1 <strong>abierto todo el a\u00f1o<\/strong>. De hecho, muchos llegan a la ciudad por motivos de trabajo y prefieren alojarse en un <strong>hotel cerca de la Feria de R\u00edmini<\/strong>, para poder llegar en pocos minutos con los autobuses urbanos.<\/p>\n<p>Un hotel cerca de la Feria de Rimini es perfecto sobre todo para quienes, como expositores o visitantes, deben permanecer en la feria todo el d\u00eda. Aloj\u00e1ndose en el Ardesia, tendr\u00e1 la posibilidad de hacer una pausa y volver al hotel en cualquier momento del d\u00eda.<\/p>\n<p>Pero el Ardesia es tambi\u00e9n un <strong>hotel econ\u00f3mico en R\u00edmini<\/strong> en el que pasar unas maravillosas vacaciones en familia en la costa de Roma\u00f1a, un hotel de R\u00edmini abierto todo el a\u00f1o para disfrutar de las bellezas y atracciones de R\u00edmini y sus alrededores. Entre los servicios, cabe destacar la cercana playa asociada (Bagno Vittorio 88) con cabinas para los hu\u00e9spedes del hotel, la terraza con jard\u00edn para momentos de relax, wifi gratuito en todo el hotel y bicicletas a disposici\u00f3n para visitar el cercano centro hist\u00f3rico o el paseo mar\u00edtimo.<\/p>\n<p>El Albergo Ardesia tambi\u00e9n se encuentra a poca distancia de los principales parques de atracciones de Roma\u00f1a, entre los que se encuentran Italia in Miniatura, Fiabilandia, Aquafan y el Delfinario de R\u00edmini, donde podr\u00e1 pasar d\u00edas inolvidables con sus hijos.<\/p>\n<p>El Ardesia es un hotel especialmente econ\u00f3mico en R\u00edmini, tambi\u00e9n por sus frecuentes ofertas especiales, ideales tanto para quienes van de vacaciones como para quienes viajan por trabajo. Las ofertas se refieren tanto a los periodos festivos como a los eventos de la Feria de R\u00edmini, entre los que se encuentra el famoso Rimini Welness.[\/vc_column_text][vc_empty_space][\/vc_column][\/vc_row]<\/p>\n<\/div>","protected":false},"excerpt":{"rendered":"<p>[vc_row css_animation=\u00bb\u00bb row_type=\u00bbrow\u00bb use_row_as_full_screen_section=\u00bbno\u00bb type=\u00bbfull_width\u00bb angled_section=\u00bbno\u00bb text_align=\u00bbleft\u00bb background_image_as_pattern=\u00bbwithout_pattern\u00bb][vc_column][vc_empty_space][vc_column_text] El nuestro es un hotel econ\u00f3mico en R\u00edmini abierto todo el a\u00f1o El Albergo Ardesia es un hotel econ\u00f3mico en R\u00edmini situado en la localidad de Bellariva, rodeado de vegetaci\u00f3n y a pocos metros del mar y&#8230;<\/p>\n","protected":false},"author":1,"featured_media":0,"parent":0,"menu_order":0,"comment_status":"closed","ping_status":"closed","template":"","meta":{"_monsterinsights_skip_tracking":false,"_monsterinsights_sitenote_active":false,"_monsterinsights_sitenote_note":"","_monsterinsights_sitenote_category":0,"footnotes":""},"class_list":["post-3939","page","type-page","status-publish","hentry"],"aioseo_notices":[],"_links":{"self":[{"href":"https:\/\/hotelardesia.com\/es\/wp-json\/wp\/v2\/pages\/3939","targetHints":{"allow":["GET"]}}],"collection":[{"href":"https:\/\/hotelardesia.com\/es\/wp-json\/wp\/v2\/pages"}],"about":[{"href":"https:\/\/hotelardesia.com\/es\/wp-json\/wp\/v2\/types\/page"}],"author":[{"embeddable":true,"href":"https:\/\/hotelardesia.com\/es\/wp-json\/wp\/v2\/users\/1"}],"replies":[{"embeddable":true,"href":"https:\/\/hotelardesia.com\/es\/wp-json\/wp\/v2\/comments?post=3939"}],"version-history":[{"count":0,"href":"https:\/\/hotelardesia.com\/es\/wp-json\/wp\/v2\/pages\/3939\/revisions"}],"wp:attachment":[{"href":"https:\/\/hotelardesia.com\/es\/wp-json\/wp\/v2\/media?parent=3939"}],"curies":[{"name":"wp","href":"https:\/\/api.w.org\/{rel}","templated":true}]}}