{"id":3942,"date":"2025-12-15T21:01:54","date_gmt":"2025-12-15T20:01:54","guid":{"rendered":"https:\/\/hotelardesia.com\/vacaciones-familia-rimini"},"modified":"2025-12-15T21:01:56","modified_gmt":"2025-12-15T20:01:56","slug":"vacaciones-familia-rimini","status":"publish","type":"page","link":"https:\/\/hotelardesia.com\/es\/vacaciones-familia-rimini","title":{"rendered":"Nuestro hotel de vacaciones para familias en Rimini de ensue\u00f1o"},"content":{"rendered":"<div class=\"wpb-content-wrapper\"><p>[vc_row css_animation=\u00bb\u00bb row_type=\u00bbrow\u00bb use_row_as_full_screen_section=\u00bbno\u00bb type=\u00bbfull_width\u00bb angled_section=\u00bbno\u00bb text_align=\u00bbleft\u00bb background_image_as_pattern=\u00bbwithout_pattern\u00bb][vc_column][vc_empty_space][vc_column_text]<\/p>\n<h3>Nuestro hotel de vacaciones para familias en Rimini de ensue\u00f1o<\/h3>\n<p>No hay mejores vacaciones familiares en Rimini que las que se pueden disfrutar como hu\u00e9spedes del Albergo Ardesia. Traiga a toda la familia de vacaciones aqu\u00ed, a la ciudad ideal para alojarse durante sus vacaciones.<\/p>\n<p>De hecho, ya desde la playa, el mundo est\u00e1 a la medida de los ni\u00f1os: casi todos los establecimientos balnearios han adoptado una pr\u00e1ctica pulsera antirrobo para que pod\u00e1is disfrutar de espl\u00e9ndidos d\u00edas de sol con seguridad y regalar a vuestros hijos unas vacaciones alegres y sin preocupaciones.<\/p>\n<p>Los hu\u00e9spedes de nuestro hotel familiar en R\u00edmini no tendr\u00e1n nada de qu\u00e9 preocuparse: animaci\u00f3n ad hoc y peque\u00f1as estructuras equipadas a lo largo de toda la playa acompa\u00f1ar\u00e1n a los ni\u00f1os en sus juegos, mientras los mayores, ba\u00f1ados por el sol, los ver\u00e1n re\u00edr tumbados en las hamacas.<\/p>\n<p>Los numerosos parques de atracciones ser\u00e1n el destino ideal para cualquiera que desee pasar unos d\u00edas inolvidables con toda la familia, como en el parque <span style=\"color: #dca879;\"><a style=\"color: #dca879;\" href=\"https:\/\/hotelardesia.com\/es\/parque-oltremare\">Oltremare de Riccione<\/a><\/span>, entre viajes a las profundidades del mar y retrocesos en el tiempo para descubrir la evoluci\u00f3n de la Tierra.<\/p>\n<p>O tambi\u00e9n en el espectacular parque de <span style=\"color: #dca879;\"><a style=\"color: #dca879;\" href=\"\u00ab\/mirabilandia\u00bb\">Mirabilandia<\/a><\/span>, uno de los m\u00e1s famosos de Europa, con atracciones incomparables y exclusivas, como el Ispeed, con una aceleraci\u00f3n magn\u00e9tica de 0 a 100 kil\u00f3metros por hora en 2,2 segundos, o el Discovery, en el que lanzarse al vac\u00edo desde una altura de 60 metros.<\/p>\n<p>Para regalarle unas vacaciones perfectas, no hay nada mejor que alojarse en nuestro hotel, situado cerca de Fiabilandia, el famoso parque de atracciones de la Riviera.<br \/>En <span style=\"color: #dca879;\"><a style=\"color: #dca879;\" href=\"https:\/\/hotelardesia.com\/es\/parque-fiabilandia\">Fiabilandia<\/a><\/span>, su hijo podr\u00e1 vivir fant\u00e1sticas aventuras tanto en los grandes espacios naturales al aire libre, donde tambi\u00e9n tendr\u00e1 la oportunidad de aprender, como en una de las mil atracciones creadas para \u00e9l y para usted.<\/p>\n<p>D\u00e9jese cautivar por las vistas que se disfrutan desde el Fiabilandia Express antes de embarcarse en una aventura m\u00e1gica en el laberinto de Fu Ming o en el m\u00e1gico Far West.<br \/>No se pierdan ninguno de los numerosos espect\u00e1culos del parque, como La carga de los 101 o Troll Story, donde un viejo troll les encantar\u00e1 cont\u00e1ndoles leyendas m\u00e1gicas, entre ellas la famosa en el interior de Roma\u00f1a del fantasma del castillo de Azzurrina.[\/vc_column_text][vc_empty_space][\/vc_column][\/vc_row]<\/p>\n<\/div>","protected":false},"excerpt":{"rendered":"<p>[vc_row css_animation=\u00bb\u00bb row_type=\u00bbrow\u00bb use_row_as_full_screen_section=\u00bbno\u00bb type=\u00bbfull_width\u00bb angled_section=\u00bbno\u00bb text_align=\u00bbleft\u00bb background_image_as_pattern=\u00bbwithout_pattern\u00bb][vc_column][vc_empty_space][vc_column_text] Nuestro hotel de vacaciones para familias en Rimini de ensue\u00f1o No hay mejores vacaciones familiares en Rimini que las que se pueden disfrutar como hu\u00e9spedes del Albergo Ardesia. Traiga a toda la familia de vacaciones aqu\u00ed, a&#8230;<\/p>\n","protected":false},"author":1,"featured_media":0,"parent":0,"menu_order":0,"comment_status":"closed","ping_status":"closed","template":"full_width.php","meta":{"_monsterinsights_skip_tracking":false,"_monsterinsights_sitenote_active":false,"_monsterinsights_sitenote_note":"","_monsterinsights_sitenote_category":0,"footnotes":""},"class_list":["post-3942","page","type-page","status-publish","hentry"],"aioseo_notices":[],"_links":{"self":[{"href":"https:\/\/hotelardesia.com\/es\/wp-json\/wp\/v2\/pages\/3942","targetHints":{"allow":["GET"]}}],"collection":[{"href":"https:\/\/hotelardesia.com\/es\/wp-json\/wp\/v2\/pages"}],"about":[{"href":"https:\/\/hotelardesia.com\/es\/wp-json\/wp\/v2\/types\/page"}],"author":[{"embeddable":true,"href":"https:\/\/hotelardesia.com\/es\/wp-json\/wp\/v2\/users\/1"}],"replies":[{"embeddable":true,"href":"https:\/\/hotelardesia.com\/es\/wp-json\/wp\/v2\/comments?post=3942"}],"version-history":[{"count":0,"href":"https:\/\/hotelardesia.com\/es\/wp-json\/wp\/v2\/pages\/3942\/revisions"}],"wp:attachment":[{"href":"https:\/\/hotelardesia.com\/es\/wp-json\/wp\/v2\/media?parent=3942"}],"curies":[{"name":"wp","href":"https:\/\/api.w.org\/{rel}","templated":true}]}}