{"id":3949,"date":"2025-12-15T21:05:47","date_gmt":"2025-12-15T20:05:47","guid":{"rendered":"https:\/\/hotelardesia.com\/palacio-de-congresos-rimini"},"modified":"2025-12-15T21:05:48","modified_gmt":"2025-12-15T20:05:48","slug":"palacio-de-congresos-rimini","status":"publish","type":"page","link":"https:\/\/hotelardesia.com\/es\/palacio-de-congresos-rimini","title":{"rendered":"El Palacio de Congresos de R\u00edmini"},"content":{"rendered":"<div class=\"wpb-content-wrapper\"><p>[vc_row css_animation=\u00bb\u00bb row_type=\u00bbrow\u00bb use_row_as_full_screen_section=\u00bbno\u00bb type=\u00bbfull_width\u00bb angled_section=\u00bbno\u00bb text_align=\u00bbleft\u00bb background_image_as_pattern=\u00bbwithout_pattern\u00bb][vc_column][vc_empty_space][vc_column_text]<\/p>\n<h3>El Palacio de Congresos de R\u00edmini<\/h3>\n<p>Para subrayar la ya consolidada predisposici\u00f3n de R\u00edmini como escenario de prestigiosos y exitosos eventos empresariales, ha llegado la nueva estructura, una de las m\u00e1s grandes de Italia, destinada a cambiar el perfil del sector: el <strong>Palacio de Congresos de R\u00edmini<\/strong>.<\/p>\n<p>Con una superficie de 38 000 metros cuadrados, el Palacio de Congresos es una estructura de vanguardia que se extiende sobre dos plantas m\u00e1s un s\u00f3tano y ofrece 19 salas modulables capaces de acoger en sesi\u00f3n plenaria hasta 4700 personas en la sala de la Piazza.<br \/>Sin embargo, la versatilidad del Palacongressi es casi total: basta pensar que cuenta con una zona de exposiciones de 11 000 metros cuadrados, modulable en varios espacios para satisfacer todo tipo de necesidades.<\/p>\n<p>Nuestro <strong>hotel abierto todo el a\u00f1o en R\u00edmini<\/strong> es la soluci\u00f3n ideal para los clientes de negocios que buscan un establecimiento cercano al Palacongressi capaz de satisfacer las necesidades de quienes viajan por trabajo: el Albergo Ardesia tambi\u00e9n destaca por ser un hotel cercano a la Feria de R\u00edmini, lo que le permitir\u00e1 participar en los numerosos eventos importantes que se celebran aqu\u00ed cada a\u00f1o.<\/p>\n<p>La presencia de estas dos oportunidades estrat\u00e9gicas para hacer crecer su negocio es una ventaja que ha contribuido y seguir\u00e1 contribuyendo a que la ciudad de R\u00edmini sea la capital del sector tur\u00edstico de negocios.<br \/>La combinaci\u00f3n del ya nutrido calendario de la Feria, dirigida a macrosectores y con un flujo de visitantes internacionales, con la presencia de una estructura polifuncional para eventos p\u00fablicos y privados como el Palacongressi, ha completado de hecho la oferta de R\u00edmini en el sector de ferias y congresos.[\/vc_column_text][vc_empty_space][\/vc_column][\/vc_row]<\/p>\n<\/div>","protected":false},"excerpt":{"rendered":"<p>[vc_row css_animation=\u00bb\u00bb row_type=\u00bbrow\u00bb use_row_as_full_screen_section=\u00bbno\u00bb type=\u00bbfull_width\u00bb angled_section=\u00bbno\u00bb text_align=\u00bbleft\u00bb background_image_as_pattern=\u00bbwithout_pattern\u00bb][vc_column][vc_empty_space][vc_column_text] El Palacio de Congresos de R\u00edmini Para subrayar la ya consolidada predisposici\u00f3n de R\u00edmini como escenario de prestigiosos y exitosos eventos empresariales, ha llegado la nueva estructura, una de las m\u00e1s grandes de Italia, destinada a cambiar&#8230;<\/p>\n","protected":false},"author":1,"featured_media":0,"parent":0,"menu_order":0,"comment_status":"closed","ping_status":"closed","template":"","meta":{"_monsterinsights_skip_tracking":false,"_monsterinsights_sitenote_active":false,"_monsterinsights_sitenote_note":"","_monsterinsights_sitenote_category":0,"footnotes":""},"class_list":["post-3949","page","type-page","status-publish","hentry"],"aioseo_notices":[],"_links":{"self":[{"href":"https:\/\/hotelardesia.com\/es\/wp-json\/wp\/v2\/pages\/3949","targetHints":{"allow":["GET"]}}],"collection":[{"href":"https:\/\/hotelardesia.com\/es\/wp-json\/wp\/v2\/pages"}],"about":[{"href":"https:\/\/hotelardesia.com\/es\/wp-json\/wp\/v2\/types\/page"}],"author":[{"embeddable":true,"href":"https:\/\/hotelardesia.com\/es\/wp-json\/wp\/v2\/users\/1"}],"replies":[{"embeddable":true,"href":"https:\/\/hotelardesia.com\/es\/wp-json\/wp\/v2\/comments?post=3949"}],"version-history":[{"count":0,"href":"https:\/\/hotelardesia.com\/es\/wp-json\/wp\/v2\/pages\/3949\/revisions"}],"wp:attachment":[{"href":"https:\/\/hotelardesia.com\/es\/wp-json\/wp\/v2\/media?parent=3949"}],"curies":[{"name":"wp","href":"https:\/\/api.w.org\/{rel}","templated":true}]}}