{"id":3970,"date":"2025-12-15T21:06:59","date_gmt":"2025-12-15T20:06:59","guid":{"rendered":"https:\/\/hotelardesia.com\/sia-guest-rimini"},"modified":"2025-12-15T21:07:00","modified_gmt":"2025-12-15T20:07:00","slug":"sia-guest-rimini","status":"publish","type":"page","link":"https:\/\/hotelardesia.com\/es\/sia-guest-rimini","title":{"rendered":"La feria Sia Guest de R\u00edmini, la feria para quienes viven de la hosteler\u00eda"},"content":{"rendered":"<div class=\"wpb-content-wrapper\"><p>[vc_row css_animation=\u00bb\u00bb row_type=\u00bbrow\u00bb use_row_as_full_screen_section=\u00bbno\u00bb type=\u00bbfull_width\u00bb angled_section=\u00bbno\u00bb text_align=\u00bbleft\u00bb background_image_as_pattern=\u00bbwithout_pattern\u00bb][vc_column][vc_empty_space][vc_column_text]<\/p>\n<h3>Sia Guest de R\u00edmini, la feria para quienes viven del sector hotelero<\/h3>\n<p>Aloj\u00e1ndose en nuestro hotel cerca de la feria de R\u00edmini, a solo 8 minutos por carretera y bien comunicado por transporte p\u00fablico, podr\u00e1 disfrutar con total tranquilidad y energ\u00eda de la cita ineludible de la feria Sia Guest de R\u00edmini.<\/p>\n<p>La <strong>Sia Guest<\/strong>, Sal\u00f3n Internacional de la Hosteler\u00eda, se celebra en oto\u00f1o, a menudo en noviembre, y es uno de los eventos m\u00e1s importantes en el sector hotelero, con 10 pabellones que acogen a 700 empresas de todo el mundo y atraen a unos 48 000 visitantes en cada edici\u00f3n.<\/p>\n<p>En su interior se agrupan los sectores del mobiliario y el dise\u00f1o, con materiales para suelos y revestimientos, sistemas de iluminaci\u00f3n, estructuras para salas de bienestar y fitness, grandes instalaciones para la restauraci\u00f3n y las soluciones m\u00e1s innovadoras para la automatizaci\u00f3n y el ahorro energ\u00e9tico.<\/p>\n<p>En ella se imparten cursos de formaci\u00f3n y actualizaci\u00f3n, \u00fatiles para mantenerse informado sobre las \u00faltimas tendencias del mercado, e interesantes recorridos interactivos para facilitar a\u00fan m\u00e1s la relaci\u00f3n y la comunicaci\u00f3n entre empresarios y proveedores.<\/p>\n<p>Los representantes de las cadenas hoteleras m\u00e1s famosas, directores de hotel, chefs, gerentes y cualquier otro operador del sector no pueden perder la oportunidad de entrar en contacto con tal n\u00famero de clientes potenciales, ni dejar escapar la posibilidad de establecer relaciones y cerrar negocios con los mayores proveedores y empresarios del sector.<\/p>\n<p>Aloj\u00e1ndose en nuestro hotel, que entre los hoteles cercanos a la feria de R\u00edmini destaca por su gran n\u00famero de servicios y ofertas dirigidas a los participantes en los eventos feriales, podr\u00e1 disfrutar de sus negocios con la m\u00e1xima comodidad y conveniencia, con habitaciones silenciosas y equipadas con todas las comodidades, un restaurante preparado para satisfacer todas las necesidades alimenticias, con energ\u00e9ticas desayunos por la ma\u00f1ana y reconfortantes platos t\u00edpicos locales al regresar de sus compromisos.[\/vc_column_text][vc_empty_space][\/vc_column][\/vc_row]<\/p>\n<\/div>","protected":false},"excerpt":{"rendered":"<p>[vc_row css_animation=\u00bb\u00bb row_type=\u00bbrow\u00bb use_row_as_full_screen_section=\u00bbno\u00bb type=\u00bbfull_width\u00bb angled_section=\u00bbno\u00bb text_align=\u00bbleft\u00bb background_image_as_pattern=\u00bbwithout_pattern\u00bb][vc_column][vc_empty_space][vc_column_text] Sia Guest de R\u00edmini, la feria para quienes viven del sector hotelero Aloj\u00e1ndose en nuestro hotel cerca de la feria de R\u00edmini, a solo 8 minutos por carretera y bien comunicado por transporte p\u00fablico, podr\u00e1 disfrutar con&#8230;<\/p>\n","protected":false},"author":1,"featured_media":0,"parent":0,"menu_order":0,"comment_status":"closed","ping_status":"closed","template":"","meta":{"_monsterinsights_skip_tracking":false,"_monsterinsights_sitenote_active":false,"_monsterinsights_sitenote_note":"","_monsterinsights_sitenote_category":0,"footnotes":""},"class_list":["post-3970","page","type-page","status-publish","hentry"],"aioseo_notices":[],"_links":{"self":[{"href":"https:\/\/hotelardesia.com\/es\/wp-json\/wp\/v2\/pages\/3970","targetHints":{"allow":["GET"]}}],"collection":[{"href":"https:\/\/hotelardesia.com\/es\/wp-json\/wp\/v2\/pages"}],"about":[{"href":"https:\/\/hotelardesia.com\/es\/wp-json\/wp\/v2\/types\/page"}],"author":[{"embeddable":true,"href":"https:\/\/hotelardesia.com\/es\/wp-json\/wp\/v2\/users\/1"}],"replies":[{"embeddable":true,"href":"https:\/\/hotelardesia.com\/es\/wp-json\/wp\/v2\/comments?post=3970"}],"version-history":[{"count":0,"href":"https:\/\/hotelardesia.com\/es\/wp-json\/wp\/v2\/pages\/3970\/revisions"}],"wp:attachment":[{"href":"https:\/\/hotelardesia.com\/es\/wp-json\/wp\/v2\/media?parent=3970"}],"curies":[{"name":"wp","href":"https:\/\/api.w.org\/{rel}","templated":true}]}}