{"id":3977,"date":"2025-12-15T21:08:09","date_gmt":"2025-12-15T20:08:09","guid":{"rendered":"https:\/\/hotelardesia.com\/hotel-3-estrellas-bellariva-rimini"},"modified":"2025-12-15T21:08:19","modified_gmt":"2025-12-15T20:08:19","slug":"hotel-3-estrellas-bellariva-rimini","status":"publish","type":"page","link":"https:\/\/hotelardesia.com\/es\/hotel-3-estrellas-bellariva-rimini","title":{"rendered":"Tu hotel de 3 estrellas en Bellariva di Rimini"},"content":{"rendered":"<div class=\"wpb-content-wrapper\"><p>[vc_row css_animation=\u00bb\u00bb row_type=\u00bbrow\u00bb use_row_as_full_screen_section=\u00bbno\u00bb type=\u00bbfull_width\u00bb angled_section=\u00bbno\u00bb text_align=\u00bbleft\u00bb background_image_as_pattern=\u00bbwithout_pattern\u00bb][vc_column][vc_empty_space][vc_column_text]<\/p>\n<h3>Tu hotel de 3 estrellas en Bellariva di Rimini<\/h3>\n<p><\/p>\n<p>Disfrutar de tus vacaciones como hu\u00e9sped de nuestro<strong> hotel de 3 estrellas en Bellariva di Rimini<\/strong> significa haber elegido la libertad de decidir cada d\u00eda c\u00f3mo pasar tu tiempo libre, entre la playa y las noches de diversi\u00f3n y relax en la ciudad.<\/p>\n<p>La ubicaci\u00f3n privilegiada del hotel le permitir\u00e1 disfrutar al m\u00e1ximo de todas las facetas de R\u00edmini, desde la playa que la ha hecho famosa en el imaginario colectivo hasta su fascinante parte hist\u00f3rica, dignamente representada por el Arco de Augusto, que idealmente \u00ababre\u00bb el centro hist\u00f3rico.<\/p>\n<p>A pocos minutos de nuestro <strong>hotel familiar en R\u00edmini<\/strong>, el centro hist\u00f3rico es uno de los lugares favoritos de madres, padres y ni\u00f1os: repleto de tiendas, atracciones hist\u00f3ricas y excelentes restaurantes t\u00edpicos, le permitir\u00e1 llevarse un pedacito del alma de esta ciudad cuando vuelva a casa. Para un poco m\u00e1s de adrenalina, puede regalarles a usted y a sus hijos una excursi\u00f3n a los parques de atracciones cercanos, como Fiabilandia o Mirabilandia, donde se divertir\u00e1n como nunca.<br \/>A menos de 10 minutos en coche de nuestro hotel en <strong>Bellariva di Rimini<\/strong>, tambi\u00e9n puede visitar el Delfinario de la ciudad, un lugar \u00fanico que le permitir\u00e1 ver de cerca a estos simp\u00e1ticos animales y sus temerarias acrobacias en el agua.<\/p>\n<p>Pero la oferta de una ciudad como R\u00edmini no pod\u00eda quedarse ah\u00ed: tambi\u00e9n hay excursiones por los alrededores, peque\u00f1os pueblos dispersos y escondidos, todos por descubrir, carriles bici para recorrer en un d\u00eda de deporte y paisajes.<br \/>Sea cual sea el tipo de vacaciones que busque su familia, aqu\u00ed en R\u00edmini, aloj\u00e1ndose en nuestro hotel en Bellariva, lo encontrar\u00e1.<br \/>\u00bfA qu\u00e9 espera? Compru\u00e9belo con sus propios ojos y se llevar\u00e1 una agradable sorpresa.[\/vc_column_text][vc_empty_space][\/vc_column][\/vc_row]<\/p>\n<\/div>","protected":false},"excerpt":{"rendered":"<p>[vc_row css_animation=\u00bb\u00bb row_type=\u00bbrow\u00bb use_row_as_full_screen_section=\u00bbno\u00bb type=\u00bbfull_width\u00bb angled_section=\u00bbno\u00bb text_align=\u00bbleft\u00bb background_image_as_pattern=\u00bbwithout_pattern\u00bb][vc_column][vc_empty_space][vc_column_text] Tu hotel de 3 estrellas en Bellariva di Rimini Disfrutar de tus vacaciones como hu\u00e9sped de nuestro hotel de 3 estrellas en Bellariva di Rimini significa haber elegido la libertad de decidir cada d\u00eda c\u00f3mo pasar tu&#8230;<\/p>\n","protected":false},"author":1,"featured_media":0,"parent":0,"menu_order":0,"comment_status":"closed","ping_status":"closed","template":"","meta":{"_monsterinsights_skip_tracking":false,"_monsterinsights_sitenote_active":false,"_monsterinsights_sitenote_note":"","_monsterinsights_sitenote_category":0,"footnotes":""},"class_list":["post-3977","page","type-page","status-publish","hentry"],"aioseo_notices":[],"_links":{"self":[{"href":"https:\/\/hotelardesia.com\/es\/wp-json\/wp\/v2\/pages\/3977","targetHints":{"allow":["GET"]}}],"collection":[{"href":"https:\/\/hotelardesia.com\/es\/wp-json\/wp\/v2\/pages"}],"about":[{"href":"https:\/\/hotelardesia.com\/es\/wp-json\/wp\/v2\/types\/page"}],"author":[{"embeddable":true,"href":"https:\/\/hotelardesia.com\/es\/wp-json\/wp\/v2\/users\/1"}],"replies":[{"embeddable":true,"href":"https:\/\/hotelardesia.com\/es\/wp-json\/wp\/v2\/comments?post=3977"}],"version-history":[{"count":0,"href":"https:\/\/hotelardesia.com\/es\/wp-json\/wp\/v2\/pages\/3977\/revisions"}],"wp:attachment":[{"href":"https:\/\/hotelardesia.com\/es\/wp-json\/wp\/v2\/media?parent=3977"}],"curies":[{"name":"wp","href":"https:\/\/api.w.org\/{rel}","templated":true}]}}