{"id":3990,"date":"2025-12-15T21:09:14","date_gmt":"2025-12-15T20:09:14","guid":{"rendered":"https:\/\/hotelardesia.com\/hotel-abierto-todo-el-ano"},"modified":"2025-12-15T21:09:15","modified_gmt":"2025-12-15T20:09:15","slug":"hotel-abierto-todo-el-ano","status":"publish","type":"page","link":"https:\/\/hotelardesia.com\/es\/hotel-abierto-todo-el-ano","title":{"rendered":"Il tuo hotel a Rimini aperto tutto l\u2019anno per vivere la riviera da estate a inverno"},"content":{"rendered":"<div class=\"wpb-content-wrapper\"><p>[vc_row css_animation=\u00bb\u00bb row_type=\u00bbrow\u00bb use_row_as_full_screen_section=\u00bbno\u00bb type=\u00bbgrid\u00bb angled_section=\u00bbno\u00bb text_align=\u00bbleft\u00bb background_image_as_pattern=\u00bbwithout_pattern\u00bb z_index=\u00bb\u00bb][vc_column][vc_empty_space][vc_column_text]<\/p>\n<h3>Tu hotel en R\u00edmini abierto todo el a\u00f1o para disfrutar de la costa desde el verano hasta el invierno<\/h3>\n<p>Aloj\u00e1ndote en nuestro hotel en R\u00edmini, abierto todo el a\u00f1o, tendr\u00e1s la oportunidad \u00fanica de disfrutar de los mil recursos de la <strong>costa de Roma\u00f1a<\/strong> y su <strong>interior<\/strong>, ya no solo en las \u00e9pocas c\u00e1lidas, sino tambi\u00e9n en las m\u00e1s fr\u00edas, para descubrir todas sus incre\u00edbles facetas.<\/p>\n<p>Para aquellos que quieran pasar momentos inolvidables con su familia en cualquier \u00e9poca del a\u00f1o, nuestro hotel en R\u00edmini Bellariva ser\u00e1 el punto de partida ideal hacia los sensacionales parques de atracciones de la zona, facilitado por las convenientes ofertas especiales que incluyen estancias gratuitas para ni\u00f1os y soluciones con todo incluido.<\/p>\n<p>Podr\u00e1 llegar a las incre\u00edbles atracciones de <strong>Fiabilandia<\/strong>, a solo 6 minutos en coche, donde volver\u00e1 a ser ni\u00f1o y se sorprender\u00e1 junto a sus hijos entre personajes y escenarios de cuento de hadas, o visitar los secretos del mar y la historia evolutiva del planeta y sus habitantes en el <strong>Oltremare<\/strong> de Riccione, a solo 15 minutos de distancia, y, por \u00faltimo, dedicarse a las compras en el centro comercial <strong>Le Befane<\/strong>, a unos 2 km.<\/p>\n<p>Gracias a la proximidad al centro de la ciudad, podr\u00e1 descubrir su historia y sus riquezas monumentales de la \u00e9poca romana, como el <strong>Puente de Tiberio<\/strong> y el <strong>Arco de Augusto<\/strong>, o de la \u00e9poca de los seigneurs, como el <strong>Templo Malatestiano<\/strong> y el <strong>Castillo Sismondo<\/strong>.<\/p>\n<p>Pero la ubicaci\u00f3n de nuestro hotel en R\u00edmini, cerca de la feria, nos convierte en el punto de partida perfecto para todos aquellos que deseen desarrollar con energ\u00eda y tranquilidad sus negocios en los numerosos eventos que encuentran en el recinto ferial de la ciudad el escenario adecuado a su grandeza e importancia.<\/p>\n<p><strong>Rimini Wellness<\/strong>, la feria del fitness, la <strong>SIB<\/strong> sobre tecnolog\u00edas para locales, la <strong>SIGEP<\/strong> sobre el mundo de la helader\u00eda, la pasteler\u00eda y la panader\u00eda artesanales, as\u00ed como la SUN sobre mobiliario y equipamiento para exteriores, son solo algunos de los muchos nombres que enriquecen, a lo largo de los 12 meses, el calendario ferial de R\u00edmini, convirti\u00e9ndola en un lugar ineludible para los empresarios de cualquier sector.<\/p>\n<p>Sea cual sea el motivo que le lleve a la magn\u00edfica Rimini en cualquier \u00e9poca del a\u00f1o, fin de semana o d\u00eda, nuestro hotel de 3 estrellas en Bellariva di Rimini, con servicios dirigidos tanto a clientes de negocios como de ocio, satisfar\u00e1 todas sus necesidades.[\/vc_column_text][vc_empty_space][\/vc_column][\/vc_row]<\/p>\n<\/div>","protected":false},"excerpt":{"rendered":"<p>[vc_row css_animation=\u00bb\u00bb row_type=\u00bbrow\u00bb use_row_as_full_screen_section=\u00bbno\u00bb type=\u00bbgrid\u00bb angled_section=\u00bbno\u00bb text_align=\u00bbleft\u00bb background_image_as_pattern=\u00bbwithout_pattern\u00bb z_index=\u00bb\u00bb][vc_column][vc_empty_space][vc_column_text] Tu hotel en R\u00edmini abierto todo el a\u00f1o para disfrutar de la costa desde el verano hasta el invierno Aloj\u00e1ndote en nuestro hotel en R\u00edmini, abierto todo el a\u00f1o, tendr\u00e1s la oportunidad \u00fanica de disfrutar de&#8230;<\/p>\n","protected":false},"author":1,"featured_media":0,"parent":0,"menu_order":0,"comment_status":"closed","ping_status":"closed","template":"full_width.php","meta":{"_monsterinsights_skip_tracking":false,"_monsterinsights_sitenote_active":false,"_monsterinsights_sitenote_note":"","_monsterinsights_sitenote_category":0,"footnotes":""},"class_list":["post-3990","page","type-page","status-publish","hentry"],"aioseo_notices":[],"_links":{"self":[{"href":"https:\/\/hotelardesia.com\/es\/wp-json\/wp\/v2\/pages\/3990","targetHints":{"allow":["GET"]}}],"collection":[{"href":"https:\/\/hotelardesia.com\/es\/wp-json\/wp\/v2\/pages"}],"about":[{"href":"https:\/\/hotelardesia.com\/es\/wp-json\/wp\/v2\/types\/page"}],"author":[{"embeddable":true,"href":"https:\/\/hotelardesia.com\/es\/wp-json\/wp\/v2\/users\/1"}],"replies":[{"embeddable":true,"href":"https:\/\/hotelardesia.com\/es\/wp-json\/wp\/v2\/comments?post=3990"}],"version-history":[{"count":0,"href":"https:\/\/hotelardesia.com\/es\/wp-json\/wp\/v2\/pages\/3990\/revisions"}],"wp:attachment":[{"href":"https:\/\/hotelardesia.com\/es\/wp-json\/wp\/v2\/media?parent=3990"}],"curies":[{"name":"wp","href":"https:\/\/api.w.org\/{rel}","templated":true}]}}