{"id":4011,"date":"2025-12-15T21:18:59","date_gmt":"2025-12-15T20:18:59","guid":{"rendered":"https:\/\/hotelardesia.com\/italia-en-miniatura"},"modified":"2025-12-15T21:18:59","modified_gmt":"2025-12-15T20:18:59","slug":"italia-en-miniatura","status":"publish","type":"page","link":"https:\/\/hotelardesia.com\/es\/italia-en-miniatura","title":{"rendered":"Italia en miniatura"},"content":{"rendered":"<div class=\"wpb-content-wrapper\"><p>[vc_row css_animation=\u00bb\u00bb row_type=\u00bbrow\u00bb use_row_as_full_screen_section=\u00bbno\u00bb type=\u00bbfull_width\u00bb angled_section=\u00bbno\u00bb text_align=\u00bbleft\u00bb background_image_as_pattern=\u00bbwithout_pattern\u00bb el_class=\u00bbmax-1400&#8243; z_index=\u00bb\u00bb][vc_column][vc_empty_space height=\u00bb60px\u00bb][vc_column_text]<\/p>\n<h1 style=\"text-align: center;\">Italia en miniatura<\/h1>\n<p>[\/vc_column_text][vc_column_text css=\u00bb\u00bb]<\/p>\n<p style=\"text-align: center;\">Entre los <strong>parques de atracciones de la Riviera Romagnola<\/strong>, el <a href=\"https:\/\/www.italiainminiatura.com\/\" ><strong>Italia in Miniatura<\/strong><\/a> es un mundo extraordinario por descubrir , que permite vivir una experiencia emocionante al descubrir las bellezas arquitect\u00f3nicas y culturales de Italia y las principales de Europa, con la ventaja de poder visitarlo todo en un solo d\u00eda.<br \/>\n[\/vc_column_text][vc_empty_space height=\u00bb60px\u00bb][\/vc_column][\/vc_row][vc_row css_animation=\u00bb\u00bb row_type=\u00bbrow\u00bb use_row_as_full_screen_section=\u00bbno\u00bb type=\u00bbfull_width\u00bb angled_section=\u00bbno\u00bb text_align=\u00bbleft\u00bb background_image_as_pattern=\u00bbwithout_pattern\u00bb el_class=\u00bbindex-risto\u00bb z_index=\u00bb\u00bb css=\u00bb.vc_custom_1518098798166{background-color: #ffffff !important;}\u00bb][vc_column][qode_elements_holder number_of_columns=\u00bbtwo_columns\u00bb][qode_elements_holder_item advanced_animations=\u00bbno\u00bb item_padding=\u00bb0 15px 0 0&#8243;][vc_single_image image=\u00bb4012&#8243; img_size=\u00bbfull\u00bb alignment=\u00bbright\u00bb css=\u00bb.vc_custom_1521466900788{padding-right: 15px !important;padding-left: 15px !important;}\u00bb qode_css_animation=\u00bbelement_from_left\u00bb][\/qode_elements_holder_item][qode_elements_holder_item advanced_animations=\u00bbno\u00bb item_padding=\u00bb0 0 0 15px\u00bb][vc_column_text css=\u00bb.vc_custom_1764962260757{padding-right: 15px !important;padding-left: 15px !important;}\u00bb]<\/p>\n<p style=\"text-align: center;\">La visita a Italia in Miniatura es una <strong>experiencia \u00fanica para grandes y peque\u00f1os<\/strong> que  tienen la oportunidad de divertirse, admirar y aprender al mismo tiempo, ya que la actividad del parque est\u00e1 claramente orientada a la valorizaci\u00f3n del patrimonio cultural, hist\u00f3rico y medioambiental del Belpaese. <\/p>\n<p><\/p>\n<p style=\"text-align: center;\">Italia in Miniatura es un parque tem\u00e1tico<\/strong> que alberga espl\u00e9ndidas <strong>representaciones a escala de los principales monumentos nacionales<\/strong>, que se pueden observar paseando por las avenidas llenas de vegetaci\u00f3n que los conectan, o observ\u00e1ndolos desde arriba mediante un recorrido en el Monorra\u00edl Arco\u00edris, que viaja a una altura de 6 metros y cuyo trayecto va acompa\u00f1ado de una voz gu\u00eda que explica las caracter\u00edsticas de lo que se ve.<br \/>\n[\/vc_column_text][\/qode_elements_holder_item][\/qode_elements_holder][vc_empty_space height=\u00bb60px\u00bb][\/vc_column][\/vc_row][vc_row css_animation=\u00bb\u00bb row_type=\u00bbrow\u00bb use_row_as_full_screen_section=\u00bbno\u00bb type=\u00bbfull_width\u00bb angled_section=\u00bbno\u00bb text_align=\u00bbleft\u00bb background_image_as_pattern=\u00bbwithout_pattern\u00bb z_index=\u00bb\u00bb css=\u00bb.vc_custom_1521192956462{background-color: #dfd9d4 !important;}\u00bb][vc_column][vc_column_text css=\u00bb.vc_custom_1521467049930{padding-top: 6% !important;padding-bottom: 6% !important;}\u00bb]<\/p>\n<p style=\"text-align: center;\">Entre los monumentos en miniatura m\u00e1s impresionantes que se pueden observar se encuentran la <strong>Catedral de Mil\u00e1n<\/strong>, la  <strong>Torre de Pisa<\/strong>, el <strong>Mausoleo de Teodorico de R\u00e1vena<\/strong>, el <strong>Coliseo y la Bas\u00edlica de San Pedro<\/strong>, la <strong>Piazza del Plebiscito de N\u00e1poles<\/strong> y el <strong>Valle de los Templos de Agrigento<\/strong>.<\/p>\n<p>\n[\/vc_column_text][\/vc_column][\/vc_row][vc_row css_animation=\u00bb\u00bb row_type=\u00bbrow\u00bb use_row_as_full_screen_section=\u00bbno\u00bb type=\u00bbfull_width\u00bb angled_section=\u00bbno\u00bb text_align=\u00bbleft\u00bb background_image_as_pattern=\u00bbwithout_pattern\u00bb el_class=\u00bbfull\u00bb z_index=\u00bb\u00bb][vc_column][vc_raw_html]PGRpdiBjbGFzcz0icGFyYWxsYXggaXRhbGlhLW1pbmlhdHVyYSI+PC9kaXY+[\/vc_raw_html][\/vc_column][\/vc_row]<\/p>\n<\/div>","protected":false},"excerpt":{"rendered":"<p>[vc_row css_animation=\u00bb\u00bb row_type=\u00bbrow\u00bb use_row_as_full_screen_section=\u00bbno\u00bb type=\u00bbfull_width\u00bb angled_section=\u00bbno\u00bb text_align=\u00bbleft\u00bb background_image_as_pattern=\u00bbwithout_pattern\u00bb el_class=\u00bbmax-1400&#8243; z_index=\u00bb\u00bb][vc_column][vc_empty_space height=\u00bb60px\u00bb][vc_column_text] Italia en miniatura [\/vc_column_text][vc_column_text css=\u00bb\u00bb] Entre los parques de atracciones de la Riviera Romagnola, el Italia in Miniatura es un mundo extraordinario por descubrir , que permite vivir una experiencia emocionante al descubrir las&#8230;<\/p>\n","protected":false},"author":1,"featured_media":0,"parent":0,"menu_order":0,"comment_status":"closed","ping_status":"closed","template":"full_width.php","meta":{"_monsterinsights_skip_tracking":false,"_monsterinsights_sitenote_active":false,"_monsterinsights_sitenote_note":"","_monsterinsights_sitenote_category":0,"footnotes":""},"class_list":["post-4011","page","type-page","status-publish","hentry"],"aioseo_notices":[],"_links":{"self":[{"href":"https:\/\/hotelardesia.com\/es\/wp-json\/wp\/v2\/pages\/4011","targetHints":{"allow":["GET"]}}],"collection":[{"href":"https:\/\/hotelardesia.com\/es\/wp-json\/wp\/v2\/pages"}],"about":[{"href":"https:\/\/hotelardesia.com\/es\/wp-json\/wp\/v2\/types\/page"}],"author":[{"embeddable":true,"href":"https:\/\/hotelardesia.com\/es\/wp-json\/wp\/v2\/users\/1"}],"replies":[{"embeddable":true,"href":"https:\/\/hotelardesia.com\/es\/wp-json\/wp\/v2\/comments?post=4011"}],"version-history":[{"count":0,"href":"https:\/\/hotelardesia.com\/es\/wp-json\/wp\/v2\/pages\/4011\/revisions"}],"wp:attachment":[{"href":"https:\/\/hotelardesia.com\/es\/wp-json\/wp\/v2\/media?parent=4011"}],"curies":[{"name":"wp","href":"https:\/\/api.w.org\/{rel}","templated":true}]}}