{"id":4016,"date":"2025-12-15T21:20:14","date_gmt":"2025-12-15T20:20:14","guid":{"rendered":"https:\/\/hotelardesia.com\/centro-de-rimini"},"modified":"2025-12-15T21:20:14","modified_gmt":"2025-12-15T20:20:14","slug":"centro-de-rimini","status":"publish","type":"page","link":"https:\/\/hotelardesia.com\/es\/centro-de-rimini","title":{"rendered":"El Hotel Ardesia, a pocos pasos de los monumentos del centro de R\u00edmini"},"content":{"rendered":"<div class=\"wpb-content-wrapper\"><p>[vc_row css_animation=\u00bb\u00bb row_type=\u00bbrow\u00bb use_row_as_full_screen_section=\u00bbno\u00bb type=\u00bbfull_width\u00bb angled_section=\u00bbno\u00bb text_align=\u00bbleft\u00bb background_image_as_pattern=\u00bbwithout_pattern\u00bb][vc_column][vc_empty_space height=\u00bb50px\u00bb][vc_column_text]<\/p>\n<h3>El Hotel Ardesia, a pocos pasos de los monumentos del centro de R\u00edmini<\/h3>\n<p>R\u00edmini, patria del relax y la diversi\u00f3n, conserva un incre\u00edble bagaje cultural, que se puede admirar en su centro hist\u00f3rico, en sus palacios, iglesias y plazas, para unas vacaciones dedicadas al descubrimiento del arte y la historia.<\/p>\n<p>Lo que hoy parece un brillante centro vacacional, fue en su d\u00eda una de las principales colonias romanas, de la que quedan extraordinarios testimonios arquitect\u00f3nicos, entre los que destacan el <strong>Puente de Tiberio<\/strong> y el <strong>Arco de Augusto<\/strong>.<\/p>\n<p>Otros espl\u00e9ndidos ejemplos de la antig\u00fcedad son las tres plazas que a\u00fan hoy constituyen el centro de la vida social de la ciudad: Piazza Tre Martiri, antiguo foro romano; Piazza Cavour, rodeada de palacios medievales, entre los que se encuentra la residencia del Potest\u00e0 de R\u00edmini y sede del Consejo Municipal, con la Fontana della Pigna y el <strong>Teatro Galli<\/strong> en su interior; y, por \u00faltimo, <strong>Piazza Ferrari<\/strong> con la <strong>Domus del Chirurgo<\/strong>, tambi\u00e9n de origen romano. entre otras espl\u00e9ndidas obras arquitect\u00f3nicas de la ciudad de R\u00edmini, el <strong>Anfiteatro Romano<\/strong> y el Museo de la Ciudad.<\/p>\n<p>R\u00edmini es tambi\u00e9n la ciudad de <strong>Castel Sismondo<\/strong> y del <strong>Tempio Malatestiano<\/strong>, signos inconfundibles dejados por la Signoria dei Malatesta, que gobern\u00f3 aqu\u00ed durante el Renacimiento, y que hoy en d\u00eda acogen exposiciones y eventos de gran inter\u00e9s.<\/p>\n<p>R\u00edmini acoge diversos eventos culturales durante todo el a\u00f1o, pero sobre todo en verano, como la Boda Medieval entre Roberto Malatesta y Elisabetta da Montefeltro, un evento que envuelve a la ciudad en una atm\u00f3sfera medieval, el <strong>Festival del Mundo Antiguo<\/strong> con exposiciones, debates, conciertos y encuentros para descubrir la cultura y la historia, y la <strong>Sagra Malatestiana<\/strong> con conciertos de importantes artistas que se celebra en invierno.<\/p>\n<p>El Hotel Ardesia, a pocos pasos del centro hist\u00f3rico de R\u00edmini, es un lugar ideal para visitar la hermosa ciudad y sus monumentos, adem\u00e1s de los interesantes eventos que se celebran aqu\u00ed.[\/vc_column_text][vc_empty_space height=\u00bb50px\u00bb][\/vc_column][\/vc_row]<\/p>\n<\/div>","protected":false},"excerpt":{"rendered":"<p>[vc_row css_animation=\u00bb\u00bb row_type=\u00bbrow\u00bb use_row_as_full_screen_section=\u00bbno\u00bb type=\u00bbfull_width\u00bb angled_section=\u00bbno\u00bb text_align=\u00bbleft\u00bb background_image_as_pattern=\u00bbwithout_pattern\u00bb][vc_column][vc_empty_space height=\u00bb50px\u00bb][vc_column_text] El Hotel Ardesia, a pocos pasos de los monumentos del centro de R\u00edmini R\u00edmini, patria del relax y la diversi\u00f3n, conserva un incre\u00edble bagaje cultural, que se puede admirar en su centro hist\u00f3rico, en sus palacios,&#8230;<\/p>\n","protected":false},"author":1,"featured_media":4017,"parent":0,"menu_order":0,"comment_status":"closed","ping_status":"closed","template":"full_width.php","meta":{"_monsterinsights_skip_tracking":false,"_monsterinsights_sitenote_active":false,"_monsterinsights_sitenote_note":"","_monsterinsights_sitenote_category":0,"footnotes":""},"class_list":["post-4016","page","type-page","status-publish","has-post-thumbnail","hentry"],"aioseo_notices":[],"_links":{"self":[{"href":"https:\/\/hotelardesia.com\/es\/wp-json\/wp\/v2\/pages\/4016","targetHints":{"allow":["GET"]}}],"collection":[{"href":"https:\/\/hotelardesia.com\/es\/wp-json\/wp\/v2\/pages"}],"about":[{"href":"https:\/\/hotelardesia.com\/es\/wp-json\/wp\/v2\/types\/page"}],"author":[{"embeddable":true,"href":"https:\/\/hotelardesia.com\/es\/wp-json\/wp\/v2\/users\/1"}],"replies":[{"embeddable":true,"href":"https:\/\/hotelardesia.com\/es\/wp-json\/wp\/v2\/comments?post=4016"}],"version-history":[{"count":0,"href":"https:\/\/hotelardesia.com\/es\/wp-json\/wp\/v2\/pages\/4016\/revisions"}],"wp:featuredmedia":[{"embeddable":true,"href":"https:\/\/hotelardesia.com\/es\/wp-json\/wp\/v2\/media\/4017"}],"wp:attachment":[{"href":"https:\/\/hotelardesia.com\/es\/wp-json\/wp\/v2\/media?parent=4016"}],"curies":[{"name":"wp","href":"https:\/\/api.w.org\/{rel}","templated":true}]}}