{"id":4024,"date":"2025-12-15T21:21:23","date_gmt":"2025-12-15T20:21:23","guid":{"rendered":"https:\/\/hotelardesia.com\/interior-de-romagna"},"modified":"2025-12-15T21:21:23","modified_gmt":"2025-12-15T20:21:23","slug":"interior-de-romagna","status":"publish","type":"page","link":"https:\/\/hotelardesia.com\/es\/interior-de-romagna","title":{"rendered":"El Hotel Ardesia le invita a descubrir el interior de Roma\u00f1a."},"content":{"rendered":"<div class=\"wpb-content-wrapper\"><p>[vc_row css_animation=\u00bb\u00bb row_type=\u00bbrow\u00bb use_row_as_full_screen_section=\u00bbno\u00bb type=\u00bbfull_width\u00bb angled_section=\u00bbno\u00bb text_align=\u00bbleft\u00bb background_image_as_pattern=\u00bbwithout_pattern\u00bb][vc_column][vc_empty_space height=\u00bb50px\u00bb][vc_column_text]<\/p>\n<h3><strong>El Hotel Ardesia le invita a descubrir el interior de Roma\u00f1a<\/strong><\/h3>\n<p>La extraordinaria <strong>tierra de Roma\u00f1a<\/strong> se divide entre un litoral formado por una costa larga y arenosa y un interior donde suaves colinas son surcadas por r\u00edos que recorren los verdes valles en direcci\u00f3n al mar.<br \/>Es precisamente en este maravilloso paisaje del <strong>interior de Roma\u00f1a<\/strong> donde se pueden admirar antiguos pueblos y fortalezas que esconden un arte, una cultura y unas tradiciones incomparables; en particular, entre Valmarecchia y Valconca se distribuyen pueblos, fortalezas, murallas, torres y balcones panor\u00e1micos de incre\u00edble belleza.<\/p>\n<p>En Valmarecchia destacan los pueblos de <strong>Saiano<\/strong>, <strong>San Leo<\/strong> y <strong>San Marino<\/strong>, que se alzan sobre escarpados espolones y se asoman a colinas arcillosas, con una vegetaci\u00f3n densa y agreste y paisajes rocosos irregulares, emocionantes y fascinantes a la vista.<br \/>En <strong>Santarcangelo<\/strong> destacan la Rocca Malatestiana y la espl\u00e9ndida plaza, mientras que en Verucchio se encuentran la antigua fuente y el pozo Malatestiano; seductora es la Santuario della Madonna en Saiano.<\/p>\n<p>La Valconca se extiende hacia Cattolica y comprende, entre las localidades m\u00e1s interesantes desde el punto de vista paisaj\u00edstico y monumental, Morciano di Romagna y San Giovanni in Marignano, con el Teatro Massari del siglo XIX, un orgullo para esta tierra.<br \/>En la frontera con Pesaro, fascina Montegridolfo, que conserva un pueblo medieval con una estructura intacta, mientras que Montefiore Conca, antiguo baluarte de los Malatesta, es visible desde todo el valle que se extiende a sus pies; Gemmano es el \u00abbalc\u00f3n del Adri\u00e1tico\u00bb dentro de la encantadora Reserva Natural Orientada de Onferno, y Montescudo posee el valioso Museo de la Civilizaci\u00f3n Campesina.<br \/>Cierra el itinerario Carpegna, a los pies de la monta\u00f1a del mismo nombre, donde nace el r\u00edo Conca.<\/p>\n<p>Para realizar excursiones inolvidables por el interior de Roma\u00f1a, un excelente punto de apoyo es el Hotel Ardesia, c\u00f3modo y relajante en sus espacios, a dos pasos del centro de R\u00edmini.[\/vc_column_text][vc_empty_space height=\u00bb50px\u00bb][\/vc_column][\/vc_row]<\/p>\n<\/div>","protected":false},"excerpt":{"rendered":"<p>[vc_row css_animation=\u00bb\u00bb row_type=\u00bbrow\u00bb use_row_as_full_screen_section=\u00bbno\u00bb type=\u00bbfull_width\u00bb angled_section=\u00bbno\u00bb text_align=\u00bbleft\u00bb background_image_as_pattern=\u00bbwithout_pattern\u00bb][vc_column][vc_empty_space height=\u00bb50px\u00bb][vc_column_text] El Hotel Ardesia le invita a descubrir el interior de Roma\u00f1a La extraordinaria tierra de Roma\u00f1a se divide entre un litoral formado por una costa larga y arenosa y un interior donde suaves colinas son surcadas&#8230;<\/p>\n","protected":false},"author":1,"featured_media":0,"parent":0,"menu_order":0,"comment_status":"closed","ping_status":"closed","template":"full_width.php","meta":{"_monsterinsights_skip_tracking":false,"_monsterinsights_sitenote_active":false,"_monsterinsights_sitenote_note":"","_monsterinsights_sitenote_category":0,"footnotes":""},"class_list":["post-4024","page","type-page","status-publish","hentry"],"aioseo_notices":[],"_links":{"self":[{"href":"https:\/\/hotelardesia.com\/es\/wp-json\/wp\/v2\/pages\/4024","targetHints":{"allow":["GET"]}}],"collection":[{"href":"https:\/\/hotelardesia.com\/es\/wp-json\/wp\/v2\/pages"}],"about":[{"href":"https:\/\/hotelardesia.com\/es\/wp-json\/wp\/v2\/types\/page"}],"author":[{"embeddable":true,"href":"https:\/\/hotelardesia.com\/es\/wp-json\/wp\/v2\/users\/1"}],"replies":[{"embeddable":true,"href":"https:\/\/hotelardesia.com\/es\/wp-json\/wp\/v2\/comments?post=4024"}],"version-history":[{"count":0,"href":"https:\/\/hotelardesia.com\/es\/wp-json\/wp\/v2\/pages\/4024\/revisions"}],"wp:attachment":[{"href":"https:\/\/hotelardesia.com\/es\/wp-json\/wp\/v2\/media?parent=4024"}],"curies":[{"name":"wp","href":"https:\/\/api.w.org\/{rel}","templated":true}]}}