{"id":4032,"date":"2025-12-15T21:22:29","date_gmt":"2025-12-15T20:22:29","guid":{"rendered":"https:\/\/hotelardesia.com\/sigep-feria-rimini"},"modified":"2025-12-15T21:22:29","modified_gmt":"2025-12-15T20:22:29","slug":"sigep-feria-rimini","status":"publish","type":"page","link":"https:\/\/hotelardesia.com\/es\/sigep-feria-rimini","title":{"rendered":"El hotel cerca de la Feria de R\u00edmini para descubrir Sigep"},"content":{"rendered":"<div class=\"wpb-content-wrapper\"><p>[vc_row css_animation=\u00bb\u00bb row_type=\u00bbrow\u00bb use_row_as_full_screen_section=\u00bbno\u00bb type=\u00bbfull_width\u00bb angled_section=\u00bbno\u00bb text_align=\u00bbleft\u00bb background_image_as_pattern=\u00bbwithout_pattern\u00bb][vc_column][vc_empty_space][vc_column_text]<\/p>\n<h3>El hotel cerca de la Feria de R\u00edmini para descubrir Sigep<\/h3>\n<p>Los hu\u00e9spedes de nuestro hotel en Bellariva di Rimini podr\u00e1n disfrutar al m\u00e1ximo de todos los eventos empresariales que se celebran anualmente en el recinto ferial.<\/p>\n<p>Si, por ejemplo, su pecado favorito es la gula, entonces nuestro <strong>hotel cerca de la feria de R\u00edmini<\/strong> ser\u00e1 su base ideal para visitar Sigep, el sal\u00f3n internacional de helader\u00eda, pasteler\u00eda y panader\u00eda artesanal que cada a\u00f1o convierte a R\u00edmini en la capital&#8230; de la dulzura.<\/p>\n<p>Tanto si est\u00e1 aqu\u00ed por curiosidad como si es su negocio, elegirnos entre los hoteles cercanos a la <strong>Feria de R\u00edmini<\/strong> har\u00e1 que sus d\u00edas sean una combinaci\u00f3n perfecta entre feria y relax: unos pocos minutos le separar\u00e1n de Sigep y nuestras amplias y luminosas habitaciones le permitir\u00e1n relajarse completamente a su regreso.<\/p>\n<p>As\u00ed podr\u00e1s vivir de la mejor manera una experiencia que cada a\u00f1o eligen casi 100 000 personas, un evento l\u00edder en el sector a nivel europeo, donde se dan cita alrededor de 700 expositores y los mejores pasteleros de todo el mundo.<br \/>Entre concursos, exposiciones, conferencias y talleres, Sigep se considera hoy en d\u00eda el centro neur\u00e1lgico del sector, donde se decide el futuro aprendiendo de los errores del pasado, un momento importante de crecimiento profesional, pero tambi\u00e9n el lugar donde establecer relaciones laborales que exporten al mundo la alimentaci\u00f3n Made in Italy.<\/p>\n<p>Ven a descubrir en primera persona el dulce y sabroso mundo de <strong>Sigep<\/strong>, tal vez para seguir el campeonato mundial de chocolater\u00eda o para descubrir qui\u00e9n ganar\u00e1 el Gelato d&#8217;Oro: descubrir\u00e1s que los negocios a veces tambi\u00e9n pueden ser agradables.[\/vc_column_text][vc_empty_space][\/vc_column][\/vc_row]<\/p>\n<\/div>","protected":false},"excerpt":{"rendered":"<p>[vc_row css_animation=\u00bb\u00bb row_type=\u00bbrow\u00bb use_row_as_full_screen_section=\u00bbno\u00bb type=\u00bbfull_width\u00bb angled_section=\u00bbno\u00bb text_align=\u00bbleft\u00bb background_image_as_pattern=\u00bbwithout_pattern\u00bb][vc_column][vc_empty_space][vc_column_text] El hotel cerca de la Feria de R\u00edmini para descubrir Sigep Los hu\u00e9spedes de nuestro hotel en Bellariva di Rimini podr\u00e1n disfrutar al m\u00e1ximo de todos los eventos empresariales que se celebran anualmente en el recinto ferial&#8230;.<\/p>\n","protected":false},"author":1,"featured_media":0,"parent":0,"menu_order":0,"comment_status":"closed","ping_status":"closed","template":"","meta":{"_monsterinsights_skip_tracking":false,"_monsterinsights_sitenote_active":false,"_monsterinsights_sitenote_note":"","_monsterinsights_sitenote_category":0,"footnotes":""},"class_list":["post-4032","page","type-page","status-publish","hentry"],"aioseo_notices":[],"_links":{"self":[{"href":"https:\/\/hotelardesia.com\/es\/wp-json\/wp\/v2\/pages\/4032","targetHints":{"allow":["GET"]}}],"collection":[{"href":"https:\/\/hotelardesia.com\/es\/wp-json\/wp\/v2\/pages"}],"about":[{"href":"https:\/\/hotelardesia.com\/es\/wp-json\/wp\/v2\/types\/page"}],"author":[{"embeddable":true,"href":"https:\/\/hotelardesia.com\/es\/wp-json\/wp\/v2\/users\/1"}],"replies":[{"embeddable":true,"href":"https:\/\/hotelardesia.com\/es\/wp-json\/wp\/v2\/comments?post=4032"}],"version-history":[{"count":0,"href":"https:\/\/hotelardesia.com\/es\/wp-json\/wp\/v2\/pages\/4032\/revisions"}],"wp:attachment":[{"href":"https:\/\/hotelardesia.com\/es\/wp-json\/wp\/v2\/media?parent=4032"}],"curies":[{"name":"wp","href":"https:\/\/api.w.org\/{rel}","templated":true}]}}