{"id":4039,"date":"2025-12-15T21:26:01","date_gmt":"2025-12-15T20:26:01","guid":{"rendered":"https:\/\/hotelardesia.com\/evento-rimini-wellness"},"modified":"2025-12-15T21:26:01","modified_gmt":"2025-12-15T20:26:01","slug":"evento-rimini-wellness","status":"publish","type":"page","link":"https:\/\/hotelardesia.com\/es\/evento-rimini-wellness","title":{"rendered":"La feria Rimini Wellness para tu bienestar"},"content":{"rendered":"<div class=\"wpb-content-wrapper\"><p>[vc_row css_animation=\u00bb\u00bb row_type=\u00bbrow\u00bb use_row_as_full_screen_section=\u00bbno\u00bb type=\u00bbgrid\u00bb angled_section=\u00bbno\u00bb text_align=\u00bbleft\u00bb background_image_as_pattern=\u00bbwithout_pattern\u00bb z_index=\u00bb\u00bb][vc_column][vc_empty_space][vc_column_text]<\/p>\n<h3>La Feria Rimini Wellness para tu bienestar<\/h3>\n<p>Al alojarte en nuestro <strong>hotel en R\u00edmini, abierto todo el a\u00f1o<\/strong>, tendr\u00e1s la valiosa oportunidad de disfrutar con el m\u00e1ximo confort de todos los eventos que enriquecen el calendario de la cercana Feria de R\u00edmini, como la imperdible <strong>Rimini Wellness,<\/strong> a solo 8 minutos de nosotros y f\u00e1cilmente accesible tambi\u00e9n mediante el eficiente transporte p\u00fablico con el que cuenta Bellariva.<\/p>\n<p>Rimini Wellness es el encuentro m\u00e1s importante sobre el bienestar como filosof\u00eda de vida, que afecta no solo al aspecto f\u00edsico, sino tambi\u00e9n a muchos otros \u00e1mbitos de la vida cotidiana, desde el deporte hasta la alimentaci\u00f3n y el turismo.<\/p>\n<p>El evento se celebra en el recinto ferial de R\u00edmini y se divide en dos grandes secciones. La primera es WFUN, el destino ideal para cualquier aficionado al bienestar, donde podr\u00e1 asistir a fascinantes exhibiciones de los m\u00e1s diversos deportes, someterse a masajes y tratamientos para el cuidado del cuerpo y participar en la presentaci\u00f3n de disciplinas, equipamiento y ropa deportiva.<\/p>\n<p>La segunda \u00e1rea est\u00e1 representada por la <strong>WPRO<\/strong>, que ser\u00e1 el destino ineludible para cualquier operador del mercado del bienestar, que aqu\u00ed tendr\u00e1 la oportunidad de reunirse con los principales productores y proveedores, y viceversa con compradores de todo el mundo, pudiendo adem\u00e1s participar en cursos de actualizaci\u00f3n y conferencias en los que mantenerse informado sobre las \u00faltimas novedades y tendencias del sector.<\/p>\n<p>Belleza y fitness, instalaciones de spa, alimentos diet\u00e9ticos, t\u00e9cnicas de rehabilitaci\u00f3n&#8230; Son muchas las ramas que participan en este importante evento y, aloj\u00e1ndose en nuestro hotel cerca de la Feria de R\u00edmini, podr\u00e1 descubrir todas sus facetas y oportunidades de negocio, aprovechando las ventajas de nuestras ofertas dirigidas a los participantes en los eventos feriales.[\/vc_column_text][vc_empty_space][\/vc_column][\/vc_row]<\/p>\n<\/div>","protected":false},"excerpt":{"rendered":"<p>[vc_row css_animation=\u00bb\u00bb row_type=\u00bbrow\u00bb use_row_as_full_screen_section=\u00bbno\u00bb type=\u00bbgrid\u00bb angled_section=\u00bbno\u00bb text_align=\u00bbleft\u00bb background_image_as_pattern=\u00bbwithout_pattern\u00bb z_index=\u00bb\u00bb][vc_column][vc_empty_space][vc_column_text] La Feria Rimini Wellness para tu bienestar Al alojarte en nuestro hotel en R\u00edmini, abierto todo el a\u00f1o, tendr\u00e1s la valiosa oportunidad de disfrutar con el m\u00e1ximo confort de todos los eventos que enriquecen el calendario&#8230;<\/p>\n","protected":false},"author":1,"featured_media":0,"parent":0,"menu_order":0,"comment_status":"closed","ping_status":"closed","template":"full_width.php","meta":{"_monsterinsights_skip_tracking":false,"_monsterinsights_sitenote_active":false,"_monsterinsights_sitenote_note":"","_monsterinsights_sitenote_category":0,"footnotes":""},"class_list":["post-4039","page","type-page","status-publish","hentry"],"aioseo_notices":[],"_links":{"self":[{"href":"https:\/\/hotelardesia.com\/es\/wp-json\/wp\/v2\/pages\/4039","targetHints":{"allow":["GET"]}}],"collection":[{"href":"https:\/\/hotelardesia.com\/es\/wp-json\/wp\/v2\/pages"}],"about":[{"href":"https:\/\/hotelardesia.com\/es\/wp-json\/wp\/v2\/types\/page"}],"author":[{"embeddable":true,"href":"https:\/\/hotelardesia.com\/es\/wp-json\/wp\/v2\/users\/1"}],"replies":[{"embeddable":true,"href":"https:\/\/hotelardesia.com\/es\/wp-json\/wp\/v2\/comments?post=4039"}],"version-history":[{"count":0,"href":"https:\/\/hotelardesia.com\/es\/wp-json\/wp\/v2\/pages\/4039\/revisions"}],"wp:attachment":[{"href":"https:\/\/hotelardesia.com\/es\/wp-json\/wp\/v2\/media?parent=4039"}],"curies":[{"name":"wp","href":"https:\/\/api.w.org\/{rel}","templated":true}]}}