{"id":4046,"date":"2025-12-15T21:27:05","date_gmt":"2025-12-15T20:27:05","guid":{"rendered":"https:\/\/hotelardesia.com\/ultima-hora-bellariva-rimini"},"modified":"2025-12-15T21:27:07","modified_gmt":"2025-12-15T20:27:07","slug":"ultima-hora-bellariva-rimini","status":"publish","type":"page","link":"https:\/\/hotelardesia.com\/es\/ultima-hora-bellariva-rimini","title":{"rendered":"Ofertas de \u00faltima hora en Bellariva di Rimini: \u00a1elige y vete!"},"content":{"rendered":"<div class=\"wpb-content-wrapper\"><p>[vc_row css_animation=\u00bb\u00bb row_type=\u00bbrow\u00bb use_row_as_full_screen_section=\u00bbno\u00bb type=\u00bbfull_width\u00bb angled_section=\u00bbno\u00bb text_align=\u00bbleft\u00bb background_image_as_pattern=\u00bbwithout_pattern\u00bb][vc_column][vc_empty_space][vc_column_text]<\/p>\n<h3>Ofertas de \u00faltima hora en Bellariva di Rimini: \u00a1elige y vete!<\/h3>\n<p>Si eres de los que siempre eligen el destino de sus vacaciones de verano en el \u00faltimo momento, tambi\u00e9n hemos pensado en ti: descubre todas nuestras <strong>ofertas de \u00faltima hora para Bellariva di Rimini<\/strong> y reg\u00e1late unas vacaciones econ\u00f3micas en el reino de la diversi\u00f3n, la Riviera Romagnola.<br \/>Aqu\u00ed tendr\u00e1s a tu disposici\u00f3n todo lo que puedes buscar en unas vacaciones: oportunidades para relajarte, diversi\u00f3n, peque\u00f1os oasis naturales y espl\u00e9ndidos centros de cultura y arte por descubrir.<br \/>Como hu\u00e9sped de nuestro <strong>hotel en Bellariva<\/strong>, podr\u00e1s llegar f\u00e1cilmente a todo, ya que cuenta con una ubicaci\u00f3n claramente privilegiada: aqu\u00ed encontrar\u00e1s una ventaja que no se puede comprar, la de vivir tus d\u00edas de vacaciones con comodidad y libertad.<\/p>\n<p>Si tienes que viajar con tus seres queridos, podr\u00e1s aprovechar nuestras convenientes <strong>ofertas para familias en R\u00edmini<\/strong> y simplemente disfrutar de la ciudad: todos apreciar\u00e1n lo que esta perla de la Roma\u00f1a ofrece desde hace a\u00f1os a sus hu\u00e9spedes.<br \/>Desde la diversi\u00f3n de Marina Centro, coraz\u00f3n de la vida veraniega de R\u00edmini, hasta la presencia de los balnearios, los parques de atracciones y un centro hist\u00f3rico con un encanto inigualable, te sorprender\u00e1 descubrir que no solo es el mar la atracci\u00f3n que ha hecho famosa a esta tierra en todo el mundo.<\/p>\n<p>Desde los sabores t\u00edpicos de la mesa hasta los vinos, la parte enogastron\u00f3mica de vuestras vacaciones ser\u00e1 tambi\u00e9n un recuerdo inolvidable.<br \/>No perd\u00e1is la oportunidad de vivir vuestras vacaciones como siempre hab\u00edais so\u00f1ado: d\u00edas de puro y simple relax. Ser hu\u00e9spedes de nuestro hotel en Bellariva di Rimini es un sue\u00f1o que f\u00e1cilmente se har\u00e1 realidad.[\/vc_column_text][vc_empty_space][\/vc_column][\/vc_row]<\/p>\n<\/div>","protected":false},"excerpt":{"rendered":"<p>[vc_row css_animation=\u00bb\u00bb row_type=\u00bbrow\u00bb use_row_as_full_screen_section=\u00bbno\u00bb type=\u00bbfull_width\u00bb angled_section=\u00bbno\u00bb text_align=\u00bbleft\u00bb background_image_as_pattern=\u00bbwithout_pattern\u00bb][vc_column][vc_empty_space][vc_column_text] Ofertas de \u00faltima hora en Bellariva di Rimini: \u00a1elige y vete! Si eres de los que siempre eligen el destino de sus vacaciones de verano en el \u00faltimo momento, tambi\u00e9n hemos pensado en ti: descubre todas nuestras&#8230;<\/p>\n","protected":false},"author":1,"featured_media":0,"parent":0,"menu_order":0,"comment_status":"closed","ping_status":"closed","template":"","meta":{"_monsterinsights_skip_tracking":false,"_monsterinsights_sitenote_active":false,"_monsterinsights_sitenote_note":"","_monsterinsights_sitenote_category":0,"footnotes":""},"class_list":["post-4046","page","type-page","status-publish","hentry"],"aioseo_notices":[],"_links":{"self":[{"href":"https:\/\/hotelardesia.com\/es\/wp-json\/wp\/v2\/pages\/4046","targetHints":{"allow":["GET"]}}],"collection":[{"href":"https:\/\/hotelardesia.com\/es\/wp-json\/wp\/v2\/pages"}],"about":[{"href":"https:\/\/hotelardesia.com\/es\/wp-json\/wp\/v2\/types\/page"}],"author":[{"embeddable":true,"href":"https:\/\/hotelardesia.com\/es\/wp-json\/wp\/v2\/users\/1"}],"replies":[{"embeddable":true,"href":"https:\/\/hotelardesia.com\/es\/wp-json\/wp\/v2\/comments?post=4046"}],"version-history":[{"count":0,"href":"https:\/\/hotelardesia.com\/es\/wp-json\/wp\/v2\/pages\/4046\/revisions"}],"wp:attachment":[{"href":"https:\/\/hotelardesia.com\/es\/wp-json\/wp\/v2\/media?parent=4046"}],"curies":[{"name":"wp","href":"https:\/\/api.w.org\/{rel}","templated":true}]}}