{"id":4053,"date":"2025-12-15T21:28:02","date_gmt":"2025-12-15T20:28:02","guid":{"rendered":"https:\/\/hotelardesia.com\/termas-rimini"},"modified":"2025-12-15T21:28:02","modified_gmt":"2025-12-15T20:28:02","slug":"termas-rimini","status":"publish","type":"page","link":"https:\/\/hotelardesia.com\/es\/termas-rimini","title":{"rendered":"Las termas de R\u00edmini"},"content":{"rendered":"<div class=\"wpb-content-wrapper\"><p>[vc_row css_animation=\u00bb\u00bb row_type=\u00bbrow\u00bb use_row_as_full_screen_section=\u00bbno\u00bb type=\u00bbfull_width\u00bb angled_section=\u00bbno\u00bb text_align=\u00bbleft\u00bb background_image_as_pattern=\u00bbwithout_pattern\u00bb][vc_column][vc_empty_space][vc_column_text]<\/p>\n<h3>Las termas de R\u00edmini<\/h3>\n<p>\u00bfNecesita relajarse? Las <strong>termas de R\u00edmini<\/strong> son lo que necesita: aqu\u00ed descubrir\u00e1 todas las propiedades beneficiosas del agua marina, en un centro de vanguardia que combina la relajaci\u00f3n con tratamientos fisioterap\u00e9uticos, talasoterap\u00e9uticos y de puro bienestar.<br \/>Nuestro <strong>hotel cerca de R\u00edmini<\/strong> es el punto de partida ideal para disfrutar al m\u00e1ximo de las termas, y le permitir\u00e1 llegar a ellas siempre que lo necesite, aunque solo sea para unas horas de puro y simple relax.<br \/>Aqu\u00ed encontrar\u00e1n a su disposici\u00f3n diversos tratamientos para cada tipo de necesidad: quienes padecen dolencias o necesitan rehabilitaci\u00f3n, por ejemplo, encontrar\u00e1n un atento personal m\u00e9dico dispuesto a atenderles de la mejor manera posible, aprovechando los efectos beneficiosos del agua y los fangos de la mejor manera posible en funci\u00f3n del tratamiento necesario.<br \/>Aquellos que simplemente buscan un lugar donde mimarse apreciar\u00e1n especialmente el centro de bienestar de las Termas de R\u00edmini, donde podr\u00e1n elegir entre decenas de tratamientos de belleza y bienestar.<\/p>\n<p>Desde masajes ayurv\u00e9dicos hasta las numerosas actividades l\u00fadicas y deportivas que ofrece el centro, no tendr\u00e1 tiempo para aburrirse: para aquellos que deseen darse un chapuz\u00f3n en el mar, tambi\u00e9n est\u00e1 disponible el balneario Blue Beach, donde encontrar\u00e1 muchas actividades e incluso un peque\u00f1o gimnasio a la orilla del mar.<\/p>\n<p>Nuestro hotel en Bellariva di Rimini ser\u00e1 su hogar junto al mar, listo para recibirle despu\u00e9s de un d\u00eda de bienestar, para que las \u00faltimas horas antes de un merecido descanso sean un agradable par\u00e9ntesis que le ayude a recargar las pilas antes de volver al trabajo.[\/vc_column_text][vc_empty_space][\/vc_column][\/vc_row]<\/p>\n<\/div>","protected":false},"excerpt":{"rendered":"<p>[vc_row css_animation=\u00bb\u00bb row_type=\u00bbrow\u00bb use_row_as_full_screen_section=\u00bbno\u00bb type=\u00bbfull_width\u00bb angled_section=\u00bbno\u00bb text_align=\u00bbleft\u00bb background_image_as_pattern=\u00bbwithout_pattern\u00bb][vc_column][vc_empty_space][vc_column_text] Las termas de R\u00edmini \u00bfNecesita relajarse? Las termas de R\u00edmini son lo que necesita: aqu\u00ed descubrir\u00e1 todas las propiedades beneficiosas del agua marina, en un centro de vanguardia que combina la relajaci\u00f3n con tratamientos fisioterap\u00e9uticos, talasoterap\u00e9uticos y&#8230;<\/p>\n","protected":false},"author":1,"featured_media":0,"parent":0,"menu_order":0,"comment_status":"closed","ping_status":"closed","template":"","meta":{"_monsterinsights_skip_tracking":false,"_monsterinsights_sitenote_active":false,"_monsterinsights_sitenote_note":"","_monsterinsights_sitenote_category":0,"footnotes":""},"class_list":["post-4053","page","type-page","status-publish","hentry"],"aioseo_notices":[],"_links":{"self":[{"href":"https:\/\/hotelardesia.com\/es\/wp-json\/wp\/v2\/pages\/4053","targetHints":{"allow":["GET"]}}],"collection":[{"href":"https:\/\/hotelardesia.com\/es\/wp-json\/wp\/v2\/pages"}],"about":[{"href":"https:\/\/hotelardesia.com\/es\/wp-json\/wp\/v2\/types\/page"}],"author":[{"embeddable":true,"href":"https:\/\/hotelardesia.com\/es\/wp-json\/wp\/v2\/users\/1"}],"replies":[{"embeddable":true,"href":"https:\/\/hotelardesia.com\/es\/wp-json\/wp\/v2\/comments?post=4053"}],"version-history":[{"count":0,"href":"https:\/\/hotelardesia.com\/es\/wp-json\/wp\/v2\/pages\/4053\/revisions"}],"wp:attachment":[{"href":"https:\/\/hotelardesia.com\/es\/wp-json\/wp\/v2\/media?parent=4053"}],"curies":[{"name":"wp","href":"https:\/\/api.w.org\/{rel}","templated":true}]}}