{"id":4084,"date":"2025-12-15T21:29:12","date_gmt":"2025-12-15T20:29:12","guid":{"rendered":"https:\/\/hotelardesia.com\/parque-mirabilandia"},"modified":"2025-12-15T21:29:13","modified_gmt":"2025-12-15T20:29:13","slug":"parque-mirabilandia","status":"publish","type":"page","link":"https:\/\/hotelardesia.com\/es\/parque-mirabilandia","title":{"rendered":"Mirabilandia: un parque, un sue\u00f1o"},"content":{"rendered":"<div class=\"wpb-content-wrapper\"><p>[vc_row css_animation=\u00bb\u00bb row_type=\u00bbrow\u00bb use_row_as_full_screen_section=\u00bbno\u00bb type=\u00bbfull_width\u00bb angled_section=\u00bbno\u00bb text_align=\u00bbleft\u00bb background_image_as_pattern=\u00bbwithout_pattern\u00bb][vc_column][vc_empty_space][vc_column_text]<\/p>\n<h3>Mirabilandia: un parque, un sue\u00f1o<\/h3>\n<p>Imag\u00ednese un gran parque de atracciones y multipl\u00edquelo por mil, el resultado es que se habr\u00e1 acercado bastante al mundo de <strong>Mirabilandia<\/strong>, donde la diversi\u00f3n se convierte en realidad.<br \/>A pocos kil\u00f3metros de nuestro hotel en Bellariva di Rimini, podr\u00e1s descubrir con tus propios ojos uno de los parques de atracciones m\u00e1s bonitos de Europa, uno de los lugares m\u00e1s bonitos para pasar las vacaciones en familia en Rimini.<\/p>\n<p>No hace falta decir que Mirabilandia es un nombre que encaja a la perfecci\u00f3n con todo lo que el parque puede ofrecer, una sucesi\u00f3n de <strong>atracciones<\/strong>, <strong>espect\u00e1culos<\/strong> y <strong>atracciones<\/strong> que recuerdan al pa\u00eds de los juguetes, apto para grandes y peque\u00f1os.<\/p>\n<p>Aqu\u00ed, los m\u00e1s valientes encontrar\u00e1n la emoci\u00f3n y la adrenalina de las r\u00e1pidas e impredecibles rutas de atracciones como Katun, la monta\u00f1a rusa de 100 km\/h, Sierra Tonante, la \u00fanica monta\u00f1a rusa de madera de Europa, o Niagara, con un salto de agua de unos 30 metros, capaz de hacer que el coraz\u00f3n se te suba a la boca.<br \/>La nueva Ispeed te lanzar\u00e1 a una velocidad impresionante y, en pocos segundos, alcanzar\u00e1s una emoci\u00f3n \u00fanica.<\/p>\n<p>Tambi\u00e9n hay muchos espacios y atracciones dedicados especialmente a los m\u00e1s peque\u00f1os, como Leprotto Express, la mini monta\u00f1a rusa, Monosaurus, un simp\u00e1tico viaje a la Prehistoria, y Ghostville, una curiosa ciudad de fantasmas.<\/p>\n<p>En un panorama como el de la Riviera Romagnola no pod\u00eda faltar algo fuertemente vinculado al mar, por eso aqu\u00ed, en Mirabilandia, encontrar\u00e1s una playa, Mirabilandia Beach, un para\u00edso tropical perfectamente recreado para aquellos que no pueden prescindir del mar. Un agradable ba\u00f1o le llevar\u00e1 a El Castillo, un peque\u00f1o velero donde jugar y divertirse con salpicaduras de agua, reviviendo con la imaginaci\u00f3n las aventuras de los piratas.<\/p>\n<p>Tambi\u00e9n podr\u00e1 asistir a espect\u00e1culos de animaci\u00f3n realmente emocionantes, como el de la Escuela de Polic\u00eda o el de los Blues Brothers, sin olvidar las impresionantes actuaciones de h\u00e1biles especialistas.<br \/>Por la noche, quiz\u00e1s despu\u00e9s de cenar en el restaurante del parque, le espera el m\u00e1gico Night Show, cerca del lago frente a la noria Eurowheel.<br \/>Fuentes de agua, l\u00e1seres de colores, m\u00fasica y magia se unen para dar vida a extraordinarios efectos especiales que pondr\u00e1n el broche de oro a su d\u00eda en Mirabilandia.[\/vc_column_text][vc_empty_space][\/vc_column][\/vc_row]<\/p>\n<\/div>","protected":false},"excerpt":{"rendered":"<p>[vc_row css_animation=\u00bb\u00bb row_type=\u00bbrow\u00bb use_row_as_full_screen_section=\u00bbno\u00bb type=\u00bbfull_width\u00bb angled_section=\u00bbno\u00bb text_align=\u00bbleft\u00bb background_image_as_pattern=\u00bbwithout_pattern\u00bb][vc_column][vc_empty_space][vc_column_text] Mirabilandia: un parque, un sue\u00f1o Imag\u00ednese un gran parque de atracciones y multipl\u00edquelo por mil, el resultado es que se habr\u00e1 acercado bastante al mundo de Mirabilandia, donde la diversi\u00f3n se convierte en realidad.A pocos kil\u00f3metros de&#8230;<\/p>\n","protected":false},"author":1,"featured_media":0,"parent":0,"menu_order":0,"comment_status":"closed","ping_status":"closed","template":"","meta":{"_monsterinsights_skip_tracking":false,"_monsterinsights_sitenote_active":false,"_monsterinsights_sitenote_note":"","_monsterinsights_sitenote_category":0,"footnotes":""},"class_list":["post-4084","page","type-page","status-publish","hentry"],"aioseo_notices":[],"_links":{"self":[{"href":"https:\/\/hotelardesia.com\/es\/wp-json\/wp\/v2\/pages\/4084","targetHints":{"allow":["GET"]}}],"collection":[{"href":"https:\/\/hotelardesia.com\/es\/wp-json\/wp\/v2\/pages"}],"about":[{"href":"https:\/\/hotelardesia.com\/es\/wp-json\/wp\/v2\/types\/page"}],"author":[{"embeddable":true,"href":"https:\/\/hotelardesia.com\/es\/wp-json\/wp\/v2\/users\/1"}],"replies":[{"embeddable":true,"href":"https:\/\/hotelardesia.com\/es\/wp-json\/wp\/v2\/comments?post=4084"}],"version-history":[{"count":0,"href":"https:\/\/hotelardesia.com\/es\/wp-json\/wp\/v2\/pages\/4084\/revisions"}],"wp:attachment":[{"href":"https:\/\/hotelardesia.com\/es\/wp-json\/wp\/v2\/media?parent=4084"}],"curies":[{"name":"wp","href":"https:\/\/api.w.org\/{rel}","templated":true}]}}