{"id":4091,"date":"2025-12-15T21:31:25","date_gmt":"2025-12-15T20:31:25","guid":{"rendered":"https:\/\/hotelardesia.com\/my-special-car-en-rimini"},"modified":"2025-12-15T21:31:25","modified_gmt":"2025-12-15T20:31:25","slug":"my-special-car-en-rimini","status":"publish","type":"page","link":"https:\/\/hotelardesia.com\/es\/my-special-car-en-rimini","title":{"rendered":"My special Car en R\u00edmini"},"content":{"rendered":"<div class=\"wpb-content-wrapper\"><p>[vc_row css_animation=\u00bb\u00bb row_type=\u00bbrow\u00bb use_row_as_full_screen_section=\u00bbno\u00bb type=\u00bbfull_width\u00bb angled_section=\u00bbno\u00bb text_align=\u00bbleft\u00bb background_image_as_pattern=\u00bbwithout_pattern\u00bb][vc_column][vc_empty_space][vc_column_text]<\/p>\n<h3>My special Car en R\u00edmini<\/h3>\n<p>Los apasionados del motor conocen bien el nombre de este evento, que en marzo hace retumbar por toda la Riviera el rugido de los motores m\u00e1s potentes del mundo.<\/p>\n<p><strong>My Special Car Show<\/strong> en R\u00edmini es una cita ineludible para los amantes de la personalizaci\u00f3n de sus coches, que cada a\u00f1o cuenta con una media de m\u00e1s de 90 000 visitantes para ver la exposici\u00f3n de miles de veh\u00edculos.<br \/>El tuning, es decir, el proceso de personalizaci\u00f3n de los coches seg\u00fan las m\u00e1s diversas necesidades, es un sector en claro crecimiento que ve en <strong>My Special Car<\/strong> uno de los puntos de referencia italianos e internacionales.<br \/>Entre fiestas, escaparates, emocionantes carreras, pero tambi\u00e9n convenciones y focos del sector, estar aqu\u00ed significa no solo mimar tus pasiones, sino tambi\u00e9n, eventualmente, cerrar negocios ventajosos si el tuning es tu sector.<\/p>\n<p>Los hu\u00e9spedes de nuestro hotel cerca de la <strong>Feria de R\u00edmini<\/strong> pueden llegar f\u00e1cilmente a My Special Car Show tambi\u00e9n en autob\u00fas.<br \/>Sin el estr\u00e9s del aparcamiento, ahorrar\u00e1n un tiempo precioso, que podr\u00e1n dedicar a los numerosos coches presentes aqu\u00ed, o quiz\u00e1s a una de las carreras organizadas, como el Tractor Pulling, una disciplina singular en la que los coches modificados compiten arrastrando un remolque, llamado trineo, que puede llegar a pesar 25 000 kilos.<\/p>\n<p>No espere m\u00e1s, reserve ya su entrada para <strong>My Special Car Show<\/strong>, que tambi\u00e9n se puede adquirir online.<br \/>Aproveche nuestro hotel en R\u00edmini para regalarse unos d\u00edas divertidos so\u00f1ando con coches fant\u00e1sticos, como el Uragano, un superdeportivo fabricado completamente a mano capaz de alcanzar te\u00f3ricamente la impresionante velocidad de 350 kil\u00f3metros por hora.[\/vc_column_text][vc_empty_space][\/vc_column][\/vc_row]<\/p>\n<\/div>","protected":false},"excerpt":{"rendered":"<p>[vc_row css_animation=\u00bb\u00bb row_type=\u00bbrow\u00bb use_row_as_full_screen_section=\u00bbno\u00bb type=\u00bbfull_width\u00bb angled_section=\u00bbno\u00bb text_align=\u00bbleft\u00bb background_image_as_pattern=\u00bbwithout_pattern\u00bb][vc_column][vc_empty_space][vc_column_text] My special Car en R\u00edmini Los apasionados del motor conocen bien el nombre de este evento, que en marzo hace retumbar por toda la Riviera el rugido de los motores m\u00e1s potentes del mundo. My Special Car&#8230;<\/p>\n","protected":false},"author":1,"featured_media":0,"parent":0,"menu_order":0,"comment_status":"closed","ping_status":"closed","template":"","meta":{"_monsterinsights_skip_tracking":false,"_monsterinsights_sitenote_active":false,"_monsterinsights_sitenote_note":"","_monsterinsights_sitenote_category":0,"footnotes":""},"class_list":["post-4091","page","type-page","status-publish","hentry"],"aioseo_notices":[],"_links":{"self":[{"href":"https:\/\/hotelardesia.com\/es\/wp-json\/wp\/v2\/pages\/4091","targetHints":{"allow":["GET"]}}],"collection":[{"href":"https:\/\/hotelardesia.com\/es\/wp-json\/wp\/v2\/pages"}],"about":[{"href":"https:\/\/hotelardesia.com\/es\/wp-json\/wp\/v2\/types\/page"}],"author":[{"embeddable":true,"href":"https:\/\/hotelardesia.com\/es\/wp-json\/wp\/v2\/users\/1"}],"replies":[{"embeddable":true,"href":"https:\/\/hotelardesia.com\/es\/wp-json\/wp\/v2\/comments?post=4091"}],"version-history":[{"count":0,"href":"https:\/\/hotelardesia.com\/es\/wp-json\/wp\/v2\/pages\/4091\/revisions"}],"wp:attachment":[{"href":"https:\/\/hotelardesia.com\/es\/wp-json\/wp\/v2\/media?parent=4091"}],"curies":[{"name":"wp","href":"https:\/\/api.w.org\/{rel}","templated":true}]}}