{"id":4102,"date":"2025-12-15T21:34:17","date_gmt":"2025-12-15T20:34:17","guid":{"rendered":"https:\/\/hotelardesia.com\/ofertas-feria-rimini"},"modified":"2025-12-15T21:34:27","modified_gmt":"2025-12-15T20:34:27","slug":"ofertas-feria-rimini","status":"publish","type":"page","link":"https:\/\/hotelardesia.com\/es\/ofertas-feria-rimini","title":{"rendered":"Ofertas Feria de Rimini"},"content":{"rendered":"<div class=\"wpb-content-wrapper\"><p>[vc_row css_animation=\u00bb\u00bb row_type=\u00bbrow\u00bb use_row_as_full_screen_section=\u00bbno\u00bb type=\u00bbfull_width\u00bb angled_section=\u00bbno\u00bb text_align=\u00bbleft\u00bb background_image_as_pattern=\u00bbwithout_pattern\u00bb][vc_column][vc_empty_space][vc_column_text]<\/p>\n<h3>Ofertas Feria de R\u00edmini<\/h3>\n<p>El Hotel Ardesia es una de las mejores opciones de alojamiento que puede encontrar si tiene que asistir a los eventos del recinto ferial de R\u00edmini. Nuestro <strong>hotel, abierto todo el a\u00f1o<\/strong>, se encuentra a 10 minutos de R\u00edmini, a dos pasos del paseo mar\u00edtimo y a menos de 10 minutos en coche de la feria. Una ubicaci\u00f3n realmente estrat\u00e9gica, que lo hace perfecto para cualquier necesidad. En el Ardesia disfrutar\u00e1 de servicios de tres estrellas de alta calidad, empezando por las habitaciones, en las que, despu\u00e9s de un d\u00eda en la feria, encontrar\u00e1 todas las comodidades necesarias para relajarse al m\u00e1ximo: ba\u00f1o privado, secador de pelo, ventilador o aire acondicionado bajo petici\u00f3n, televisi\u00f3n, tel\u00e9fono, caja fuerte e internet wi-fi. Las zonas comunes del hotel tambi\u00e9n son amplias y c\u00f3modas, como el restaurante, donde podr\u00e1 degustar la cocina t\u00edpica de Roma\u00f1a (con men\u00fas personalizados, tanto para adultos como para ni\u00f1os), la deliciosa terraza jard\u00edn y la playa privada. Para dar un paseo por el paseo mar\u00edtimo, tambi\u00e9n puede aprovechar las bicicletas a disposici\u00f3n de los clientes.<\/p>\n<p>Un hotel <strong>abierto todo el a\u00f1o<\/strong> hace que R\u00edmini sea m\u00e1s accesible, no solo en verano, sino siempre que, por placer o por trabajo, haya que desplazarse a esta animada ciudad. Desde el hotel Ardesia, la Feria de R\u00edmini estar\u00e1 al alcance de la mano y, sobre todo, los expositores, que tendr\u00e1n que pasar all\u00ed todo el d\u00eda, evitar\u00e1n el tr\u00e1fico de las horas punta y tendr\u00e1n la posibilidad de volver al hotel en cualquier momento del d\u00eda, incluso para un breve descanso. El <strong>hotel Ardesia y la Feria de R\u00edmini<\/strong> ya est\u00e1n asociados por aquellos que peri\u00f3dicamente nos confirman su confianza, apreciando su excelente relaci\u00f3n calidad\/precio.<\/p>\n<p>Quienes busquen ofertas para la Feria de R\u00edmini, sin duda encontrar\u00e1n las nuestras entre las m\u00e1s convenientes. Nuestras <span style=\"color: #e6b279;\"><a style=\"color: #e6b279;\" href=\u00ab\/offerte\u00bb>ofertas para hoteles en R\u00edmini<\/a> <\/span>se refieren a cada evento y est\u00e1n dirigidas tanto a los visitantes como a los \u00abprofesionales\u00bb del recinto ferial. Los precios var\u00edan en funci\u00f3n del evento e incluyen alojamiento y desayuno, que se sirve a primera hora de la ma\u00f1ana para facilitar la estancia a los hu\u00e9spedes de negocios.[\/vc_column_text][vc_empty_space][\/vc_column][\/vc_row]<\/p>\n<\/div>","protected":false},"excerpt":{"rendered":"<p>[vc_row css_animation=\u00bb\u00bb row_type=\u00bbrow\u00bb use_row_as_full_screen_section=\u00bbno\u00bb type=\u00bbfull_width\u00bb angled_section=\u00bbno\u00bb text_align=\u00bbleft\u00bb background_image_as_pattern=\u00bbwithout_pattern\u00bb][vc_column][vc_empty_space][vc_column_text] Ofertas Feria de R\u00edmini El Hotel Ardesia es una de las mejores opciones de alojamiento que puede encontrar si tiene que asistir a los eventos del recinto ferial de R\u00edmini. Nuestro hotel, abierto todo el a\u00f1o, se&#8230;<\/p>\n","protected":false},"author":1,"featured_media":0,"parent":0,"menu_order":0,"comment_status":"closed","ping_status":"closed","template":"","meta":{"_monsterinsights_skip_tracking":false,"_monsterinsights_sitenote_active":false,"_monsterinsights_sitenote_note":"","_monsterinsights_sitenote_category":0,"footnotes":""},"class_list":["post-4102","page","type-page","status-publish","hentry"],"aioseo_notices":[],"_links":{"self":[{"href":"https:\/\/hotelardesia.com\/es\/wp-json\/wp\/v2\/pages\/4102","targetHints":{"allow":["GET"]}}],"collection":[{"href":"https:\/\/hotelardesia.com\/es\/wp-json\/wp\/v2\/pages"}],"about":[{"href":"https:\/\/hotelardesia.com\/es\/wp-json\/wp\/v2\/types\/page"}],"author":[{"embeddable":true,"href":"https:\/\/hotelardesia.com\/es\/wp-json\/wp\/v2\/users\/1"}],"replies":[{"embeddable":true,"href":"https:\/\/hotelardesia.com\/es\/wp-json\/wp\/v2\/comments?post=4102"}],"version-history":[{"count":0,"href":"https:\/\/hotelardesia.com\/es\/wp-json\/wp\/v2\/pages\/4102\/revisions"}],"wp:attachment":[{"href":"https:\/\/hotelardesia.com\/es\/wp-json\/wp\/v2\/media?parent=4102"}],"curies":[{"name":"wp","href":"https:\/\/api.w.org\/{rel}","templated":true}]}}