{"id":4117,"date":"2025-12-15T21:41:11","date_gmt":"2025-12-15T20:41:11","guid":{"rendered":"https:\/\/hotelardesia.com\/poliambulatorio-rimini-nueva-busqueda"},"modified":"2025-12-15T21:41:11","modified_gmt":"2025-12-15T20:41:11","slug":"poliambulatorio-rimini-nueva-busqueda","status":"publish","type":"page","link":"https:\/\/hotelardesia.com\/es\/poliambulatorio-rimini-nueva-busqueda","title":{"rendered":"C\u00f3mo llegar al centro m\u00e9dico Nuova Ricerca de R\u00edmini desde el Hotel Ardesia"},"content":{"rendered":"<div class=\"wpb-content-wrapper\"><p>[vc_row css_animation=\u00bb\u00bb row_type=\u00bbrow\u00bb use_row_as_full_screen_section=\u00bbno\u00bb type=\u00bbfull_width\u00bb angled_section=\u00bbno\u00bb text_align=\u00bbleft\u00bb background_image_as_pattern=\u00bbwithout_pattern\u00bb][vc_column][vc_empty_space][vc_column_text]<\/p>\n<h3>C\u00f3mo llegar al <a href=\"https:\/\/www.nuovaricerca.com\/\">Poliambulatorio Nuova Ricerca<\/a> de R\u00edmini desde el Hotel Ardesia<\/h3>\n<p>Situado en el centro de la ciudad de <strong>Rimini<\/strong>, se encuentra <strong>Nuova Ricerca<\/strong>, un <strong>centro m\u00e9dico<\/strong> privado multiespecializado, con laboratorio de an\u00e1lisis y cirug\u00eda ambulatoria.<br \/>Precisamente porque el centro se encuentra en el centro, es f\u00e1cilmente accesible en coche, est\u00e1 rodeado por la vegetaci\u00f3n de un parque y dispone de un amplio aparcamiento para los visitantes; adem\u00e1s, el acceso al interior es f\u00e1cil incluso para personas con movilidad reducida.<\/p>\n<p>Se trata de uno de los centros m\u00e9dicos m\u00e1s avanzados de Italia en cuanto a las tecnolog\u00edas utilizadas y los servicios m\u00e9dicos prestados; en su interior, un personal altamente especializado y con gran experiencia atiende a los pacientes en las visitas diagn\u00f3sticas y durante el periodo de hospitalizaci\u00f3n.<\/p>\n<p>El instituto m\u00e9dico ofrece servicios de policl\u00ednico, <strong>diagn\u00f3stico<\/strong>, <strong>cirug\u00eda<\/strong> ambulatoria y <strong>laboratorio de medicina<\/strong>, por lo que las actividades que se llevan a cabo son an\u00e1lisis cl\u00ednicos con fines diagn\u00f3sticos, cirug\u00eda en hospital de d\u00eda, microcirug\u00eda ocular e intervenciones m\u00e9dicas para el tratamiento de hernias, varices y otras patolog\u00edas.<\/p>\n<p>El espacio interior del Centro M\u00e9dico Nuova Ricerca est\u00e1 organizado de forma l\u00f3gica para preservar la privacidad de los pacientes; el servicio de recepci\u00f3n proporciona informaci\u00f3n \u00fatil y est\u00e1 a completa disposici\u00f3n de los pacientes, las salas de espera y las habitaciones de hospitalizaci\u00f3n son c\u00f3modas y reservadas.<\/p>\n<p>En Bellariva, a pocos minutos del centro de la ciudad y del Centro M\u00e9dico Nuova Ricerca, el Hotel Ardesia ofrece una estancia tranquila y serena a quienes acompa\u00f1an a los pacientes, con habitaciones luminosas y servicios funcionales; el hotel est\u00e1 bien comunicado con el centro de R\u00edmini mediante transporte p\u00fablico.[\/vc_column_text][vc_empty_space][\/vc_column][\/vc_row]<\/p>\n<\/div>","protected":false},"excerpt":{"rendered":"<p>[vc_row css_animation=\u00bb\u00bb row_type=\u00bbrow\u00bb use_row_as_full_screen_section=\u00bbno\u00bb type=\u00bbfull_width\u00bb angled_section=\u00bbno\u00bb text_align=\u00bbleft\u00bb background_image_as_pattern=\u00bbwithout_pattern\u00bb][vc_column][vc_empty_space][vc_column_text] C\u00f3mo llegar al Poliambulatorio Nuova Ricerca de R\u00edmini desde el Hotel Ardesia Situado en el centro de la ciudad de Rimini, se encuentra Nuova Ricerca, un centro m\u00e9dico privado multiespecializado, con laboratorio de an\u00e1lisis y cirug\u00eda ambulatoria.Precisamente&#8230;<\/p>\n","protected":false},"author":1,"featured_media":0,"parent":0,"menu_order":0,"comment_status":"closed","ping_status":"closed","template":"","meta":{"_monsterinsights_skip_tracking":false,"_monsterinsights_sitenote_active":false,"_monsterinsights_sitenote_note":"","_monsterinsights_sitenote_category":0,"footnotes":""},"class_list":["post-4117","page","type-page","status-publish","hentry"],"aioseo_notices":[],"_links":{"self":[{"href":"https:\/\/hotelardesia.com\/es\/wp-json\/wp\/v2\/pages\/4117","targetHints":{"allow":["GET"]}}],"collection":[{"href":"https:\/\/hotelardesia.com\/es\/wp-json\/wp\/v2\/pages"}],"about":[{"href":"https:\/\/hotelardesia.com\/es\/wp-json\/wp\/v2\/types\/page"}],"author":[{"embeddable":true,"href":"https:\/\/hotelardesia.com\/es\/wp-json\/wp\/v2\/users\/1"}],"replies":[{"embeddable":true,"href":"https:\/\/hotelardesia.com\/es\/wp-json\/wp\/v2\/comments?post=4117"}],"version-history":[{"count":0,"href":"https:\/\/hotelardesia.com\/es\/wp-json\/wp\/v2\/pages\/4117\/revisions"}],"wp:attachment":[{"href":"https:\/\/hotelardesia.com\/es\/wp-json\/wp\/v2\/media?parent=4117"}],"curies":[{"name":"wp","href":"https:\/\/api.w.org\/{rel}","templated":true}]}}