{"id":4124,"date":"2025-12-15T21:41:59","date_gmt":"2025-12-15T20:41:59","guid":{"rendered":"https:\/\/hotelardesia.com\/san-marino-es"},"modified":"2025-12-15T21:41:59","modified_gmt":"2025-12-15T20:41:59","slug":"san-marino-es","status":"publish","type":"page","link":"https:\/\/hotelardesia.com\/es\/san-marino-es","title":{"rendered":"San Marino, una excursi\u00f3n entre leyenda y realidad"},"content":{"rendered":"<div class=\"wpb-content-wrapper\"><p>[vc_row css_animation=\u00bb\u00bb row_type=\u00bbrow\u00bb use_row_as_full_screen_section=\u00bbno\u00bb type=\u00bbfull_width\u00bb angled_section=\u00bbno\u00bb text_align=\u00bbleft\u00bb background_image_as_pattern=\u00bbwithout_pattern\u00bb][vc_column][vc_empty_space][vc_column_text]<\/p>\n<h3>San Marino, una excursi\u00f3n entre leyenda y realidad<\/h3>\n<p>Como un precioso bot\u00f3n insertado en una particular ojal, la del panorama roma\u00f1olo, <strong>San Marino<\/strong> destaca por su aspecto y por el rico bagaje de tradiciones que celosamente custodia, pero que ofrece cort\u00e9smente a los ojos del visitante que va a descubrirlo.<\/p>\n<p>San Marino, naci\u00f3n aut\u00f3noma situada entre Roma\u00f1a y Las Marcas, ofrece libre acceso a cualquiera que desee visitarla y se encuentra a 700 metros de altura sobre el <strong>Monte Titano<\/strong>, dominando los valles de Montefeltro.<\/p>\n<p>Ya desde lejos se puede apreciar el estilo medieval que caracteriza a los edificios de este lugar, entre los que destacan tres torres, conectadas por una serie de murallas construidas en la antig\u00fcedad para proteger el territorio.<br \/>A\u00fan hoy se pueden admirar las particulares construcciones de piedra t\u00edpicas de la Edad Media, que muestran claramente los signos de un arte, el de los canteros, que mantiene firmes sus tradiciones.<\/p>\n<p>Una vez en el centro hist\u00f3rico de San Marino, no se puede dejar de admirar la Bas\u00edlica del Santo, que data de 1826, y la <strong>Iglesia de San Francisco<\/strong>, la m\u00e1s antigua del pa\u00eds.<br \/>El <strong>Palacio P\u00fablico de San Marino<\/strong> se encuentra en la Piazza della Libert\u00e0, una terraza panor\u00e1mica desde la que se puede disfrutar de una espl\u00e9ndida vista que abarca desde la costa adri\u00e1tica hasta los Apeninos.<\/p>\n<p>En el Museo Estatal de la Piazza Titano se conservan importantes hallazgos que dan testimonio de la evoluci\u00f3n de este particular pueblo.<\/p>\n<p>Hay tres fortalezas que dominan con su imponencia San Marino y el territorio circundante: la <strong>Prima Torre<\/strong>, la <strong>Rocca Cesta<\/strong>, con su imperdible Museo delle Armi, y la <strong>Rocca Montale<\/strong>.<br \/>Y en las callejuelas que forman una densa red entre estos tres antiguos baluartes, cada a\u00f1o, en septiembre, se respira un aire especial, el de la fiesta nacional. En esta ocasi\u00f3n, es posible ver a un grupo de abanderados y ballesteros que, rememorando una antigua tradici\u00f3n del pa\u00eds, desfilan y ofrecen un espect\u00e1culo de otros tiempos.<\/p>\n<p>Entonces comienzan las <strong>Jornadas Medievales de San Marino<\/strong>, que, como evento principal, ofrecen una emocionante exhibici\u00f3n en la <strong>Cava dei Balestrieri<\/strong>, donde un grupo de j\u00f3venes bien entrenados compiten en un torneo con el arma que siempre ha simbolizado el principal instrumento antiguo de defensa del pueblo.<\/p>\n<p>Descubra San Marino en sus lugares y eventos, vivir\u00e1 una experiencia inolvidable, aloj\u00e1ndose en el <strong>Albergo Ardesia di Bellariva, a solo unos minutos<\/strong> de distancia.[\/vc_column_text][vc_empty_space][\/vc_column][\/vc_row]<\/p>\n<\/div>","protected":false},"excerpt":{"rendered":"<p>[vc_row css_animation=\u00bb\u00bb row_type=\u00bbrow\u00bb use_row_as_full_screen_section=\u00bbno\u00bb type=\u00bbfull_width\u00bb angled_section=\u00bbno\u00bb text_align=\u00bbleft\u00bb background_image_as_pattern=\u00bbwithout_pattern\u00bb][vc_column][vc_empty_space][vc_column_text] San Marino, una excursi\u00f3n entre leyenda y realidad Como un precioso bot\u00f3n insertado en una particular ojal, la del panorama roma\u00f1olo, San Marino destaca por su aspecto y por el rico bagaje de tradiciones que celosamente custodia,&#8230;<\/p>\n","protected":false},"author":1,"featured_media":0,"parent":0,"menu_order":0,"comment_status":"closed","ping_status":"closed","template":"","meta":{"_monsterinsights_skip_tracking":false,"_monsterinsights_sitenote_active":false,"_monsterinsights_sitenote_note":"","_monsterinsights_sitenote_category":0,"footnotes":""},"class_list":["post-4124","page","type-page","status-publish","hentry"],"aioseo_notices":[],"_links":{"self":[{"href":"https:\/\/hotelardesia.com\/es\/wp-json\/wp\/v2\/pages\/4124","targetHints":{"allow":["GET"]}}],"collection":[{"href":"https:\/\/hotelardesia.com\/es\/wp-json\/wp\/v2\/pages"}],"about":[{"href":"https:\/\/hotelardesia.com\/es\/wp-json\/wp\/v2\/types\/page"}],"author":[{"embeddable":true,"href":"https:\/\/hotelardesia.com\/es\/wp-json\/wp\/v2\/users\/1"}],"replies":[{"embeddable":true,"href":"https:\/\/hotelardesia.com\/es\/wp-json\/wp\/v2\/comments?post=4124"}],"version-history":[{"count":0,"href":"https:\/\/hotelardesia.com\/es\/wp-json\/wp\/v2\/pages\/4124\/revisions"}],"wp:attachment":[{"href":"https:\/\/hotelardesia.com\/es\/wp-json\/wp\/v2\/media?parent=4124"}],"curies":[{"name":"wp","href":"https:\/\/api.w.org\/{rel}","templated":true}]}}