{"id":4137,"date":"2025-12-15T21:43:18","date_gmt":"2025-12-15T20:43:18","guid":{"rendered":"https:\/\/hotelardesia.com\/ttg-feria-rimini"},"modified":"2025-12-15T21:43:19","modified_gmt":"2025-12-15T20:43:19","slug":"ttg-feria-rimini","status":"publish","type":"page","link":"https:\/\/hotelardesia.com\/es\/ttg-feria-rimini","title":{"rendered":"Descubra la TTG de R\u00edmini: nuestro hotel est\u00e1 cerca de la feria."},"content":{"rendered":"<div class=\"wpb-content-wrapper\"><p>[vc_row css_animation=\u00bb\u00bb row_type=\u00bbrow\u00bb use_row_as_full_screen_section=\u00bbno\u00bb type=\u00bbfull_width\u00bb angled_section=\u00bbno\u00bb text_align=\u00bbleft\u00bb background_image_as_pattern=\u00bbwithout_pattern\u00bb][vc_column][vc_empty_space][vc_column_text]<\/p>\n<h3>Descubra la TTG de R\u00edmini, nuestro hotel est\u00e1 cerca de la feria<\/h3>\n<p>La<strong> TTG de R\u00edmini es una de las ferias<\/strong> m\u00e1s importantes del sector tur\u00edstico, que atrae a expositores de m\u00e1s de 100 pa\u00edses e involucra a miles de empresas del sector, superando as\u00ed cada a\u00f1o los 35 000 visitantes. Este gran evento es un excelente trampol\u00edn para el sector tur\u00edstico en Italia y se desarrolla a trav\u00e9s de talleres y conferencias, en los que se presentan a los compradores internacionales las infinitas bellezas de nuestro pa\u00eds. La <strong>TTG de R\u00edmini es una feria<\/strong> que se desarrolla en tres eventos: TTG Incontri, una feria de turismo B2B de tres d\u00edas de duraci\u00f3n, que suele celebrarse en octubre; la TTI (Travel Trade Italia), una reuni\u00f3n entre compradores y vendedores del turismo receptivo en Italia; la Btc (Borsa del Turismo Congressuale), una reuni\u00f3n dedicada al sector Mice (acr\u00f3nimo que significa meetings, incentives, conventions and exhibitions), que se ocupa del mundo de los congresos, las convenciones y las exposiciones, y que suele celebrarse entre junio y julio.<\/p>\n<p>Estos grandes eventos tienen lugar en la Feria de R\u00edmini, una estructura de vanguardia en funcionamiento desde hace m\u00e1s de 60 a\u00f1os, que ofrece 16 pabellones espaciosos y equipados tecnol\u00f3gicamente, zonas de restauraci\u00f3n y compras, amplios aparcamientos y todo lo necesario para disfrutar con la m\u00e1xima comodidad de los d\u00edas de los eventos. El <strong>hotel Ardesia se encuentra a solo 3 km de la Feria de R\u00edmini<\/strong>, a menos de 10 minutos en coche, y es la soluci\u00f3n de alojamiento ideal para quienes viajan por negocios, tambi\u00e9n por su proximidad al aeropuerto Fellini de R\u00edmini. Desde nuestro hotel es muy f\u00e1cil llegar a la Feria de R\u00edmini, por lo que somos muy conocidos entre los expositores y quienes giran en torno al evento TTG.<br \/>El hotel Ardesia est\u00e1 abierto todo el a\u00f1o, ya que R\u00edmini es una ciudad imparable, que alterna el turismo estival con el congresual y, por ello, es capaz de acoger y gestionar los miles de visitantes que la visitan a diario. Quienes busquen un <strong>hotel abierto todo el a\u00f1o en R\u00edmini<\/strong> encontrar\u00e1n en nuestro hotel de 3 estrellas una acogida impecable, excelentes servicios y tarifas con descuento precisamente durante el periodo de eventos en la Feria, incluido el TTG.[\/vc_column_text][vc_empty_space][\/vc_column][\/vc_row]<\/p>\n<\/div>","protected":false},"excerpt":{"rendered":"<p>[vc_row css_animation=\u00bb\u00bb row_type=\u00bbrow\u00bb use_row_as_full_screen_section=\u00bbno\u00bb type=\u00bbfull_width\u00bb angled_section=\u00bbno\u00bb text_align=\u00bbleft\u00bb background_image_as_pattern=\u00bbwithout_pattern\u00bb][vc_column][vc_empty_space][vc_column_text] Descubra la TTG de R\u00edmini, nuestro hotel est\u00e1 cerca de la feria La TTG de R\u00edmini es una de las ferias m\u00e1s importantes del sector tur\u00edstico, que atrae a expositores de m\u00e1s de 100 pa\u00edses e involucra&#8230;<\/p>\n","protected":false},"author":1,"featured_media":0,"parent":0,"menu_order":0,"comment_status":"closed","ping_status":"closed","template":"","meta":{"_monsterinsights_skip_tracking":false,"_monsterinsights_sitenote_active":false,"_monsterinsights_sitenote_note":"","_monsterinsights_sitenote_category":0,"footnotes":""},"class_list":["post-4137","page","type-page","status-publish","hentry"],"aioseo_notices":[],"_links":{"self":[{"href":"https:\/\/hotelardesia.com\/es\/wp-json\/wp\/v2\/pages\/4137","targetHints":{"allow":["GET"]}}],"collection":[{"href":"https:\/\/hotelardesia.com\/es\/wp-json\/wp\/v2\/pages"}],"about":[{"href":"https:\/\/hotelardesia.com\/es\/wp-json\/wp\/v2\/types\/page"}],"author":[{"embeddable":true,"href":"https:\/\/hotelardesia.com\/es\/wp-json\/wp\/v2\/users\/1"}],"replies":[{"embeddable":true,"href":"https:\/\/hotelardesia.com\/es\/wp-json\/wp\/v2\/comments?post=4137"}],"version-history":[{"count":0,"href":"https:\/\/hotelardesia.com\/es\/wp-json\/wp\/v2\/pages\/4137\/revisions"}],"wp:attachment":[{"href":"https:\/\/hotelardesia.com\/es\/wp-json\/wp\/v2\/media?parent=4137"}],"curies":[{"name":"wp","href":"https:\/\/api.w.org\/{rel}","templated":true}]}}