{"id":4170,"date":"2025-12-15T21:48:25","date_gmt":"2025-12-15T20:48:25","guid":{"rendered":"https:\/\/hotelardesia.com\/centro-comercial-befane-rimini"},"modified":"2025-12-15T21:48:25","modified_gmt":"2025-12-15T20:48:25","slug":"centro-comercial-befane-rimini","status":"publish","type":"page","link":"https:\/\/hotelardesia.com\/es\/centro-comercial-befane-rimini","title":{"rendered":"Compras y relax en el centro comercial de R\u00edmini, a pocos pasos de nuestro hotel."},"content":{"rendered":"<div class=\"wpb-content-wrapper\"><p>[vc_row css_animation=\u00bb\u00bb row_type=\u00bbrow\u00bb use_row_as_full_screen_section=\u00bbno\u00bb type=\u00bbfull_width\u00bb angled_section=\u00bbno\u00bb text_align=\u00bbleft\u00bb background_image_as_pattern=\u00bbwithout_pattern\u00bb][vc_column][vc_empty_space height=\u00bb50px\u00bb][vc_column_text]<\/p>\n<h3>Compras y relax en el <a href=\"https:\/\/www.lebefane.it\/\">Centro Comercial Le Befane<\/a> de R\u00edmini, a dos pasos del Hotel Ardesia<\/h3>\n<p>Las vacaciones en familia en R\u00edmini son siempre un placer para quienes desean pasar unos d\u00edas de relax, ya que esta ciudad no solo es la reina de los destinos balnearios italianos, sino tambi\u00e9n un valioso microcosmos de sorpresas, atracciones, actividades y momentos de ocio en compa\u00f1\u00eda.<\/p>\n<p>Nuestro hotel familiar en R\u00edmini se encuentra a pocos pasos del <strong>centro comercial Le Befane<\/strong>, un peque\u00f1o pa\u00eds de las maravillas donde pasar una tarde o una noche de ocio y relax, pero tambi\u00e9n un aut\u00e9ntico pa\u00eds de los juguetes para los m\u00e1s peque\u00f1os. Solo unos minutos separan el centro comercial Le Befane de nuestro hotel en Bellariva di Rimini, al que se puede llegar a pie, en bicicleta o en autob\u00fas.<\/p>\n<p>Hay alrededor de 130 tiendas de todo tipo en el centro, una galer\u00eda iluminada y resplandeciente de escaparates, donde se puede encontrar desde art\u00edculos deportivos hasta boutiques de marcas prestigiosas, desde joyer\u00edas hasta tiendas de moda o informales, e incluso un hipermercado.<\/p>\n<p>Bares, donde detenerse para tomar un aperitivo o un caf\u00e9, restaurantes, pizzer\u00edas y comida r\u00e1pida, helader\u00edas y coloridos puntos de encuentro para tomar un aperitivo o una copa, acompa\u00f1an un paseo por el centro con toda la familia. Adem\u00e1s, en uno de los grandes atrios centrales, la animaci\u00f3n y los juegos para ni\u00f1os crean un ambiente alegre, con atracciones que cautivan incluso a los ni\u00f1os m\u00e1s activos.<\/p>\n<p>En el centro comercial Le Befane tambi\u00e9n hay peluquer\u00edas, peque\u00f1os centros de bienestar, tiendas de electr\u00f3nica y un <strong>cine multiplex con 12 salas<\/strong> que proyectan las pel\u00edculas m\u00e1s populares del momento, con pel\u00edculas y dibujos animados de \u00faltima generaci\u00f3n que le permitir\u00e1n pasar una agradable velada en compa\u00f1\u00eda de su familia.<\/p>\n<p>Un oasis de felicidad a pocos pasos de nuestro hotel de 3 estrellas en Bellariva di Rimini, donde dispondr\u00e1 de conexi\u00f3n inal\u00e1mbrica gratuita y un restaurante con men\u00fa especial para ni\u00f1os. Nuestro personal, cualificado y cort\u00e9s, est\u00e1 a su disposici\u00f3n en todo momento del d\u00eda.[\/vc_column_text][vc_empty_space height=\u00bb50px\u00bb][\/vc_column][\/vc_row]<\/p>\n<\/div>","protected":false},"excerpt":{"rendered":"<p>[vc_row css_animation=\u00bb\u00bb row_type=\u00bbrow\u00bb use_row_as_full_screen_section=\u00bbno\u00bb type=\u00bbfull_width\u00bb angled_section=\u00bbno\u00bb text_align=\u00bbleft\u00bb background_image_as_pattern=\u00bbwithout_pattern\u00bb][vc_column][vc_empty_space height=\u00bb50px\u00bb][vc_column_text] Compras y relax en el Centro Comercial Le Befane de R\u00edmini, a dos pasos del Hotel Ardesia Las vacaciones en familia en R\u00edmini son siempre un placer para quienes desean pasar unos d\u00edas de relax, ya&#8230;<\/p>\n","protected":false},"author":1,"featured_media":0,"parent":0,"menu_order":0,"comment_status":"closed","ping_status":"closed","template":"full_width.php","meta":{"_monsterinsights_skip_tracking":false,"_monsterinsights_sitenote_active":false,"_monsterinsights_sitenote_note":"","_monsterinsights_sitenote_category":0,"footnotes":""},"class_list":["post-4170","page","type-page","status-publish","hentry"],"aioseo_notices":[],"_links":{"self":[{"href":"https:\/\/hotelardesia.com\/es\/wp-json\/wp\/v2\/pages\/4170","targetHints":{"allow":["GET"]}}],"collection":[{"href":"https:\/\/hotelardesia.com\/es\/wp-json\/wp\/v2\/pages"}],"about":[{"href":"https:\/\/hotelardesia.com\/es\/wp-json\/wp\/v2\/types\/page"}],"author":[{"embeddable":true,"href":"https:\/\/hotelardesia.com\/es\/wp-json\/wp\/v2\/users\/1"}],"replies":[{"embeddable":true,"href":"https:\/\/hotelardesia.com\/es\/wp-json\/wp\/v2\/comments?post=4170"}],"version-history":[{"count":0,"href":"https:\/\/hotelardesia.com\/es\/wp-json\/wp\/v2\/pages\/4170\/revisions"}],"wp:attachment":[{"href":"https:\/\/hotelardesia.com\/es\/wp-json\/wp\/v2\/media?parent=4170"}],"curies":[{"name":"wp","href":"https:\/\/api.w.org\/{rel}","templated":true}]}}