{"id":4184,"date":"2025-12-15T21:51:01","date_gmt":"2025-12-15T20:51:01","guid":{"rendered":"https:\/\/hotelardesia.com\/hotel-en-la-playa-rimini"},"modified":"2025-12-15T21:51:01","modified_gmt":"2025-12-15T20:51:01","slug":"hotel-en-la-playa-rimini","status":"publish","type":"page","link":"https:\/\/hotelardesia.com\/es\/hotel-en-la-playa-rimini","title":{"rendered":"Un hotel junto al mar en R\u00edmini para unas vacaciones relajantes"},"content":{"rendered":"<div class=\"wpb-content-wrapper\"><p>[vc_row css_animation=\u00bb\u00bb row_type=\u00bbrow\u00bb use_row_as_full_screen_section=\u00bbno\u00bb type=\u00bbfull_width\u00bb angled_section=\u00bbno\u00bb text_align=\u00bbleft\u00bb background_image_as_pattern=\u00bbwithout_pattern\u00bb][vc_column][vc_empty_space][vc_column_text]<\/p>\n<h3>Un hotel junto al mar en R\u00edmini para unas vacaciones relajantes<\/h3>\n<p>Disfrutar de todas las atracciones de una ciudad como R\u00edmini a un paso no es dif\u00edcil si se aloja en <strong>nuestro hotel en Bellariva<\/strong>.<br \/>Desde aqu\u00ed, c\u00f3modamente con las bicicletas que nosotros mismos le proporcionaremos, podr\u00e1 desplazarse c\u00f3modamente tanto para llegar al centro de la ciudad como para descubrir los rincones menos conocidos de R\u00edmini, como por ejemplo su espl\u00e9ndido Borgo San Giuliano, que inspir\u00f3 parte de la obra de Federico Fellini, famoso hijo de esta ciudad.<br \/>Nuestro <strong>hotel junto al mar en R\u00edmini<\/strong> ser\u00e1 el punto de partida ideal para disfrutar al m\u00e1ximo de sus vacaciones en la playa: gracias a nuestras propias cabinas, no tendr\u00e1 que preocuparse de nada m\u00e1s que de broncearse y divertirse.<br \/>Gracias a las numerosas actividades que animan la vida de los ba\u00f1istas a lo largo de la costa de R\u00edmini, no se aburrir\u00e1 ni un solo instante.<br \/>Para descansar, nada mejor que un largo paseo por la orilla, ba\u00f1ados por el sol y refrescados suavemente por el agua de nuestro mar.<\/p>\n<p>Una vez que se pone el sol, R\u00edmini le ofrece la oportunidad de disfrutar del paseo mar\u00edtimo de una manera diferente y divertida, entre juegos, paseos y locales donde pasar una velada agradablemente relajante.<br \/>Sin olvidar la presencia, a pocos kil\u00f3metros de la ciudad, de numerosas atracciones para ni\u00f1os de todas las edades, desde las ciudades y pueblos escondidos en los alrededores hasta los famosos parques de atracciones que cada a\u00f1o acogen a miles de turistas deseosos de divertirse sin preocupaciones.<\/p>\n<p>Todo ello a pocos pasos de nuestro <strong>hotel familiar en R\u00edmini<\/strong>, el punto de partida que le garantizar\u00e1 unas vacaciones inolvidables con ni\u00f1os en la Riviera Romana.[\/vc_column_text][vc_empty_space][\/vc_column][\/vc_row]<\/p>\n<\/div>","protected":false},"excerpt":{"rendered":"<p>[vc_row css_animation=\u00bb\u00bb row_type=\u00bbrow\u00bb use_row_as_full_screen_section=\u00bbno\u00bb type=\u00bbfull_width\u00bb angled_section=\u00bbno\u00bb text_align=\u00bbleft\u00bb background_image_as_pattern=\u00bbwithout_pattern\u00bb][vc_column][vc_empty_space][vc_column_text] Un hotel junto al mar en R\u00edmini para unas vacaciones relajantes Disfrutar de todas las atracciones de una ciudad como R\u00edmini a un paso no es dif\u00edcil si se aloja en nuestro hotel en Bellariva.Desde aqu\u00ed, c\u00f3modamente&#8230;<\/p>\n","protected":false},"author":1,"featured_media":0,"parent":0,"menu_order":0,"comment_status":"closed","ping_status":"closed","template":"full_width.php","meta":{"_monsterinsights_skip_tracking":false,"_monsterinsights_sitenote_active":false,"_monsterinsights_sitenote_note":"","_monsterinsights_sitenote_category":0,"footnotes":""},"class_list":["post-4184","page","type-page","status-publish","hentry"],"aioseo_notices":[],"_links":{"self":[{"href":"https:\/\/hotelardesia.com\/es\/wp-json\/wp\/v2\/pages\/4184","targetHints":{"allow":["GET"]}}],"collection":[{"href":"https:\/\/hotelardesia.com\/es\/wp-json\/wp\/v2\/pages"}],"about":[{"href":"https:\/\/hotelardesia.com\/es\/wp-json\/wp\/v2\/types\/page"}],"author":[{"embeddable":true,"href":"https:\/\/hotelardesia.com\/es\/wp-json\/wp\/v2\/users\/1"}],"replies":[{"embeddable":true,"href":"https:\/\/hotelardesia.com\/es\/wp-json\/wp\/v2\/comments?post=4184"}],"version-history":[{"count":0,"href":"https:\/\/hotelardesia.com\/es\/wp-json\/wp\/v2\/pages\/4184\/revisions"}],"wp:attachment":[{"href":"https:\/\/hotelardesia.com\/es\/wp-json\/wp\/v2\/media?parent=4184"}],"curies":[{"name":"wp","href":"https:\/\/api.w.org\/{rel}","templated":true}]}}