{"id":4187,"date":"2025-12-15T21:52:04","date_gmt":"2025-12-15T20:52:04","guid":{"rendered":"https:\/\/hotelardesia.com\/politica-de-privacidad"},"modified":"2025-12-15T21:52:05","modified_gmt":"2025-12-15T20:52:05","slug":"politica-de-privacidad","status":"publish","type":"page","link":"https:\/\/hotelardesia.com\/es\/politica-de-privacidad","title":{"rendered":"Pol\u00edtica de privacidad"},"content":{"rendered":"<div class=\"wpb-content-wrapper\"><p>[vc_row css_animation=\u00bb\u00bb row_type=\u00bbrow\u00bb use_row_as_full_screen_section=\u00bbno\u00bb type=\u00bbfull_width\u00bb angled_section=\u00bbno\u00bb text_align=\u00bbleft\u00bb background_image_as_pattern=\u00bbwithout_pattern\u00bb][vc_column][vc_empty_space height=\u00bb60px\u00bb][vc_column_text]<\/p>\n<h1 style=\"text-align: center;\">Pol\u00edtica de privacidad<\/h1>\n<p>[\/vc_column_text][vc_empty_space height=\u00bb60px\u00bb][\/vc_column][\/vc_row][vc_row css_animation=\u00bb\u00bb row_type=\u00bbrow\u00bb use_row_as_full_screen_section=\u00bbno\u00bb type=\u00bbfull_width\u00bb angled_section=\u00bbno\u00bb text_align=\u00bbleft\u00bb background_image_as_pattern=\u00bbwithout_pattern\u00bb][vc_column][vc_column_text css=\u00bb\u00bb]<\/p>\n<table width=\"100%\">\n<tbody>\n<tr>\n<th style=\"text-align: left;\" colspan=\"2\" valign=\"top\">Informaci\u00f3n corporativa<\/th>\n<\/tr>\n<tr>\n<td valign=\"top\" nowrap=\"nowrap\" width=\"30%\">Responsable del tratamiento de datos<\/td>\n<td valign=\"top\"><strong>Gems Hotel Sas<\/strong><\/td>\n<\/tr>\n<tr>\n<td valign=\"top\" nowrap=\"nowrap\" width=\"30%\">Direcci\u00f3n del domicilio social<\/td>\n<td valign=\"top\"><strong> Viale delle Rimembranze, 80 47924 Bellariva, Rimini (RN)<\/strong><\/td>\n<\/tr>\n<tr>\n<td valign=\"top\" nowrap=\"nowrap\" width=\"30%\">N\u00famero de identificaci\u00f3n fiscal<\/td>\n<td valign=\"top\"><strong>00267650406<\/strong><\/td>\n<\/tr>\n<tr>\n<td valign=\"top\" nowrap=\"nowrap\" width=\"30%\">Responsable del tratamiento de datos personales<\/td>\n<td valign=\"top\"><strong>Guenda Mancini<\/strong><\/td>\n<\/tr>\n<tr>\n<td valign=\"top\" nowrap=\"nowrap\" width=\"30%\">N\u00famero de inscripci\u00f3n en el Registro Mercantil<\/td>\n<td valign=\"top\"><strong>RN &#8211; 190807<\/strong><\/td>\n<\/tr>\n<tr>\n<td valign=\"top\" nowrap=\"nowrap\" width=\"30%\">C\u00f3digo identificativo<\/td>\n<td valign=\"top\"><strong>CIR 099014-AL-01009 CIN IT099014A1ZCTZ4KQZ<\/strong><\/td>\n<\/tr>\n<\/tbody>\n<\/table>\n<p><\/p>\n<h4><\/h4>\n<p>&nbsp;<\/p>\n<h4><b>INFORMACI\u00d3N DE CONFORMIDAD CON LOS ART\u00cdCULOS 13 Y 14 &#8211; <\/b><b>REGLAMENTO (UE) 2016\/679<\/b><\/h4>\n<p>&nbsp;<\/p>\n<h4><strong><u>Tratamiento de datos personales<\/u><\/strong><\/h4>\n<p>La presente informaci\u00f3n ha sido redactada para dar a conocer los principios en materia de confidencialidad que rigen el uso por parte de <strong>Hotel Ardesia<\/strong> de los datos facilitados por los clientes, incluidos los datos recopilados a trav\u00e9s de este sitio web. En esta p\u00e1gina se describen las modalidades de gesti\u00f3n del sitio en lo que respecta al tratamiento de los datos personales de los usuarios que lo consultan. Se trata de una nota informativa facilitada de conformidad con el art. 13 del Decreto Legislativo 196\/2003 (en adelante, \u00abC\u00f3digo de Privacidad\u00bb) y el art. 13 del Reglamento UE n.\u00ba 2016\/679 (en adelante, \u00abRGPD 2016\/679\u00bb), a quienes interact\u00faan con los servicios web accesibles por v\u00eda telem\u00e1tica desde la direcci\u00f3n: <strong>www.hotelardesia.com<\/strong> . La informaci\u00f3n se proporciona \u00fanicamente para este sitio web y no para otros sitios web que el usuario pueda consultar a trav\u00e9s de los enlaces presentes en este sitio. Al visitar este sitio web, se declara impl\u00edcitamente que se han comprendido y aceptado las modalidades de tratamiento descritas en la presente informaci\u00f3n sobre privacidad.<\/p>\n<h4>Titular del tratamiento<\/h4>\n<p>El responsable del tratamiento es Hotel Ardesia, con domicilio fiscal en Viale delle Rimembranze, 80 47924 Bellariva, R\u00edmini (RN), disponible en el n\u00famero de tel\u00e9fono 0541.389363, correo electr\u00f3nico: info@hotelardesia.com. Raz\u00f3n social: Gems Hotel sas di Guenda Mancini e C., con domicilio social en Viale delle Rimembranze, 80 47924 Bellariva, Rimini (RN). La misma es la responsable de la protecci\u00f3n (DPO).<\/p>\n<h4>Lugar de tratamiento de los datos<\/h4>\n<p>Los tratamientos relacionados con los servicios web de este sitio tienen lugar en servidores ubicados en Italia y Europa.<br \/>SH Web es una agencia web que garantiza el cumplimiento del RGPD, con sede en San Marino, pa\u00eds no perteneciente a la UE que est\u00e1 en proceso de transposici\u00f3n de la normativa europea sobre el tratamiento de datos personales, mediante la adopci\u00f3n de su propia normativa estatal con las mismas garant\u00edas previstas por el propio RGPD.<\/p>\n<h4>Finalidad del tratamiento<\/h4>\n<p>Los datos personales facilitados por los usuarios que env\u00edan solicitudes de material informativo o se suscriben a los boletines informativos se utilizan con el \u00fanico fin de prestar el servicio o la prestaci\u00f3n solicitada. Estos datos tambi\u00e9n pueden utilizarse para los siguientes fines: a) gesti\u00f3n de la relaci\u00f3n con el cliente; b) desarrollo de la actividad econ\u00f3mica propia de la empresa; c) otros fines relacionados con la actividad realizada por la empresa y conexos a esta (a t\u00edtulo enunciativo, mejorar los productos y servicios ofrecidos, aunque no est\u00e9n estrictamente relacionados con los servicios solicitados por el interesado; estudios de mercado sobre la satisfacci\u00f3n del cliente, etc.). . En caso de que sea necesario recopilar datos que permitan la identificaci\u00f3n personal del usuario con el fin de prestarle un determinado servicio, se le pedir\u00e1 que facilite voluntariamente los datos necesarios, que ser\u00e1n tratados exclusivamente para los fines de prestaci\u00f3n del servicio.<\/p>\n<p>El tratamiento se llevar\u00e1 a cabo de forma automatizada y\/o manual, de conformidad con lo dispuesto en el art\u00edculo 32 del RGPD 2016\/679 y en el anexo B del Decreto Legislativo 196\/2003 (art\u00edculos 33-36 del C\u00f3digo) en materia de medidas de seguridad, por parte de personas debidamente designadas y de conformidad con lo dispuesto en el art. 29 del RGPD 2016\/679.<\/p>\n<p>Le informamos de que, de conformidad con los principios de licitud, limitaci\u00f3n de la finalidad y minimizaci\u00f3n de los datos, en virtud del art\u00edculo 5 del RGPD 2016\/679, sus datos personales se conservar\u00e1n durante el tiempo que se considere necesario para la consecuci\u00f3n de los fines para los que se recogen y tratan.<\/p>\n<p>De conformidad con los art\u00edculos 26 y 27 del Decreto Legislativo 196\/2003 y los art\u00edculos 9 y 10 del Reglamento UE n.\u00ba 2016\/679, usted podr\u00eda facilitar al <strong>Hotel Ardesia<\/strong> datos que pueden calificarse como \u00abcategor\u00edas especiales de datos personales\u00bb, es decir, aquellos datos que revelan \u00abel origen racial o \u00e9tnico, las opiniones pol\u00edticas, las convicciones religiosas o filos\u00f3ficas, o la afiliaci\u00f3n sindical, as\u00ed como datos gen\u00e9ticos, datos biom\u00e9tricos destinados a identificar de manera \u00fanica a una persona f\u00edsica, datos relativos a la salud o a la vida sexual o a la orientaci\u00f3n sexual de la persona\u00bb. Estas categor\u00edas de datos solo podr\u00e1n ser tratadas con su libre y expl\u00edcito consentimiento.<\/p>\n<p><strong>Hotel Ardesia<\/strong> no adopta ning\u00fan proceso de toma de decisiones automatizado, incluida la elaboraci\u00f3n de perfiles, a los que se refiere el art\u00edculo 22, apartados 1 y 4, del Reglamento UE n.\u00ba 679\/2016.<\/p>\n<h4><strong><u>Marketing directo<\/u><\/strong><\/h4>\n<p>Como se ha especificado anteriormente, nos gustar\u00eda proporcionarle informaci\u00f3n sobre nuevos productos, promociones, ofertas especiales y otra informaci\u00f3n que consideramos que puede ser de su inter\u00e9s. En caso de que nos haya autorizado expresamente a hacerlo marcando la casilla correspondiente, podremos enviarle dicha informaci\u00f3n por correo postal y por tel\u00e9fono, a menos que haya especificado lo contrario durante el registro. Si en cualquier momento desea que sus datos no se utilicen con fines de marketing directo, puede comunic\u00e1rnoslo poni\u00e9ndose en contacto con nuestro servicio de atenci\u00f3n al cliente por correo electr\u00f3nico en la siguiente direcci\u00f3n <strong>info@hotelardesia.com<\/strong> y no le enviaremos m\u00e1s comunicaciones comerciales. Si ha decidido denegar su consentimiento para el tratamiento de sus datos, nunca recibir\u00e1 ninguna comunicaci\u00f3n comercial y los datos que nos haya facilitado se utilizar\u00e1n exclusivamente para responder a su solicitud.<\/p>\n<h3>Tipos de datos tratados<\/h3>\n<p><\/p>\n<h4><strong><u>Datos de navegaci\u00f3n<\/u><\/strong><\/h4>\n<p>Los sistemas inform\u00e1ticos y los procedimientos de software utilizados para el funcionamiento de este sitio web adquieren, durante su funcionamiento normal, algunos datos personales cuya transmisi\u00f3n est\u00e1 impl\u00edcita en el uso de los protocolos de comunicaci\u00f3n de Internet. Se trata de informaci\u00f3n que no se recopila para asociarla a personas identificadas, pero que, por su propia naturaleza, podr\u00eda, mediante su elaboraci\u00f3n y asociaci\u00f3n con datos en poder de terceros, permitir la identificaci\u00f3n de los usuarios. En esta categor\u00eda de datos se incluyen las direcciones IP o los nombres de dominio de los ordenadores utilizados por los usuarios que se conectan al sitio, las direcciones URI (Uniform Resource Identifier) de los recursos solicitados, la fecha y la hora de la solicitud, el m\u00e9todo utilizado para enviar la solicitud, el tama\u00f1o del archivo de respuesta, el c\u00f3digo num\u00e9rico que indica el estado de la respuesta dada por el servidor y otros par\u00e1metros relacionados con el sistema operativo y el entorno inform\u00e1tico del usuario. Estos datos se utilizan con el \u00fanico fin de obtener informaci\u00f3n estad\u00edstica an\u00f3nima sobre el uso del sitio web y para comprobar su correcto funcionamiento, y se eliminan inmediatamente despu\u00e9s de su procesamiento. Los datos solo podr\u00e1n ser utilizados por las autoridades judiciales para determinar la responsabilidad en caso de hipot\u00e9ticos delitos inform\u00e1ticos contra el sitio web.<\/p>\n<h4><strong><u>Datos facilitados voluntariamente por el usuario<\/u><\/strong><\/h4>\n<p>El env\u00edo facultativo, expl\u00edcito y voluntario de correo electr\u00f3nico a las direcciones indicadas en este sitio web, o la cumplimentaci\u00f3n del formulario, implica la posterior adquisici\u00f3n de la direcci\u00f3n del remitente, necesaria para responder a las solicitudes, as\u00ed como de cualquier otro dato personal incluido en la misiva por parte del cliente.<\/p>\n<h3><strong>Cesi\u00f3n de datos<\/strong><\/h3>\n<p>El usuario es libre de proporcionar los datos personales que figuran en los formularios de solicitud o que se indican en las secciones espec\u00edficas del sitio web para solicitar el env\u00edo de material informativo u otras comunicaciones. El hecho de no proporcionarlos no implica la imposibilidad de obtener lo solicitado, incluso de forma an\u00f3nima. Los datos personales se tratan con herramientas automatizadas durante el tiempo estrictamente necesario para alcanzar los fines para los que han sido recopilados. Se observan medidas de seguridad espec\u00edficas para prevenir la p\u00e9rdida de datos, usos il\u00edcitos o incorrectos y accesos no autorizados a la base de datos.<\/p>\n<h3><strong>Periodo de conservaci\u00f3n de los datos<\/strong><\/h3>\n<p>El per\u00edodo de conservaci\u00f3n de los datos es el necesario para los fines derivados de los servicios solicitados y durante un per\u00edodo adicional de 36 meses. Si la informaci\u00f3n solicitada es objeto de una transacci\u00f3n en l\u00ednea, dichos datos podr\u00e1n conservarse con fines de informaci\u00f3n econ\u00f3mica y fiscal durante un per\u00edodo de 10 a\u00f1os. En lo que respecta a los datos t\u00e9cnicos gestionados por el sitio web, como las cookies, el per\u00edodo de conservaci\u00f3n viene definido por las caracter\u00edsticas t\u00e9cnicas de las propias cookies y se especifica en la tabla \u00abCookies del sitio web\u00bb.<\/p>\n<h4><strong><u>Modalidad y seguridad del tratamiento<\/u><\/strong><\/h4>\n<p>Sus datos personales ser\u00e1n tratados con herramientas automatizadas durante el tiempo estrictamente necesario para alcanzar los fines para los que han sido recopilados. Se observan medidas de seguridad espec\u00edficas para prevenir la p\u00e9rdida de datos, usos il\u00edcitos o incorrectos y accesos no autorizados.<br \/>El tratamiento de los datos personales se realiza mediante herramientas inform\u00e1ticas adecuadas para garantizar la seguridad y la confidencialidad de los mismos y, en cualquier caso, respetando las medidas de seguridad adecuadas, tal y como exige el art\u00edculo 32 del RGPD, mediante protocolos de comunicaci\u00f3n seguros con algoritmos de cifrado SSL.<\/p>\n<h4><strong><u>Derechos del interesado<\/u><\/strong><\/h4>\n<p>Los interesados son titulares de los siguientes derechos, de conformidad con los art\u00edculos 7 del Decreto Legislativo 196\/2003 y 15 a 22 del Reglamento UE n.\u00ba 2016\/679, y, cuando sea posible ejercerlos en relaci\u00f3n con la finalidad del tratamiento para la que se recogen sus datos, usted podr\u00e1 ejercer en cualquier momento el derecho a:<\/p>\n<p style=\"padding-left: 30px;\">a) solicitar la confirmaci\u00f3n de la existencia o no de sus datos personales;<br \/>b) obtener informaci\u00f3n sobre los fines del tratamiento, las categor\u00edas de datos personales, los destinatarios o las categor\u00edas de destinatarios a los que se han comunicado o se comunicar\u00e1n los datos personales y, cuando sea posible, el per\u00edodo de conservaci\u00f3n;<br \/>c) obtener la rectificaci\u00f3n y supresi\u00f3n de los datos;<br \/>d) obtener la limitaci\u00f3n del tratamiento;<br \/>e) obtener la portabilidad de los datos, es decir, recibirlos de un responsable del tratamiento, en un formato estructurado, de uso com\u00fan y legible por un dispositivo autom\u00e1tico, y transmitirlos a otro responsable del tratamiento sin impedimentos;<br \/>f) oponerse al tratamiento en cualquier momento, incluso en el caso de tratamiento con fines de marketing directo;<br \/>g) oponerse a un proceso de toma de decisiones automatizado relativo a personas f\u00edsicas, incluida la elaboraci\u00f3n de perfiles;<br \/>h) solicitar al responsable del tratamiento el acceso a los datos personales y la rectificaci\u00f3n o supresi\u00f3n de los mismos o la limitaci\u00f3n del tratamiento que le concierne u oponerse a su tratamiento, adem\u00e1s del derecho a la portabilidad de los datos;<br \/>i) revocar el consentimiento en cualquier momento sin que ello afecte a la licitud del tratamiento basado en el consentimiento prestado antes de la revocaci\u00f3n;<br \/>j) presentar una reclamaci\u00f3n ante una autoridad de control.<br \/>Puede ejercer sus derechos mediante solicitud escrita enviada a <strong>Hotel Ardesia<\/strong> a la direcci\u00f3n postal de la sede social o a la direcci\u00f3n de correo electr\u00f3nico <strong>info@hotelardesia.com<\/strong>.<\/p>\n<h4>Informaci\u00f3n ampliada sobre el uso de cookies<\/h4>\n<p>Informaci\u00f3n ampliada sobre el uso de cookies de conformidad con la disposici\u00f3n del Garante della Privacy (Autoridad de Protecci\u00f3n de Datos) n.\u00ba 229\/2014, para aquellos que interact\u00faan con los servicios web de Hotel Ardesia, accesibles desde las direcciones www.hotelardesia.com. El sitio web del Hotel Ardesia utiliza cookies y tecnolog\u00edas similares para garantizar el correcto funcionamiento de los procedimientos y mejorar la experiencia de uso de las aplicaciones en l\u00ednea. El presente documento proporciona informaci\u00f3n detallada sobre el uso de cookies y tecnolog\u00edas similares, sobre c\u00f3mo las utiliza el Hotel Ardesia y sobre c\u00f3mo gestionarlas.<\/p>\n<h4><a id=\"cookie\" name=\"cookie\"><\/a><strong><u>Cookies<\/u><\/strong><\/h4>\n<p>Las cookies son datos creados por un servidor que se almacenan en archivos de texto en el disco duro de su ordenador y permiten el funcionamiento de este sitio web, el uso de una funcionalidad espec\u00edfica solicitada expl\u00edcitamente por el usuario o permiten mejorar el funcionamiento de este sitio, como las cookies que agilizan la navegaci\u00f3n o que muestran los contenidos de mayor inter\u00e9s para el usuario en funci\u00f3n de sus elecciones anteriores. Las cookies pueden ser permanentes (las llamadas cookies persistentes), pero tambi\u00e9n pueden tener una duraci\u00f3n limitada (las llamadas cookies de sesi\u00f3n). Este sitio web utiliza tanto cookies persistentes como de sesi\u00f3n. Las de sesi\u00f3n no se almacenan de forma permanente en su ordenador y desaparecen al cerrar el navegador. Las persistentes sirven para personalizar la navegaci\u00f3n en funci\u00f3n del dispositivo utilizado por el usuario (ordenador, tableta, smartphone), al igual que las cookies de terceros, que sirven para analizar los accesos al sitio web (por ejemplo, Google Analytics) y para permitir a los usuarios compartir los contenidos del sitio web a trav\u00e9s de redes sociales (FB) o correo electr\u00f3nico (Add This). Estas cookies se almacenan de forma permanente en su ordenador y tienen una duraci\u00f3n variable.<\/p>\n<p>El sitio web utiliza en particular las siguientes cookies:<\/p>\n<p><strong>Cookies del sitio web<\/strong><\/p>\n<table width=\"100%\">\n<tbody>\n<tr bgcolor=\"\">\n<th>Nombre de la cookie<\/th>\n<th>Tipo<\/th>\n<th>Nombre del servicio<\/th>\n<th>Nombre de la descripci\u00f3n<\/th>\n<th>Duraci\u00f3n<\/th>\n<th>Dominio<\/th>\n<\/tr>\n<tr>\n<td nowrap=\"nowrap\">_ga<\/td>\n<td>anal\u00edtica de terceros<\/td>\n<td>Google Analytics<\/td>\n<td>Utilizada por las API de Google Analytics<\/td>\n<td>6 meses<\/td>\n<td>www.hotelardesia.com<\/td>\n<\/tr>\n<tr>\n<td nowrap=\"nowrap\">_gat<\/td>\n<td>anal\u00edtica de terceros<\/td>\n<td>Google Analytics<\/td>\n<td>Utilizada por las API de Google Analytics<\/td>\n<td>10 minutos<\/td>\n<td>www.hotelardesia.com<\/td>\n<\/tr>\n<tr>\n<td nowrap=\"nowrap\">viewed_cookie_policy<\/td>\n<td>funcional<\/td>\n<td>Pol\u00edtica de privacidad<\/td>\n<td>Mantiene oculta la barra de la pol\u00edtica de privacidad<\/td>\n<td>1 a\u00f1o<\/td>\n<td>www.hotelardesia.com<\/td>\n<\/tr>\n<tr>\n<td nowrap=\"nowrap\">wfvt_xxxxxxx<\/td>\n<td>anal\u00edtico<\/td>\n<td>Anal\u00edtico Wordfence<\/td>\n<td>Realiza un seguimiento de las p\u00e1ginas visitadas por un usuario<\/td>\n<td>30 minutos<\/td>\n<td>www.hotelardesia.com<\/td>\n<\/tr>\n<tr>\n<td nowrap=\"nowrap\">googtrans<\/td>\n<td>funcional<\/td>\n<td>Translate<\/td>\n<td>Realiza un seguimiento del idioma seleccionado<\/td>\n<td>hasta el final de la sesi\u00f3n de navegaci\u00f3n<\/td>\n<td>www.hotelardesia.com<\/td>\n<\/tr>\n<tr>\n<td nowrap=\"nowrap\">PHPSESSID<\/td>\n<td>t\u00e9cnico<\/td>\n<td>WebServer<\/td>\n<td>Identificador de la sesi\u00f3n de navegaci\u00f3n<\/td>\n<td>hasta el final de la sesi\u00f3n de navegaci\u00f3n<\/td>\n<td>www.hotelardesia.com<\/td>\n<\/tr>\n<tr>\n<td nowrap=\"nowrap\">SERVERID<\/td>\n<td>t\u00e9cnico<\/td>\n<td>WebServer<\/td>\n<td>Identificador del servidor que ha gestionado la solicitud del usuario<\/td>\n<td>hasta el final de la sesi\u00f3n de navegaci\u00f3n<\/td>\n<td>www.hotelardesia.com<\/td>\n<\/tr>\n<\/tbody>\n<\/table>\n<p><strong>Cookies de Google Analytics<\/strong><br \/>Nuestro sitio web utiliza Google Analytics de Google, Inc., un servicio que ofrece estad\u00edsticas de medici\u00f3n y an\u00e1lisis del rendimiento del sitio web mediante el uso de cookies. Para consultar la pol\u00edtica de privacidad del servicio Google Analytics, visite la p\u00e1gina <a href=\"http:\/\/www.google.com\/intl\/en\/analytics\/privacyoverview.html\" target=\"_blank\" rel=\"noopener noreferrer\">http:\/\/www.google.com\/intl\/en\/analytics\/privacyoverview. html<\/a>. Para conocer las normas de privacidad de Google, le remitimos a la siguiente direcci\u00f3n <a href=\"http:\/\/www.google.com\/intl\/it\/privacy\/privacy-policy.html\" target=\"_blank\" rel=\"noopener noreferrer\">http:\/\/www.google.com\/intl\/it\/privacy\/privacy-policy.html<\/a>).<br \/>Para m\u00e1s informaci\u00f3n, consulte <a href=\"http:\/\/www.google.it\/intl\/it\/policies\/technologies\/types\/\" target=\"_blank\" rel=\"noopener noreferrer\">http:\/\/www.google.it\/intl\/it\/policies\/technologies\/types\/ <\/a> y <a href=\"https:\/\/developers.google.com\/analytics\/devguides\/collection\/analyticsjs\/cookie-usage\" target=\"_blank\" rel=\"noopener noreferrer\">https:\/\/developers.google.com\/analytics\/devguides\/collection\/analyticsjs\/cookie-usage<\/a><\/p>\n<p><strong>Cookies de Google Adwords y Google Remarketing<\/strong><br \/>El sitio web puede utilizar el programa Google Adwords y la tecnolog\u00eda Google Remarketing. Ambos son gestionados por Google Inc. La funci\u00f3n de seguimiento de conversiones de AdWords tambi\u00e9n utiliza cookies. Para ayudarnos a realizar un seguimiento de las ventas y otras conversiones, se a\u00f1ade una cookie al ordenador de un usuario en el momento en que dicho usuario hace clic en un anuncio. Esta cookie tiene una duraci\u00f3n de 30 d\u00edas y no recopila ni supervisa informaci\u00f3n que pueda identificar personalmente a un usuario. Los usuarios pueden desactivar las cookies de seguimiento de conversiones de Google en la configuraci\u00f3n de su navegador de Internet. En algunos casos, las cookies pueden causar problemas al iniciar sesi\u00f3n o navegar por su cuenta de AdWords. Cuando esto ocurre, la mejor manera de solucionar el problema es vaciar la cach\u00e9 y eliminar las cookies guardadas en su navegador de Internet. Para obtener m\u00e1s informaci\u00f3n, <a href=\"https:\/\/support.google.com\/adwords\/topic\/3121763?hl=it&#038;ref_topic=3119071\" target=\u00ab_blank\u00bb rel=\"noopener noreferrer\">haz clic aqu\u00ed<\/a> <a href=\"https:\/\/www.google.es\/intl\/it\/policies\/privacy\/\" target=\"_blank\" rel=\"noopener noreferrer\">https:\/\/www.google.es\/intl\/it\/policies\/privacy\/<\/a>. Por \u00faltimo, el usuario puede desactivar las cookies de Google Analytics descargando un complemento espec\u00edfico del navegador que se encuentra en la siguiente URL <a href=\"https:\/\/tools.google.com\/dlpage\/gaoptout\" target=\"_blank\" rel=\"noopener noreferrer\">https:\/\/tools.google.com\/dlpage\/gaoptout<\/a>.<\/p>\n<p><strong>Cookies de Facebook<\/strong><br \/>El sitio web puede utilizar cookies de Facebook Inc. para supervisar el rendimiento de las campa\u00f1as de Facebook Ads y cualquier acci\u00f3n de remarketing. Haga clic aqu\u00ed para obtener m\u00e1s informaci\u00f3n sobre el uso de cookies por parte de Facebook: <a href=\"https:\/\/www.facebook.com\/help\/cookies\/\" target=\"_blank\" rel=\"noopener noreferrer\">https:\/\/www.facebook.com\/help\/cookies\/<\/a><\/p>\n<p>El usuario puede oponerse al registro de cookies persistentes en su disco duro configurando el navegador para desactivar las cookies. Descubra c\u00f3mo desactivar las cookies en los principales navegadores: <a href=\"https:\/\/support.google.com\/accounts\/answer\/61416? hl=it\u00ab target=\"_blank\" rel=\"noopener noreferrer\">Chrome<\/a>, <a href=\"https:\/\/support.mozilla.org\/en-US\/kb\/enable-and-disable-cookies-website-preferences\" target=\"_blank\" rel=\"noopener noreferrer\">Firefox<\/a>, <a href=\u00bbhttp:\/\/windows. microsoft.com\/it-it\/windows-vista\/block-or-allow-cookies\" target=\"_blank\" rel=\"noopener noreferrer\">Internet Explorer<\/a>, <a href=\"https:\/\/support.apple.com\/kb\/PH5042?locale=en_US\" target=\"_blank\" rel=\"noopener noreferrer\">Safari<\/a>, <a href=\"http:\/\/www.opera.com\/help\/tutorials\/security\/privacy\/\" target=\"_blank\" rel=\"noopener noreferrer\">Opera<\/a>. Sin embargo, tras realizar esta operaci\u00f3n, es posible que algunas funciones de las p\u00e1ginas web no se ejecuten correctamente.<\/p>\n<p>Esta pol\u00edtica de privacidad puede modificarse peri\u00f3dicamente y el uso de la informaci\u00f3n recopilada est\u00e1 sujeto a la pol\u00edtica de privacidad vigente en el momento del uso. El presente documento, publicado en la direcci\u00f3n <strong>www.hotelardesia.com<\/strong>, constituye la Pol\u00edtica de privacidad de este sitio web y estar\u00e1 sujeto a actualizaciones que se publicar\u00e1n peri\u00f3dicamente y llevar\u00e1n la fecha de actualizaci\u00f3n.<\/p>\n<p><em>Actualizado el 01\/05\/2025<\/em>[\/vc_column_text][\/vc_column][\/vc_row]<\/p>\n<\/div>","protected":false},"excerpt":{"rendered":"<p>[vc_row css_animation=\u00bb\u00bb row_type=\u00bbrow\u00bb use_row_as_full_screen_section=\u00bbno\u00bb type=\u00bbfull_width\u00bb angled_section=\u00bbno\u00bb text_align=\u00bbleft\u00bb background_image_as_pattern=\u00bbwithout_pattern\u00bb][vc_column][vc_empty_space height=\u00bb60px\u00bb][vc_column_text] Pol\u00edtica de privacidad [\/vc_column_text][vc_empty_space height=\u00bb60px\u00bb][\/vc_column][\/vc_row][vc_row css_animation=\u00bb\u00bb row_type=\u00bbrow\u00bb use_row_as_full_screen_section=\u00bbno\u00bb type=\u00bbfull_width\u00bb angled_section=\u00bbno\u00bb text_align=\u00bbleft\u00bb background_image_as_pattern=\u00bbwithout_pattern\u00bb][vc_column][vc_column_text css=\u00bb\u00bb] Informaci\u00f3n corporativa Responsable del tratamiento de datos Gems Hotel Sas Direcci\u00f3n del domicilio social Viale delle Rimembranze, 80 47924 Bellariva, Rimini (RN) N\u00famero&#8230;<\/p>\n","protected":false},"author":1,"featured_media":0,"parent":0,"menu_order":0,"comment_status":"closed","ping_status":"closed","template":"","meta":{"_monsterinsights_skip_tracking":false,"_monsterinsights_sitenote_active":false,"_monsterinsights_sitenote_note":"","_monsterinsights_sitenote_category":0,"footnotes":""},"class_list":["post-4187","page","type-page","status-publish","hentry"],"aioseo_notices":[],"_links":{"self":[{"href":"https:\/\/hotelardesia.com\/es\/wp-json\/wp\/v2\/pages\/4187","targetHints":{"allow":["GET"]}}],"collection":[{"href":"https:\/\/hotelardesia.com\/es\/wp-json\/wp\/v2\/pages"}],"about":[{"href":"https:\/\/hotelardesia.com\/es\/wp-json\/wp\/v2\/types\/page"}],"author":[{"embeddable":true,"href":"https:\/\/hotelardesia.com\/es\/wp-json\/wp\/v2\/users\/1"}],"replies":[{"embeddable":true,"href":"https:\/\/hotelardesia.com\/es\/wp-json\/wp\/v2\/comments?post=4187"}],"version-history":[{"count":0,"href":"https:\/\/hotelardesia.com\/es\/wp-json\/wp\/v2\/pages\/4187\/revisions"}],"wp:attachment":[{"href":"https:\/\/hotelardesia.com\/es\/wp-json\/wp\/v2\/media?parent=4187"}],"curies":[{"name":"wp","href":"https:\/\/api.w.org\/{rel}","templated":true}]}}