{"id":3789,"date":"2025-12-15T20:16:33","date_gmt":"2025-12-15T19:16:33","guid":{"rendered":"https:\/\/hotelardesia.com\/hotel-business-rimini"},"modified":"2025-12-15T21:06:53","modified_gmt":"2025-12-15T20:06:53","slug":"hotel-business-rimini","status":"publish","type":"page","link":"https:\/\/hotelardesia.com\/fr\/hotel-business-rimini","title":{"rendered":"Business"},"content":{"rendered":"<div class=\"wpb-content-wrapper\"><p>[vc_row css_animation=\u00a0\u00bb\u00a0\u00bb row_type=\u00a0\u00bbrow\u00a0\u00bb use_row_as_full_screen_section=\u00a0\u00bbno\u00a0\u00bb type=\u00a0\u00bbfull_width\u00a0\u00bb angled_section=\u00a0\u00bbno\u00a0\u00bb text_align=\u00a0\u00bbleft\u00a0\u00bb background_image_as_pattern=\u00a0\u00bbwithout_pattern\u00a0\u00bb el_class=\u00a0\u00bbmax-1400&Prime; z_index=\u00a0\u00bb\u00a0\u00bb][vc_column][vc_empty_space height=\u00a0\u00bb60px\u00a0\u00bb][vc_column_text]<\/p>\n<h1 style=\"text-align: center;\">Le salon et le palais des congr\u00e8s<\/h1>\n<p>[\/vc_column_text][vc_column_text]<\/p>\n<p style=\"text-align: center;\">La <strong>Foire de Rimini<\/strong> repr\u00e9sente depuis longtemps un important lieu de rencontre \u00e9conomique et social qui affiche des r\u00e9sultats toujours meilleurs d&rsquo;ann\u00e9e en ann\u00e9e.<\/p>\n<p style=\"text-align: center;\">Inaugur\u00e9 en 2001 sur une superficie totale de 460 000 m\u00b2, il dispose d&rsquo;une gare ferroviaire interne et d&rsquo;une aire d&rsquo;atterrissage pour h\u00e9licopt\u00e8res.<\/p>\n<p style=\"text-align: center;\" >Dispos\u00e9 sur un seul niveau, le parc des expositions dispose de trois entr\u00e9es, d&rsquo;une surface d&rsquo;exposition de 113 000 m\u00b2, de 16 pavillons climatis\u00e9s et occultables, de 20 salles de congr\u00e8s modulables, d&rsquo;un centre d&rsquo;affaires, de trois salles de presse, de deux restaurants, de trois espaces de restauration libre-service, de dix points de restauration et d&rsquo;un parking pouvant accueillir 11 000 voitures.<\/p>\n<p>[\/vc_column_text][vc_empty_space height=\u00a0\u00bb60px\u00a0\u00bb][\/vc_column][\/vc_row][vc_row css_animation=\u00a0\u00bb\u00a0\u00bb row_type=\u00a0\u00bbrow\u00a0\u00bb use_row_as_full_screen_section=\u00a0\u00bbno\u00a0\u00bb type=\u00a0\u00bbfull_width\u00a0\u00bb angled_section=\u00a0\u00bbno\u00a0\u00bb text_align=\u00a0\u00bbleft\u00a0\u00bb background_image_as_pattern=\u00a0\u00bbwithout_pattern\u00a0\u00bb el_class=\u00a0\u00bbfull\u00a0\u00bb z_index=\u00a0\u00bb\u00a0\u00bb][vc_column][vc_empty_space height=\u00a0\u00bb60px\u00a0\u00bb][vc_raw_html]W21ldGFzbGlkZXIgaWQ9IjEyNzYiXQ==[\/vc_raw_html][vc_empty_space height=\u00a0\u00bb60px\u00a0\u00bb][\/vc_column][\/vc_row][vc_row css_animation=\u00a0\u00bb\u00a0\u00bb row_type=\u00a0\u00bbrow\u00a0\u00bb use_row_as_full_screen_section=\u00a0\u00bbno\u00a0\u00bb type=\u00a0\u00bbfull_width\u00a0\u00bb angled_section=\u00a0\u00bbno\u00a0\u00bb text_align=\u00a0\u00bbleft\u00a0\u00bb background_image_as_pattern=\u00a0\u00bbwithout_pattern\u00a0\u00bb el_class=\u00a0\u00bbindex-risto\u00a0\u00bb z_index=\u00a0\u00bb\u00a0\u00bb css=\u00a0\u00bb.vc_custom_1518098798166{background-color: #ffffff !important;}\u00a0\u00bb][vc_column][qode_elements_holder number_of_columns=\u00a0\u00bbtwo_columns\u00a0\u00bb][qode_elements_holder_item advanced_animations=\u00a0\u00bbno\u00a0\u00bb item_padding=\u00a0\u00bb0 15px 0 0&Prime;][vc_single_image image=\u00a0\u00bb3791&Prime; img_size=\u00a0\u00bbfull\u00a0\u00bb alignment=\u00a0\u00bbright\u00a0\u00bb css=\u00a0\u00bb.vc_custom_1702072996345{padding-right: 15px !important;padding-left: 15px !important;}\u00a0\u00bb qode_css_animation=\u00a0\u00bbelement_from_fade\u00a0\u00bb][\/qode_elements_holder_item][qode_elements_holder_item advanced_animations=\u00a0\u00bbno\u00a0\u00bb item_padding=\u00a0\u00bb0 0 0 15px\u00a0\u00bb][vc_column_text css=\u00a0\u00bb.vc_custom_1702072960390{padding-right: 15px !important;padding-left: 15px !important;}\u00a0\u00bb]<\/p>\n<p style=\"text-align: center;\">Le parc des expositions moderne se distingue par la superficie disponible pour les expositions et le nombre d&rsquo;\u00e9v\u00e9nements annuels, bisannuels et triennaux qui y sont organis\u00e9s.<\/p>\n<p><\/p>\n<p style=\"text-align: center;\">Les secteurs du tourisme, des loisirs et des \u00e9quipements industriels sont parmi les principaux protagonistes des expositions de <strong>Rimini Fiera<\/strong>, et parmi les \u00e9v\u00e9nements les plus int\u00e9ressants, on peut citer : <a href=\"https:\/\/www.riminiwellness.com\/\"><strong>Rimini Wellness<\/strong><\/a>, <a href=\"https:\/\/en.sigep.it\/\"><strong>SIGEP<\/strong><\/a>, <a href=\"https:\/\/www.sunexpo.it\/\"><strong>SUN Expo<\/strong><\/a>, <a href=\"https:\/\/en.enada.it\/\"><strong>Enada<\/strong><\/a> et <strong><a href=\"https:\/\/en.beerandfoodattraction.it\/\">Beer&amp; Food attraction<\/a>, <a href=\"https:\/\/en.key-expo.com\/\">Key Energy<\/a>, <a href=\"https:\/\/www.macfrut.com\/\">Macfruit<\/a>, <a href=\"https:\/\/www.tecnaexpo.com\/\">Tecna<\/a><\/strong>.<\/p>\n<p><\/p>\n<p style=\"text-align: center;\">Depuis plusieurs ann\u00e9es, la Foire de Rimini accueille \u00e9galement les <strong><a href=\"https:\/\/www.federginnastica.it\/news\/27952-rimini-%E2%80%93-apre-la-biglietteria-per-i-campionati-europei-di-artistica-maschile-e-femminile-del-2024.html \">Championnats de gymnastique artistique masculine et f\u00e9minine<\/a> et les <a href=\"https:\/\/www.federdanza.it\/\">Championnats italiens de danse FIDS<\/a> sont organis\u00e9s \u00e0 la Fiera di Rimini depuis plusieurs ann\u00e9es.<\/strong><\/p>\n<p>[\/vc_column_text][\/qode_elements_holder_item][\/qode_elements_holder][vc_empty_space height=\u00a0\u00bb60px\u00a0\u00bb][\/vc_column][\/vc_row][vc_row css_animation=\u00a0\u00bb\u00a0\u00bb row_type=\u00a0\u00bbrow\u00a0\u00bb use_row_as_full_screen_section=\u00a0\u00bbno\u00a0\u00bb type=\u00a0\u00bbfull_width\u00a0\u00bb angled_section=\u00a0\u00bbno\u00a0\u00bb text_align=\u00a0\u00bbright\u00a0\u00bb background_image_as_pattern=\u00a0\u00bbwithout_pattern\u00a0\u00bb el_class=\u00a0\u00bbindex-risto\u00a0\u00bb z_index=\u00a0\u00bb\u00a0\u00bb css=\u00a0\u00bb.vc_custom_1702072643551{background-color: #ffffff !important;}\u00a0\u00bb][vc_column][qode_elements_holder number_of_columns=\u00a0\u00bbtwo_columns\u00a0\u00bb][qode_elements_holder_item advanced_animations=\u00a0\u00bbno\u00a0\u00bb item_padding=\u00a0\u00bb0 0 0 15px\u00a0\u00bb][vc_column_text css=\u00a0\u00bb.vc_custom_1719921601201{padding-right: 15px !important;padding-left: 15px !important;}\u00a0\u00bb]<\/p>\n<p style=\"text-align: center;\">Un autre centre d&rsquo;importance notable est le <strong><a href=\"https:\/\/www.riminipalacongressi.it\/\">Palacongressi<\/a> de Rimini, <\/strong>un lieu moderne, technologique, \u00e9l\u00e9gant et durable qui accueille chaque ann\u00e9e des \u00e9v\u00e9nements importants, notamment <a href=\"https:\/\/congress.anmco.it\/\" ><strong>Congr\u00e8s m\u00e9dical<\/strong><\/a>, le <strong><a href=\"https:\/\/www.scivacrimini.it\/it\/\">Congr\u00e8s v\u00e9t\u00e9rinaire SCIVAC<\/a>, le <a href=\"https:\/\/simposio.afiscientifica.it\/\">Symposium AFI<\/a> et le <a href=\"https:\/\/ihss2024. azuleon.org\/\">IHSS<\/a>, <a href=\"https:\/\/ecscw.eusset.eu\/2024\/\">ECSCW2024 <\/a>.<\/strong><\/p>\n<p>[\/vc_column_text][\/qode_elements_holder_item][qode_elements_holder_item advanced_animations=\u00a0\u00bbno\u00a0\u00bb item_padding=\u00a0\u00bb0 15px 0 0&Prime;][vc_single_image image=\u00a0\u00bb3792&Prime; img_size=\u00a0\u00bbfull\u00a0\u00bb css=\u00a0\u00bb.vc_custom_1702073008516{padding-right: 15px !important;padding-left: 15px !important;}\u00a0\u00bb qode_css_animation=\u00a0\u00bbelement_from_fade\u00a0\u00bb][\/qode_elements_holder_item][\/qode_elements_holder][vc_empty_space height=\u00a0\u00bb60px\u00a0\u00bb][\/vc_column][\/vc_row][vc_row css_animation=\u00a0\u00bb\u00a0\u00bb row_type=\u00a0\u00bbrow\u00a0\u00bb use_row_as_full_screen_section=\u00a0\u00bbno\u00a0\u00bb type=\u00a0\u00bbfull_width\u00a0\u00bb angled_section=\u00a0\u00bbno\u00a0\u00bb text_align=\u00a0\u00bbleft\u00a0\u00bb background_image_as_pattern=\u00a0\u00bbwithout_pattern\u00a0\u00bb z_index=\u00a0\u00bb\u00a0\u00bb css=\u00a0\u00bb.vc_custom_1521192956462{background-color: #dfd9d4 !important;}\u00a0\u00bb][vc_column][vc_column_text css=\u00a0\u00bb.vc_custom_1702073062270{padding-top: 6% !important;padding-bottom: 6% !important;}\u00a0\u00bb]<\/p>\n<p style=\"text-align: center;\"><span style=\"color: #5f5959;\">Les espaces mis \u00e0 la disposition des exposants sont \u00e9quip\u00e9s de services logistiques et technologiques de toutes sortes, \u00e0 la pointe du progr\u00e8s en mati\u00e8re de d\u00e9veloppement et de convivialit\u00e9, et sont r\u00e9partis entre <strong>16 pavillons modulables<\/strong> flanqu\u00e9s d&rsquo;espaces d&rsquo;accueil, de salles de presse, de salles de conf\u00e9rence et d&rsquo;autres services haut de gamme. <\/span><\/p>\n<p><\/p>\n<p style=\"text-align: center;\"><span style=\"color: #5f5959;\">Le <strong>salon<\/strong> est accessible par trois entr\u00e9es, reli\u00e9es par des <strong>navettes<\/strong>, ce qui permet le d\u00e9roulement simultan\u00e9 de plusieurs manifestations sans cr\u00e9er d&rsquo;obstacles.<br \/>\nLe c\u0153ur du centre d&rsquo;exposition est constitu\u00e9 d&rsquo;un hall central avec une coupole spectaculaire de 20 m\u00e8tres de haut, entour\u00e9 de nombreux services. <\/span><\/p>\n<p><\/p>\n<p style=\"text-align: center;\"><a class=\"qbutton read_more_button blue\" href=\"https:\/\/hotelardesia.com\/fr\/ou-nous-trouver\">Voir o\u00f9 nous sommes<\/a><\/p>\n<p>[\/vc_column_text][\/vc_column][\/vc_row]<\/p>\n<\/div>","protected":false},"excerpt":{"rendered":"<p>[vc_row css_animation=\u00a0\u00bb\u00a0\u00bb row_type=\u00a0\u00bbrow\u00a0\u00bb use_row_as_full_screen_section=\u00a0\u00bbno\u00a0\u00bb type=\u00a0\u00bbfull_width\u00a0\u00bb angled_section=\u00a0\u00bbno\u00a0\u00bb text_align=\u00a0\u00bbleft\u00a0\u00bb background_image_as_pattern=\u00a0\u00bbwithout_pattern\u00a0\u00bb el_class=\u00a0\u00bbmax-1400&Prime; z_index=\u00a0\u00bb\u00a0\u00bb][vc_column][vc_empty_space height=\u00a0\u00bb60px\u00a0\u00bb][vc_column_text] Le salon et le palais des congr\u00e8s [\/vc_column_text][vc_column_text] La Foire de Rimini repr\u00e9sente depuis longtemps un important lieu de rencontre \u00e9conomique et social qui affiche des r\u00e9sultats toujours meilleurs d&rsquo;ann\u00e9e en ann\u00e9e. Inaugur\u00e9 en&#8230;<\/p>\n","protected":false},"author":1,"featured_media":0,"parent":0,"menu_order":0,"comment_status":"closed","ping_status":"closed","template":"full_width.php","meta":{"_monsterinsights_skip_tracking":false,"_monsterinsights_sitenote_active":false,"_monsterinsights_sitenote_note":"","_monsterinsights_sitenote_category":0,"footnotes":""},"class_list":["post-3789","page","type-page","status-publish","hentry"],"aioseo_notices":[],"_links":{"self":[{"href":"https:\/\/hotelardesia.com\/fr\/wp-json\/wp\/v2\/pages\/3789","targetHints":{"allow":["GET"]}}],"collection":[{"href":"https:\/\/hotelardesia.com\/fr\/wp-json\/wp\/v2\/pages"}],"about":[{"href":"https:\/\/hotelardesia.com\/fr\/wp-json\/wp\/v2\/types\/page"}],"author":[{"embeddable":true,"href":"https:\/\/hotelardesia.com\/fr\/wp-json\/wp\/v2\/users\/1"}],"replies":[{"embeddable":true,"href":"https:\/\/hotelardesia.com\/fr\/wp-json\/wp\/v2\/comments?post=3789"}],"version-history":[{"count":0,"href":"https:\/\/hotelardesia.com\/fr\/wp-json\/wp\/v2\/pages\/3789\/revisions"}],"wp:attachment":[{"href":"https:\/\/hotelardesia.com\/fr\/wp-json\/wp\/v2\/media?parent=3789"}],"curies":[{"name":"wp","href":"https:\/\/api.w.org\/{rel}","templated":true}]}}