{"id":3833,"date":"2025-12-15T20:27:43","date_gmt":"2025-12-15T19:27:43","guid":{"rendered":"https:\/\/hotelardesia.com\/chambres"},"modified":"2025-12-15T20:39:37","modified_gmt":"2025-12-15T19:39:37","slug":"chambres","status":"publish","type":"page","link":"https:\/\/hotelardesia.com\/fr\/chambres","title":{"rendered":"Chambres"},"content":{"rendered":"<div class=\"wpb-content-wrapper\"><p>[vc_row css_animation=\u00a0\u00bb\u00a0\u00bb row_type=\u00a0\u00bbrow\u00a0\u00bb use_row_as_full_screen_section=\u00a0\u00bbno\u00a0\u00bb type=\u00a0\u00bbfull_width\u00a0\u00bb angled_section=\u00a0\u00bbno\u00a0\u00bb text_align=\u00a0\u00bbcenter\u00a0\u00bb background_image_as_pattern=\u00a0\u00bbwithout_pattern\u00a0\u00bb z_index=\u00a0\u00bb\u00a0\u00bb background_color=\u00a0\u00bb#dfd9d4&Prime; css=\u00a0\u00bb.vc_custom_1708328100632{background-color: #dfd9d4 !important;}\u00a0\u00bb][vc_column][vc_empty_space height=\u00a0\u00bb60px\u00a0\u00bb el_class=\u00a0\u00bbempty60&Prime;][vc_column_text]<\/p>\n<h1 style=\"text-align: center;\">Les Chambres<\/h1>\n<p>\n[\/vc_column_text][vc_column_text css=\u00a0\u00bb\u00a0\u00bb]<\/p>\n<p style=\"text-align: center;\">Nos chambres vous accueilleront dans une atmosph\u00e8re <strong>relaxante et confortable<\/strong>, con\u00e7ue pour vous offrir un maximum de confort pendant votre s\u00e9jour.<\/p>\n<p><\/p>\n<p style=\"text-align: center;\">Gr\u00e2ce aux nombreux <strong>services \u00e0 votre disposition<\/strong>, vous pourrez profiter de vacances agr\u00e9ables et sans soucis, que vous voyagiez pour le plaisir ou pour le travail.<\/p>\n<p style=\"text-align: center;\">Toutes les chambres sont <strong>spacieuses, lumineuses et meubl\u00e9es avec go\u00fbt<\/strong>, pour vous garantir une exp\u00e9rience accueillante et fonctionnelle. Chaque chambre est con\u00e7ue pour r\u00e9pondre aux besoins des <strong>familles, des couples et des voyageurs individuels<\/strong>, en offrant des <strong>espaces confortables et bien organis\u00e9s<\/strong> pour un maximum de praticit\u00e9. <\/p>\n<p><\/p>\n<p style=\"text-align: center;\">Vous pourrez profiter de <strong>services exclusifs<\/strong>, tels que la connexion Wi-Fi gratuite, la climatisation, la t\u00e9l\u00e9vision \u00e0 \u00e9cran plat et bien plus encore. <\/p>\n<p><\/p>\n<p style=\"text-align: center;\">L&#8217;emplacement strat\u00e9gique de l&rsquo;\u00e9tablissement vous permettra d&rsquo;acc\u00e9der facilement aux principales attractions de la r\u00e9gion, rendant votre s\u00e9jour encore plus agr\u00e9able.<\/p>\n<p style=\"text-align: center;\">R\u00e9servez d\u00e8s maintenant votre chambre et offrez-vous un s\u00e9jour sous le signe de la d\u00e9tente et du confort!<\/p>\n<p>[\/vc_column_text][vc_empty_space height=\u00a0\u00bb64px\u00a0\u00bb][\/vc_column][\/vc_row][vc_row css_animation=\u00a0\u00bb\u00a0\u00bb row_type=\u00a0\u00bbrow\u00a0\u00bb use_row_as_full_screen_section=\u00a0\u00bbno\u00a0\u00bb type=\u00a0\u00bbfull_width\u00a0\u00bb angled_section=\u00a0\u00bbno\u00a0\u00bb text_align=\u00a0\u00bbcenter\u00a0\u00bb background_image_as_pattern=\u00a0\u00bbwithout_pattern\u00a0\u00bb z_index=\u00a0\u00bb\u00a0\u00bb css=\u00a0\u00bb.vc_custom_1737657202127{padding-top: 2% !important;padding-bottom: 2% !important;background-color: #a6a09b !important;background-position: center !important;background-repeat: no-repeat !important;background-size: cover !important;}\u00a0\u00bb el_id=\u00a0\u00bbguenda-bg\u00a0\u00bb][vc_column][vc_column_text]<script type=\"text\/javascript\" id=\"scidoo-widget-inlinev2\" src=\"https:\/\/www.scidoo.com\/preventivo_picker\/include_widget_inlinev2.js\" data-codice=\"1028\" data-container=\"booking\" data-lang=\"3\" data-struttura=\"-1\" data-provenienza=\"0\"><\/script><\/p>\n<div id=\"booking\"><\/div>\n<p>\n[\/vc_column_text][\/vc_column][\/vc_row][vc_row css_animation=\u00a0\u00bb\u00a0\u00bb row_type=\u00a0\u00bbrow\u00a0\u00bb use_row_as_full_screen_section=\u00a0\u00bbno\u00a0\u00bb type=\u00a0\u00bbfull_width\u00a0\u00bb angled_section=\u00a0\u00bbno\u00a0\u00bb text_align=\u00a0\u00bbleft\u00a0\u00bb background_image_as_pattern=\u00a0\u00bbwithout_pattern\u00a0\u00bb css=\u00a0\u00bb.vc_custom_1521456416472{margin-top: 3.5% !important;background-color: #a6a09b !important;}\u00a0\u00bb z_index=\u00a0\u00bb\u00a0\u00bb el_class=\u00a0\u00bbindex-risto\u00a0\u00bb el_id=\u00a0\u00bbrooms-my\u00a0\u00bb][vc_column][qode_elements_holder number_of_columns=\u00a0\u00bbthree_columns\u00a0\u00bb][qode_elements_holder_item advanced_animations=\u00a0\u00bbno\u00a0\u00bb custom_class=\u00a0\u00bbrelative-box one\u00a0\u00bb][vc_single_image image=\u00a0\u00bb3840&Prime; img_size=\u00a0\u00bbfull\u00a0\u00bb qode_css_animation=\u00a0\u00bbelement_from_left\u00a0\u00bb][\/qode_elements_holder_item][qode_elements_holder_item advanced_animations=\u00a0\u00bbno\u00a0\u00bb custom_class=\u00a0\u00bbrelative-box two\u00a0\u00bb][vc_single_image image=\u00a0\u00bb3835&Prime; img_size=\u00a0\u00bbfull\u00a0\u00bb qode_css_animation=\u00a0\u00bbelement_from_right\u00a0\u00bb][\/qode_elements_holder_item][qode_elements_holder_item advanced_animations=\u00a0\u00bbno\u00a0\u00bb custom_class=\u00a0\u00bbristo-home\u00a0\u00bb][vc_column_text css=\u00a0\u00bb.vc_custom_1683200820005{padding-top: 60px !important;padding-right: 60px !important;padding-bottom: 60px !important;padding-left: 60px !important;}\u00a0\u00bb el_class=\u00a0\u00bbtext-rooms\u00a0\u00bb]<\/p>\n<h3 style=\"text-align: center;\"><span style=\"color: #ffffff;\">Tout le confort pour vous<\/span><\/h3>\n<p><\/p>\n<p style=\"text-align: center;\"><span style=\"color: #ffffff;\">Toutes les chambres disposent d&rsquo;une salle de bain priv\u00e9e avec douche ou cabine de douche, s\u00e8che-cheveux, ventilateur de plafond (il est \u00e9galement possible de demander la climatisation), t\u00e9l\u00e9vision couleur, ligne t\u00e9l\u00e9phonique directe et coffre-fort. <\/span><\/p>\n<p><\/p>\n<p style=\"text-align: center;\"><a class=\"qbutton read_more_button white\" href=\"https:\/\/hotelardesia.com\/fr\/contacts-hotel-ardesia\">Contactez-nous pour plus d&rsquo;informations<\/a><\/p>\n<p>[\/vc_column_text][\/qode_elements_holder_item][\/qode_elements_holder][\/vc_column][\/vc_row][vc_row css_animation=\u00a0\u00bb\u00a0\u00bb row_type=\u00a0\u00bbrow\u00a0\u00bb use_row_as_full_screen_section=\u00a0\u00bbno\u00a0\u00bb type=\u00a0\u00bbfull_width\u00a0\u00bb angled_section=\u00a0\u00bbno\u00a0\u00bb text_align=\u00a0\u00bbleft\u00a0\u00bb background_image_as_pattern=\u00a0\u00bbwithout_pattern\u00a0\u00bb][vc_column][vc_empty_space height=\u00a0\u00bb64px\u00a0\u00bb][\/vc_column][\/vc_row][vc_row css_animation=\u00a0\u00bb\u00a0\u00bb row_type=\u00a0\u00bbrow\u00a0\u00bb use_row_as_full_screen_section=\u00a0\u00bbno\u00a0\u00bb type=\u00a0\u00bbfull_width\u00a0\u00bb angled_section=\u00a0\u00bbno\u00a0\u00bb text_align=\u00a0\u00bbleft\u00a0\u00bb background_image_as_pattern=\u00a0\u00bbwithout_pattern\u00a0\u00bb][vc_column][vc_column_text]<\/p>\n<h2 style=\"text-align: center;\">Chambre Double Standard<\/h2>\n<p>\n[\/vc_column_text][\/vc_column][\/vc_row][vc_row css_animation=\u00a0\u00bb\u00a0\u00bb row_type=\u00a0\u00bbrow\u00a0\u00bb use_row_as_full_screen_section=\u00a0\u00bbno\u00a0\u00bb type=\u00a0\u00bbfull_width\u00a0\u00bb angled_section=\u00a0\u00bbno\u00a0\u00bb text_align=\u00a0\u00bbleft\u00a0\u00bb background_image_as_pattern=\u00a0\u00bbwithout_pattern\u00a0\u00bb][vc_column][vc_column_text css=\u00a0\u00bb\u00a0\u00bb]<\/p>\n<h4 style=\"text-align: center;\"><strong>Chambres Standard Double ou Twin : simplicit\u00e9 et confort pour un s\u00e9jour pratique<\/strong><\/h4>\n<p><\/p>\n<p style=\"text-align: center;\">Les <strong>chambres standard<\/strong> de notre h\u00f4tel Ardesia \u00e0 <strong>Bellariva di Rimini<\/strong> sont le choix id\u00e9al pour ceux qui recherchent un <strong>h\u00e9bergement confortable<\/strong>, avec un excellent rapport qualit\u00e9-prix et un emplacement strat\u00e9gique pr\u00e8s de la mer. Id\u00e9ales pour les couples, les familles et les voyageurs d&rsquo;affaires, elles offrent <strong>fonctionnalit\u00e9 et praticit\u00e9<\/strong>, garantissant un s\u00e9jour relaxant et sans souci.<\/p>\n<p><\/p>\n<p style=\"text-align: center;\">Gr\u00e2ce \u00e0 des <strong>services complets<\/strong>, les chambres sont con\u00e7ues pour offrir un confort maximal :<\/p>\n<ul>\n<li style=\"text-align: center;\"><strong>Salle de bain priv\u00e9e<\/strong> avec douche, kit de courtoisie et s\u00e8che-cheveux<\/li>\n<li style=\"text-align: center;\"><strong>Climatisation r\u00e9glable<\/strong>, pour une temp\u00e9rature toujours parfaite<\/li>\n<li style=\"text-align: center;\"><strong>Nettoyage quotidien<\/strong> pour des espaces toujours propres et accueillants<\/li>\n<li style=\"text-align: center;\"><strong>T\u00e9l\u00e9vision \u00e0 \u00e9cran plat<\/strong>, pour votre divertissement<\/li>\n<li style=\"text-align: center;\"><strong>Connexion Internet Wi-Fi rapide et gratuite<\/strong>, id\u00e9ale pour travailler ou rester en contact avec vos amis et votre famille<\/li>\n<li style=\"text-align: center;\"><strong>T\u00e9l\u00e9phone direct et coffre-fort<\/strong>, pour plus de s\u00e9curit\u00e9 et de confort<\/li>\n<\/ul>\n<p><\/p>\n<p style=\"text-align: center;\">Nos <strong>chambres spacieuses et lumineuses<\/strong> sont meubl\u00e9es dans un style moderne et accueillant, parfait pour ceux qui souhaitent se d\u00e9tendre apr\u00e8s une journ\u00e9e pass\u00e9e \u00e0 d\u00e9couvrir les beaut\u00e9s de <strong>Rimini et de la Riviera romagnole<\/strong>.<\/p>\n<p>&nbsp;<\/p>\n<div class=\"post-link\" style=\"text-align: center;\"><a class=\"post-link__btn\" href=\"https:\/\/www.scidoo.com\/preventivov2\/?cod=1028&amp;lang=3&amp;dataarr=2026-4-1&amp;notti=2&amp;adult=2&amp; IDsotto_struttura=0&amp;settore=1\" target=\"_blank\" rel=\"noopener noreferrer\">R\u00e9servez une chambre standard<\/a><\/div>\n<p>&nbsp;<\/p>\n<div style=\"text-align: center;\">et vivez un s\u00e9jour sous le signe de la d\u00e9tente et du confort \u00e0 quelques pas de la mer!<\/div>\n<p>[\/vc_column_text][vc_empty_space][\/vc_column][\/vc_row][vc_row css_animation=\u00a0\u00bb\u00a0\u00bb row_type=\u00a0\u00bbrow\u00a0\u00bb use_row_as_full_screen_section=\u00a0\u00bbno\u00a0\u00bb type=\u00a0\u00bbfull_width\u00a0\u00bb angled_section=\u00a0\u00bbno\u00a0\u00bb text_align=\u00a0\u00bbleft\u00a0\u00bb background_image_as_pattern=\u00a0\u00bbwithout_pattern\u00a0\u00bb][vc_column][qode_content_slider][qode_content_slider_item][vc_single_image image=\u00a0\u00bb1403&Prime; img_size=\u00a0\u00bblarge\u00a0\u00bb alignment=\u00a0\u00bbcenter\u00a0\u00bb qode_css_animation=\u00a0\u00bb\u00a0\u00bb][\/qode_content_slider_item][qode_content_slider_item][vc_single_image image=\u00a0\u00bb1404&Prime; img_size=\u00a0\u00bblarge\u00a0\u00bb alignment=\u00a0\u00bbcenter\u00a0\u00bb qode_css_animation=\u00a0\u00bb\u00a0\u00bb][\/qode_content_slider_item][qode_content_slider_item][vc_single_image image=\u00a0\u00bb1402&Prime; img_size=\u00a0\u00bblarge\u00a0\u00bb alignment=\u00a0\u00bbcenter\u00a0\u00bb qode_css_animation=\u00a0\u00bb\u00a0\u00bb][\/qode_content_slider_item][\/qode_content_slider][vc_empty_space][vc_separator css_animation=\u00a0\u00bbbounceInDown\u00a0\u00bb type=\u00a0\u00bbnormal\u00a0\u00bb color=\u00a0\u00bb#bcbcbc\u00a0\u00bb][\/vc_column][\/vc_row][vc_row css_animation=\u00a0\u00bb\u00a0\u00bb row_type=\u00a0\u00bbrow\u00a0\u00bb use_row_as_full_screen_section=\u00a0\u00bbno\u00a0\u00bb type=\u00a0\u00bbfull_width\u00a0\u00bb angled_section=\u00a0\u00bbno\u00a0\u00bb text_align=\u00a0\u00bbleft\u00a0\u00bb background_image_as_pattern=\u00a0\u00bbwithout_pattern\u00a0\u00bb][vc_column][vc_empty_space height=\u00a0\u00bb64px\u00a0\u00bb][\/vc_column][\/vc_row][vc_row css_animation=\u00a0\u00bb\u00a0\u00bb row_type=\u00a0\u00bbrow\u00a0\u00bb use_row_as_full_screen_section=\u00a0\u00bbno\u00a0\u00bb type=\u00a0\u00bbfull_width\u00a0\u00bb angled_section=\u00a0\u00bbno\u00a0\u00bb text_align=\u00a0\u00bbleft\u00a0\u00bb background_image_as_pattern=\u00a0\u00bbwithout_pattern\u00a0\u00bb][vc_column][vc_column_text]<\/p>\n<h2 style=\"text-align: center;\">Chambre Double Economy<\/h2>\n<p>\n[\/vc_column_text][\/vc_column][\/vc_row][vc_row css_animation=\u00a0\u00bb\u00a0\u00bb row_type=\u00a0\u00bbrow\u00a0\u00bb use_row_as_full_screen_section=\u00a0\u00bbno\u00a0\u00bb type=\u00a0\u00bbfull_width\u00a0\u00bb angled_section=\u00a0\u00bbno\u00a0\u00bb text_align=\u00a0\u00bbleft\u00a0\u00bb background_image_as_pattern=\u00a0\u00bbwithout_pattern\u00a0\u00bb][vc_column][vc_column_text css=\u00a0\u00bb\u00a0\u00bb]<\/p>\n<h4 style=\"text-align: center;\"><strong>Chambres Economy doubles ou \u00e0 deux lits : un s\u00e9jour \u00e9conomique sans renoncer au confort<\/strong><\/h4>\n<p><\/p>\n<p style=\"text-align: center;\">Les <strong>chambres doubles ou \u00e0 deux lits \u00e9conomiques<\/strong> sont la solution id\u00e9ale pour ceux qui recherchent un <strong>s\u00e9jour simple mais confortable<\/strong> \u00e0 <strong>Bellariva di Rimini<\/strong>, sans renoncer aux services essentiels.<br \/>\nParfaites pour les couples, les amis ou les voyageurs seuls, elles offrent un cadre pratique et fonctionnel, id\u00e9al pour ceux qui souhaitent passer des vacances sans fioritures, mais n\u00e9anmoins confortables et relaxantes.<br \/>\nLes <strong>chambres \u00e9conomiques<\/strong> sont \u00e9quip\u00e9es de:<\/p>\n<p>[\/vc_column_text][vc_column_text css=\u00a0\u00bb\u00a0\u00bb]<\/p>\n<ul>\n<li style=\"text-align: center;\"><strong>Salle de bain priv\u00e9e<\/strong> avec douche, kit de courtoisie et s\u00e8che-cheveux<\/li>\n<li style=\"text-align: center;\"><strong>Climatisation r\u00e9glable<\/strong>, pour une temp\u00e9rature toujours parfaite<\/li>\n<li style=\"text-align: center;\"><strong>Nettoyage quotidien<\/strong> pour des espaces toujours propres et accueillants<\/li>\n<li style=\"text-align: center;\"><strong>T\u00e9l\u00e9vision \u00e0 \u00e9cran plat<\/strong>, pour votre divertissement<\/li>\n<li style=\"text-align: center;\"><strong>Connexion Internet Wi-Fi rapide et gratuite<\/strong>, id\u00e9ale pour travailler ou rester en contact avec vos amis et votre famille<\/li>\n<li style=\"text-align: center;\"><strong>T\u00e9l\u00e9phone direct et coffre-fort<\/strong>, pour plus de s\u00e9curit\u00e9 et de confort<\/li>\n<\/ul>\n<p>[\/vc_column_text][vc_column_text css=\u00a0\u00bb\u00a0\u00bb]<\/p>\n<p style=\"text-align: center;\">Bien que les <strong>chambres Economy<\/strong> ne disposent pas de <strong>cabine de douche ou de bac \u00e0 douche<\/strong>, elles sont id\u00e9ales pour ceux qui recherchent une <strong>solution \u00e9conomique mais compl\u00e8te<\/strong>, dans un emplacement strat\u00e9gique \u00e0 quelques pas de la mer et des attractions touristiques de Rimini. Si vous souhaitez un s\u00e9jour pratique et abordable sans renoncer \u00e0 la qualit\u00e9<\/p>\n<p>&nbsp;<\/p>\n<div class=\"post-link\" style=\"text-align: center;\"><a class=\"post-link__btn\" href=\"https:\/\/www.scidoo.com\/preventivov2\/?cod=1028&#038;lang=3&amp;dataarr=2026-4-1&amp;notti=2&amp;adult=2&amp; IDsotto_struttura=0&amp;settore=1\" target=\"_blank\" rel=\"noopener noreferrer\">R\u00e9servez une chambre Economy<\/a><\/div>\n<p>&nbsp;<\/p>\n<div style=\"text-align: center;\">Le bon choix pour vous !<\/div>\n<p>[\/vc_column_text][vc_empty_space][\/vc_column][\/vc_row][vc_row css_animation=\u00a0\u00bb\u00a0\u00bb row_type=\u00a0\u00bbrow\u00a0\u00bb use_row_as_full_screen_section=\u00a0\u00bbno\u00a0\u00bb type=\u00a0\u00bbfull_width\u00a0\u00bb angled_section=\u00a0\u00bbno\u00a0\u00bb text_align=\u00a0\u00bbleft\u00a0\u00bb background_image_as_pattern=\u00a0\u00bbwithout_pattern\u00a0\u00bb][vc_column][qode_content_slider][qode_content_slider_item][vc_single_image image=\u00a0\u00bb3846&Prime; img_size=\u00a0\u00bblarge\u00a0\u00bb alignment=\u00a0\u00bbcenter\u00a0\u00bb qode_css_animation=\u00a0\u00bb\u00a0\u00bb][\/qode_content_slider_item][qode_content_slider_item][vc_single_image image=\u00a0\u00bb3845&Prime; img_size=\u00a0\u00bblarge\u00a0\u00bb alignment=\u00a0\u00bbcenter\u00a0\u00bb qode_css_animation=\u00a0\u00bb\u00a0\u00bb][\/qode_content_slider_item][qode_content_slider_item][vc_single_image image=\u00a0\u00bb3847&Prime; img_size=\u00a0\u00bblarge\u00a0\u00bb alignment=\u00a0\u00bbcenter\u00a0\u00bb qode_css_animation=\u00a0\u00bb\u00a0\u00bb][\/qode_content_slider_item][\/qode_content_slider][vc_empty_space][vc_separator css_animation=\u00a0\u00bbbounceInDown\u00a0\u00bb type=\u00a0\u00bbnormal\u00a0\u00bb color=\u00a0\u00bb#bcbcbc\u00a0\u00bb][\/vc_column][\/vc_row][vc_row css_animation=\u00a0\u00bb\u00a0\u00bb row_type=\u00a0\u00bbrow\u00a0\u00bb use_row_as_full_screen_section=\u00a0\u00bbno\u00a0\u00bb type=\u00a0\u00bbfull_width\u00a0\u00bb angled_section=\u00a0\u00bbno\u00a0\u00bb text_align=\u00a0\u00bbleft\u00a0\u00bb background_image_as_pattern=\u00a0\u00bbwithout_pattern\u00a0\u00bb][vc_column][vc_empty_space height=\u00a0\u00bb64px\u00a0\u00bb][\/vc_column][\/vc_row][vc_row css_animation=\u00a0\u00bb\u00a0\u00bb row_type=\u00a0\u00bbrow\u00a0\u00bb use_row_as_full_screen_section=\u00a0\u00bbno\u00a0\u00bb type=\u00a0\u00bbfull_width\u00a0\u00bb angled_section=\u00a0\u00bbno\u00a0\u00bb text_align=\u00a0\u00bbleft\u00a0\u00bb background_image_as_pattern=\u00a0\u00bbwithout_pattern\u00a0\u00bb][vc_column][vc_column_text]<\/p>\n<h2 style=\"text-align: center;\">Chambre familiale<\/h2>\n<p>\n[\/vc_column_text][\/vc_column][\/vc_row][vc_row css_animation=\u00a0\u00bb\u00a0\u00bb row_type=\u00a0\u00bbrow\u00a0\u00bb use_row_as_full_screen_section=\u00a0\u00bbno\u00a0\u00bb type=\u00a0\u00bbfull_width\u00a0\u00bb angled_section=\u00a0\u00bbno\u00a0\u00bb text_align=\u00a0\u00bbleft\u00a0\u00bb background_image_as_pattern=\u00a0\u00bbwithout_pattern\u00a0\u00bb][vc_column][vc_column_text css=\u00a0\u00bb\u00a0\u00bb]<\/p>\n<h4 style=\"text-align: center;\"><strong>Chambres familiales : espace et confort pour les familles et les groupes<\/strong><\/h4>\n<p><\/p>\n<p style=\"text-align: center;\">Les <strong>chambres familiales<\/strong> sont con\u00e7ues pour les familles ou les groupes d&rsquo;amis qui recherchent un <strong>h\u00e9bergement confortable<\/strong>, fonctionnel et pratique.<\/p>\n<p style=\"text-align: center;\">Spacieuses et <strong>lumineuses<\/strong>, elles offrent tout l&rsquo;espace n\u00e9cessaire pour garantir un s\u00e9jour serein et relaxant.<\/p>\n<p style=\"text-align: center;\">Les chambres sont \u00e9quip\u00e9es de :<\/p>\n<ul style=\"text-align: center;\">\n<li><strong>Salle de bain priv\u00e9e<\/strong> avec <strong>douche<\/strong>, kit de courtoisie et s\u00e8che-cheveux<\/li>\n<li><strong>Climatisation<\/strong>, pour un confort maximal en toute saison<\/li>\n<li><strong>Nettoyage quotidien<\/strong> pour des espaces toujours propres et accueillants<\/li>\n<li><strong>T\u00e9l\u00e9viseur \u00e0 \u00e9cran plat<\/strong> pour le divertissement de tous<\/li>\n<li><strong>T\u00e9l\u00e9phone<\/strong> et <strong>Internet Wi-Fi gratuit<\/strong>, pour rester connect\u00e9 \u00e0 tout moment<\/li>\n<li><strong>Coffre-fort<\/strong>, pour garantir la s\u00e9curit\u00e9 de vos effets personnels<\/li>\n<\/ul>\n<p style=\"text-align: center;\">Les <strong>chambres familiales<\/strong> peuvent accueillir confortablement <strong>trois ou quatre personnes<\/strong>, offrant un cadre id\u00e9al pour les familles et les petits groupes.<\/p>\n<p style=\"text-align: center;\">Id\u00e9alement situ\u00e9es \u00e0 <strong>Bellariva di Rimini<\/strong>, ces chambres sont parfaites pour des vacances plac\u00e9es sous le signe de la d\u00e9tente et de la praticit\u00e9. <\/p>\n<p>&nbsp;<\/p>\n<div class=\"post-link\" style=\"text-align: center;\"><a class=\"post-link__btn\" href=\"https:\/\/www.scidoo.com\/preventivov2\/?cod=1028&#038;lang=3&amp;dataarr=2026-4-1&amp;notti=2&amp;adult=2&amp; IDsotto_struttura=0&amp;settore=1\" target=\"_blank\" rel=\"noopener noreferrer\">R\u00e9server une chambre familiale<\/a><\/div>\n<p>\n[\/vc_column_text][vc_empty_space][\/vc_column][\/vc_row][vc_row css_animation=\u00a0\u00bb\u00a0\u00bb row_type=\u00a0\u00bbrow\u00a0\u00bb use_row_as_full_screen_section=\u00a0\u00bbno\u00a0\u00bb type=\u00a0\u00bbfull_width\u00a0\u00bb angled_section=\u00a0\u00bbno\u00a0\u00bb text_align=\u00a0\u00bbleft\u00a0\u00bb background_image_as_pattern=\u00a0\u00bbwithout_pattern\u00a0\u00bb][vc_column][qode_content_slider][qode_content_slider_item][vc_single_image image=\u00a0\u00bb1412&Prime; img_size=\u00a0\u00bblarge\u00a0\u00bb alignment=\u00a0\u00bbcenter\u00a0\u00bb qode_css_animation=\u00a0\u00bb\u00a0\u00bb][\/qode_content_slider_item][qode_content_slider_item][vc_single_image image=\u00a0\u00bb1421&Prime; img_size=\u00a0\u00bblarge\u00a0\u00bb alignment=\u00a0\u00bbcenter\u00a0\u00bb qode_css_animation=\u00a0\u00bb\u00a0\u00bb][\/qode_content_slider_item][qode_content_slider_item][vc_single_image image=\u00a0\u00bb1411&Prime; img_size=\u00a0\u00bblarge\u00a0\u00bb alignment=\u00a0\u00bbcenter\u00a0\u00bb qode_css_animation=\u00a0\u00bb\u00a0\u00bb][\/qode_content_slider_item][qode_content_slider_item][vc_single_image image=\u00a0\u00bb1410&Prime; img_size=\u00a0\u00bblarge\u00a0\u00bb alignment=\u00a0\u00bbcenter\u00a0\u00bb qode_css_animation=\u00a0\u00bb\u00a0\u00bb][\/qode_content_slider_item][\/qode_content_slider][\/vc_column][\/vc_row][vc_row css_animation=\u00a0\u00bb\u00a0\u00bb row_type=\u00a0\u00bbrow\u00a0\u00bb use_row_as_full_screen_section=\u00a0\u00bbno\u00a0\u00bb type=\u00a0\u00bbfull_width\u00a0\u00bb angled_section=\u00a0\u00bbno\u00a0\u00bb text_align=\u00a0\u00bbleft\u00a0\u00bb background_image_as_pattern=\u00a0\u00bbwithout_pattern\u00a0\u00bb][vc_column][vc_empty_space height=\u00a0\u00bb64px\u00a0\u00bb][\/vc_column][\/vc_row][vc_row css_animation=\u00a0\u00bb\u00a0\u00bb row_type=\u00a0\u00bbrow\u00a0\u00bb use_row_as_full_screen_section=\u00a0\u00bbno\u00a0\u00bb type=\u00a0\u00bbfull_width\u00a0\u00bb angled_section=\u00a0\u00bbno\u00a0\u00bb text_align=\u00a0\u00bbleft\u00a0\u00bb background_image_as_pattern=\u00a0\u00bbwithout_pattern\u00a0\u00bb z_index=\u00a0\u00bb\u00a0\u00bb css=\u00a0\u00bb.vc_custom_1521128407800{padding-top: 7% !important;padding-bottom: 7% !important;background-color: #dfd9d4 !important;}\u00a0\u00bb][vc_column][vc_column_text el_class=\u00a0\u00bbrooms-my\u00a0\u00bb]<\/p>\n<p style=\"text-align: center;\"><span style=\"color: #5f5959;\"><strong>Passez vos vacances en toute s\u00e9r\u00e9nit\u00e9, vous pourrez toujours compter sur <\/strong><strong>un personnel courtois et attentif \u00e0 vos besoins.<\/strong><\/span><\/p>\n<p>[\/vc_column_text][\/vc_column][\/vc_row][vc_row css_animation=\u00a0\u00bb\u00a0\u00bb row_type=\u00a0\u00bbrow\u00a0\u00bb use_row_as_full_screen_section=\u00a0\u00bbno\u00a0\u00bb type=\u00a0\u00bbfull_width\u00a0\u00bb angled_section=\u00a0\u00bbno\u00a0\u00bb text_align=\u00a0\u00bbleft\u00a0\u00bb background_image_as_pattern=\u00a0\u00bbwithout_pattern\u00a0\u00bb][vc_column][vc_empty_space height=\u00a0\u00bb64px\u00a0\u00bb][\/vc_column][\/vc_row]<\/p>\n<\/div>","protected":false},"excerpt":{"rendered":"<p>[vc_row css_animation=\u00a0\u00bb\u00a0\u00bb row_type=\u00a0\u00bbrow\u00a0\u00bb use_row_as_full_screen_section=\u00a0\u00bbno\u00a0\u00bb type=\u00a0\u00bbfull_width\u00a0\u00bb angled_section=\u00a0\u00bbno\u00a0\u00bb text_align=\u00a0\u00bbcenter\u00a0\u00bb background_image_as_pattern=\u00a0\u00bbwithout_pattern\u00a0\u00bb z_index=\u00a0\u00bb\u00a0\u00bb background_color=\u00a0\u00bb#dfd9d4&Prime; css=\u00a0\u00bb.vc_custom_1708328100632{background-color: #dfd9d4 !important;}\u00a0\u00bb][vc_column][vc_empty_space height=\u00a0\u00bb60px\u00a0\u00bb el_class=\u00a0\u00bbempty60&Prime;][vc_column_text] Les Chambres [\/vc_column_text][vc_column_text css=\u00a0\u00bb\u00a0\u00bb] Nos chambres vous accueilleront dans une atmosph\u00e8re relaxante et confortable, con\u00e7ue pour vous offrir un maximum de confort pendant votre s\u00e9jour. Gr\u00e2ce aux nombreux services \u00e0&#8230;<\/p>\n","protected":false},"author":1,"featured_media":0,"parent":0,"menu_order":0,"comment_status":"closed","ping_status":"closed","template":"","meta":{"_monsterinsights_skip_tracking":false,"_monsterinsights_sitenote_active":false,"_monsterinsights_sitenote_note":"","_monsterinsights_sitenote_category":0,"footnotes":""},"class_list":["post-3833","page","type-page","status-publish","hentry"],"aioseo_notices":[],"_links":{"self":[{"href":"https:\/\/hotelardesia.com\/fr\/wp-json\/wp\/v2\/pages\/3833","targetHints":{"allow":["GET"]}}],"collection":[{"href":"https:\/\/hotelardesia.com\/fr\/wp-json\/wp\/v2\/pages"}],"about":[{"href":"https:\/\/hotelardesia.com\/fr\/wp-json\/wp\/v2\/types\/page"}],"author":[{"embeddable":true,"href":"https:\/\/hotelardesia.com\/fr\/wp-json\/wp\/v2\/users\/1"}],"replies":[{"embeddable":true,"href":"https:\/\/hotelardesia.com\/fr\/wp-json\/wp\/v2\/comments?post=3833"}],"version-history":[{"count":0,"href":"https:\/\/hotelardesia.com\/fr\/wp-json\/wp\/v2\/pages\/3833\/revisions"}],"wp:attachment":[{"href":"https:\/\/hotelardesia.com\/fr\/wp-json\/wp\/v2\/media?parent=3833"}],"curies":[{"name":"wp","href":"https:\/\/api.w.org\/{rel}","templated":true}]}}