{"id":3855,"date":"2025-12-15T20:32:38","date_gmt":"2025-12-15T19:32:38","guid":{"rendered":"https:\/\/hotelardesia.com\/petit-dejeuner"},"modified":"2025-12-15T20:36:55","modified_gmt":"2025-12-15T19:36:55","slug":"petit-dejeuner","status":"publish","type":"page","link":"https:\/\/hotelardesia.com\/fr\/petit-dejeuner","title":{"rendered":"Petit-d\u00e9jeuner"},"content":{"rendered":"<div class=\"wpb-content-wrapper\"><p>[vc_row css_animation=\u00a0\u00bb\u00a0\u00bb row_type=\u00a0\u00bbrow\u00a0\u00bb use_row_as_full_screen_section=\u00a0\u00bbno\u00a0\u00bb type=\u00a0\u00bbfull_width\u00a0\u00bb angled_section=\u00a0\u00bbno\u00a0\u00bb text_align=\u00a0\u00bbleft\u00a0\u00bb background_image_as_pattern=\u00a0\u00bbwithout_pattern\u00a0\u00bb css=\u00a0\u00bb.vc_custom_1682210138308{margin-top: 3% !important;}\u00a0\u00bb z_index=\u00a0\u00bb\u00a0\u00bb][vc_column][qode_elements_holder number_of_columns=\u00a0\u00bbthree_columns\u00a0\u00bb][qode_elements_holder_item advanced_animations=\u00a0\u00bbno\u00a0\u00bb custom_class=\u00a0\u00bbrelative-box two\u00a0\u00bb][vc_single_image image=\u00a0\u00bb984&Prime; img_size=\u00a0\u00bbfull\u00a0\u00bb qode_css_animation=\u00a0\u00bb\u00a0\u00bb][\/qode_elements_holder_item][qode_elements_holder_item advanced_animations=\u00a0\u00bbno\u00a0\u00bb custom_class=\u00a0\u00bbrelative-box two\u00a0\u00bb][vc_single_image image=\u00a0\u00bb987&Prime; img_size=\u00a0\u00bbfull\u00a0\u00bb qode_css_animation=\u00a0\u00bb\u00a0\u00bb][\/qode_elements_holder_item][qode_elements_holder_item vertical_alignment=\u00a0\u00bbmiddle\u00a0\u00bb advanced_animations=\u00a0\u00bbno\u00a0\u00bb custom_class=\u00a0\u00bbrelative-box two\u00a0\u00bb][vc_column_text css=\u00a0\u00bb\u00a0\u00bb]<\/p>\n<h1 style=\"text-align: center;\">PETIT-D\u00c9JEUNER<\/h1>\n<p><\/p>\n<p style=\"text-align: center;\">\u00c0 l&rsquo;h\u00f4tel Ardesia, vous pourrez d\u00e9guster un petit-d\u00e9jeuner authentique et fait maison.<br \/>\nUn <strong>riche buffet de plats sucr\u00e9s et sal\u00e9s <\/strong>et de petites p\u00e2tisseries maison vous permettront de commencer la journ\u00e9e avec \u00e9nergie et enthousiasme.<\/p>\n<p><\/p>\n<p style=\"text-align: center;\">Vous pourrez choisir de le d\u00e9guster dans la grande <strong>salle climatis\u00e9e<\/strong> ou en plein air dans le <strong>jardin<\/strong> de l&rsquo;h\u00f4tel.<\/p>\n<p><\/p>\n<p style=\"text-align: center;\"><a class=\"qbutton read_more_button blue\" href=\"https:\/\/hotelardesia.com\/fr\/services\">Tous les services<\/a><\/p>\n<p>[\/vc_column_text][\/qode_elements_holder_item][\/qode_elements_holder][vc_empty_space height=\u00a0\u00bb60px\u00a0\u00bb][\/vc_column][\/vc_row][vc_row row_type=\u00a0\u00bbparallax\u00a0\u00bb header_style=\u00a0\u00bbdark\u00a0\u00bb parallax_content_width=\u00a0\u00bbfull_width\u00a0\u00bb text_align=\u00a0\u00bbcenter\u00a0\u00bb full_screen_section_height=\u00a0\u00bbno\u00a0\u00bb background_image=\u00a0\u00bb1188&Prime; section_height=\u00a0\u00bb350&Prime; parallax_speed=\u00a0\u00bb0.3&Prime;][vc_column][\/vc_column][\/vc_row][vc_row css_animation=\u00a0\u00bb\u00a0\u00bb row_type=\u00a0\u00bbrow\u00a0\u00bb use_row_as_full_screen_section=\u00a0\u00bbno\u00a0\u00bb type=\u00a0\u00bbfull_width\u00a0\u00bb angled_section=\u00a0\u00bbno\u00a0\u00bb text_align=\u00a0\u00bbleft\u00a0\u00bb background_image_as_pattern=\u00a0\u00bbwithout_pattern\u00a0\u00bb z_index=\u00a0\u00bb\u00a0\u00bb][vc_column][vc_empty_space][vc_column_text]<\/p>\n<p style=\"text-align: center;\">Le r\u00e9veil n&rsquo;a jamais \u00e9t\u00e9 aussi doux qu&rsquo;avec le <strong>petit-d\u00e9jeuner buffet<\/strong> de l&rsquo;h\u00f4tel Ardesia.<\/p>\n<p><\/p>\n<p style=\"text-align: center;\">Monica saura conqu\u00e9rir ses h\u00f4tes avec des pr\u00e9parations simples, respectueuses des saisons et de la fili\u00e8re courte, pour leur faire vivre des moments d&rsquo;insouciance et de d\u00e9tente en plein air pendant les belles journ\u00e9es d&rsquo;\u00e9t\u00e9 ou dans la salle int\u00e9rieure.<\/p>\n<p><\/p>\n<p style=\"text-align: center;\">Des alternatives <strong>v\u00e9g\u00e9tariennes<\/strong> et <strong>v\u00e9ganes<\/strong> ainsi que des <strong>produits sans gluten<\/strong> sont toujours disponibles, afin de r\u00e9pondre aux go\u00fbts et aux pr\u00e9f\u00e9rences de tous les clients.<\/p>\n<p>[\/vc_column_text][vc_empty_space][\/vc_column][\/vc_row]<\/p>\n<\/div>","protected":false},"excerpt":{"rendered":"<p>[vc_row css_animation=\u00a0\u00bb\u00a0\u00bb row_type=\u00a0\u00bbrow\u00a0\u00bb use_row_as_full_screen_section=\u00a0\u00bbno\u00a0\u00bb type=\u00a0\u00bbfull_width\u00a0\u00bb angled_section=\u00a0\u00bbno\u00a0\u00bb text_align=\u00a0\u00bbleft\u00a0\u00bb background_image_as_pattern=\u00a0\u00bbwithout_pattern\u00a0\u00bb css=\u00a0\u00bb.vc_custom_1682210138308{margin-top: 3% !important;}\u00a0\u00bb z_index=\u00a0\u00bb\u00a0\u00bb][vc_column][qode_elements_holder number_of_columns=\u00a0\u00bbthree_columns\u00a0\u00bb][qode_elements_holder_item advanced_animations=\u00a0\u00bbno\u00a0\u00bb custom_class=\u00a0\u00bbrelative-box two\u00a0\u00bb][vc_single_image image=\u00a0\u00bb984&Prime; img_size=\u00a0\u00bbfull\u00a0\u00bb qode_css_animation=\u00a0\u00bb\u00a0\u00bb][\/qode_elements_holder_item][qode_elements_holder_item advanced_animations=\u00a0\u00bbno\u00a0\u00bb custom_class=\u00a0\u00bbrelative-box two\u00a0\u00bb][vc_single_image image=\u00a0\u00bb987&Prime; img_size=\u00a0\u00bbfull\u00a0\u00bb qode_css_animation=\u00a0\u00bb\u00a0\u00bb][\/qode_elements_holder_item][qode_elements_holder_item vertical_alignment=\u00a0\u00bbmiddle\u00a0\u00bb advanced_animations=\u00a0\u00bbno\u00a0\u00bb custom_class=\u00a0\u00bbrelative-box two\u00a0\u00bb][vc_column_text css=\u00a0\u00bb\u00a0\u00bb] PETIT-D\u00c9JEUNER \u00c0 l&rsquo;h\u00f4tel Ardesia, vous pourrez d\u00e9guster un petit-d\u00e9jeuner authentique et fait maison. Un riche&#8230;<\/p>\n","protected":false},"author":1,"featured_media":0,"parent":0,"menu_order":0,"comment_status":"closed","ping_status":"closed","template":"","meta":{"_monsterinsights_skip_tracking":false,"_monsterinsights_sitenote_active":false,"_monsterinsights_sitenote_note":"","_monsterinsights_sitenote_category":0,"footnotes":""},"class_list":["post-3855","page","type-page","status-publish","hentry"],"aioseo_notices":[],"_links":{"self":[{"href":"https:\/\/hotelardesia.com\/fr\/wp-json\/wp\/v2\/pages\/3855","targetHints":{"allow":["GET"]}}],"collection":[{"href":"https:\/\/hotelardesia.com\/fr\/wp-json\/wp\/v2\/pages"}],"about":[{"href":"https:\/\/hotelardesia.com\/fr\/wp-json\/wp\/v2\/types\/page"}],"author":[{"embeddable":true,"href":"https:\/\/hotelardesia.com\/fr\/wp-json\/wp\/v2\/users\/1"}],"replies":[{"embeddable":true,"href":"https:\/\/hotelardesia.com\/fr\/wp-json\/wp\/v2\/comments?post=3855"}],"version-history":[{"count":0,"href":"https:\/\/hotelardesia.com\/fr\/wp-json\/wp\/v2\/pages\/3855\/revisions"}],"wp:attachment":[{"href":"https:\/\/hotelardesia.com\/fr\/wp-json\/wp\/v2\/media?parent=3855"}],"curies":[{"name":"wp","href":"https:\/\/api.w.org\/{rel}","templated":true}]}}