{"id":3875,"date":"2025-12-15T20:39:36","date_gmt":"2025-12-15T19:39:36","guid":{"rendered":"https:\/\/hotelardesia.com\/contacts-hotel-ardesia"},"modified":"2026-02-17T14:54:45","modified_gmt":"2026-02-17T13:54:45","slug":"contacts-hotel-ardesia","status":"publish","type":"page","link":"https:\/\/hotelardesia.com\/fr\/contacts-hotel-ardesia","title":{"rendered":"Contacts"},"content":{"rendered":"<div class=\"wpb-content-wrapper\"><p>[vc_row css_animation=\u00a0\u00bb\u00a0\u00bb row_type=\u00a0\u00bbrow\u00a0\u00bb use_row_as_full_screen_section=\u00a0\u00bbno\u00a0\u00bb type=\u00a0\u00bbfull_width\u00a0\u00bb angled_section=\u00a0\u00bbno\u00a0\u00bb text_align=\u00a0\u00bbleft\u00a0\u00bb background_image_as_pattern=\u00a0\u00bbwithout_pattern\u00a0\u00bb][vc_column][vc_column_text][\/vc_column_text][\/vc_column][\/vc_row][vc_row css_animation=\u00a0\u00bb\u00a0\u00bb row_type=\u00a0\u00bbrow\u00a0\u00bb use_row_as_full_screen_section=\u00a0\u00bbno\u00a0\u00bb type=\u00a0\u00bbfull_width\u00a0\u00bb angled_section=\u00a0\u00bbno\u00a0\u00bb text_align=\u00a0\u00bbleft\u00a0\u00bb background_image_as_pattern=\u00a0\u00bbwithout_pattern\u00a0\u00bb][vc_column][vc_empty_space height=\u00a0\u00bb100px\u00a0\u00bb][vc_column_text]<\/p>\n<h1 style=\"text-align: center;\">Contacts<\/h1>\n<p>\n[\/vc_column_text][vc_empty_space height=\u00a0\u00bb30px\u00a0\u00bb][vc_column_text]<\/p>\n<p style=\"text-align: center;\">Vous avez des questions ? Nous sommes \u00e0 votre disposition !<br \/>\nVous pouvez nous contacter sans engagement par t\u00e9l\u00e9phone, par e-mail ou en remplissant le formulaire ci-dessous.<br \/>\nNous serons ravis de r\u00e9pondre \u00e0 toutes vos demandes.<\/p>\n<p>[\/vc_column_text][qode_elements_holder number_of_columns=\u00a0\u00bbone_column\u00a0\u00bb alignment_one_column=\u00a0\u00bbcenter\u00a0\u00bb][qode_elements_holder_item advanced_animations=\u00a0\u00bbno\u00a0\u00bb][vc_column_text css=\u00a0\u00bb\u00a0\u00bb el_class=\u00a0\u00bbmax-1000&Prime;]<\/p>\n<p style=\"text-align: center;\"><strong>T\u00e9l: <\/strong><a class=\"email-footer\" href=\"tel:+390541389363\">0541.389363<\/a><br \/>\n<strong>E-mail<\/strong>: <a class=\"email-contatti\" href=\"mailto:info@hotelardesia.com?subject=Richiesta informazioni dal sito albergoardesia.it\">info@hotelardesia.com<\/a><br \/>\n<strong>Whatsapp<\/strong>: <a class=\"email-footer\" href=\"https:\/\/wa.me\/393886338363\">+39 388 633 8363<\/a><\/p>\n<p>[\/vc_column_text][vc_raw_html css=\u00a0\u00bb\u00a0\u00bb]PGRpdiBzdHlsZT0idGV4dC1hbGlnbjogY2VudGVyOyIgY2xhc3M9ImZvcm0tZXh0Ij4NCiAgICA8ZGl2IHN0eWxlPSJwYWRkaW5nLXRvcDogMjBweDsgbWFyZ2luLXRvcDogOHB4OyI+PC9kaXY+PGJyPiAgICA8aDMgc3R5bGU9InRleHQtYWxpZ246IGNlbnRlcjsiPkRlbWFuZGUgZCdpbmZvcm1hdGlvbnM8L2gzPjxicj4gICAgPGRpdiBpZD0iY29udGFpbmVyX2NvbnRhdHRpIiBzdHlsZT0idGV4dC1hbGlnbjogY2VudGVyIWltcG9ydGFudDsiPjwvZGl2Pjxicj48L2Rpdj48YnI+PGJyPjxzY3JpcHQgc3JjPSJodHRwczovL3d3dy5zY2lkb28uY29tL3dpZGdldF9jb250YXR0aS9pbmNsdWRlX3dpZGdldF9jb250YXR0aS5qcyIgZGF0YS1jb2RpY2U9IjEwMjgiIGRhdGEtbGFuZz0iMyIgZGF0YS12aXN1YWxpenphLWV4dHJhPSIxIiBkYXRhLXN0cnV0dHVyYT0iLTEiIGRhdGEtbHVvZ289IjAiIGRhdGEtY29udGFpbmVyPSJjb250YWluZXJfY29udGF0dGkiPjwvc2NyaXB0Pg==[\/vc_raw_html][\/qode_elements_holder_item][\/qode_elements_holder][vc_empty_space height=\u00a0\u00bb60px\u00a0\u00bb][\/vc_column][\/vc_row][vc_row css_animation=\u00a0\u00bb\u00a0\u00bb row_type=\u00a0\u00bbrow\u00a0\u00bb use_row_as_full_screen_section=\u00a0\u00bbno\u00a0\u00bb type=\u00a0\u00bbfull_width\u00a0\u00bb angled_section=\u00a0\u00bbno\u00a0\u00bb text_align=\u00a0\u00bbleft\u00a0\u00bb background_image_as_pattern=\u00a0\u00bbwithout_pattern\u00a0\u00bb][vc_column][vc_column_text][\/vc_column_text][\/vc_column][\/vc_row]<\/p>\n<\/div>","protected":false},"excerpt":{"rendered":"<p>[vc_row css_animation=\u00a0\u00bb\u00a0\u00bb row_type=\u00a0\u00bbrow\u00a0\u00bb use_row_as_full_screen_section=\u00a0\u00bbno\u00a0\u00bb type=\u00a0\u00bbfull_width\u00a0\u00bb angled_section=\u00a0\u00bbno\u00a0\u00bb text_align=\u00a0\u00bbleft\u00a0\u00bb background_image_as_pattern=\u00a0\u00bbwithout_pattern\u00a0\u00bb][vc_column][vc_column_text][\/vc_column_text][\/vc_column][\/vc_row][vc_row css_animation=\u00a0\u00bb\u00a0\u00bb row_type=\u00a0\u00bbrow\u00a0\u00bb use_row_as_full_screen_section=\u00a0\u00bbno\u00a0\u00bb type=\u00a0\u00bbfull_width\u00a0\u00bb angled_section=\u00a0\u00bbno\u00a0\u00bb text_align=\u00a0\u00bbleft\u00a0\u00bb background_image_as_pattern=\u00a0\u00bbwithout_pattern\u00a0\u00bb][vc_column][vc_empty_space height=\u00a0\u00bb100px\u00a0\u00bb][vc_column_text] Contacts [\/vc_column_text][vc_empty_space height=\u00a0\u00bb30px\u00a0\u00bb][vc_column_text] Vous avez des questions ? Nous sommes \u00e0 votre disposition ! Vous pouvez nous contacter sans engagement par t\u00e9l\u00e9phone, par e-mail ou en remplissant le formulaire&#8230;<\/p>\n","protected":false},"author":1,"featured_media":0,"parent":0,"menu_order":0,"comment_status":"closed","ping_status":"closed","template":"","meta":{"_monsterinsights_skip_tracking":false,"_monsterinsights_sitenote_active":false,"_monsterinsights_sitenote_note":"","_monsterinsights_sitenote_category":0,"footnotes":""},"class_list":["post-3875","page","type-page","status-publish","hentry"],"aioseo_notices":[],"_links":{"self":[{"href":"https:\/\/hotelardesia.com\/fr\/wp-json\/wp\/v2\/pages\/3875","targetHints":{"allow":["GET"]}}],"collection":[{"href":"https:\/\/hotelardesia.com\/fr\/wp-json\/wp\/v2\/pages"}],"about":[{"href":"https:\/\/hotelardesia.com\/fr\/wp-json\/wp\/v2\/types\/page"}],"author":[{"embeddable":true,"href":"https:\/\/hotelardesia.com\/fr\/wp-json\/wp\/v2\/users\/1"}],"replies":[{"embeddable":true,"href":"https:\/\/hotelardesia.com\/fr\/wp-json\/wp\/v2\/comments?post=3875"}],"version-history":[{"count":0,"href":"https:\/\/hotelardesia.com\/fr\/wp-json\/wp\/v2\/pages\/3875\/revisions"}],"wp:attachment":[{"href":"https:\/\/hotelardesia.com\/fr\/wp-json\/wp\/v2\/media?parent=3875"}],"curies":[{"name":"wp","href":"https:\/\/api.w.org\/{rel}","templated":true}]}}