{"id":3882,"date":"2025-12-15T20:42:39","date_gmt":"2025-12-15T19:42:39","guid":{"rendered":"https:\/\/hotelardesia.com\/conventions-entreprises"},"modified":"2026-02-17T15:23:09","modified_gmt":"2026-02-17T14:23:09","slug":"conventions-entreprises","status":"publish","type":"page","link":"https:\/\/hotelardesia.com\/fr\/conventions-entreprises","title":{"rendered":"Conventions Entreprises"},"content":{"rendered":"<div class=\"wpb-content-wrapper\"><p>[vc_row css_animation=\u00a0\u00bb\u00a0\u00bb row_type=\u00a0\u00bbrow\u00a0\u00bb use_row_as_full_screen_section=\u00a0\u00bbno\u00a0\u00bb type=\u00a0\u00bbfull_width\u00a0\u00bb angled_section=\u00a0\u00bbno\u00a0\u00bb text_align=\u00a0\u00bbleft\u00a0\u00bb background_image_as_pattern=\u00a0\u00bbwithout_pattern\u00a0\u00bb][vc_column][vc_column_text css=\u00a0\u00bb\u00a0\u00bb]<\/p>\n<h1><\/h1>\n<p>&nbsp;<\/p>\n<h1>CONVENTIONS D&rsquo;ENTREPRISE<\/h1>\n<p>&nbsp;<\/p>\n<h2>Choisissez l&rsquo;h\u00f4tel Ardesia pour votre s\u00e9jour professionnel ou pour vos collaborateurs !<\/h2>\n<p>Il y a de nombreux avantages \u00e0 conclure une convention d&rsquo;entreprise avec notre h\u00f4tel :<\/p>\n<ul>\n<li><strong>Tarif garanti<\/strong> : vous pouvez r\u00e9server au meilleur tarif d&rsquo;entreprise disponible en \u00e9vitant les surprises de derni\u00e8re minute et les majorations dict\u00e9es par le march\u00e9.<\/li>\n<li class=\"v1MsoNormal\"><span lang=\"IT\"><strong>Annulation gratuite<\/strong> :<\/span><span lang=\"IT\"> jusqu&rsquo;\u00e0 24 heures avant le jour de l&rsquo;arriv\u00e9e, vous pouvez annuler sans p\u00e9nalit\u00e9<\/span><\/li>\n<li><strong>Facilit\u00e9 de r\u00e9servation et de communication<\/strong> : vous pouvez toujours nous \u00e9crire par e-mail \u00e0 info@hotelardesia.com ou sur WhatsApp au +39 388 633 83 63<\/li>\n<li><strong>Meilleure chambre disponible :<\/strong> la meilleure chambre disponible vous sera attribu\u00e9e gratuitement<\/li>\n<li class=\"v1MsoNormal\"><span lang=\"IT\"><b>Petit-d\u00e9jeuner buffet :<\/b> des produits de qualit\u00e9 et les saveurs d&rsquo;un petit-d\u00e9jeuner authentique et fait maison<\/span><\/li>\n<p> \t<\/p>\n<li class=\"v1MsoNormal\"><span lang=\"IT\"><b>Internet Wi-Fi :<\/b> fibre optique illimit\u00e9e et gratuite<\/span><\/li>\n<p> \t<\/p>\n<li><strong>Restaurants partenaires :<\/strong> r\u00e9duction de 10 %<\/li>\n<p> \t<\/p>\n<li><strong>Parking gratuit<\/strong> : dans la rue devant l&rsquo;h\u00f4tel ou dans les rues avoisinantes<\/li>\n<p><\/ul>\n<p>&nbsp;<\/p>\n<h5>Nous collaborons d\u00e9j\u00e0 avec <a href=\"https:\/\/www.auslromagna.it\/luoghi\/ospedali\/ospedale-infermi-di-rimini\">l&rsquo;h\u00f4pital de Rimini<\/a>, <a href=\"https:\/\/www.nuovaricerca.com\/\">Nuova Ricerca di Rimini<\/a>, <a href=\"https:\/\/www.sgrlucegas.com\/\">Centre des congr\u00e8s SGR<\/a>, <a href=\"https:\/\/grosrimini.com\/\">GROS Rimini<\/a>, <a href=\"https:\/\/www.riminipalacongressi.it\/\">Palacongressi Rimini<\/a>, <a href=\"https:\/\/www.lebefane.it\/\">Le Befane Shopping Centre<\/a> et bien d&rsquo;autres r\u00e9alit\u00e9s nationales et internationales. Nous sommes \u00e9galement tr\u00e8s proches du <a href=\"https:\/\/www.stadiumrimini.net\/\">RDS Stadium et des concerts !<\/a><\/h5>\n<p>&nbsp;<\/p>\n<p style=\"text-align: center;\"><b><span lang=\"IT\">Pour PLUS D&rsquo;INFORMATIONS ET R\u00c9SERVATIONS<\/span><\/b><\/p>\n<p><\/p>\n<p class=\"v1MsoNormal\" style=\"text-align: center;\"><b><span lang=\"IT\">T\u00e9l.<\/span><\/b><span lang=\"IT\"> +39 0541 389363<\/span><\/p>\n<p><\/p>\n<p class=\"v1MsoNormal\" style=\"text-align: center;\"><b>Whatsapp<\/b>. +39 388 633 8363<\/p>\n<p><\/p>\n<p class=\"v1MsoNormal\" style=\"text-align: center;\"><b>E-mail<\/b> : <span lang=\"IT\"><a href=\"mailto:info@hotelardesia.com\" rel=\"noreferrer\"><span lang=\"EN-US\">info@hotelardesia.com<\/span><\/a><\/span><\/p>\n<p>[\/vc_column_text][\/vc_column][\/vc_row][vc_row css_animation=\u00a0\u00bb\u00a0\u00bb row_type=\u00a0\u00bbrow\u00a0\u00bb use_row_as_full_screen_section=\u00a0\u00bbno\u00a0\u00bb type=\u00a0\u00bbfull_width\u00a0\u00bb angled_section=\u00a0\u00bbno\u00a0\u00bb text_align=\u00a0\u00bbleft\u00a0\u00bb background_image_as_pattern=\u00a0\u00bbwithout_pattern\u00a0\u00bb][vc_column][qode_elements_holder number_of_columns=\u00a0\u00bbone_column\u00a0\u00bb][qode_elements_holder_item advanced_animations=\u00a0\u00bbno\u00a0\u00bb][vc_column_text el_class=\u00a0\u00bbmax-1000&Prime;]<\/p>\n<div class=\"form-ext\">\n<h3>Demander des informations<\/h3>\n<p><script src=\"https:\/\/www.scidoo.com\/widget_contatti\/include_widget_contatti.js\" data-codice=\"1028\" data-lang=\"0\" data-visualizza-extra=\"1\" data-struttura=\"-1\" data-luogo=\"3\" data-container=\"container_contatti\"><\/script><\/p>\n<div id=\"container_contatti\"><\/div>\n<p><\/div>\n<p>[\/vc_column_text][\/qode_elements_holder_item][\/qode_elements_holder][vc_empty_space][\/vc_column][\/vc_row][vc_row css_animation=\u00a0\u00bb\u00a0\u00bb row_type=\u00a0\u00bbrow\u00a0\u00bb use_row_as_full_screen_section=\u00a0\u00bbno\u00a0\u00bb type=\u00a0\u00bbfull_width\u00a0\u00bb angled_section=\u00a0\u00bbno\u00a0\u00bb text_align=\u00a0\u00bbleft\u00a0\u00bb background_image_as_pattern=\u00a0\u00bbwithout_pattern\u00a0\u00bb][vc_column][vc_column_text][\/vc_column_text][\/vc_column][\/vc_row]<\/p>\n<\/div>","protected":false},"excerpt":{"rendered":"<p>[vc_row css_animation=\u00a0\u00bb\u00a0\u00bb row_type=\u00a0\u00bbrow\u00a0\u00bb use_row_as_full_screen_section=\u00a0\u00bbno\u00a0\u00bb type=\u00a0\u00bbfull_width\u00a0\u00bb angled_section=\u00a0\u00bbno\u00a0\u00bb text_align=\u00a0\u00bbleft\u00a0\u00bb background_image_as_pattern=\u00a0\u00bbwithout_pattern\u00a0\u00bb][vc_column][vc_column_text css=\u00a0\u00bb\u00a0\u00bb] &nbsp; CONVENTIONS D&rsquo;ENTREPRISE &nbsp; Choisissez l&rsquo;h\u00f4tel Ardesia pour votre s\u00e9jour professionnel ou pour vos collaborateurs ! Il y a de nombreux avantages \u00e0 conclure une convention d&rsquo;entreprise avec notre h\u00f4tel : Tarif garanti : vous pouvez&#8230;<\/p>\n","protected":false},"author":1,"featured_media":0,"parent":0,"menu_order":0,"comment_status":"closed","ping_status":"closed","template":"","meta":{"_monsterinsights_skip_tracking":false,"_monsterinsights_sitenote_active":false,"_monsterinsights_sitenote_note":"","_monsterinsights_sitenote_category":0,"footnotes":""},"class_list":["post-3882","page","type-page","status-publish","hentry"],"aioseo_notices":[],"_links":{"self":[{"href":"https:\/\/hotelardesia.com\/fr\/wp-json\/wp\/v2\/pages\/3882","targetHints":{"allow":["GET"]}}],"collection":[{"href":"https:\/\/hotelardesia.com\/fr\/wp-json\/wp\/v2\/pages"}],"about":[{"href":"https:\/\/hotelardesia.com\/fr\/wp-json\/wp\/v2\/types\/page"}],"author":[{"embeddable":true,"href":"https:\/\/hotelardesia.com\/fr\/wp-json\/wp\/v2\/users\/1"}],"replies":[{"embeddable":true,"href":"https:\/\/hotelardesia.com\/fr\/wp-json\/wp\/v2\/comments?post=3882"}],"version-history":[{"count":0,"href":"https:\/\/hotelardesia.com\/fr\/wp-json\/wp\/v2\/pages\/3882\/revisions"}],"wp:attachment":[{"href":"https:\/\/hotelardesia.com\/fr\/wp-json\/wp\/v2\/media?parent=3882"}],"curies":[{"name":"wp","href":"https:\/\/api.w.org\/{rel}","templated":true}]}}