{"id":3885,"date":"2025-12-15T20:44:50","date_gmt":"2025-12-15T19:44:50","guid":{"rendered":"https:\/\/hotelardesia.com\/politique-des-cookies"},"modified":"2025-12-15T20:44:50","modified_gmt":"2025-12-15T19:44:50","slug":"politique-des-cookies","status":"publish","type":"page","link":"https:\/\/hotelardesia.com\/fr\/politique-des-cookies","title":{"rendered":"Politique des cookies"},"content":{"rendered":"<div class=\"wpb-content-wrapper\"><p>[vc_row css_animation=\u00a0\u00bb\u00a0\u00bb row_type=\u00a0\u00bbrow\u00a0\u00bb use_row_as_full_screen_section=\u00a0\u00bbno\u00a0\u00bb type=\u00a0\u00bbfull_width\u00a0\u00bb angled_section=\u00a0\u00bbno\u00a0\u00bb text_align=\u00a0\u00bbleft\u00a0\u00bb background_image_as_pattern=\u00a0\u00bbwithout_pattern\u00a0\u00bb][vc_column][vc_empty_space height=\u00a0\u00bb60px\u00a0\u00bb][vc_column_text]<\/p>\n<h1 style=\"text-align: center;\">Politique des cookies<\/h1>\n<p>[\/vc_column_text][vc_empty_space height=\u00a0\u00bb60px\u00a0\u00bb][\/vc_column][\/vc_row][vc_row css_animation=\u00a0\u00bb\u00a0\u00bb row_type=\u00a0\u00bbrow\u00a0\u00bb use_row_as_full_screen_section=\u00a0\u00bbno\u00a0\u00bb type=\u00a0\u00bbfull_width\u00a0\u00bb angled_section=\u00a0\u00bbno\u00a0\u00bb text_align=\u00a0\u00bbleft\u00a0\u00bb background_image_as_pattern=\u00a0\u00bbwithout_pattern\u00a0\u00bb][vc_column][vc_column_text css=\u00a0\u00bb\u00a0\u00bb]<\/p>\n<table width=\"100%\">\n<tbody>\n<tr>\n<th style=\"text-align: left;\" colspan=\"2\" valign=\"top\">Informations sur la soci\u00e9t\u00e9<\/th>\n<\/tr>\n<tr>\n<td valign=\"top\" nowrap=\"nowrap\" width=\"30%\">Responsable du traitement des donn\u00e9es<\/td>\n<td valign=\"top\"><strong>Gems Hotel Sas<\/strong><\/td>\n<\/tr>\n<tr>\n<td valign=\"top\" nowrap=\"nowrap\" width=\"30%\">Adresse du si\u00e8ge social<\/td>\n<td valign=\"top\"><strong> Viale delle Rimembranze, 80 47924 Bellariva, Rimini (RN)<\/strong><\/td>\n<\/tr>\n<tr>\n<td valign=\"top\" nowrap=\"nowrap\" width=\"30%\">Num\u00e9ro de TVA<\/td>\n<td valign=\"top\"><strong>00267650406<\/strong><\/td>\n<\/tr>\n<tr>\n<td valign=\"top\" nowrap=\"nowrap\" width=\"30%\">Responsable du traitement des donn\u00e9es personnelles<\/td>\n<td valign=\"top\"><strong>Guenda Mancini<\/strong><\/td>\n<\/tr>\n<tr>\n<td valign=\"top\" nowrap=\"nowrap\" width=\"30%\">Num\u00e9ro d&rsquo;inscription au registre des entreprises<\/td>\n<td valign=\"top\"><strong>RN &#8211; 190807<\/strong><\/td>\n<\/tr>\n<tr>\n<td valign=\"top\" nowrap=\"nowrap\" width=\"30%\">Code d&rsquo;identification<\/td>\n<td valign=\"top\"><strong>CIR 099014-AL-01009 CIN IT099014A1ZCTZ4KQZ<\/strong><\/td>\n<\/tr>\n<\/tbody>\n<\/table>\n<p><\/p>\n<h4><\/h4>\n<p>&nbsp;<\/p>\n<h4><strong><u>Politique en mati\u00e8re de cookies et pr\u00e9f\u00e9rences<\/u><\/strong><\/h4>\n<p>Nous vous informons que l&rsquo;h\u00f4tel Ardesia utilise des cookies ou d&rsquo;autres outils de tra\u00e7abilit\u00e9 sur son site web https:\/\/hotelardesia.com\/<\/p>\n<p>Les outils de tra\u00e7abilit\u00e9 peuvent \u00eatre install\u00e9s sur l&rsquo;appareil de l&rsquo;utilisateur en fonction des pr\u00e9f\u00e9rences d\u00e9j\u00e0 exprim\u00e9es ou qui pourront \u00eatre exprim\u00e9es \u00e0 tout moment conform\u00e9ment \u00e0 la pr\u00e9sente politique.<\/p>\n<p><strong>1. \u00c0 quoi sert la politique en mati\u00e8re de cookies ?<\/strong><\/p>\n<p>Afin de garantir une transparence maximale, l&rsquo;h\u00f4tel Ardesia a d\u00e9fini la pr\u00e9sente politique afin d&rsquo;offrir \u00e0 l&rsquo;utilisateur davantage d&rsquo;informations sur :<\/p>\n<ul>\n<li>L&rsquo;origine et la finalit\u00e9 des informations trait\u00e9es lors de la navigation de l&rsquo;utilisateur sur<br \/>\nhttps:\/\/hotelardesia.com\/.<\/li>\n<li>Les droits de l&rsquo;utilisateur en mati\u00e8re de cookies et autres outils de tra\u00e7abilit\u00e9 utilis\u00e9s par l&rsquo;h\u00f4tel Ardesia.<\/li>\n<\/ul>\n<p><strong>2. Qu&rsquo;est-ce qu&rsquo;un cookie ?<\/strong><\/p>\n<p>Les cookies et autres outils de tra\u00e7abilit\u00e9 similaires sont des paquets de donn\u00e9es utilis\u00e9s par les serveurs pour transmettre des informations d&rsquo;\u00e9tat au navigateur de l&rsquo;utilisateur et envoyer des informations d&rsquo;\u00e9tat au serveur d&rsquo;origine via ce m\u00eame navigateur.<br \/>Parmi les exemples d&rsquo;informations d&rsquo;\u00e9tat, on peut citer l&rsquo;identifiant d&rsquo;une session, la langue, la date d&rsquo;expiration, le champ de r\u00e9ponse ou d&rsquo;autres types d&rsquo;informations.<br \/>Pendant leur p\u00e9riode de validit\u00e9, les cookies sont utilis\u00e9s pour stocker des informations d&rsquo;\u00e9tat lorsque l&rsquo;utilisateur acc\u00e8de, via son navigateur, aux diff\u00e9rentes pages d&rsquo;un site web ou lorsqu&rsquo;il revisite le m\u00eame site ult\u00e9rieurement.<\/p>\n<p>Il existe diff\u00e9rents types de cookies :<\/p>\n<ul>\n<li>Les cookies de session sont supprim\u00e9s d\u00e8s que l&rsquo;utilisateur ferme son navigateur ou quitte le site web<\/li>\n<li>Les cookies persistants restent sur l&rsquo;appareil de l&rsquo;utilisateur jusqu&rsquo;\u00e0 leur expiration ou jusqu&rsquo;\u00e0 ce qu&rsquo;ils soient supprim\u00e9s \u00e0 l&rsquo;aide des fonctionnalit\u00e9s du navigateur<\/li>\n<\/ul>\n<p><strong>3. Pourquoi utilisons-nous des cookies ?<\/strong><\/p>\n<p>Les cookies et autres outils de tra\u00e7abilit\u00e9 sont principalement utilis\u00e9s pour les raisons suivantes :<\/p>\n<p>Les cookies sont indispensables pour naviguer sur le site https:\/\/hotelardesia.com\/ et utiliser pleinement ses fonctionnalit\u00e9s. Ils permettent notamment :<\/p>\n<ul>\n<li>de g\u00e9rer l&rsquo;authentification des visiteurs sur le site web et les mesures de s\u00e9curit\u00e9 associ\u00e9es, et de garantir le bon fonctionnement du module d&rsquo;authentification<\/li>\n<li>optimiser l&rsquo;exp\u00e9rience utilisateur et simplifier la navigation, notamment en d\u00e9terminant des \u00ab chemins techniques \u00bb pour la navigation<\/li>\n<li>m\u00e9moriser les informations relatives \u00e0 la banni\u00e8re d&rsquo;information \u00ab cookies \u00bb vue par les visiteurs du site web qui continuent \u00e0 naviguer sur le site apr\u00e8s avoir accept\u00e9 les cookies sur leur appareil<\/li>\n<li>adopter des mesures de s\u00e9curit\u00e9 (par exemple, lorsque l&rsquo;utilisateur est invit\u00e9 \u00e0 se reconnecter pour acc\u00e9der \u00e0 des contenus ou \u00e0 des services apr\u00e8s un certain laps de temps ou pour garantir le fonctionnement de base de https:\/\/hotelardesia.com\/ et l&rsquo;utilisation de ses principales fonctionnalit\u00e9s, notamment le suivi des performances et des erreurs de navigation, la gestion des sessions utilisateur, etc.\n<\/ul>\n<p>Les cookies de fonctionnalit\u00e9 sont principalement n\u00e9cessaires pour :<\/p>\n<ul>\n<li>adapter https:\/\/hotelardesia.com\/ aux pr\u00e9f\u00e9rences d&rsquo;affichage de l&rsquo;appareil de l&rsquo;utilisateur (langue, devise, r\u00e9solution d&rsquo;affichage, syst\u00e8me d&rsquo;exploitation utilis\u00e9, configuration et param\u00e8tres d&rsquo;affichage des pages web en fonction de l&rsquo;appareil utilis\u00e9 et de la localisation de l&rsquo;utilisateur, etc.) <\/li>\n<li>stocker les informations que l&rsquo;utilisateur saisit sur https:\/\/hotelardesia.com\/ afin de faciliter et de personnaliser ses prochaines visites sur ces m\u00eames sites (y compris l&rsquo;affichage du nom et du pr\u00e9nom du visiteur, s&rsquo;il dispose d&rsquo;un compte utilisateur)\n<li>permettre \u00e0 l&rsquo;utilisateur d&rsquo;acc\u00e9der plus rapidement aux pages personnelles en m\u00e9morisant les donn\u00e9es ou les informations d&rsquo;acc\u00e8s saisies pr\u00e9c\u00e9demment<br \/>\nLes cookies de tra\u00e7abilit\u00e9 des visiteurs ont pour but d&rsquo;am\u00e9liorer l&rsquo;exp\u00e9rience utilisateur en nous aidant \u00e0 comprendre comment l&rsquo;utilisateur interagit avec https:\/\/hotelardesia.com\/ (pages les plus visit\u00e9es, applications utilis\u00e9es, etc.) ; ces cookies peuvent collecter des donn\u00e9es statistiques ou tester les diff\u00e9rentes modalit\u00e9s d&rsquo;affichage des informations afin d&rsquo;am\u00e9liorer la pertinence et la facilit\u00e9 d&rsquo;utilisation de nos services.\n<\/ul>\n<p>Les cookies \u00e0 des fins publicitaires sont con\u00e7us pour (i) proposer des contenus cibl\u00e9s dans des espaces publicitaires susceptibles d&rsquo;int\u00e9resser l&rsquo;utilisateur (meilleures offres, autres destinations, etc.) en fonction de ses int\u00e9r\u00eats, de son comportement de navigation, de ses pr\u00e9f\u00e9rences et d&rsquo;autres facteurs ; et (ii) r\u00e9duire le nombre d&rsquo;affichages des publicit\u00e9s.<\/p>\n<p>Les cookies d&rsquo;affiliation identifient le site web tiers qui a redirig\u00e9 un visiteur vers https:\/\/hotelardesia.com\/<\/p>\n<p>Les cookies des r\u00e9seaux sociaux, mis en place par des tiers, permettent \u00e0 l&rsquo;utilisateur de partager son opinion et le contenu de https:\/\/hotelardesia.com\/ sur les r\u00e9seaux sociaux (par exemple, via les boutons \u00ab Partager \u00bb ou \u00ab J&rsquo;aime \u00bb des r\u00e9seaux sociaux).<\/p>\n<p>Dans certains cas, les applications des r\u00e9seaux sociaux sur https:\/\/hotelardesia.com\/ mentionn\u00e9es ci-dessus peuvent permettre aux r\u00e9seaux sociaux correspondants d&rsquo;identifier l&rsquo;utilisateur m\u00eame s&rsquo;il ne s\u00e9lectionne pas le bouton d&rsquo;acc\u00e8s \u00e0 l&rsquo;application. Ce type de bouton peut permettre \u00e0 un r\u00e9seau social de suivre l&rsquo;activit\u00e9 de navigation de l&rsquo;utilisateur sur https:\/\/hotelardesia.com\/ simplement parce que le compte du r\u00e9seau social est activ\u00e9 sur l&rsquo;appareil de l&rsquo;utilisateur (session ouverte) pendant la navigation.<\/p>\n<p>Nous invitons l&rsquo;utilisateur \u00e0 lire les politiques d&rsquo;utilisation des r\u00e9seaux sociaux susmentionn\u00e9s afin de mieux comprendre comment ceux-ci utilisent les informations de navigation qu&rsquo;ils peuvent collecter, notamment \u00e0 des fins promotionnelles. Ces politiques doivent permettre explicitement \u00e0 l&rsquo;utilisateur de faire des choix sur les r\u00e9seaux sociaux, notamment en configurant les comptes utilisateurs pour chaque application.<\/p>\n<p><strong>4. Consentement<\/strong><\/p>\n<p>Les cookies sont des donn\u00e9es cr\u00e9\u00e9es par un serveur qui sont stock\u00e9es dans des fichiers texte sur le disque dur de votre ordinateur et permettent le fonctionnement du pr\u00e9sent site Internet, l&rsquo;utilisation d&rsquo;une fonctionnalit\u00e9 sp\u00e9cifique explicitement demand\u00e9e par l&rsquo;utilisateur ou l&rsquo;am\u00e9lioration du fonctionnement de ce site, comme les cookies qui acc\u00e9l\u00e8rent la navigation ou qui affichent les contenus les plus int\u00e9ressants pour l&rsquo;utilisateur en fonction de ses choix pr\u00e9c\u00e9dents. Les cookies peuvent \u00eatre permanents (cookies persistants), mais ils peuvent \u00e9galement avoir une dur\u00e9e limit\u00e9e (cookies de session). Ce site utilise \u00e0 la fois des cookies persistants et des cookies de session. Les cookies de session ne sont pas stock\u00e9s de mani\u00e8re permanente sur votre ordinateur et disparaissent lorsque vous fermez votre navigateur. Les cookies persistants servent \u00e0 personnaliser la navigation en fonction de l&rsquo;appareil utilis\u00e9 par l&rsquo;utilisateur (ordinateur, tablette, smartphone), tout comme les cookies tiers qui servent \u00e0 analyser les acc\u00e8s au site (par exemple Google Analytics) et \u00e0 permettre aux utilisateurs de partager le contenu du site via les r\u00e9seaux sociaux (FB) ou par e-mail (Add This). Ces cookies sont stock\u00e9s de mani\u00e8re permanente sur votre ordinateur et ont une dur\u00e9e variable.<\/p>\n<p>Le site utilise notamment les cookies suivants :<\/p>\n<p><strong>Cookies du site<\/strong><\/p>\n<table width=\"100%\">\n<tbody>\n<tr bgcolor=\"\">\n<th>Nom du cookie<\/th>\n<th>Type<\/th>\n<th>Nom du service<\/th>\n<th>Nom de la description<\/th>\n<th>Dur\u00e9e<\/th>\n<th>Domaine<\/th>\n<\/tr>\n<tr>\n<td nowrap=\"nowrap\">_ga<\/td>\n<td>Analytique tiers<\/td>\n<td>Google Analytics<\/td>\n<td>Utilis\u00e9 par les API de Google Analytics<\/td>\n<td>6 mois<\/td>\n<td>www.hotelardesia.com<\/td>\n<\/tr>\n<tr>\n<td nowrap=\"nowrap\">_gat<\/td>\n<td>Analytique tiers<\/td>\n<td>Google Analytics<\/td>\n<td>Utilis\u00e9 par les API Google Analytics<\/td>\n<td>10 minutes<\/td>\n<td>www.hotelardesia.com<\/td>\n<\/tr>\n<tr>\n<td nowrap=\"nowrap\">viewed_cookie_policy<\/td>\n<td>fonctionnel<\/td>\n<td>Politique de confidentialit\u00e9<\/td>\n<td>Masque la barre de la politique de confidentialit\u00e9<\/td>\n<td>1 an<\/td>\n<td>www.hotelardesia.com<\/td>\n<\/tr>\n<tr>\n<td nowrap=\"nowrap\">wfvt_xxxxxxx<\/td>\n<td>analytique<\/td>\n<td>Analytique Wordfence<\/td>\n<td>Garde une trace des pages consult\u00e9es par un utilisateur<\/td>\n<td>30 minutes<\/td>\n<td>www.hotelardesia.com<\/td>\n<\/tr>\n<tr>\n<td nowrap=\"nowrap\">googtrans<\/td>\n<td>fonctionnel<\/td>\n<td>Translate<\/td>\n<td>Enregistre la langue choisie<\/td>\n<td>jusqu&rsquo;\u00e0 la fin de la session de navigation<\/td>\n<td>www.hotelardesia.com<\/td>\n<\/tr>\n<tr>\n<td nowrap=\"nowrap\">PHPSESSID<\/td>\n<td>technique<\/td>\n<td>WebServer<\/td>\n<td>Identifiant de la session de navigation<\/td>\n<td>jusqu&rsquo;\u00e0 la fin de la session de navigation<\/td>\n<td>www.hotelardesia.com<\/td>\n<\/tr>\n<tr>\n<td nowrap=\"nowrap\">SERVERID<\/td>\n<td>technique<\/td>\n<td>WebServer<\/td>\n<td>Identifiant du serveur qui a g\u00e9r\u00e9 la demande de l&rsquo;utilisateur<\/td>\n<td>jusqu&rsquo;\u00e0 la fin de la session de navigation<\/td>\n<td>www.hotelardesia.com<\/td>\n<\/tr>\n<\/tbody>\n<\/table>\n<p><strong>Cookies Google Analytics<\/strong><br \/>Notre site utilise Google Analytics de Google, Inc., un service qui fournit des statistiques de mesure et d&rsquo;analyse des performances du site, gr\u00e2ce \u00e0 l&rsquo;utilisation de cookies. Pour consulter la politique de confidentialit\u00e9 du service Google Analytics, rendez-vous sur la page <a href=\"http:\/\/www.google.com\/intl\/en\/analytics\/privacyoverview.html \" target=\"_blank\" rel=\"noopener noreferrer\">http:\/\/www.google.com\/intl\/en\/analytics\/privacyoverview.html<\/a>. Pour les r\u00e8gles de confidentialit\u00e9 de Google, nous vous renvoyons \u00e0 l&rsquo;adresse suivante <a href=\"http:\/\/www.google.com\/intl\/it\/privacy\/privacy-policy.html\" target=\"_blank\" rel=\"noopener noreferrer\">http:\/\/www.google.com\/intl\/it\/privacy\/privacy-policy.html<\/a>.)<br \/>Pour plus d&rsquo;informations, consultez les sites <a href=\"http:\/\/www.google.it\/intl\/it\/policies\/technologies\/types\/\" target=\"_blank\" rel=\"noopener noreferrer\">http:\/\/www.google.it\/intl\/it\/policies\/technologies\/types\/ <\/a> et <a href=\"https:\/\/developers.google.com\/analytics\/devguides\/collection\/analyticsjs\/cookie-usage\" target=\"_blank\" rel=\"noopener noreferrer\">https:\/\/developers.google.com\/analytics\/devguides\/collection\/analyticsjs\/cookie-usage<\/a><\/p>\n<p><strong>Cookies Google Adwords et Google Remarketing<\/strong><br \/>Le site Internet peut utiliser le programme Google Adwords et la technologie Google Remarketing. Tous deux sont g\u00e9r\u00e9s par Google Inc. La fonction de suivi des conversions d&rsquo;AdWords utilise \u00e9galement des cookies. Afin de nous aider \u00e0 suivre les ventes et autres conversions, un cookie est ajout\u00e9 \u00e0 l&rsquo;ordinateur d&rsquo;un utilisateur lorsque celui-ci clique sur une annonce. Ce cookie a une dur\u00e9e de vie de 30 jours et ne collecte ni ne surveille aucune information permettant d&rsquo;identifier personnellement un utilisateur. Les utilisateurs peuvent d\u00e9sactiver les cookies de suivi des conversions de Google dans les param\u00e8tres de leur navigateur Internet. Dans certains cas, les cookies peuvent causer des probl\u00e8mes lors de la connexion ou de la navigation dans votre compte AdWords. Lorsque cela se produit, la meilleure fa\u00e7on de r\u00e9soudre le probl\u00e8me est de vider le cache et de supprimer les cookies enregistr\u00e9s pour votre navigateur Internet. Pour en savoir plus, cliquez sur <a href=\"https:\/\/support.google.com\/adwords\/topic\/3121763?hl=it&#038; ref_topic=3119071\" target=\"_blank\" rel=\"noopener noreferrer\">cliquez ici<\/a> <a href=\"https:\/\/www.google.es\/intl\/it\/policies\/privacy\/\" target=\"_blank\" rel=\"noopener noreferrer\">https:\/\/www.google.es\/intl\/it\/policies\/ privacy\/<\/a>. Enfin, l&rsquo;utilisateur peut d\u00e9sactiver les cookies de Google Analytics en t\u00e9l\u00e9chargeant un plug-in sp\u00e9cifique pour son navigateur, disponible \u00e0 l&rsquo;adresse suivante <a href=\"https:\/\/tools.google.com\/dlpage\/gaoptout\" target=\"_blank\" rel=\"noopener noreferrer\">https:\/\/tools.google.com\/dlpage\/gaoptout<\/a>.<\/p>\n<p><strong>Cookies Facebook<\/strong><br \/>Le site peut utiliser des cookies de Facebook Inc. pour suivre les performances des campagnes Facebook Ads et d&rsquo;\u00e9ventuelles actions de remarketing. Cliquez ici pour plus d&rsquo;informations sur l&rsquo;utilisation des cookies par Facebook : <a href=\"https:\/\/www.facebook.com\/help\/cookies\/\" target=\"_blank\" rel=\"noopener noreferrer\">https:\/\/www.facebook.com\/help\/cookies\/<\/a><\/p>\n<p>L&rsquo;utilisateur peut s&rsquo;opposer \u00e0 l&rsquo;enregistrement de cookies persistants sur son disque dur en configurant son navigateur de mani\u00e8re \u00e0 d\u00e9sactiver les cookies. D\u00e9couvrez comment d\u00e9sactiver les cookies dans les principaux navigateurs : <a href=\"https:\/\/support.google.com\/accounts\/answer\/61416?hl=it\" target=\"_blank\" rel=\"noopener noreferrer\">Chrome<\/a>, <a href=\"https:\/\/support.mozilla.org\/en-US\/kb\/enable-and-disable-cookies-website-preferences\" target=\"_blank\" rel=\"noopener noreferrer\">Firefox<\/a>, <a href=\"http:\/\/windows.microsoft.com\/ fr-fr\/windows-vista\/block-or-allow-cookies\u00ab target=\"_blank\" rel=\"noopener noreferrer\">Internet Explorer<\/a>, <a href=\"https:\/\/support.apple.com\/kb\/PH5042?locale=en_US\" target=\"_blank\" rel=\"noopener noreferrer\">Safari<\/a>, <a href= \u00bbhttp:\/\/ www.opera.com\/help\/tutorials\/security\/privacy\/\" target=\"_blank\" rel=\"noopener noreferrer\">Opera<\/a>. Apr\u00e8s cette op\u00e9ration, certaines fonctions des pages web pourraient toutefois ne pas fonctionner correctement.<\/p>\n<p>Cette politique de confidentialit\u00e9 peut \u00eatre modifi\u00e9e p\u00e9riodiquement et l&rsquo;utilisation des informations collect\u00e9es est soumise \u00e0 la politique de confidentialit\u00e9 en vigueur au moment de l&rsquo;utilisation. Le pr\u00e9sent document, publi\u00e9 \u00e0 l&rsquo;adresse <strong>www.hotelardesia.com<\/strong>, constitue la politique de confidentialit\u00e9 de ce site web et fera l&rsquo;objet de mises \u00e0 jour publi\u00e9es de temps \u00e0 autre et portant la date de mise \u00e0 jour.<\/p>\n<p><strong>5. Supprimer et\/ou bloquer les cookies<\/strong><\/p>\n<p>Il existe plusieurs fa\u00e7ons de supprimer les cookies et autres outils de tra\u00e7abilit\u00e9.<\/p>\n<p>Param\u00e8tres du navigateur<\/p>\n<p>Bien que la plupart des navigateurs acceptent les cookies par d\u00e9faut, l&rsquo;utilisateur peut, s&rsquo;il le souhaite, d\u00e9cider d&rsquo;accepter tous les cookies, de toujours bloquer les cookies ou de s\u00e9lectionner les cookies \u00e0 accepter en fonction de leur provenance.<\/p>\n<p>Il est \u00e9galement possible de configurer le navigateur de mani\u00e8re \u00e0 accepter ou \u00e0 bloquer individuellement les cookies avant leur installation. Le navigateur permet \u00e9galement \u00e0 l&rsquo;utilisateur de supprimer r\u00e9guli\u00e8rement les cookies de son appareil. Il est important de ne pas oublier de configurer tous les navigateurs install\u00e9s sur les diff\u00e9rents appareils (tablette, smartphone, ordinateur, etc.).<\/p>\n<p>En ce qui concerne la gestion des cookies et des pr\u00e9f\u00e9rences de l&rsquo;utilisateur, la configuration varie d&rsquo;un navigateur \u00e0 l&rsquo;autre. Ces param\u00e8tres sont d\u00e9crits dans le menu \u00ab Aide \u00bb du navigateur utilis\u00e9, \u00e0 partir duquel vous pouvez \u00e9galement modifier vos pr\u00e9f\u00e9rences en mati\u00e8re de cookies. Par exemple :<\/p>\n<ul>\n<li>Pour Microsoft Edge\u2122 :<br \/>\n<a href=\"https:\/\/support.microsoft.com\/en-us\/windows\/microsoft-edge-browsing-data-and-privacy-bb8174ba -9d73-dcf2-9b4a-c582b4e640dd\">https:\/\/support.microsoft.com\/en-us\/windows\/microsoft-edge-browsing-data-and-privacy-bb8174ba-9d73-dcf2-9b4a-c582b4e640dd<\/a><\/li>\n<li>Pour Safari\u2122 : <a href=\"https:\/\/support.apple.com\/guide\/safari\/manage-cookies-and-website-data-sfri11471\/mac\">https:\/\/support.apple.com\/guide\/safari\/manage-cookies-and-website-data-sfri11471\/mac<\/a><\/li>\n<li>Pour Chrome\u2122 :<br \/>\n<u>https:\/\/support.google.com\/chrome\/answer\/95647<\/u><\/li>\n<li>Pour Firefox\u2122 :<br \/>\n<a href=\"https:\/\/support.mozilla.org\/en-US\/kb\/block-websites-storing-cookies-site-data-firefox\">https:\/\/support.mozilla.org\/en-US\/kb\/block-websites-storing-cookies-site-data-firefox<\/a><\/li>\n<li>Pour Opera\u2122 :<br \/>\n<a href=\"https:\/\/help.opera.com\/en\/latest\/web-preferences\/#cookies\">https:\/\/help.opera.com\/en\/latest\/web-preferences\/#cookies<\/a><\/li>\n<\/ul>\n<p>L&rsquo;utilisateur a la possibilit\u00e9 de d\u00e9cider s&rsquo;il souhaite ou non enregistrer un cookie sur son appareil et peut modifier son choix \u00e0 tout moment et gratuitement, gr\u00e2ce aux param\u00e8tres disponibles dans le logiciel de son navigateur.<\/p>\n<p>Si le navigateur est configur\u00e9 pour accepter les cookies sur l&rsquo;appareil, les cookies int\u00e9gr\u00e9s dans les pages et les contenus affich\u00e9s par l&rsquo;utilisateur peuvent \u00eatre temporairement stock\u00e9s dans un espace d\u00e9di\u00e9 de l&rsquo;appareil de l&rsquo;utilisateur. Les cookies ne sont lisibles que par leur \u00e9metteur.<\/p>\n<p>Toutefois, l&rsquo;utilisateur peut configurer son navigateur web de mani\u00e8re \u00e0 bloquer les cookies. Veuillez toutefois noter qu&rsquo;en bloquant les cookies sur votre navigateur, vous ne pourrez pas acc\u00e9der \u00e0 certaines fonctionnalit\u00e9s, pages et sections de https:\/\/hotelardesia.com\/ et, dans ce cas, nous d\u00e9clinons toute responsabilit\u00e9 \u00e0 cet \u00e9gard.<\/p>\n<p>Plateformes publicitaires sp\u00e9cialis\u00e9es<\/p>\n<p>Diverses plateformes publicitaires professionnelles permettent \u00e0 l&rsquo;utilisateur d&rsquo;accepter ou de bloquer les cookies utilis\u00e9s par les entreprises dont elles sont membres. Ces m\u00e9canismes centralis\u00e9s ne bloquent pas l&rsquo;affichage des publicit\u00e9s, mais se limitent \u00e0 emp\u00eacher l&rsquo;installation de cookies qui personnalisent les publicit\u00e9s en fonction des int\u00e9r\u00eats de l&rsquo;utilisateur.<\/p>\n<p>Par exemple, vous pouvez visiter le site web <a href=\"http:\/\/www.youronlinechoices.com\/\">http:\/\/www.youronlinechoices.com<\/a> pour emp\u00eacher l&rsquo;installation de cookies sur votre appareil.<\/p>\n<p><em>Mis \u00e0 jour le 03\/04\/2025<\/em>[\/vc_column_text][\/vc_column][\/vc_row]<\/p>\n<\/div>","protected":false},"excerpt":{"rendered":"<p>[vc_row css_animation=\u00a0\u00bb\u00a0\u00bb row_type=\u00a0\u00bbrow\u00a0\u00bb use_row_as_full_screen_section=\u00a0\u00bbno\u00a0\u00bb type=\u00a0\u00bbfull_width\u00a0\u00bb angled_section=\u00a0\u00bbno\u00a0\u00bb text_align=\u00a0\u00bbleft\u00a0\u00bb background_image_as_pattern=\u00a0\u00bbwithout_pattern\u00a0\u00bb][vc_column][vc_empty_space height=\u00a0\u00bb60px\u00a0\u00bb][vc_column_text] Politique des cookies [\/vc_column_text][vc_empty_space height=\u00a0\u00bb60px\u00a0\u00bb][\/vc_column][\/vc_row][vc_row css_animation=\u00a0\u00bb\u00a0\u00bb row_type=\u00a0\u00bbrow\u00a0\u00bb use_row_as_full_screen_section=\u00a0\u00bbno\u00a0\u00bb type=\u00a0\u00bbfull_width\u00a0\u00bb angled_section=\u00a0\u00bbno\u00a0\u00bb text_align=\u00a0\u00bbleft\u00a0\u00bb background_image_as_pattern=\u00a0\u00bbwithout_pattern\u00a0\u00bb][vc_column][vc_column_text css=\u00a0\u00bb\u00a0\u00bb] Informations sur la soci\u00e9t\u00e9 Responsable du traitement des donn\u00e9es Gems Hotel Sas Adresse du si\u00e8ge social Viale delle Rimembranze, 80 47924 Bellariva, Rimini&#8230;<\/p>\n","protected":false},"author":1,"featured_media":0,"parent":0,"menu_order":0,"comment_status":"closed","ping_status":"closed","template":"","meta":{"_monsterinsights_skip_tracking":false,"_monsterinsights_sitenote_active":false,"_monsterinsights_sitenote_note":"","_monsterinsights_sitenote_category":0,"footnotes":""},"class_list":["post-3885","page","type-page","status-publish","hentry"],"aioseo_notices":[],"_links":{"self":[{"href":"https:\/\/hotelardesia.com\/fr\/wp-json\/wp\/v2\/pages\/3885","targetHints":{"allow":["GET"]}}],"collection":[{"href":"https:\/\/hotelardesia.com\/fr\/wp-json\/wp\/v2\/pages"}],"about":[{"href":"https:\/\/hotelardesia.com\/fr\/wp-json\/wp\/v2\/types\/page"}],"author":[{"embeddable":true,"href":"https:\/\/hotelardesia.com\/fr\/wp-json\/wp\/v2\/users\/1"}],"replies":[{"embeddable":true,"href":"https:\/\/hotelardesia.com\/fr\/wp-json\/wp\/v2\/comments?post=3885"}],"version-history":[{"count":0,"href":"https:\/\/hotelardesia.com\/fr\/wp-json\/wp\/v2\/pages\/3885\/revisions"}],"wp:attachment":[{"href":"https:\/\/hotelardesia.com\/fr\/wp-json\/wp\/v2\/media?parent=3885"}],"curies":[{"name":"wp","href":"https:\/\/api.w.org\/{rel}","templated":true}]}}