{"id":3919,"date":"2025-12-15T20:52:13","date_gmt":"2025-12-15T19:52:13","guid":{"rendered":"https:\/\/hotelardesia.com\/divertissement"},"modified":"2025-12-15T21:06:53","modified_gmt":"2025-12-15T20:06:53","slug":"divertissement","status":"publish","type":"page","link":"https:\/\/hotelardesia.com\/fr\/divertissement","title":{"rendered":"Divertissement"},"content":{"rendered":"<div class=\"wpb-content-wrapper\"><p>[vc_row css_animation=\u00a0\u00bb\u00a0\u00bb row_type=\u00a0\u00bbrow\u00a0\u00bb use_row_as_full_screen_section=\u00a0\u00bbno\u00a0\u00bb type=\u00a0\u00bbfull_width\u00a0\u00bb angled_section=\u00a0\u00bbno\u00a0\u00bb text_align=\u00a0\u00bbleft\u00a0\u00bb background_image_as_pattern=\u00a0\u00bbwithout_pattern\u00a0\u00bb][vc_column][vc_empty_space height=\u00a0\u00bb200px\u00a0\u00bb][\/vc_column][\/vc_row][vc_row css_animation=\u00a0\u00bb\u00a0\u00bb row_type=\u00a0\u00bbrow\u00a0\u00bb use_row_as_full_screen_section=\u00a0\u00bbno\u00a0\u00bb type=\u00a0\u00bbfull_width\u00a0\u00bb angled_section=\u00a0\u00bbno\u00a0\u00bb text_align=\u00a0\u00bbleft\u00a0\u00bb background_image_as_pattern=\u00a0\u00bbwithout_pattern\u00a0\u00bb][vc_column][vc_column_text css=\u00a0\u00bb\u00a0\u00bb]<\/p>\n<h1 style=\"text-align: center;\">DIVERTISSEMENT<\/h1>\n<p>&nbsp;[\/vc_column_text][vc_column_text css=\u00a0\u00bb\u00a0\u00bb]<\/p>\n<p><\/p>\n<p style=\"text-align: center;\" data-start=\u00ab 98 \u00bb data-end=\u00ab 855 \u00bb>D\u00e9couvrez les <strong>loisirs \u00e0 Rimini<\/strong> en s\u00e9journant dans notre h\u00f4tel, point de d\u00e9part id\u00e9al pour profiter au maximum de la <strong>Riviera Romagnola<\/strong>. Des familles aux amateurs de <strong>sport <\/strong>et de <strong>divertissement<\/strong>, Rimini offre des parcs \u00e0 th\u00e8me tels que <strong>Mirabilandia<\/strong>, <strong>Fiabilandia<\/strong> et <strong>Italia<\/strong> <strong>in Miniatura<\/strong>, des \u00e9v\u00e9nements estivaux, des concerts et des spectacles pour tous les \u00e2ges. Les amateurs de <strong>sport<\/strong> peuvent pratiquer des activit\u00e9s de plein air, du beach-volley \u00e0 la planche \u00e0 voile, tandis que ceux qui recherchent la <strong>d\u00e9tente<\/strong> peuvent profiter de longues promenades sur le front de mer. Rimini est \u00e9galement une destination id\u00e9ale pour le <strong>shopping<\/strong>, avec des boutiques, des march\u00e9s et des centres commerciaux \u00e0 quelques pas de l&rsquo;h\u00f4tel. Choisissez notre h\u00f4tel pour passer un s\u00e9jour alliant divertissement, sport, shopping et loisirs, avec tout le confort \u00e0 port\u00e9e de main.<\/p>\n<p><\/p>\n<p>[\/vc_column_text][\/vc_column][\/vc_row][vc_row css_animation=\u00a0\u00bb\u00a0\u00bb row_type=\u00a0\u00bbrow\u00a0\u00bb use_row_as_full_screen_section=\u00a0\u00bbno\u00a0\u00bb type=\u00a0\u00bbfull_width\u00a0\u00bb angled_section=\u00a0\u00bbno\u00a0\u00bb text_align=\u00a0\u00bbleft\u00a0\u00bb background_image_as_pattern=\u00a0\u00bbwithout_pattern\u00a0\u00bb][vc_column][vc_empty_space height=\u00a0\u00bb60px\u00a0\u00bb][\/vc_column][\/vc_row][vc_row css_animation=\u00a0\u00bb\u00a0\u00bb row_type=\u00a0\u00bbrow\u00a0\u00bb use_row_as_full_screen_section=\u00a0\u00bbno\u00a0\u00bb type=\u00a0\u00bbfull_width\u00a0\u00bb angled_section=\u00a0\u00bbno\u00a0\u00bb text_align=\u00a0\u00bbleft\u00a0\u00bb background_image_as_pattern=\u00a0\u00bbwithout_pattern\u00a0\u00bb z_index=\u00a0\u00bb\u00a0\u00bb css=\u00a0\u00bb.vc_custom_1765056372953{background-color: #ffffff !important;}\u00a0\u00bb el_class=\u00a0\u00bbindex-risto\u00a0\u00bb][vc_column][qode_elements_holder number_of_columns=\u00a0\u00bbtwo_columns\u00a0\u00bb][qode_elements_holder_item advanced_animations=\u00a0\u00bbno\u00a0\u00bb item_padding=\u00a0\u00bb0 15px 0 0&Prime;][vc_column_text css=\u00a0\u00bb\u00a0\u00bb][\/vc_column_text][vc_single_image image=\u00a0\u00bb3922&Prime; img_size=\u00a0\u00bbfull\u00a0\u00bb alignment=\u00a0\u00bbright\u00a0\u00bb css=\u00a0\u00bb.vc_custom_1765116306961{padding-right: 15px !important;padding-left: 15px !important;}\u00a0\u00bb qode_css_animation=\u00a0\u00bbelement_from_fade\u00a0\u00bb][\/qode_elements_holder_item][qode_elements_holder_item advanced_animations=\u00a0\u00bbno\u00a0\u00bb item_padding=\u00a0\u00bb0 0 0 15px\u00a0\u00bb][vc_column_text css=\u00a0\u00bb.vc_custom_1765117399259{padding-right: 15px !important;padding-left: 15px !important;}\u00a0\u00bb]<\/p>\n<p><\/p>\n<p style=\"text-align: center;\"><strong>Parcs \u00e0 th\u00e8me et attractions<\/strong><\/p>\n<p><\/p>\n<p style=\"text-align: center;\" data-start=\u00ab 84 \u00bb data-end=\u00ab 942 \u00bb>D\u00e9couvrez les <strong>parcs \u00e0 th\u00e8me<\/strong> et les attractions de Rimini et de ses environs en s\u00e9journant dans notre h\u00f4tel 3 \u00e9toiles. <strong>Italia in Miniatura<\/strong> vous emm\u00e8ne dans un voyage \u00e0 travers les merveilles italiennes en format r\u00e9duit, id\u00e9al pour les petits et les grands. <strong>Oltremare<\/strong> et <strong>Aquafan<\/strong> offrent des sensations fortes entre spectacles, toboggans aquatiques et aventures riches en adr\u00e9naline, tandis que <strong>Fiabilandia<\/strong> est parfait pour les plus petits avec ses man\u00e8ges, ses spectacles et ses mondes magiques \u00e0 explorer. Pour ceux qui aiment l&rsquo;adr\u00e9naline, <strong>Mirabilandia<\/strong> est le parc id\u00e9al avec ses montagnes russes et ses attractions \u00e0 couper le souffle. Les amoureux de la mer et de la nature ne peuvent pas manquer l&rsquo;<strong>Aquarium de Cattolica<\/strong>, avec ses esp\u00e8ces marines fascinantes et ses parcours p\u00e9dagogiques. Gr\u00e2ce \u00e0 l&#8217;emplacement strat\u00e9gique de notre h\u00f4tel, tous ces parcs sont facilement accessibles pour passer des journ\u00e9es inoubliables entre divertissement, d\u00e9tente et aventure sur la <strong>Riviera Romagnola<\/strong>.<\/p>\n<p><\/p>\n<p>[\/vc_column_text][\/qode_elements_holder_item][\/qode_elements_holder][\/vc_column][\/vc_row][vc_row css_animation=\u00a0\u00bb\u00a0\u00bb row_type=\u00a0\u00bbrow\u00a0\u00bb use_row_as_full_screen_section=\u00a0\u00bbno\u00a0\u00bb type=\u00a0\u00bbfull_width\u00a0\u00bb angled_section=\u00a0\u00bbno\u00a0\u00bb text_align=\u00a0\u00bbright\u00a0\u00bb background_image_as_pattern=\u00a0\u00bbwithout_pattern\u00a0\u00bb el_class=\u00a0\u00bbindex-risto\u00a0\u00bb z_index=\u00a0\u00bb\u00a0\u00bb css=\u00a0\u00bb.vc_custom_1702072643551{background-color: #ffffff !important;}\u00a0\u00bb][vc_column][qode_elements_holder number_of_columns=\u00a0\u00bbtwo_columns\u00a0\u00bb][qode_elements_holder_item advanced_animations=\u00a0\u00bbno\u00a0\u00bb item_padding=\u00a0\u00bb0 0 0 15px\u00a0\u00bb][vc_column_text css=\u00a0\u00bb.vc_custom_1765117424668{padding-right: 15px !important;padding-left: 15px !important;}\u00a0\u00bb]<\/p>\n<p><\/p>\n<p style=\"text-align: center;\"><strong>Sports et \u00e9v\u00e9nements<\/strong><\/p>\n<p><\/p>\n<p style=\"text-align: center;\" data-start=\u00ab 943 \u00bb data-end=\u00ab 1065 \u00bb><strong data-start=\u201c117\u201d data-end=\u00ab 148 \u00bb>Sports et aventures \u00e0 Rimini : <\/strong> Louez des v\u00e9los pour explorer le front de mer, participez \u00e0 des excursions en kayak ou en bateau, essayez le surf ou le SUP sur les magnifiques plages, ou amusez-vous avec des sports de plage tels que le beach-volley et le beach-tennis. Pour ceux qui recherchent l&rsquo;adr\u00e9naline, il y a aussi le wakeboard, les jet-skis et les parcours aquatiques, tandis que ceux qui pr\u00e9f\u00e8rent la d\u00e9tente peuvent choisir le yoga sur l&rsquo;eau ou de simples promenades le long de la mer. <\/p>\n<p><\/p>\n<p style=\"text-align: center;\" data-start=\u00ab 1068 \u00bb data-end=\u00ab 1189 \u00bb><strong data-start=\u201c99\u201d data-end=\u00ab 130 \u00bb>\u00c9v\u00e9nements et festivals \u00e0 Rimini :<\/strong> La ville propose tout au long de l&rsquo;ann\u00e9e des concerts, des festivals culturels, des festivals de th\u00e9\u00e2tre, des f\u00eates et des manifestations \u0153nogastronomiques. Des spectacles et soir\u00e9es sur la plage en \u00e9t\u00e9 aux festivals musicaux et th\u00e9\u00e2traux en ville, en passant par les \u00e9v\u00e9nements traditionnels en automne et en hiver, Rimini offre un m\u00e9lange de musique, d&rsquo;art, de folklore et de divertissement pour tous les go\u00fbts et tous les \u00e2ges.<\/p>\n<p><\/p>\n<p>[\/vc_column_text][\/qode_elements_holder_item][qode_elements_holder_item advanced_animations=\u00a0\u00bbno\u00a0\u00bb item_padding=\u00a0\u00bb0 15px 0 0&Prime;][vc_single_image image=\u00a0\u00bb3923&Prime; img_size=\u00a0\u00bbfull\u00a0\u00bb css=\u00a0\u00bb.vc_custom_1765116113975{padding-right: 15px !important;padding-left: 15px !important;}\u00a0\u00bb qode_css_animation=\u00a0\u00bbelement_from_fade\u00a0\u00bb][\/qode_elements_holder_item][\/qode_elements_holder][\/vc_column][\/vc_row][vc_row css_animation=\u00a0\u00bb\u00a0\u00bb row_type=\u00a0\u00bbrow\u00a0\u00bb use_row_as_full_screen_section=\u00a0\u00bbno\u00a0\u00bb type=\u00a0\u00bbfull_width\u00a0\u00bb angled_section=\u00a0\u00bbno\u00a0\u00bb text_align=\u00a0\u00bbleft\u00a0\u00bb background_image_as_pattern=\u00a0\u00bbwithout_pattern\u00a0\u00bb z_index=\u00a0\u00bb\u00a0\u00bb css=\u00a0\u00bb.vc_custom_1765056372953{background-color: #ffffff !important;}\u00a0\u00bb el_class=\u00a0\u00bbindex-risto\u00a0\u00bb][vc_column][qode_elements_holder number_of_columns=\u00a0\u00bbtwo_columns\u00a0\u00bb][qode_elements_holder_item advanced_animations=\u00a0\u00bbno\u00a0\u00bb item_padding=\u00a0\u00bb0 15px 0 0&Prime;][vc_column_text css=\u00a0\u00bb\u00a0\u00bb][\/vc_column_text][vc_single_image image=\u00a0\u00bb2642&Prime; img_size=\u00a0\u00bbfull\u00a0\u00bb alignment=\u00a0\u00bbright\u00a0\u00bb css=\u00a0\u00bb.vc_custom_1765124260379{padding-right: 15px !important;padding-left: 15px !important;}\u00a0\u00bb qode_css_animation=\u00a0\u00bbelement_from_fade\u00a0\u00bb][\/qode_elements_holder_item][qode_elements_holder_item advanced_animations=\u00a0\u00bbno\u00a0\u00bb item_padding=\u00a0\u00bb0 0 0 15px\u00a0\u00bb][vc_column_text css=\u00a0\u00bb.vc_custom_1765116642040{padding-right: 15px !important;padding-left: 15px !important;}\u00a0\u00bb]<\/p>\n<p><\/p>\n<p style=\"text-align: center;\"><strong>Shopping et restaurants<\/strong><\/p>\n<p><\/p>\n<article class=\"text-token-text-primary w-full focus:outline-none [--shadow-height:45px] has-data-writing-block:pointer-events-none has-data-writing-block:-mt-(--shadow-height) has-data-writing-block:pt-(--shadow-height) [&amp;:has([data-writing-block])&gt;*]:pointer-events-auto scroll-mt-[calc(var(--header-height)+min(200px,max(70px,20svh)))]\u00ab dir=\"auto\" tabindex=\"-1\" data-turn-id= \u00bbrequest -69357195-08f4-832d-a7cb-0c7a7e0239b9-5\u00ab data-testid= \u00bbconversation-turn-26\u00ab data-scroll-anchor= \u00bbtrue\u00ab data-turn=\u201cassistant\u201d>\n<div class= \u00bbtext-base my-auto mx-auto pb-10 [- -thread-content-margin:--spacing(4)] @w-sm\/main:[--thread-content-margin:--spacing(6)] @w-lg\/main:[--thread-content-margin:--spacing(16)] px-(--thread-content-margin)\u00ab >\n<div class= \u00bb[- -thread-content-max-width:40rem] @w-lg\/main:[--thread-content-max-width:48rem] mx-auto max-w-(--thread-content-max-width) flex-1 group\/turn-messages focus-visible:outline-hidden relative flex w-full min-w-0 flex-col agent-turn\" tabindex=\"-1\">\n<div class=\"flex max-w-full flex-col grow\">\n<div class=\"min-h-8 text-message relative flex w-full flex-col items-end gap-2 text-start break-words whitespace-normal [.text-message+&amp;]:mt-1\" dir=\"auto\" data-message-author-role=\u00ab assistant \u00bb data-message-id=\"4f7655f4-face-4d66-be7f -996135c729c5\u00ab data-message-model-slug= \u00bbgpt-5-mini\">\n<div class=\"flex w-full flex-col gap-1 empty:hidden first:pt-[1px]\">\n<div class=\"markdown prose dark:prose-invert w-full break-words light markdown-new-styling\">\n<p style=\"text-align: center;\" data-start=\u00ab 0 \u00bb data-end=\u00ab 631 \u00bb data-is-last-node=\u201c\u201d data-is-only-node=\u00ab \u00bb>D\u00e9couvrez le meilleur de <strong>Rimini<\/strong> entre <strong>shopping<\/strong>, <strong>restaurants<\/strong> et excursions en s\u00e9journant dans notre h\u00f4tel 3 \u00e9toiles. \u00c0 quelques pas, vous trouverez des boutiques, des march\u00e9s et des centres commerciaux pour tous les go\u00fbts, tandis que les restaurants typiques et les \u00e9tablissements modernes vous feront d\u00e9guster les <strong>plats traditionnels de la cuisine romagnole<\/strong>. La position strat\u00e9gique de notre h\u00f4tel vous permet d&rsquo;explorer facilement la ville, le front de mer et les rues commer\u00e7antes, mais aussi d&rsquo;organiser des excursions \u00e0 <strong>Saint-Marin<\/strong>, \u00e0 seulement 30 minutes, pour vivre une exp\u00e9rience unique entre culture, panoramas et boutiques duty-free. D\u00e9tente, confort et divertissement vous attendent pour un s\u00e9jour inoubliable.\n<\/div>\n<\/div>\n<\/div>\n<\/div>\n<\/div>\n<\/div>\n<\/article>\n<p><\/p>\n<p>[\/vc_column_text][\/qode_elements_holder_item][\/qode_elements_holder][vc_empty_space height=\u00a0\u00bb60px\u00a0\u00bb][\/vc_column][\/vc_row][vc_row css_animation=\u00a0\u00bb\u00a0\u00bb row_type=\u00a0\u00bbrow\u00a0\u00bb use_row_as_full_screen_section=\u00a0\u00bbno\u00a0\u00bb type=\u00a0\u00bbfull_width\u00a0\u00bb angled_section=\u00a0\u00bbno\u00a0\u00bb text_align=\u00a0\u00bbleft\u00a0\u00bb background_image_as_pattern=\u00a0\u00bbwithout_pattern\u00a0\u00bb z_index=\u00a0\u00bb\u00a0\u00bb css=\u00a0\u00bb.vc_custom_1521192956462{background-color: #dfd9d4 !important;}\u00a0\u00bb][vc_column][vc_column_text css=\u00a0\u00bb.vc_custom_1764976110410{padding-top: 6% !important;padding-bottom: 6% !important;}\u00a0\u00bb]<\/p>\n<p><\/p>\n<h3 style=\"text-align: center;\" data-start=\u00ab 1658 \u00bb data-end=\u00ab 1680 \u00bb><strong data-start=\u201c1662\u201d data-end=\u00ab 1680 \u00bb>Conseils utiles<\/strong><\/h3>\n<p><\/p>\n<p style=\"text-align: center;\" data-start=\u00ab 1683 \u00bb data-end=\u00ab 1771 \u00bb>Planifiez vos visites dans les<strong> parcs \u00e0 th\u00e8me<\/strong> les jours o\u00f9 il y a moins de monde afin d&rsquo;\u00e9viter les files d&rsquo;attente.<\/p>\n<p style=\"text-align: center;\" data-start=\u00ab 1774 \u00bb data-end=\u00ab 1897 \u00bb>Profitez des <strong>promenades nocturnes sur le front de mer<\/strong> pour appr\u00e9cier la <strong>musique, les glaces artisanales<\/strong> et l&rsquo;atmosph\u00e8re unique de la ville.<\/p>\n<p style=\"text-align: center;\" data-start=\u00ab 1900 \u00bb data-end=\u00ab 1994 \u00bb>Consultez le calendrier des \u00e9v\u00e9nements saisonniers pour ne pas manquer les <strong>spectacles et manifestations.<\/strong><\/p>\n<p><\/p>\n<p style=\"text-align: center;\"><a class=\"qbutton read_more_button blue\" href=\"https:\/\/hotelardesia.com\/fr\/ou-nous-trouver\">D\u00e9couvrez o\u00f9 nous sommes<\/a><\/p>\n<p><\/p>\n<p>[\/vc_column_text][\/vc_column][\/vc_row][vc_row css_animation=\u00a0\u00bb\u00a0\u00bb row_type=\u00a0\u00bbrow\u00a0\u00bb use_row_as_full_screen_section=\u00a0\u00bbno\u00a0\u00bb type=\u00a0\u00bbfull_width\u00a0\u00bb angled_section=\u00a0\u00bbno\u00a0\u00bb text_align=\u00a0\u00bbleft\u00a0\u00bb background_image_as_pattern=\u00a0\u00bbwithout_pattern\u00a0\u00bb][vc_column][vc_raw_html css=\u00a0\u00bb\u00a0\u00bb]PGRpdiBjbGFzcz0icGFyYWxsYXggc2Vjb25kIj48L2Rpdj4=[\/vc_raw_html][\/vc_column][\/vc_row]<\/p>\n<\/div>","protected":false},"excerpt":{"rendered":"<p>[vc_row css_animation=\u00a0\u00bb\u00a0\u00bb row_type=\u00a0\u00bbrow\u00a0\u00bb use_row_as_full_screen_section=\u00a0\u00bbno\u00a0\u00bb type=\u00a0\u00bbfull_width\u00a0\u00bb angled_section=\u00a0\u00bbno\u00a0\u00bb text_align=\u00a0\u00bbleft\u00a0\u00bb background_image_as_pattern=\u00a0\u00bbwithout_pattern\u00a0\u00bb][vc_column][vc_empty_space height=\u00a0\u00bb200px\u00a0\u00bb][\/vc_column][\/vc_row][vc_row css_animation=\u00a0\u00bb\u00a0\u00bb row_type=\u00a0\u00bbrow\u00a0\u00bb use_row_as_full_screen_section=\u00a0\u00bbno\u00a0\u00bb type=\u00a0\u00bbfull_width\u00a0\u00bb angled_section=\u00a0\u00bbno\u00a0\u00bb text_align=\u00a0\u00bbleft\u00a0\u00bb background_image_as_pattern=\u00a0\u00bbwithout_pattern\u00a0\u00bb][vc_column][vc_column_text css=\u00a0\u00bb\u00a0\u00bb] DIVERTISSEMENT &nbsp;[\/vc_column_text][vc_column_text css=\u00a0\u00bb\u00a0\u00bb] D\u00e9couvrez les loisirs \u00e0 Rimini en s\u00e9journant dans notre h\u00f4tel, point de d\u00e9part id\u00e9al pour profiter au maximum de la Riviera Romagnola. Des familles aux&#8230;<\/p>\n","protected":false},"author":1,"featured_media":0,"parent":0,"menu_order":0,"comment_status":"closed","ping_status":"closed","template":"full_width.php","meta":{"_monsterinsights_skip_tracking":false,"_monsterinsights_sitenote_active":false,"_monsterinsights_sitenote_note":"","_monsterinsights_sitenote_category":0,"footnotes":""},"class_list":["post-3919","page","type-page","status-publish","hentry"],"aioseo_notices":[],"_links":{"self":[{"href":"https:\/\/hotelardesia.com\/fr\/wp-json\/wp\/v2\/pages\/3919","targetHints":{"allow":["GET"]}}],"collection":[{"href":"https:\/\/hotelardesia.com\/fr\/wp-json\/wp\/v2\/pages"}],"about":[{"href":"https:\/\/hotelardesia.com\/fr\/wp-json\/wp\/v2\/types\/page"}],"author":[{"embeddable":true,"href":"https:\/\/hotelardesia.com\/fr\/wp-json\/wp\/v2\/users\/1"}],"replies":[{"embeddable":true,"href":"https:\/\/hotelardesia.com\/fr\/wp-json\/wp\/v2\/comments?post=3919"}],"version-history":[{"count":0,"href":"https:\/\/hotelardesia.com\/fr\/wp-json\/wp\/v2\/pages\/3919\/revisions"}],"wp:attachment":[{"href":"https:\/\/hotelardesia.com\/fr\/wp-json\/wp\/v2\/media?parent=3919"}],"curies":[{"name":"wp","href":"https:\/\/api.w.org\/{rel}","templated":true}]}}