{"id":3956,"date":"2025-12-15T21:06:47","date_gmt":"2025-12-15T20:06:47","guid":{"rendered":"https:\/\/hotelardesia.com\/ou-nous-trouver"},"modified":"2025-12-16T11:37:58","modified_gmt":"2025-12-16T10:37:58","slug":"ou-nous-trouver","status":"publish","type":"page","link":"https:\/\/hotelardesia.com\/fr\/ou-nous-trouver","title":{"rendered":"O\u00f9 nous trouver"},"content":{"rendered":"<div class=\"wpb-content-wrapper\"><p>[vc_row css_animation=\u00a0\u00bb\u00a0\u00bb row_type=\u00a0\u00bbrow\u00a0\u00bb use_row_as_full_screen_section=\u00a0\u00bbno\u00a0\u00bb type=\u00a0\u00bbfull_width\u00a0\u00bb angled_section=\u00a0\u00bbno\u00a0\u00bb text_align=\u00a0\u00bbleft\u00a0\u00bb background_image_as_pattern=\u00a0\u00bbwithout_pattern\u00a0\u00bb el_class=\u00a0\u00bbfull\u00a0\u00bb z_index=\u00a0\u00bb\u00a0\u00bb][vc_column][vc_column_text][\/vc_column_text][\/vc_column][\/vc_row][vc_row css_animation=\u00a0\u00bb\u00a0\u00bb row_type=\u00a0\u00bbrow\u00a0\u00bb use_row_as_full_screen_section=\u00a0\u00bbno\u00a0\u00bb type=\u00a0\u00bbgrid\u00a0\u00bb angled_section=\u00a0\u00bbno\u00a0\u00bb text_align=\u00a0\u00bbleft\u00a0\u00bb background_image_as_pattern=\u00a0\u00bbwithout_pattern\u00a0\u00bb css=\u00a0\u00bb.vc_custom_1681908197340{margin-top: 5% !important;}\u00a0\u00bb z_index=\u00a0\u00bb\u00a0\u00bb][vc_column width=\u00a0\u00bb1\/2&Prime;]<div class=\"qode-scrolling-image-holder qode-si-rounded-yes qode-si-box-shadow-yes\">\n\t\t<div class=\"qode-si-content-holder\">\n\t\t\t\t<div class=\"qode-si-image-holder\">\n\t\t\t<div class=\"qode-si-image-holder-inner\">\n\t\t\t\t<img decoding=\"async\" class=\"qode-si-image\" src=\"https:\/\/hotelardesia.com\/wp-content\/uploads\/2023\/04\/Come-arrivare-in-auto.jpg\" alt=\"Come arrivare in auto>\" \/>\n\t\t\t<\/div>\n\t\t\t<img decoding=\"async\" class=\"qode-si-frame\" src=\"https:\/\/hotelardesia.com\/wp-content\/themes\/bridge\/css\/img\/scrolling-image-frame.png\" alt=\"Scrolling Image Frame\" \/>\n\t\t<\/div>\n\t\t\t<\/div>\n<\/div>[\/vc_column][vc_column width=\u00a0\u00bb1\/2&Prime;][vc_column_text]<\/p>\n<p class=\"titolone\" style=\"text-align: center;\">Comment s&rsquo;y rendre en voiture<\/p>\n<p>Depuis le p\u00e9age de Rimini Sud (6 min \/ 3,4 km), prenez la direction de Rimini, continuez sur la SS72, puis au premier croisement, tournez \u00e0 droite sur la SS16 Adriatica. Continuez jusqu&rsquo;au grand rond-point, en passant devant le centre commercial Le Befane. Prenez la troisi\u00e8me sortie, puis tournez imm\u00e9diatement \u00e0 droite dans Viale Rimembranze . Continuez tout droit sur 850 m et passez le feu tricolore. Nous sommes au num\u00e9ro 80.[\/vc_column_text][\/vc_column][\/vc_row][vc_row css_animation=\u00a0\u00bb\u00a0\u00bb row_type=\u00a0\u00bbrow\u00a0\u00bb use_row_as_full_screen_section=\u00a0\u00bbno\u00a0\u00bb type=\u00a0\u00bbgrid\u00a0\u00bb angled_section=\u00a0\u00bbno\u00a0\u00bb text_align=\u00a0\u00bbleft\u00a0\u00bb background_image_as_pattern=\u00a0\u00bbwithout_pattern\u00a0\u00bb css=\u00a0\u00bb.vc_custom_1681908197340{margin-top: 5% !important;}\u00a0\u00bb z_index=\u00a0\u00bb\u00a0\u00bb][vc_column width=\u00a0\u00bb1\/2&Prime;][vc_column_text]<\/p>\n<p class=\"titolone\" style=\"text-align: center;\">Comment arriver en train<\/p>\n<p>Si vous \u00eates un Ecopassenger, que vous aimez la durabilit\u00e9 et que vous pr\u00e9f\u00e9rez voyager lentement, sous le signe de la d\u00e9tente et du bien-\u00eatre, choisissez de venir chez nous en train. Depuis la gare centrale de Rimini, il ne vous faudra que 5 minutes pour nous rejoindre gr\u00e2ce au service tr\u00e8s pratique de <a href=\"https:\/\/www.startromagna.it\/servizi\/metromare\/\">Metromare<\/a>. Descendez \u00e0 l&rsquo;arr\u00eat Bellariva et en quelques pas, vous serez d\u00e9j\u00e0 devant la terrasse-jardin de notre h\u00f4tel.<\/p>\n<p>* Vous pouvez \u00e9galement prendre le bus 11 qui part toujours de la gare centrale de Rimini en direction de Riccione et descendre \u00e0 l&rsquo;arr\u00eat n\u00b0 22 Gondar. Au feu, tournez dans le viale Rimembranze, passez le passage souterrain, continuez tout droit et vous nous trouverez sur votre droite.[\/vc_column_text][\/vc_column][vc_column width=\u00a0\u00bb1\/2&Prime;]<div class=\"qode-scrolling-image-holder qode-si-rounded-yes qode-si-box-shadow-yes\">\n\t\t<div class=\"qode-si-content-holder\">\n\t\t\t\t<div class=\"qode-si-image-holder\">\n\t\t\t<div class=\"qode-si-image-holder-inner\">\n\t\t\t\t<img decoding=\"async\" class=\"qode-si-image\" src=\"https:\/\/hotelardesia.com\/wp-content\/uploads\/2023\/04\/Come-arrivare-in-treno-Hotel-Ardesia.jpg\" alt=\"Come-arrivare-in-treno-Hotel-Ardesia>\" \/>\n\t\t\t<\/div>\n\t\t\t<img decoding=\"async\" class=\"qode-si-frame\" src=\"https:\/\/hotelardesia.com\/wp-content\/themes\/bridge\/css\/img\/scrolling-image-frame.png\" alt=\"Scrolling Image Frame\" \/>\n\t\t<\/div>\n\t\t\t<\/div>\n<\/div>[\/vc_column][\/vc_row][vc_row css_animation=\u00a0\u00bb\u00a0\u00bb row_type=\u00a0\u00bbrow\u00a0\u00bb use_row_as_full_screen_section=\u00a0\u00bbno\u00a0\u00bb type=\u00a0\u00bbgrid\u00a0\u00bb angled_section=\u00a0\u00bbno\u00a0\u00bb text_align=\u00a0\u00bbleft\u00a0\u00bb background_image_as_pattern=\u00a0\u00bbwithout_pattern\u00a0\u00bb css=\u00a0\u00bb.vc_custom_1681908197340{margin-top: 5% !important;}\u00a0\u00bb z_index=\u00a0\u00bb\u00a0\u00bb][vc_column width=\u00a0\u00bb1\/2&Prime;]<div class=\"qode-scrolling-image-holder qode-si-rounded-yes qode-si-box-shadow-yes\">\n\t\t<div class=\"qode-si-content-holder\">\n\t\t\t\t<div class=\"qode-si-image-holder\">\n\t\t\t<div class=\"qode-si-image-holder-inner\">\n\t\t\t\t<img decoding=\"async\" class=\"qode-si-image\" src=\"https:\/\/hotelardesia.com\/wp-content\/uploads\/2023\/04\/Come-arrivare-in-aereo.jpg\" alt=\"Come arrivare in aereo>\" \/>\n\t\t\t<\/div>\n\t\t\t<img decoding=\"async\" class=\"qode-si-frame\" src=\"https:\/\/hotelardesia.com\/wp-content\/themes\/bridge\/css\/img\/scrolling-image-frame.png\" alt=\"Scrolling Image Frame\" \/>\n\t\t<\/div>\n\t\t\t<\/div>\n<\/div>[\/vc_column][vc_column width=\u00a0\u00bb1\/2&Prime;][vc_column_text]<\/p>\n<p class=\"titolone\" style=\"text-align: center;\">Comment arriver en avion<\/p>\n<p>Depuis l&rsquo;<a href=\"https:\/\/riminiairport.com\/\">a\u00e9roport international de Rimini et Saint-Marin,<\/a> notre h\u00f4tel est accessible en 10 minutes. Vous pouvez d\u00e9cider d&rsquo;utiliser un service de taxi en appelant le num\u00e9ro : <a href=\"tel:+39054150020\"><strong>+39 0541 50020<\/strong><\/a>, ou prendre le bus n\u00b0 9 devant l&rsquo;a\u00e9roport et continuer jusqu&rsquo;\u00e0 l&rsquo;arr\u00eat Pagano, puis marcher encore 200 m\u00e8tres jusqu&rsquo;\u00e0 notre h\u00f4tel.<\/p>\n<p><a href=\"https:\/\/www.bologna-airport.it\/en\/welcome-to-bologna-airport\/?idC=62175\">L&rsquo;a\u00e9roport de Bologne<\/a> est quant \u00e0 lui reli\u00e9 \u00e0 la ville de Rimini par des trains et un service de navettes que vous pouvez r\u00e9server en ligne <a href=\"https:\/\/www.shuttleriminibologna.it\/\">ici<\/a>. Nous vous recommandons de vous rendre \u00e0 la gare centrale de Rimini et d&rsquo;utiliser le Metromare comme indiqu\u00e9 dans la section \u00ab En train \u00bb.[\/vc_column_text][\/vc_column][\/vc_row][vc_row css_animation=\u00a0\u00bb\u00a0\u00bb row_type=\u00a0\u00bbrow\u00a0\u00bb use_row_as_full_screen_section=\u00a0\u00bbno\u00a0\u00bb type=\u00a0\u00bbfull_width\u00a0\u00bb angled_section=\u00a0\u00bbno\u00a0\u00bb text_align=\u00a0\u00bbleft\u00a0\u00bb background_image_as_pattern=\u00a0\u00bbwithout_pattern\u00a0\u00bb background_image=\u00a0\u00bb502&Prime; z_index=\u00a0\u00bb\u00a0\u00bb el_class=\u00a0\u00bbbackground-home\u00a0\u00bb css=\u00a0\u00bb.vc_custom_1681909193265{margin-top: 5% !important;}\u00a0\u00bb][vc_column][qode_elements_holder number_of_columns=\u00a0\u00bbthree_columns\u00a0\u00bb custom_class=\u00a0\u00bbmax-1600&Prime;][qode_elements_holder_item vertical_alignment=\u00a0\u00bbtop\u00a0\u00bb advanced_animations=\u00a0\u00bbno\u00a0\u00bb custom_class=\u00a0\u00bbserv1&Prime;][vc_single_image image=\u00a0\u00bb2647&Prime; img_size=\u00a0\u00bb500&#215;500&Prime; alignment=\u00a0\u00bbcenter\u00a0\u00bb style=\u00a0\u00bbvc_box_rounded\u00a0\u00bb onclick=\u00a0\u00bbcustom_link\u00a0\u00bb css=\u00a0\u00bb\u00a0\u00bb qode_css_animation=\u00a0\u00bb\u00a0\u00bb link=\u00a0\u00bbhttps:\/\/hotelardesia.com\/fr\/chambres\u00a0\u00bb][vc_empty_space height=\u00a0\u00bb60px\u00a0\u00bb][vc_column_text css=\u00a0\u00bb.vc_custom_1765112207553{padding-right: 10px !important;padding-left: 10px !important;}\u00a0\u00bb]<\/p>\n<h3 style=\"text-align: center;\"><span style=\"color: #333f48;\">Les chambres<\/span><\/h3>\n<p><\/p>\n<p class=\"home-boxes\" style=\"text-align: center;\">Chambres Standard et Economy spacieuses et lumineuses, avec balcon, Wi-Fi gratuit, t\u00e9l\u00e9vision, climatisation et salle de bain priv\u00e9e. Le confort id\u00e9al pour un s\u00e9jour relaxant dans notre h\u00f4tel 3 \u00e9toiles \u00e0 Rimini.<\/p>\n<p>[\/vc_column_text][vc_raw_html]PGEgaHJlZj0iaHR0cHM6Ly9ob3RlbGFyZGVzaWEuY29tL2ZyL2NoYW1icmVzIiBjbGFzcz0icWJ1dHRvbiByZWFkX21vcmVfYnV0dG9uIGRhcmsiPkFsbGVyIGF1eCBjaGFtYnJlczwvYT4=[\/vc_raw_html][\/qode_elements_holder_item][qode_elements_holder_item advanced_animations=\u00a0\u00bbno\u00a0\u00bb custom_class=\u00a0\u00bbserv1&Prime;][vc_single_image image=\u00a0\u00bb4077&Prime; img_size=\u00a0\u00bb500&#215;500&Prime; alignment=\u00a0\u00bbcenter\u00a0\u00bb style=\u00a0\u00bbvc_box_rounded\u00a0\u00bb onclick=\u00a0\u00bbcustom_link\u00a0\u00bb css=\u00a0\u00bb\u00a0\u00bb qode_css_animation=\u00a0\u00bb\u00a0\u00bb link=\u00a0\u00bb\/foire\u00a0\u00bb][vc_empty_space height=\u00a0\u00bb60px\u00a0\u00bb][vc_column_text css=\u00a0\u00bb.vc_custom_1765112216339{padding-right: 10px !important;padding-left: 10px !important;}\u00a0\u00bb]<\/p>\n<h3 style=\"text-align: center;\"><span style=\"color: #333f48;\">Vacances et travail<\/span><\/h3>\n<p><\/p>\n<p class=\"home-boxes\" style=\"text-align: center;\">Id\u00e9al pour les vacances et le travail \u00e0 Rimini : \u00e0 quelques minutes de la plage, du parc des expositions, du palais des congr\u00e8s, du centre SGR et de l&rsquo;h\u00f4pital. Confort et emplacement strat\u00e9gique pour tous les besoins.<\/p>\n<p>[\/vc_column_text][vc_raw_html css=\u00a0\u00bb\u00a0\u00bb]PGEgaHJlZj0iL2NvbnZlbnRpb25zLWJ1c2luZXNzIiBjbGFzcz0icWJ1dHRvbiByZWFkX21vcmVfYnV0dG9uIGRhcmsiPlBvdXIgbGVzIGVudHJlcHJpc2VzPC9hPg==[\/vc_raw_html][\/qode_elements_holder_item][qode_elements_holder_item advanced_animations=\u00a0\u00bbno\u00a0\u00bb custom_class=\u00a0\u00bbserv1&Prime;][vc_single_image image=\u00a0\u00bb4078&Prime; img_size=\u00a0\u00bb500&#215;500&Prime; alignment=\u00a0\u00bbcenter\u00a0\u00bb style=\u00a0\u00bbvc_box_rounded\u00a0\u00bb onclick=\u00a0\u00bbcustom_link\u00a0\u00bb css=\u00a0\u00bb\u00a0\u00bb qode_css_animation=\u00a0\u00bb\u00a0\u00bb link=\u00a0\u00bbhttps:\/\/hotelardesia.com\/fr\/services\u00a0\u00bb][vc_empty_space height=\u00a0\u00bb60px\u00a0\u00bb][vc_column_text css=\u00a0\u00bb.vc_custom_1765112223744{padding-right: 10px !important;padding-left: 10px !important;}\u00a0\u00bb]<\/p>\n<h3 style=\"text-align: center;\"><span style=\"color: #333f48;\">Parking<\/span><\/h3>\n<p><\/p>\n<p class=\"home-boxes\" style=\"text-align: center;\">\u00c0 votre arriv\u00e9e \u00e0 l&rsquo;h\u00f4tel Ardesia, vous pourrez vous garer gratuitement dans les rues avoisinantes ou choisir les parkings conventionn\u00e9s payants, proches de l&rsquo;h\u00f4tel et facilement accessibles.<\/p>\n<p>\n[\/vc_column_text][vc_raw_html]PGEgaHJlZj0iaHR0cHM6Ly9ob3RlbGFyZGVzaWEuY29tL2ZyL3NlcnZpY2VzIiBjbGFzcz0icWJ1dHRvbiByZWFkX21vcmVfYnV0dG9uIGRhcmsiPkTDqWNvdXZyZXogbGVzIHNlcnZpY2VzPC9hPg==[\/vc_raw_html][\/qode_elements_holder_item][\/qode_elements_holder][vc_empty_space height=\u00a0\u00bb60px\u00a0\u00bb][\/vc_column][\/vc_row]<\/p>\n<\/div>","protected":false},"excerpt":{"rendered":"<p>[vc_row css_animation=\u00a0\u00bb\u00a0\u00bb row_type=\u00a0\u00bbrow\u00a0\u00bb use_row_as_full_screen_section=\u00a0\u00bbno\u00a0\u00bb type=\u00a0\u00bbfull_width\u00a0\u00bb angled_section=\u00a0\u00bbno\u00a0\u00bb text_align=\u00a0\u00bbleft\u00a0\u00bb background_image_as_pattern=\u00a0\u00bbwithout_pattern\u00a0\u00bb el_class=\u00a0\u00bbfull\u00a0\u00bb z_index=\u00a0\u00bb\u00a0\u00bb][vc_column][vc_column_text][\/vc_column_text][\/vc_column][\/vc_row][vc_row css_animation=\u00a0\u00bb\u00a0\u00bb row_type=\u00a0\u00bbrow\u00a0\u00bb use_row_as_full_screen_section=\u00a0\u00bbno\u00a0\u00bb type=\u00a0\u00bbgrid\u00a0\u00bb angled_section=\u00a0\u00bbno\u00a0\u00bb text_align=\u00a0\u00bbleft\u00a0\u00bb background_image_as_pattern=\u00a0\u00bbwithout_pattern\u00a0\u00bb css=\u00a0\u00bb.vc_custom_1681908197340{margin-top: 5% !important;}\u00a0\u00bb z_index=\u00a0\u00bb\u00a0\u00bb][vc_column width=\u00a0\u00bb1\/2&Prime;][\/vc_column][vc_column width=\u00a0\u00bb1\/2&Prime;][vc_column_text] Comment s&rsquo;y rendre en voiture Depuis le p\u00e9age de Rimini Sud (6 min \/ 3,4 km), prenez la direction de Rimini, continuez&#8230;<\/p>\n","protected":false},"author":1,"featured_media":0,"parent":0,"menu_order":0,"comment_status":"closed","ping_status":"closed","template":"full_width.php","meta":{"_monsterinsights_skip_tracking":false,"_monsterinsights_sitenote_active":false,"_monsterinsights_sitenote_note":"","_monsterinsights_sitenote_category":0,"footnotes":""},"class_list":["post-3956","page","type-page","status-publish","hentry"],"aioseo_notices":[],"_links":{"self":[{"href":"https:\/\/hotelardesia.com\/fr\/wp-json\/wp\/v2\/pages\/3956","targetHints":{"allow":["GET"]}}],"collection":[{"href":"https:\/\/hotelardesia.com\/fr\/wp-json\/wp\/v2\/pages"}],"about":[{"href":"https:\/\/hotelardesia.com\/fr\/wp-json\/wp\/v2\/types\/page"}],"author":[{"embeddable":true,"href":"https:\/\/hotelardesia.com\/fr\/wp-json\/wp\/v2\/users\/1"}],"replies":[{"embeddable":true,"href":"https:\/\/hotelardesia.com\/fr\/wp-json\/wp\/v2\/comments?post=3956"}],"version-history":[{"count":0,"href":"https:\/\/hotelardesia.com\/fr\/wp-json\/wp\/v2\/pages\/3956\/revisions"}],"wp:attachment":[{"href":"https:\/\/hotelardesia.com\/fr\/wp-json\/wp\/v2\/media?parent=3956"}],"curies":[{"name":"wp","href":"https:\/\/api.w.org\/{rel}","templated":true}]}}