{"id":3985,"date":"2025-12-15T21:08:24","date_gmt":"2025-12-15T20:08:24","guid":{"rendered":"https:\/\/hotelardesia.com\/faq"},"modified":"2025-12-15T21:08:25","modified_gmt":"2025-12-15T20:08:25","slug":"faq","status":"publish","type":"page","link":"https:\/\/hotelardesia.com\/fr\/faq","title":{"rendered":"FAQ"},"content":{"rendered":"<div class=\"wpb-content-wrapper\"><p>[vc_row css_animation=\u00a0\u00bb\u00a0\u00bb row_type=\u00a0\u00bbrow\u00a0\u00bb use_row_as_full_screen_section=\u00a0\u00bbno\u00a0\u00bb type=\u00a0\u00bbfull_width\u00a0\u00bb angled_section=\u00a0\u00bbno\u00a0\u00bb text_align=\u00a0\u00bbleft\u00a0\u00bb background_image_as_pattern=\u00a0\u00bbwithout_pattern\u00a0\u00bb][vc_column][vc_column_text css=\u00a0\u00bb\u00a0\u00bb]<\/p>\n<h1><\/h1>\n<p>&nbsp;<\/p>\n<h1><span style=\"color: #dca879;\">FAQ<\/span><\/h1>\n<hr \/>\n<h3>Quelles sont les heures d&rsquo;arriv\u00e9e et de d\u00e9part ?<\/h3>\n<p>L&rsquo;arriv\u00e9e est pr\u00e9vue \u00e0 partir de <strong>15h00<\/strong> et le d\u00e9part avant <strong>11h00<\/strong>.<\/p>\n<h3>Je pars t\u00f4t le matin, puis-je prendre mon petit-d\u00e9jeuner avant 7h30 ou avoir un petit-d\u00e9jeuner \u00e0 emporter ?<\/h3>\n<p>La veille de votre d\u00e9part, vous pouvez demander un <strong>petit-d\u00e9jeuner plus simple<\/strong> avant 7h00 ou un petit-d\u00e9jeuner \u00e0 emporter sans frais suppl\u00e9mentaires.<\/p>\n<h3>J&rsquo;arrive t\u00f4t, puis-je anticiper mon enregistrement ?<\/h3>\n<p>La chambre sera disponible vers 14h00, mais si vous souhaitez arriver plus t\u00f4t, vous pouvez laisser vos bagages dans notre <strong>salle de stockage<\/strong>. Nous ferons en sorte que votre chambre soit pr\u00eate le plus t\u00f4t possible.<\/p>\n<h3>J&rsquo;arrive tard, jusqu&rsquo;\u00e0 quelle heure puis-je m&rsquo;enregistrer ?<\/h3>\n<p>Il est possible de s&rsquo;enregistrer jusqu&rsquo;\u00e0 23h00, apr\u00e8s cette heure, un suppl\u00e9ment sera demand\u00e9. N&rsquo;oubliez pas d&rsquo;informer notre personnel de votre heure d&rsquo;arriv\u00e9e afin que nous puissions vous accueillir dans les meilleures conditions.<\/p>\n<h3>\u00c0 mon arriv\u00e9e, o\u00f9 puis-je me garer ?<\/h3>\n<p>Il est possible de <strong>se garer gratuitement<\/strong> \u00e0 proximit\u00e9 de l&rsquo;h\u00f4tel et dans les environs. Nous vous recommandons :<br \/>Via Bersezio  <a href=\"https:\/\/maps.app.goo.gl\/VSGsVaZxXak7Roxu5\" target=\"_blank\" rel=\"noopener noreferrer\"><u>CLIQUEZ ICI<\/u><\/a><br \/>Via Armellini  <a href=\"https:\/\/maps.app.goo.gl\/GF9jKt5PEqRdXkT69\" target=\"_blank\" rel=\"noopener noreferrer\"><u>CLIQUEZ ICI<\/u><\/a><br \/>ou au parking payant Chiabrera <a href=\"https:\/\/maps.app.goo.gl\/T4my4fX9HBqCW31MA\" target=\"_blank\" rel=\"noopener noreferrer\"><u>CLIQUEZ ICI<\/u><\/a><\/p>\n<h3>Combien co\u00fbte la taxe de s\u00e9jour ?<\/h3>\n<p>La taxe de s\u00e9jour est de <strong>2,50 euros<\/strong> par personne et par jour pour un maximum de 7 jours et n&rsquo;est pas incluse dans le prix de la r\u00e9servation.<br \/>Les enfants de moins de 14 ans en sont exempt\u00e9s.<\/p>\n<h3>Puis-je r\u00e9server en demi-pension ou en formule tout compris ?<\/h3>\n<p>Nos forfaits comprennent uniquement l&rsquo;h\u00e9bergement et le petit-d\u00e9jeuner. Des produits locaux, des ingr\u00e9dients de qualit\u00e9, des p\u00e2tisseries maison et des alternatives v\u00e9g\u00e9taliennes et sans gluten vous attendent chaque matin pour vous souhaiter une bonne journ\u00e9e. Nous serons \u00e9galement ravis de vous conseiller des <strong>restaurants<\/strong> et des <strong>pizzerias<\/strong> <strong>partenaires <\/strong>\u00e0 proximit\u00e9.<\/p>\n<h3>Est-il possible de b\u00e9n\u00e9ficier d&rsquo;un d\u00e9part tardif ?<\/h3>\n<p>Bien s\u00fbr, ce service est <strong>payant<\/strong>, soumis \u00e0 disponibilit\u00e9 et sur demande.<\/p>\n<h3>Acceptez-vous les animaux domestiques ? Y a-t-il un suppl\u00e9ment pour les animaux ?<\/h3>\n<p>Les <strong>animaux de petite et moyenne taille<\/strong> sont les bienvenus \u00e0 l&rsquo;h\u00f4tel et sur notre plage partenaire Bagno 87 Carlo &amp; 88 Vittorio. Le co\u00fbt du s\u00e9jour pour votre animal est de <strong>10 euros par nuit<\/strong>, en raison d&rsquo;un nettoyage plus approfondi des chambres avec des d\u00e9tergents et des d\u00e9sinfectants appropri\u00e9s.<\/p>\n<h3>Y a-t-il des produits sans gluten pour le petit-d\u00e9jeuner ?<\/h3>\n<p>Nous avons toujours \u00e0 disposition des <strong>produits emball\u00e9s sans gluten<\/strong> : biscuits, cornflakes, galettes, biscottes, petits g\u00e2teaux, crackers, pur\u00e9es de fruits, boissons au soja, au riz et aux amandes. N&rsquo;oubliez pas d&rsquo;en informer notre personnel lors de votre enregistrement, afin qu&rsquo;il puisse les pr\u00e9parer chaque matin.<\/p>\n<h3>Puis-je annuler ma r\u00e9servation gratuitement ?<\/h3>\n<p>Les conditions de r\u00e9servation et d&rsquo;annulation peuvent varier en fonction de la saison. Nous vous recommandons de lire vos conditions d&rsquo;annulation, qui sont toujours indiqu\u00e9es dans votre r\u00e9servation.<\/p>\n<h3>Quels types de paiement acceptez-vous ?<\/h3>\n<p>Cartes de cr\u00e9dit et de d\u00e9bit, virements bancaires et esp\u00e8ces.<\/p>\n<h3>Comment se rendre \u00e0 votre h\u00f4tel ?<\/h3>\n<p>Consultez ce <a href=\"https:\/\/hotelardesia.com\/fr\/ou-nous-trouver\">lien<\/a>.<\/p>\n<h3>Y a-t-il des offres en cours pour mon s\u00e9jour \u00e0 l&rsquo;h\u00f4tel Ardesia ?<\/h3>\n<p>Nous vous garantissons toujours le <strong>meilleur tarif disponible sur notre site officiel<\/strong> par rapport aux principaux portails de r\u00e9servation en ligne, avec des paiements et des serveurs s\u00e9curis\u00e9s, ainsi qu&rsquo;une assistance constante de notre personnel, toujours \u00e0 votre disposition pour vous accompagner tout au long du processus de r\u00e9servation et vous proposer la meilleure solution pour votre s\u00e9jour. Inscrivez-vous \u00e0 notre newsletter pour rester inform\u00e9 des promotions et des nouveaut\u00e9s.[\/vc_column_text][\/vc_column][\/vc_row]<\/p>\n<\/div>","protected":false},"excerpt":{"rendered":"<p>[vc_row css_animation=\u00a0\u00bb\u00a0\u00bb row_type=\u00a0\u00bbrow\u00a0\u00bb use_row_as_full_screen_section=\u00a0\u00bbno\u00a0\u00bb type=\u00a0\u00bbfull_width\u00a0\u00bb angled_section=\u00a0\u00bbno\u00a0\u00bb text_align=\u00a0\u00bbleft\u00a0\u00bb background_image_as_pattern=\u00a0\u00bbwithout_pattern\u00a0\u00bb][vc_column][vc_column_text css=\u00a0\u00bb\u00a0\u00bb] &nbsp; FAQ Quelles sont les heures d&rsquo;arriv\u00e9e et de d\u00e9part ? L&rsquo;arriv\u00e9e est pr\u00e9vue \u00e0 partir de 15h00 et le d\u00e9part avant 11h00. Je pars t\u00f4t le matin, puis-je prendre mon petit-d\u00e9jeuner avant 7h30 ou avoir&#8230;<\/p>\n","protected":false},"author":1,"featured_media":0,"parent":0,"menu_order":0,"comment_status":"closed","ping_status":"closed","template":"","meta":{"_monsterinsights_skip_tracking":false,"_monsterinsights_sitenote_active":false,"_monsterinsights_sitenote_note":"","_monsterinsights_sitenote_category":0,"footnotes":""},"class_list":["post-3985","page","type-page","status-publish","hentry"],"aioseo_notices":[],"_links":{"self":[{"href":"https:\/\/hotelardesia.com\/fr\/wp-json\/wp\/v2\/pages\/3985","targetHints":{"allow":["GET"]}}],"collection":[{"href":"https:\/\/hotelardesia.com\/fr\/wp-json\/wp\/v2\/pages"}],"about":[{"href":"https:\/\/hotelardesia.com\/fr\/wp-json\/wp\/v2\/types\/page"}],"author":[{"embeddable":true,"href":"https:\/\/hotelardesia.com\/fr\/wp-json\/wp\/v2\/users\/1"}],"replies":[{"embeddable":true,"href":"https:\/\/hotelardesia.com\/fr\/wp-json\/wp\/v2\/comments?post=3985"}],"version-history":[{"count":0,"href":"https:\/\/hotelardesia.com\/fr\/wp-json\/wp\/v2\/pages\/3985\/revisions"}],"wp:attachment":[{"href":"https:\/\/hotelardesia.com\/fr\/wp-json\/wp\/v2\/media?parent=3985"}],"curies":[{"name":"wp","href":"https:\/\/api.w.org\/{rel}","templated":true}]}}