{"id":3997,"date":"2025-12-15T21:11:23","date_gmt":"2025-12-15T20:11:23","guid":{"rendered":"https:\/\/hotelardesia.com\/fiabilandia"},"modified":"2025-12-15T21:11:23","modified_gmt":"2025-12-15T20:11:23","slug":"fiabilandia","status":"publish","type":"page","link":"https:\/\/hotelardesia.com\/fr\/fiabilandia","title":{"rendered":"Fiabilandia"},"content":{"rendered":"<div class=\"wpb-content-wrapper\"><p>[vc_row css_animation=\u00a0\u00bb\u00a0\u00bb row_type=\u00a0\u00bbrow\u00a0\u00bb use_row_as_full_screen_section=\u00a0\u00bbno\u00a0\u00bb type=\u00a0\u00bbfull_width\u00a0\u00bb angled_section=\u00a0\u00bbno\u00a0\u00bb text_align=\u00a0\u00bbleft\u00a0\u00bb background_image_as_pattern=\u00a0\u00bbwithout_pattern\u00a0\u00bb el_class=\u00a0\u00bbmax-1400&Prime; z_index=\u00a0\u00bb\u00a0\u00bb][vc_column][vc_empty_space height=\u00a0\u00bb60px\u00a0\u00bb][vc_column_text]<\/p>\n<h1 style=\"text-align: center;\">Fiabilandia<\/h1>\n<p>\n[\/vc_column_text][vc_column_text css=\u00a0\u00bb\u00a0\u00bb]<\/p>\n<p style=\"text-align: center;\">\u00c0 <strong>Fiabilandia di Rimini<\/strong>, de nombreuses attractions et divertissements \u00e0 deux pas de notre <strong>h\u00f4tel pr\u00e8s de Rimini Fiabilandia<\/strong> est un parc d&rsquo;attractions qui s\u00e9duit surtout les petits, mais qui parvient \u00e9galement \u00e0 faire sourire les parents, qui redeviennent un peu enfants le temps d&rsquo;une journ\u00e9e. Il s&rsquo;agit du parc d&rsquo;attractions le plus riche en histoire de la <strong>Riviera Romagnola<\/strong>, le monde des contes de f\u00e9es qui pr\u00e9c\u00e8de tous les autres.<\/p>\n<p>[\/vc_column_text][vc_empty_space height=\u00a0\u00bb60px\u00a0\u00bb][\/vc_column][\/vc_row][vc_row css_animation=\u00a0\u00bb\u00a0\u00bb row_type=\u00a0\u00bbrow\u00a0\u00bb use_row_as_full_screen_section=\u00a0\u00bbno\u00a0\u00bb type=\u00a0\u00bbfull_width\u00a0\u00bb angled_section=\u00a0\u00bbno\u00a0\u00bb text_align=\u00a0\u00bbleft\u00a0\u00bb background_image_as_pattern=\u00a0\u00bbwithout_pattern\u00a0\u00bb el_class=\u00a0\u00bbindex-risto\u00a0\u00bb z_index=\u00a0\u00bb\u00a0\u00bb css=\u00a0\u00bb.vc_custom_1518098798166{background-color: #ffffff !important;}\u00a0\u00bb][vc_column][qode_elements_holder number_of_columns=\u00a0\u00bbtwo_columns\u00a0\u00bb][qode_elements_holder_item advanced_animations=\u00a0\u00bbno\u00a0\u00bb item_padding=\u00a0\u00bb0 15px 0 0&Prime;][vc_single_image image=\u00a0\u00bb3999&Prime; img_size=\u00a0\u00bbfull\u00a0\u00bb alignment=\u00a0\u00bbright\u00a0\u00bb css=\u00a0\u00bb.vc_custom_1521471500446{padding-right: 15px !important;padding-left: 15px !important;}\u00a0\u00bb qode_css_animation=\u00a0\u00bbelement_from_left\u00a0\u00bb][\/qode_elements_holder_item][qode_elements_holder_item advanced_animations=\u00a0\u00bbno\u00a0\u00bb item_padding=\u00a0\u00bb0 0 0 15px\u00a0\u00bb][vc_column_text css=\u00a0\u00bb.vc_custom_1683200978457{padding-right: 15px !important;padding-left: 15px !important;}\u00a0\u00bb]<\/p>\n<p style=\"text-align: center;\">Fiabilandia offre de nombreuses attractions pour toute la famille, plus de trente, auxquelles s&rsquo;ajoutent des spectacles, des repr\u00e9sentations, des jeux et des services de toutes sortes. Le parc s&rsquo;\u00e9tend autour du lac Bernardo, entour\u00e9 d&rsquo;une v\u00e9g\u00e9tation naturelle dense qui attire chaque ann\u00e9e de nombreuses esp\u00e8ces d&rsquo;oiseaux. Il est possible de traverser le bassin \u00e0 bord du Fiaby Boat, un bateau color\u00e9 et tr\u00e8s amusant, tandis que le petit train Fiabilandia Express permet de p\u00e9n\u00e9trer dans le parc et d&rsquo;atteindre la zone th\u00e9matique du Far West o\u00f9 se trouvent le village Navajo et le village Apache, \u00e0 explorer pour vivre une aventure d&rsquo;autrefois. Au Saloon du Far West, vous pouvez manger un morceau en choisissant parmi un menu de plats extravagants et assister \u00e0 des spectacles \u00e0 th\u00e8me.<\/p>\n<p>\n[\/vc_column_text][\/qode_elements_holder_item][\/qode_elements_holder][vc_empty_space height=\u00a0\u00bb60px\u00a0\u00bb][\/vc_column][\/vc_row][vc_row css_animation=\u00a0\u00bb\u00a0\u00bb row_type=\u00a0\u00bbrow\u00a0\u00bb use_row_as_full_screen_section=\u00a0\u00bbno\u00a0\u00bb type=\u00a0\u00bbfull_width\u00a0\u00bb angled_section=\u00a0\u00bbno\u00a0\u00bb text_align=\u00a0\u00bbleft\u00a0\u00bb background_image_as_pattern=\u00a0\u00bbwithout_pattern\u00a0\u00bb z_index=\u00a0\u00bb\u00a0\u00bb css=\u00a0\u00bb.vc_custom_1521192956462{background-color: #dfd9d4 !important;}\u00a0\u00bb][vc_column][vc_column_text css=\u00a0\u00bb.vc_custom_1521468332952{padding-top: 6% !important;padding-bottom: 6% !important;}\u00a0\u00bb]<\/p>\n<p style=\"text-align: center;\">Le <strong>Ch\u00e2teau du Magicien Merlin<\/strong> est sans aucun doute l&rsquo;attraction principale du parc. Visible d\u00e8s l&rsquo;entr\u00e9e, il suscite beaucoup de curiosit\u00e9 avec ses formes \u00e9tranges et f\u00e9\u00e9riques.<\/p>\n<p>[\/vc_column_text][\/vc_column][\/vc_row][vc_row css_animation=\u00a0\u00bb\u00a0\u00bb row_type=\u00a0\u00bbrow\u00a0\u00bb use_row_as_full_screen_section=\u00a0\u00bbno\u00a0\u00bb type=\u00a0\u00bbfull_width\u00a0\u00bb angled_section=\u00a0\u00bbno\u00a0\u00bb text_align=\u00a0\u00bbleft\u00a0\u00bb background_image_as_pattern=\u00a0\u00bbwithout_pattern\u00a0\u00bb el_class=\u00a0\u00bbfull\u00a0\u00bb z_index=\u00a0\u00bb\u00a0\u00bb][vc_column][vc_raw_html]PGRpdiBjbGFzcz0icGFyYWxsYXggZmlhYmlsYW5kaWEiPjwvZGl2Pg==[\/vc_raw_html][\/vc_column][\/vc_row]<\/p>\n<\/div>","protected":false},"excerpt":{"rendered":"<p>[vc_row css_animation=\u00a0\u00bb\u00a0\u00bb row_type=\u00a0\u00bbrow\u00a0\u00bb use_row_as_full_screen_section=\u00a0\u00bbno\u00a0\u00bb type=\u00a0\u00bbfull_width\u00a0\u00bb angled_section=\u00a0\u00bbno\u00a0\u00bb text_align=\u00a0\u00bbleft\u00a0\u00bb background_image_as_pattern=\u00a0\u00bbwithout_pattern\u00a0\u00bb el_class=\u00a0\u00bbmax-1400&Prime; z_index=\u00a0\u00bb\u00a0\u00bb][vc_column][vc_empty_space height=\u00a0\u00bb60px\u00a0\u00bb][vc_column_text] Fiabilandia [\/vc_column_text][vc_column_text css=\u00a0\u00bb\u00a0\u00bb] \u00c0 Fiabilandia di Rimini, de nombreuses attractions et divertissements \u00e0 deux pas de notre h\u00f4tel pr\u00e8s de Rimini Fiabilandia est un parc d&rsquo;attractions qui s\u00e9duit surtout les petits, mais qui parvient&#8230;<\/p>\n","protected":false},"author":1,"featured_media":0,"parent":0,"menu_order":0,"comment_status":"closed","ping_status":"closed","template":"full_width.php","meta":{"_monsterinsights_skip_tracking":false,"_monsterinsights_sitenote_active":false,"_monsterinsights_sitenote_note":"","_monsterinsights_sitenote_category":0,"footnotes":""},"class_list":["post-3997","page","type-page","status-publish","hentry"],"aioseo_notices":[],"_links":{"self":[{"href":"https:\/\/hotelardesia.com\/fr\/wp-json\/wp\/v2\/pages\/3997","targetHints":{"allow":["GET"]}}],"collection":[{"href":"https:\/\/hotelardesia.com\/fr\/wp-json\/wp\/v2\/pages"}],"about":[{"href":"https:\/\/hotelardesia.com\/fr\/wp-json\/wp\/v2\/types\/page"}],"author":[{"embeddable":true,"href":"https:\/\/hotelardesia.com\/fr\/wp-json\/wp\/v2\/users\/1"}],"replies":[{"embeddable":true,"href":"https:\/\/hotelardesia.com\/fr\/wp-json\/wp\/v2\/comments?post=3997"}],"version-history":[{"count":0,"href":"https:\/\/hotelardesia.com\/fr\/wp-json\/wp\/v2\/pages\/3997\/revisions"}],"wp:attachment":[{"href":"https:\/\/hotelardesia.com\/fr\/wp-json\/wp\/v2\/media?parent=3997"}],"curies":[{"name":"wp","href":"https:\/\/api.w.org\/{rel}","templated":true}]}}