{"id":4003,"date":"2025-12-15T21:13:38","date_gmt":"2025-12-15T20:13:38","guid":{"rendered":"https:\/\/hotelardesia.com\/aquafan"},"modified":"2026-02-17T15:39:23","modified_gmt":"2026-02-17T14:39:23","slug":"aquafan","status":"publish","type":"page","link":"https:\/\/hotelardesia.com\/fr\/aquafan","title":{"rendered":"Aquafan"},"content":{"rendered":"<div class=\"wpb-content-wrapper\"><p>[vc_row css_animation=\u00a0\u00bb\u00a0\u00bb row_type=\u00a0\u00bbrow\u00a0\u00bb use_row_as_full_screen_section=\u00a0\u00bbno\u00a0\u00bb type=\u00a0\u00bbfull_width\u00a0\u00bb angled_section=\u00a0\u00bbno\u00a0\u00bb text_align=\u00a0\u00bbleft\u00a0\u00bb background_image_as_pattern=\u00a0\u00bbwithout_pattern\u00a0\u00bb el_class=\u00a0\u00bbmax-1400&Prime; z_index=\u00a0\u00bb\u00a0\u00bb][vc_column][vc_empty_space height=\u00a0\u00bb60px\u00a0\u00bb][vc_column_text]<\/p>\n<h1 style=\"text-align: center;\">Aquafan<\/h1>\n<p>\n[\/vc_column_text][vc_column_text]<\/p>\n<p style=\"text-align: center;\">L&rsquo;<strong>Aquafan<\/strong> est l&rsquo;<strong>extraordinaire parc aquatique de Riccione<\/strong> qui propose une myriade d&rsquo;attractions et d&rsquo;animations et qui, chaque ann\u00e9e, surprend ses visiteurs avec de nombreuses surprises.<br \/>\nIl s&rsquo;agit du <strong>parc aquatique le plus r\u00e9put\u00e9 d&rsquo;Europe<\/strong>, avec 150 000 m\u00e8tres carr\u00e9s de toboggans aquatiques, qui s&rsquo;articulent entre des parcours acrobatiques et palpitants. L&rsquo;Aquafan offre du divertissement pour tous, petits et grands, familles et groupes d&rsquo;adolescents qui restent enthousiasm\u00e9s par ce parc.<\/p>\n<p>[\/vc_column_text][vc_empty_space height=\u00a0\u00bb60px\u00a0\u00bb][\/vc_column][\/vc_row][vc_row css_animation=\u00a0\u00bb\u00a0\u00bb row_type=\u00a0\u00bbrow\u00a0\u00bb use_row_as_full_screen_section=\u00a0\u00bbno\u00a0\u00bb type=\u00a0\u00bbfull_width\u00a0\u00bb angled_section=\u00a0\u00bbno\u00a0\u00bb text_align=\u00a0\u00bbleft\u00a0\u00bb background_image_as_pattern=\u00a0\u00bbwithout_pattern\u00a0\u00bb el_class=\u00a0\u00bbindex-risto\u00a0\u00bb z_index=\u00a0\u00bb\u00a0\u00bb css=\u00a0\u00bb.vc_custom_1518098798166{background-color: #ffffff !important;}\u00a0\u00bb][vc_column][qode_elements_holder number_of_columns=\u00a0\u00bbtwo_columns\u00a0\u00bb][qode_elements_holder_item advanced_animations=\u00a0\u00bbno\u00a0\u00bb item_padding=\u00a0\u00bb0 15px 0 0&Prime;][vc_single_image image=\u00a0\u00bb4004&Prime; img_size=\u00a0\u00bbfull\u00a0\u00bb alignment=\u00a0\u00bbright\u00a0\u00bb qode_css_animation=\u00a0\u00bbelement_from_left\u00a0\u00bb css=\u00a0\u00bb.vc_custom_1521471594276{padding-right: 15px !important;padding-left: 15px !important;}\u00a0\u00bb][\/qode_elements_holder_item][qode_elements_holder_item advanced_animations=\u00a0\u00bbno\u00a0\u00bb item_padding=\u00a0\u00bb0 0 0 15px\u00a0\u00bb][vc_column_text css=\u00a0\u00bb.vc_custom_1683201003460{padding-right: 15px !important;padding-left: 15px !important;}\u00a0\u00bb]<\/p>\n<p style=\"text-align: center;\">Tout d&rsquo;abord, des toboggans et des descentes \u00e0 couper le souffle : les amateurs de sensations fortes et les plus t\u00e9m\u00e9raires sont attendus  par le  Kamikaze, la plus ancienne attraction du parc qui reste toujours la plus adr\u00e9naline, avec deux pistes de 90 m\u00e8tres o\u00f9 l&rsquo;on atteint une vitesse en chute libre de 65 km\/h, ou River Run, un long parcours en pente \u00e0 effectuer \u00e0 bord de canots pneumatiques, ou encore Twist, o\u00f9 trois conduits s&rsquo;entrelacent dans un tourbillon, et enfin Speedriul, un syst\u00e8me de tuyaux et d&rsquo;entonnoirs qui s&rsquo;entrecroisent pour une descente \u00e0 grande vitesse.<\/p>\n<p>\n[\/vc_column_text][\/qode_elements_holder_item][\/qode_elements_holder][vc_empty_space height=\u00a0\u00bb60px\u00a0\u00bb][\/vc_column][\/vc_row][vc_row css_animation=\u00a0\u00bb\u00a0\u00bb row_type=\u00a0\u00bbrow\u00a0\u00bb use_row_as_full_screen_section=\u00a0\u00bbno\u00a0\u00bb type=\u00a0\u00bbfull_width\u00a0\u00bb angled_section=\u00a0\u00bbno\u00a0\u00bb text_align=\u00a0\u00bbleft\u00a0\u00bb background_image_as_pattern=\u00a0\u00bbwithout_pattern\u00a0\u00bb z_index=\u00a0\u00bb\u00a0\u00bb css=\u00a0\u00bb.vc_custom_1521192956462{background-color: #dfd9d4 !important;}\u00a0\u00bb][vc_column][vc_column_text css=\u00a0\u00bb.vc_custom_1521470491330{padding-top: 6% !important;padding-bottom: 6% !important;}\u00a0\u00bb]<\/p>\n<p style=\"text-align: center;\" >M\u00eame les plus petits pourront s&rsquo;amuser dans l&rsquo;eau avec l&rsquo;Arche  de No\u00e9, o\u00f9 ils pourront grimper en toute s\u00e9curit\u00e9 pour d\u00e9couvrir les diff\u00e9rentes esp\u00e8ces d&rsquo;animaux \u00e0 bord, puis redescendre par des tubes color\u00e9s, la Piscine de l&rsquo;\u00c9l\u00e9phant, o\u00f9 de sympathiques toboggans s&rsquo;\u00e9tendent depuis le ventre de l&rsquo;\u00e9l\u00e9phant rose qui asperge d&rsquo;eau avec sa trompe, et Antartic Baby Beach, o\u00f9 ils pourront jouer avec un ours polaire curieux. <\/p>\n<p>[\/vc_column_text][\/vc_column][\/vc_row][vc_row css_animation=\u00a0\u00bb\u00a0\u00bb row_type=\u00a0\u00bbrow\u00a0\u00bb use_row_as_full_screen_section=\u00a0\u00bbno\u00a0\u00bb type=\u00a0\u00bbfull_width\u00a0\u00bb angled_section=\u00a0\u00bbno\u00a0\u00bb text_align=\u00a0\u00bbleft\u00a0\u00bb background_image_as_pattern=\u00a0\u00bbwithout_pattern\u00a0\u00bb el_class=\u00a0\u00bbfull\u00a0\u00bb z_index=\u00a0\u00bb\u00a0\u00bb][vc_column][vc_raw_html]PGRpdiBjbGFzcz0icGFyYWxsYXggYXF1YWZhbiI+PC9kaXY+[\/vc_raw_html][\/vc_column][\/vc_row]<\/p>\n<\/div>","protected":false},"excerpt":{"rendered":"<p>[vc_row css_animation=\u00a0\u00bb\u00a0\u00bb row_type=\u00a0\u00bbrow\u00a0\u00bb use_row_as_full_screen_section=\u00a0\u00bbno\u00a0\u00bb type=\u00a0\u00bbfull_width\u00a0\u00bb angled_section=\u00a0\u00bbno\u00a0\u00bb text_align=\u00a0\u00bbleft\u00a0\u00bb background_image_as_pattern=\u00a0\u00bbwithout_pattern\u00a0\u00bb el_class=\u00a0\u00bbmax-1400&Prime; z_index=\u00a0\u00bb\u00a0\u00bb][vc_column][vc_empty_space height=\u00a0\u00bb60px\u00a0\u00bb][vc_column_text] Aquafan [\/vc_column_text][vc_column_text] L&rsquo;Aquafan est l&rsquo;extraordinaire parc aquatique de Riccione qui propose une myriade d&rsquo;attractions et d&rsquo;animations et qui, chaque ann\u00e9e, surprend ses visiteurs avec de nombreuses surprises. Il s&rsquo;agit du parc aquatique le plus&#8230;<\/p>\n","protected":false},"author":1,"featured_media":0,"parent":0,"menu_order":0,"comment_status":"closed","ping_status":"closed","template":"full_width.php","meta":{"_monsterinsights_skip_tracking":false,"_monsterinsights_sitenote_active":false,"_monsterinsights_sitenote_note":"","_monsterinsights_sitenote_category":0,"footnotes":""},"class_list":["post-4003","page","type-page","status-publish","hentry"],"aioseo_notices":[],"_links":{"self":[{"href":"https:\/\/hotelardesia.com\/fr\/wp-json\/wp\/v2\/pages\/4003","targetHints":{"allow":["GET"]}}],"collection":[{"href":"https:\/\/hotelardesia.com\/fr\/wp-json\/wp\/v2\/pages"}],"about":[{"href":"https:\/\/hotelardesia.com\/fr\/wp-json\/wp\/v2\/types\/page"}],"author":[{"embeddable":true,"href":"https:\/\/hotelardesia.com\/fr\/wp-json\/wp\/v2\/users\/1"}],"replies":[{"embeddable":true,"href":"https:\/\/hotelardesia.com\/fr\/wp-json\/wp\/v2\/comments?post=4003"}],"version-history":[{"count":0,"href":"https:\/\/hotelardesia.com\/fr\/wp-json\/wp\/v2\/pages\/4003\/revisions"}],"wp:attachment":[{"href":"https:\/\/hotelardesia.com\/fr\/wp-json\/wp\/v2\/media?parent=4003"}],"curies":[{"name":"wp","href":"https:\/\/api.w.org\/{rel}","templated":true}]}}