{"id":4008,"date":"2025-12-15T21:14:53","date_gmt":"2025-12-15T20:14:53","guid":{"rendered":"https:\/\/hotelardesia.com\/foire-de-rimini"},"modified":"2025-12-15T21:14:53","modified_gmt":"2025-12-15T20:14:53","slug":"foire-de-rimini","status":"publish","type":"page","link":"https:\/\/hotelardesia.com\/fr\/foire-de-rimini","title":{"rendered":"H\u00f4tel Ardesia pr\u00e8s du parc des expositions de Rimini"},"content":{"rendered":"<div class=\"wpb-content-wrapper\"><p>[vc_row css_animation=\u00a0\u00bb\u00a0\u00bb row_type=\u00a0\u00bbrow\u00a0\u00bb use_row_as_full_screen_section=\u00a0\u00bbno\u00a0\u00bb type=\u00a0\u00bbgrid\u00a0\u00bb angled_section=\u00a0\u00bbno\u00a0\u00bb text_align=\u00a0\u00bbleft\u00a0\u00bb background_image_as_pattern=\u00a0\u00bbwithout_pattern\u00a0\u00bb z_index=\u00a0\u00bb\u00a0\u00bb][vc_column][vc_empty_space][vc_column_text css=\u00a0\u00bb\u00a0\u00bb]<\/p>\n<h3>L&rsquo;h\u00f4tel Ardesia \u00e0 cinq minutes du parc des expositions de Rimini<\/h3>\n<p>Parmi ses nombreuses ressources, Rimini compte un parc des expositions qui, au fil des ans, est devenu un lieu de rencontre tr\u00e8s pris\u00e9 des entreprises nationales et internationales, qui y ont pr\u00e9sent\u00e9 bon nombre des innovations qui caract\u00e9risent le monde contemporain.<\/p>\n<p>Le parc des expositions de Rimini est un grand centre \u00e0 la pointe de la technologie et des services offerts, un monde des affaires capable d&rsquo;attirer chaque ann\u00e9e un nombre consid\u00e9rable de visiteurs, qu&rsquo;il s&rsquo;agisse de professionnels du secteur ou de simples visiteurs.<\/p>\n<p>Plus de quarante \u00e9v\u00e9nements ont lieu chaque ann\u00e9e \u00e0 la Fiera di Rimini, dans divers secteurs, notamment le tourisme, le bien-\u00eatre, les loisirs, les installations industrielles et bien d&rsquo;autres encore.<br \/>Une installation imposante accueille les visiteurs, dans laquelle tous les espaces sont optimis\u00e9s pour une fonctionnalit\u00e9 et une modernit\u00e9 maximales. Elle comprend, outre les espaces d&rsquo;exposition \u00e9quip\u00e9s de tous types de services, des salles de presse, des zones d&rsquo;accueil, des points de restauration et bien d&rsquo;autres choses encore qui font du parc des expositions une ville dans la ville, construite avec une attention particuli\u00e8re \u00e0 l&rsquo;impact environnemental, comme le montre clairement une structure qui privil\u00e9gie le bois et la verdure, avec des plantes de diff\u00e9rents types et des fontaines spectaculaires.<\/p>\n<p>En suivant le parcours entre les loges et les arcades qui relient les diff\u00e9rents pavillons d&rsquo;exposition, vous pouvez observer les propositions des diff\u00e9rentes entreprises participant aux salons, dont les principales sont : le SIGEP, salon de la glacerie et de la p\u00e2tisserie, Pianeta Birra sur la bi\u00e8re, les boissons et les snacks, MIA le salon de l&rsquo;agroalimentaire de qualit\u00e9, Rimini Wellness d\u00e9di\u00e9 au bien-\u00eatre et \u00e0 toutes les activit\u00e9s connexes, Mondo Natura avec les camping-cars, les caravanes et tout ce qui concerne le tourisme de plein air, et Ecomondo, avec toutes les derni\u00e8res propositions sur les nouvelles \u00e9nergies et les mat\u00e9riaux capables de cr\u00e9er un d\u00e9veloppement \u00e9cocompatible.<\/p>\n<p>Pour les passionn\u00e9s de voitures de course et personnalis\u00e9es, le rendez-vous avec My Special Car est incontournable, o\u00f9 vous pourrez observer et appr\u00e9cier les voitures de sport les plus innovantes et les voitures \u00ab sp\u00e9ciales \u00bb les plus cr\u00e9atives. Pour ceux qui souhaitent faire des affaires dans le monde de l&rsquo;h\u00f4tellerie, le salon Sia Guest doit n\u00e9cessairement figurer dans leur agenda.<\/p>\n<p>Le parc des expositions de Rimini est un monde qui ne cesse de surprendre, un environnement extraordinaire qui se mod\u00e8le et se transforme autour de ses \u00e9v\u00e9nements ; \u00e0 quelques pas du parc des expositions se trouve l&rsquo;h\u00f4tel Ardesia, un lieu de s\u00e9jour confortable pour des vacances d&rsquo;agr\u00e9ment ou d&rsquo;affaires.[\/vc_column_text][vc_empty_space][\/vc_column][\/vc_row]<\/p>\n<\/div>","protected":false},"excerpt":{"rendered":"<p>[vc_row css_animation=\u00a0\u00bb\u00a0\u00bb row_type=\u00a0\u00bbrow\u00a0\u00bb use_row_as_full_screen_section=\u00a0\u00bbno\u00a0\u00bb type=\u00a0\u00bbgrid\u00a0\u00bb angled_section=\u00a0\u00bbno\u00a0\u00bb text_align=\u00a0\u00bbleft\u00a0\u00bb background_image_as_pattern=\u00a0\u00bbwithout_pattern\u00a0\u00bb z_index=\u00a0\u00bb\u00a0\u00bb][vc_column][vc_empty_space][vc_column_text css=\u00a0\u00bb\u00a0\u00bb] L&rsquo;h\u00f4tel Ardesia \u00e0 cinq minutes du parc des expositions de Rimini Parmi ses nombreuses ressources, Rimini compte un parc des expositions qui, au fil des ans, est devenu un lieu de rencontre tr\u00e8s pris\u00e9 des&#8230;<\/p>\n","protected":false},"author":1,"featured_media":0,"parent":0,"menu_order":0,"comment_status":"closed","ping_status":"closed","template":"full_width.php","meta":{"_monsterinsights_skip_tracking":false,"_monsterinsights_sitenote_active":false,"_monsterinsights_sitenote_note":"","_monsterinsights_sitenote_category":0,"footnotes":""},"class_list":["post-4008","page","type-page","status-publish","hentry"],"aioseo_notices":[],"_links":{"self":[{"href":"https:\/\/hotelardesia.com\/fr\/wp-json\/wp\/v2\/pages\/4008","targetHints":{"allow":["GET"]}}],"collection":[{"href":"https:\/\/hotelardesia.com\/fr\/wp-json\/wp\/v2\/pages"}],"about":[{"href":"https:\/\/hotelardesia.com\/fr\/wp-json\/wp\/v2\/types\/page"}],"author":[{"embeddable":true,"href":"https:\/\/hotelardesia.com\/fr\/wp-json\/wp\/v2\/users\/1"}],"replies":[{"embeddable":true,"href":"https:\/\/hotelardesia.com\/fr\/wp-json\/wp\/v2\/comments?post=4008"}],"version-history":[{"count":0,"href":"https:\/\/hotelardesia.com\/fr\/wp-json\/wp\/v2\/pages\/4008\/revisions"}],"wp:attachment":[{"href":"https:\/\/hotelardesia.com\/fr\/wp-json\/wp\/v2\/media?parent=4008"}],"curies":[{"name":"wp","href":"https:\/\/api.w.org\/{rel}","templated":true}]}}