{"id":4097,"date":"2025-12-15T21:34:01","date_gmt":"2025-12-15T20:34:01","guid":{"rendered":"https:\/\/hotelardesia.com\/italie-en-miniature"},"modified":"2026-02-18T10:42:58","modified_gmt":"2026-02-18T09:42:58","slug":"italie-en-miniature","status":"publish","type":"page","link":"https:\/\/hotelardesia.com\/fr\/italie-en-miniature","title":{"rendered":"Italie en Miniatura"},"content":{"rendered":"<div class=\"wpb-content-wrapper\"><p>[vc_row css_animation=\u00a0\u00bb\u00a0\u00bb row_type=\u00a0\u00bbrow\u00a0\u00bb use_row_as_full_screen_section=\u00a0\u00bbno\u00a0\u00bb type=\u00a0\u00bbfull_width\u00a0\u00bb angled_section=\u00a0\u00bbno\u00a0\u00bb text_align=\u00a0\u00bbleft\u00a0\u00bb background_image_as_pattern=\u00a0\u00bbwithout_pattern\u00a0\u00bb el_class=\u00a0\u00bbmax-1400&Prime; z_index=\u00a0\u00bb\u00a0\u00bb][vc_column][vc_empty_space height=\u00a0\u00bb60px\u00a0\u00bb][vc_column_text]<\/p>\n<h1 style=\"text-align: center;\">L&rsquo;Italie en miniature<\/h1>\n<p>[\/vc_column_text][vc_column_text css=\u00a0\u00bb\u00a0\u00bb]<\/p>\n<p style=\"text-align: center;\">Parmi les <strong>parcs d&rsquo;attractions de la Riviera Romagnole<\/strong>, l&rsquo;<a href=\"https:\/\/www.italiainminiatura.com\/\"><strong>Italia in Miniatura<\/strong><\/a> est un monde extraordinaire \u00e0 d\u00e9couvrir , qui vous permet de vivre une exp\u00e9rience passionnante \u00e0 la d\u00e9couverte des beaut\u00e9s architecturales et culturelles de l&rsquo;Italie et des principales villes d&rsquo;Europe, avec l&rsquo;avantage de pouvoir tout visiter en une seule journ\u00e9e.<\/p>\n<p>[\/vc_column_text][vc_empty_space height=\u00a0\u00bb60px\u00a0\u00bb][\/vc_column][\/vc_row][vc_row css_animation=\u00a0\u00bb\u00a0\u00bb row_type=\u00a0\u00bbrow\u00a0\u00bb use_row_as_full_screen_section=\u00a0\u00bbno\u00a0\u00bb type=\u00a0\u00bbfull_width\u00a0\u00bb angled_section=\u00a0\u00bbno\u00a0\u00bb text_align=\u00a0\u00bbleft\u00a0\u00bb background_image_as_pattern=\u00a0\u00bbwithout_pattern\u00a0\u00bb el_class=\u00a0\u00bbindex-risto\u00a0\u00bb z_index=\u00a0\u00bb\u00a0\u00bb css=\u00a0\u00bb.vc_custom_1518098798166{background-color: #ffffff !important;}\u00a0\u00bb][vc_column][qode_elements_holder number_of_columns=\u00a0\u00bbtwo_columns\u00a0\u00bb][qode_elements_holder_item advanced_animations=\u00a0\u00bbno\u00a0\u00bb item_padding=\u00a0\u00bb0 15px 0 0&Prime;][vc_single_image image=\u00a0\u00bb4098&Prime; img_size=\u00a0\u00bbfull\u00a0\u00bb alignment=\u00a0\u00bbright\u00a0\u00bb css=\u00a0\u00bb.vc_custom_1521466900788{padding-right: 15px !important;padding-left: 15px !important;}\u00a0\u00bb qode_css_animation=\u00a0\u00bbelement_from_left\u00a0\u00bb][\/qode_elements_holder_item][qode_elements_holder_item advanced_animations=\u00a0\u00bbno\u00a0\u00bb item_padding=\u00a0\u00bb0 0 0 15px\u00a0\u00bb][vc_column_text css=\u00a0\u00bb.vc_custom_1764962260757{padding-right: 15px !important;padding-left: 15px !important;}\u00a0\u00bb]<\/p>\n<p style=\"text-align: center;\">La visite d&rsquo;Italia in Miniatura est une <strong>exp\u00e9rience unique pour petits et grands<\/strong> qui  ont la possibilit\u00e9 de s&rsquo;amuser, d&rsquo;admirer et d&rsquo;apprendre en m\u00eame temps. En effet, l&rsquo;activit\u00e9 du parc est clairement orient\u00e9e vers la valorisation du patrimoine culturel, historique et environnemental du Belpaese. <\/p>\n<p><\/p>\n<p style=\"text-align: center;\">L&rsquo;Italia in Miniatura est un parc \u00e0 th\u00e8me<\/strong> qui rassemble de magnifiques <strong>repr\u00e9sentations \u00e0 l&rsquo;\u00e9chelle des principaux monuments nationaux<\/strong>, que l&rsquo;on peut observer en se promenant dans les all\u00e9es verdoyantes qui les relient, ou en les observant d&rsquo;en haut gr\u00e2ce \u00e0 un tour sur le Monorotaia Arcobaleno (monorail arc-en-ciel) qui circule \u00e0 une hauteur de 6 m\u00e8tres et dont le parcours est accompagn\u00e9 d&rsquo;une voix off qui explique les caract\u00e9ristiques de ce que l&rsquo;on voit.<\/p>\n<p>[\/vc_column_text][\/qode_elements_holder_item][\/qode_elements_holder][vc_empty_space height=\u00a0\u00bb60px\u00a0\u00bb][\/vc_column][\/vc_row][vc_row css_animation=\u00a0\u00bb\u00a0\u00bb row_type=\u00a0\u00bbrow\u00a0\u00bb use_row_as_full_screen_section=\u00a0\u00bbno\u00a0\u00bb type=\u00a0\u00bbfull_width\u00a0\u00bb angled_section=\u00a0\u00bbno\u00a0\u00bb text_align=\u00a0\u00bbleft\u00a0\u00bb background_image_as_pattern=\u00a0\u00bbwithout_pattern\u00a0\u00bb z_index=\u00a0\u00bb\u00a0\u00bb css=\u00a0\u00bb.vc_custom_1521192956462{background-color: #dfd9d4 !important;}\u00a0\u00bb][vc_column][vc_column_text css=\u00a0\u00bb.vc_custom_1521467049930{padding-top: 6% !important;padding-bottom: 6% !important;}\u00a0\u00bb]<\/p>\n<p style=\"text-align: center;\">Parmi les monuments miniatures les plus impressionnants que l&rsquo;on peut observer, citons la <strong>cath\u00e9drale de Milan<\/strong>, la  <strong>tour de Pise<\/strong>, le <strong>mausol\u00e9e de Th\u00e9odoric de Ravenne<\/strong>, le <strong>Colis\u00e9e et la Basilique Saint-Pierre<\/strong>, la <strong>Piazza del Plebiscito de Naples<\/strong> et la <strong>Vall\u00e9e des Temples d&rsquo;Agrigente<\/strong>.<\/p>\n<p>[\/vc_column_text][\/vc_column][\/vc_row][vc_row css_animation=\u00a0\u00bb\u00a0\u00bb row_type=\u00a0\u00bbrow\u00a0\u00bb use_row_as_full_screen_section=\u00a0\u00bbno\u00a0\u00bb type=\u00a0\u00bbfull_width\u00a0\u00bb angled_section=\u00a0\u00bbno\u00a0\u00bb text_align=\u00a0\u00bbleft\u00a0\u00bb background_image_as_pattern=\u00a0\u00bbwithout_pattern\u00a0\u00bb el_class=\u00a0\u00bbfull\u00a0\u00bb z_index=\u00a0\u00bb\u00a0\u00bb][vc_column][vc_raw_html]PGRpdiBjbGFzcz0icGFyYWxsYXggaXRhbGlhLW1pbmlhdHVyYSI+PC9kaXY+[\/vc_raw_html][\/vc_column][\/vc_row]<\/p>\n<\/div>","protected":false},"excerpt":{"rendered":"<p>[vc_row css_animation=\u00a0\u00bb\u00a0\u00bb row_type=\u00a0\u00bbrow\u00a0\u00bb use_row_as_full_screen_section=\u00a0\u00bbno\u00a0\u00bb type=\u00a0\u00bbfull_width\u00a0\u00bb angled_section=\u00a0\u00bbno\u00a0\u00bb text_align=\u00a0\u00bbleft\u00a0\u00bb background_image_as_pattern=\u00a0\u00bbwithout_pattern\u00a0\u00bb el_class=\u00a0\u00bbmax-1400&Prime; z_index=\u00a0\u00bb\u00a0\u00bb][vc_column][vc_empty_space height=\u00a0\u00bb60px\u00a0\u00bb][vc_column_text] L&rsquo;Italie en miniature [\/vc_column_text][vc_column_text css=\u00a0\u00bb\u00a0\u00bb] Parmi les parcs d&rsquo;attractions de la Riviera Romagnole, l&rsquo;Italia in Miniatura est un monde extraordinaire \u00e0 d\u00e9couvrir , qui vous permet de vivre une exp\u00e9rience passionnante \u00e0 la d\u00e9couverte&#8230;<\/p>\n","protected":false},"author":1,"featured_media":0,"parent":0,"menu_order":0,"comment_status":"closed","ping_status":"closed","template":"full_width.php","meta":{"_monsterinsights_skip_tracking":false,"_monsterinsights_sitenote_active":false,"_monsterinsights_sitenote_note":"","_monsterinsights_sitenote_category":0,"footnotes":""},"class_list":["post-4097","page","type-page","status-publish","hentry"],"aioseo_notices":[],"_links":{"self":[{"href":"https:\/\/hotelardesia.com\/fr\/wp-json\/wp\/v2\/pages\/4097","targetHints":{"allow":["GET"]}}],"collection":[{"href":"https:\/\/hotelardesia.com\/fr\/wp-json\/wp\/v2\/pages"}],"about":[{"href":"https:\/\/hotelardesia.com\/fr\/wp-json\/wp\/v2\/types\/page"}],"author":[{"embeddable":true,"href":"https:\/\/hotelardesia.com\/fr\/wp-json\/wp\/v2\/users\/1"}],"replies":[{"embeddable":true,"href":"https:\/\/hotelardesia.com\/fr\/wp-json\/wp\/v2\/comments?post=4097"}],"version-history":[{"count":0,"href":"https:\/\/hotelardesia.com\/fr\/wp-json\/wp\/v2\/pages\/4097\/revisions"}],"wp:attachment":[{"href":"https:\/\/hotelardesia.com\/fr\/wp-json\/wp\/v2\/media?parent=4097"}],"curies":[{"name":"wp","href":"https:\/\/api.w.org\/{rel}","templated":true}]}}