{"id":4157,"date":"2025-12-15T21:46:44","date_gmt":"2025-12-15T20:46:44","guid":{"rendered":"https:\/\/hotelardesia.com\/oltremare"},"modified":"2025-12-15T21:46:44","modified_gmt":"2025-12-15T20:46:44","slug":"oltremare","status":"publish","type":"page","link":"https:\/\/hotelardesia.com\/fr\/oltremare","title":{"rendered":"\u00c0 la d\u00e9couverte du monde fascinant d&rsquo;Oltremare"},"content":{"rendered":"<div class=\"wpb-content-wrapper\"><p>[vc_row css_animation=\u00a0\u00bb\u00a0\u00bb row_type=\u00a0\u00bbrow\u00a0\u00bb use_row_as_full_screen_section=\u00a0\u00bbno\u00a0\u00bb type=\u00a0\u00bbfull_width\u00a0\u00bb angled_section=\u00a0\u00bbno\u00a0\u00bb text_align=\u00a0\u00bbleft\u00a0\u00bb background_image_as_pattern=\u00a0\u00bbwithout_pattern\u00a0\u00bb][vc_column][vc_empty_space][vc_column_text css=\u00a0\u00bb\u00a0\u00bb]<\/p>\n<h3>\u00c0 la d\u00e9couverte du monde fascinant d&rsquo;Oltremare<\/h3>\n<p>Visiter <strong>Oltremare<\/strong>, c&rsquo;est comme feuilleter un livre aux pages magiques, qui d\u00e9voilent les d\u00e9tails d&rsquo;un monde que nous avons sous les yeux mais qui nous \u00e9chappe sans cesse. Dans cet incroyable parc situ\u00e9 \u00e0 Riccione, pr\u00e8s de l&rsquo;Aquafan, vous ferez en effet des d\u00e9couvertes passionnantes sur la terre, son histoire et la mer qui la baigne.<\/p>\n<p>Vous pourrez admirer de nombreuses cr\u00e9atures en visitant Oltremare, des cr\u00e9atures marines comme les dauphins ou les hippocampes, aux cr\u00e9atures terrestres comme les oiseaux, les insectes et les animaux de la ferme.<\/p>\n<p>Le voyage \u00e0 Oltremare commence par l&rsquo;histoire de <strong>Pianeta terra<\/strong> (Plan\u00e8te Terre), un parcours sp\u00e9cialement con\u00e7u pour montrer tous les d\u00e9tails de l&rsquo;\u00e9volution terrestre, de la pr\u00e9histoire \u00e0 l&rsquo;apparition de l&rsquo;homme, un voyage de plusieurs millions d&rsquo;ann\u00e9es, avec des reproductions r\u00e9alistes de dinosaures.<\/p>\n<p><strong>Plan\u00e8te mer<\/strong> est quant \u00e0 lui une immense exposition consacr\u00e9e \u00e0 l&rsquo;environnement marin, avec des sp\u00e9cimens des plus grands poissons, comme les requins, et des poissons \u00e9tranges, comme les poissons-lunes. En 2010, deux nouveaut\u00e9s ont \u00e9t\u00e9 introduites, avec de grands aquariums et des bassins interactifs pour se retrouver face \u00e0 face avec les esp\u00e8ces les plus bizarres et les plus amusantes de la mer. Le parcours se termine par l&rsquo;observation des dauphins \u00e0 travers une grande vitre sous-marine, avec des explications et des anecdotes racont\u00e9es par les dresseurs.<\/p>\n<p>\u00c0 propos, vous aussi, vous pouvez devenir dresseur d&rsquo;un jour et vivre l&rsquo;\u00e9motion de vous retrouver aux c\u00f4t\u00e9s de ces cr\u00e9atures fantastiques qui ex\u00e9cutent de magnifiques figures dans la <strong>Lagune des Dauphins<\/strong>. Parmi les onze sp\u00e9cimens h\u00e9berg\u00e9s par le parc, vous ferez la connaissance d&rsquo;Ulysse, le dauphin curieux.<\/p>\n<p>Il est \u00e9galement possible, autre nouveaut\u00e9 de l&rsquo;ann\u00e9e, de devenir fauconnier, en apprenant le v\u00e9ritable art du dressage des faucons, selon des techniques particuli\u00e8res issues d&rsquo;anciennes traditions.<\/p>\n<p>La visite de la zone <strong>Hippocampus<\/strong>, une r\u00e9serve o\u00f9 vivent des hippocampes, des poissons-aiguilles et des dragons de mer, libres de se d\u00e9placer dans leur habitat naturel, sera \u00e9tonnante, et pas seulement pour les plus petits.<\/p>\n<p>Pour finir en beaut\u00e9, il ne pouvait manquer la cerise sur le g\u00e2teau, l&rsquo;I max, une exp\u00e9rience cin\u00e9matographique unique qui vous plongera dans des projections tridimensionnelles de documentaires sur la nature, avec des effets vid\u00e9o et audio qui vous donneront l&rsquo;impression de vivre la projection dans la r\u00e9alit\u00e9.<\/p>\n<p>R\u00e9servez votre s\u00e9jour \u00e0 l&rsquo;<strong>Albergo Ardesia<\/strong>, vous serez accueillis dans un <strong>environnement familial \u00e0 deux pas de la mer et \u00e0 quelques minutes d&rsquo;Oltremare<\/strong>, avec de nombreuses offres pour vous et vos enfants.[\/vc_column_text][vc_empty_space][\/vc_column][\/vc_row]<\/p>\n<\/div>","protected":false},"excerpt":{"rendered":"<p>[vc_row css_animation=\u00a0\u00bb\u00a0\u00bb row_type=\u00a0\u00bbrow\u00a0\u00bb use_row_as_full_screen_section=\u00a0\u00bbno\u00a0\u00bb type=\u00a0\u00bbfull_width\u00a0\u00bb angled_section=\u00a0\u00bbno\u00a0\u00bb text_align=\u00a0\u00bbleft\u00a0\u00bb background_image_as_pattern=\u00a0\u00bbwithout_pattern\u00a0\u00bb][vc_column][vc_empty_space][vc_column_text css=\u00a0\u00bb\u00a0\u00bb] \u00c0 la d\u00e9couverte du monde fascinant d&rsquo;Oltremare Visiter Oltremare, c&rsquo;est comme feuilleter un livre aux pages magiques, qui d\u00e9voilent les d\u00e9tails d&rsquo;un monde que nous avons sous les yeux mais qui nous \u00e9chappe sans cesse. Dans&#8230;<\/p>\n","protected":false},"author":1,"featured_media":0,"parent":0,"menu_order":0,"comment_status":"closed","ping_status":"closed","template":"","meta":{"_monsterinsights_skip_tracking":false,"_monsterinsights_sitenote_active":false,"_monsterinsights_sitenote_note":"","_monsterinsights_sitenote_category":0,"footnotes":""},"class_list":["post-4157","page","type-page","status-publish","hentry"],"aioseo_notices":[],"_links":{"self":[{"href":"https:\/\/hotelardesia.com\/fr\/wp-json\/wp\/v2\/pages\/4157","targetHints":{"allow":["GET"]}}],"collection":[{"href":"https:\/\/hotelardesia.com\/fr\/wp-json\/wp\/v2\/pages"}],"about":[{"href":"https:\/\/hotelardesia.com\/fr\/wp-json\/wp\/v2\/types\/page"}],"author":[{"embeddable":true,"href":"https:\/\/hotelardesia.com\/fr\/wp-json\/wp\/v2\/users\/1"}],"replies":[{"embeddable":true,"href":"https:\/\/hotelardesia.com\/fr\/wp-json\/wp\/v2\/comments?post=4157"}],"version-history":[{"count":0,"href":"https:\/\/hotelardesia.com\/fr\/wp-json\/wp\/v2\/pages\/4157\/revisions"}],"wp:attachment":[{"href":"https:\/\/hotelardesia.com\/fr\/wp-json\/wp\/v2\/media?parent=4157"}],"curies":[{"name":"wp","href":"https:\/\/api.w.org\/{rel}","templated":true}]}}