{"id":4191,"date":"2025-12-15T21:53:31","date_gmt":"2025-12-15T20:53:31","guid":{"rendered":"https:\/\/hotelardesia.com\/hotels-pour-familles-a-rimini"},"modified":"2025-12-15T21:53:31","modified_gmt":"2025-12-15T20:53:31","slug":"hotels-pour-familles-a-rimini","status":"publish","type":"page","link":"https:\/\/hotelardesia.com\/fr\/hotels-pour-familles-a-rimini","title":{"rendered":"H\u00f4tels pour familles \u00e0 Rimini"},"content":{"rendered":"<div class=\"wpb-content-wrapper\"><p>[vc_row css_animation=\u00a0\u00bb\u00a0\u00bb row_type=\u00a0\u00bbrow\u00a0\u00bb use_row_as_full_screen_section=\u00a0\u00bbno\u00a0\u00bb type=\u00a0\u00bbfull_width\u00a0\u00bb angled_section=\u00a0\u00bbno\u00a0\u00bb text_align=\u00a0\u00bbleft\u00a0\u00bb background_image_as_pattern=\u00a0\u00bbwithout_pattern\u00a0\u00bb][vc_column][vc_empty_space][vc_column_text]<\/p>\n<h3>H\u00f4tel pour familles \u00e0 Rimini<\/h3>\n<p>Situ\u00e9 \u00e0 Bellariva, nous pouvons nous consid\u00e9rer comme un <strong>h\u00f4tel pour familles id\u00e9al \u00e0 Rimini<\/strong>, capable de garantir une <strong>atmosph\u00e8re chaleureuse, accueillante<\/strong> et en m\u00eame temps discr\u00e8te, attentive aux diff\u00e9rents besoins de nos clients, y compris ceux des <strong>plus petits<\/strong> qui, comme on le sait, ont souvent des demandes constantes et difficiles \u00e0 satisfaire.<\/p>\n<p>Tout le monde se sent bien ici, bien s\u00fbr, mais nous aimons nous classer parmi les h\u00f4tels pour enfants \u00e0 Rimini, car nous savons bien que les vacances d\u00e9pendent tr\u00e8s souvent du \u00ab maillon faible de la cha\u00eene \u00bb, celui qui a le plus de difficult\u00e9s, le plus de besoins, et qui pourrait, par son humeur, influencer la r\u00e9ussite de tout le s\u00e9jour.<\/p>\n<p>Dans cet <strong>h\u00f4tel \u00e9conomique \u00e0 Rimini<\/strong>, <strong>tout le monde se sentira bien<\/strong> : au restaurant, dans la grande salle climatis\u00e9e donnant sur le jardin, les saveurs et la simplicit\u00e9 des plats pr\u00e9par\u00e9s directement par Graziella vous s\u00e9duiront ; les <strong>chambres lumineuses<\/strong> et confortables vous berceront, vous procurant le meilleur sommeil r\u00e9parateur, et puis lui, notre mer, vous permettra de vous baigner et de jouer sur la plage en compagnie de tous.<\/p>\n<p>En particulier, comme nous le disions, ce sont les <strong>enfants <\/strong>qui seront les plus heureux si vous <strong>profitez de notre emplacement tr\u00e8s avantageux<\/strong> pour les emmener s&rsquo;amuser dans les nombreux <strong>parcs d&rsquo;attractions<\/strong> et les nombreux<strong> points d&rsquo;int\u00e9r\u00eat<\/strong> que vous trouverez dans les environs : \u00e0 commencer par Fiabilandia vers Miramare, \u00e0 environ 5 minutes en voiture d&rsquo;ici (mais soyez \u00e9cologiques et demandez-nous des v\u00e9los gratuits pour vous y rendre : en plus de l&rsquo;air, votre sant\u00e9 vous en remerciera), le delphinarium de Rimini (\u00e9galement accessible \u00e0 v\u00e9lo en une dizaine de minutes), l&rsquo;Italia in Miniatura, o\u00f9 vous pourrez voir pour une fois toutes les merveilles de l&rsquo;Italie (et de l&rsquo;Europe) r\u00e9unies, Mirabilandia \u00e0 Ravenne (45 minutes), Oltremare et Aquafan \u00e0 Riccione (15 minutes).<\/p>\n<p>Vous pourrez \u00e9galement faire une <strong>excursion en famille<\/strong> dans les merveilleuses petites villes situ\u00e9es \u00e0 proximit\u00e9 de Rimini : de <strong>Santarcangelo<\/strong> \u00e0 <strong>San Leo<\/strong>, en passant par Sant&rsquo;Agata Feltria, <strong>Montebello<\/strong>, <strong>Gradara<\/strong> et bien d&rsquo;autres lieux enchanteurs !<\/p>\n<p>Vous avez vu tout ce qu&rsquo;il y a \u00e0 faire ? Les plus petits s&rsquo;amuseront et vous vous refl\u00e9terez dans leur sourire.[\/vc_column_text][vc_empty_space][\/vc_column][\/vc_row]<\/p>\n<\/div>","protected":false},"excerpt":{"rendered":"<p>[vc_row css_animation=\u00a0\u00bb\u00a0\u00bb row_type=\u00a0\u00bbrow\u00a0\u00bb use_row_as_full_screen_section=\u00a0\u00bbno\u00a0\u00bb type=\u00a0\u00bbfull_width\u00a0\u00bb angled_section=\u00a0\u00bbno\u00a0\u00bb text_align=\u00a0\u00bbleft\u00a0\u00bb background_image_as_pattern=\u00a0\u00bbwithout_pattern\u00a0\u00bb][vc_column][vc_empty_space][vc_column_text] H\u00f4tel pour familles \u00e0 Rimini Situ\u00e9 \u00e0 Bellariva, nous pouvons nous consid\u00e9rer comme un h\u00f4tel pour familles id\u00e9al \u00e0 Rimini, capable de garantir une atmosph\u00e8re chaleureuse, accueillante et en m\u00eame temps discr\u00e8te, attentive aux diff\u00e9rents besoins de&#8230;<\/p>\n","protected":false},"author":1,"featured_media":0,"parent":0,"menu_order":0,"comment_status":"closed","ping_status":"closed","template":"","meta":{"_monsterinsights_skip_tracking":false,"_monsterinsights_sitenote_active":false,"_monsterinsights_sitenote_note":"","_monsterinsights_sitenote_category":0,"footnotes":""},"class_list":["post-4191","page","type-page","status-publish","hentry"],"aioseo_notices":[],"_links":{"self":[{"href":"https:\/\/hotelardesia.com\/fr\/wp-json\/wp\/v2\/pages\/4191","targetHints":{"allow":["GET"]}}],"collection":[{"href":"https:\/\/hotelardesia.com\/fr\/wp-json\/wp\/v2\/pages"}],"about":[{"href":"https:\/\/hotelardesia.com\/fr\/wp-json\/wp\/v2\/types\/page"}],"author":[{"embeddable":true,"href":"https:\/\/hotelardesia.com\/fr\/wp-json\/wp\/v2\/users\/1"}],"replies":[{"embeddable":true,"href":"https:\/\/hotelardesia.com\/fr\/wp-json\/wp\/v2\/comments?post=4191"}],"version-history":[{"count":0,"href":"https:\/\/hotelardesia.com\/fr\/wp-json\/wp\/v2\/pages\/4191\/revisions"}],"wp:attachment":[{"href":"https:\/\/hotelardesia.com\/fr\/wp-json\/wp\/v2\/media?parent=4191"}],"curies":[{"name":"wp","href":"https:\/\/api.w.org\/{rel}","templated":true}]}}