{"id":4200,"date":"2025-12-15T21:54:51","date_gmt":"2025-12-15T20:54:51","guid":{"rendered":"https:\/\/hotelardesia.com\/bellariva-di-rimini"},"modified":"2025-12-15T21:54:51","modified_gmt":"2025-12-15T20:54:51","slug":"bellariva-di-rimini","status":"publish","type":"page","link":"https:\/\/hotelardesia.com\/fr\/bellariva-di-rimini","title":{"rendered":"Bellariva, pour d\u00e9couvrir les merveilles de la Riviera romagnole"},"content":{"rendered":"<div class=\"wpb-content-wrapper\"><p>[vc_row css_animation=\u00a0\u00bb\u00a0\u00bb row_type=\u00a0\u00bbrow\u00a0\u00bb use_row_as_full_screen_section=\u00a0\u00bbno\u00a0\u00bb type=\u00a0\u00bbfull_width\u00a0\u00bb angled_section=\u00a0\u00bbno\u00a0\u00bb text_align=\u00a0\u00bbleft\u00a0\u00bb background_image_as_pattern=\u00a0\u00bbwithout_pattern\u00a0\u00bb][vc_column][vc_empty_space][vc_column_text css=\u00a0\u00bb\u00a0\u00bb]<\/p>\n<h3>Bellariva, pour d\u00e9couvrir les merveilles de la Riviera romagnole<\/h3>\n<p>En s\u00e9journant dans notre h\u00f4tel \u00e0 Bellariva di Rimini, vous aurez \u00e0 quelques pas de vous les meilleures ressources que la Riviera romagnole a \u00e0 offrir \u00e0 ses visiteurs bien-aim\u00e9s.<\/p>\n<p>Bellariva, gr\u00e2ce \u00e0 sa position strat\u00e9gique pr\u00e8s de la mer entre Rimini et Riccione, est un point de d\u00e9part id\u00e9al pour rejoindre les parcs d&rsquo;attractions, le parc des expositions, les grands centres commerciaux et bien d&rsquo;autres choses encore.<\/p>\n<p>En s\u00e9journant dans l&rsquo;un des h\u00f4tels les plus accueillants de Bellariva di Rimini, comme le n\u00f4tre, qui offre de nombreux services pour r\u00e9pondre \u00e0 tous les besoins, vous pourrez profiter de tout cela dans le plus grand confort et la plus grande d\u00e9tente.<\/p>\n<p>Si vous recherchez du divertissement pour vous et votre famille, \u00e0 seulement 6 minutes se trouve le fantastique parc Fiabilandia, avec ses nombreuses attractions th\u00e9matiques, pour le plus grand plaisir des petits et des grands, ou \u00e0 un peu plus de 10 minutes, l&rsquo;\u00e9tonnant Italia in Miniatura, avec plus de 270 reproductions des principaux monuments italiens et de nombreux man\u00e8ges pour toute la famille.<\/p>\n<p>Si vous souhaitez d\u00e9couvrir les myst\u00e8res de la mer et entrer en contact direct avec elle, \u00e0 environ un quart d&rsquo;heure de route, vous trouverez le parc Oltremare de Riccione, ou \u00e0 seulement 8 minutes, l&rsquo;enthousiasmant delphinarium de Rimini, o\u00f9 vous pourrez assister \u00e0 des spectacles \u00e9tonnants et exaltants ex\u00e9cut\u00e9s par les habitants les plus intelligents de la mer.<\/p>\n<p>De plus, \u00e0 deux pas du centre historique de Rimini, l&rsquo;h\u00f4tel vous offre la possibilit\u00e9 de faire d&rsquo;agr\u00e9ables promenades relaxantes parmi de magnifiques monuments, notamment le <strong>Temple Malatestiano<\/strong>, le <strong>Pont de Tib\u00e8re<\/strong> ou la <strong>Domus del Chirurgo<\/strong>, en vous arr\u00eatant de temps en temps pour prendre un caf\u00e9 ou une glace dans l&rsquo;un des \u00e9l\u00e9gants bars des principales places de la ville.<\/p>\n<p>Enfin, pour profiter d&rsquo;une fantastique journ\u00e9e de <strong>shopping<\/strong>, \u00e0 seulement 2 km de chez nous, vous trouverez le grandiose centre commercial <strong>Le Befane<\/strong>, le plus grand de la Romagne, avec plus de 130 magasins et un spectaculaire cin\u00e9ma multiplexe de 12 salles dot\u00e9es des technologies audiovisuelles les plus innovantes.<\/p>\n<p>Avec notre h\u00f4tel, qui est l&rsquo;un des h\u00f4tels les moins chers de Rimini, vous pourrez profiter de tout cela et bien plus encore, dans le confort et \u00e0 un prix abordable, pour des vacances inoubliables sur la c\u00f4te.[\/vc_column_text][\/vc_column][\/vc_row][vc_row css_animation=\u00a0\u00bb\u00a0\u00bb row_type=\u00a0\u00bbrow\u00a0\u00bb use_row_as_full_screen_section=\u00a0\u00bbno\u00a0\u00bb type=\u00a0\u00bbfull_width\u00a0\u00bb angled_section=\u00a0\u00bbno\u00a0\u00bb text_align=\u00a0\u00bbleft\u00a0\u00bb background_image_as_pattern=\u00a0\u00bbwithout_pattern\u00a0\u00bb][vc_column][vc_empty_space][\/vc_column][\/vc_row]<\/p>\n<\/div>","protected":false},"excerpt":{"rendered":"<p>[vc_row css_animation=\u00a0\u00bb\u00a0\u00bb row_type=\u00a0\u00bbrow\u00a0\u00bb use_row_as_full_screen_section=\u00a0\u00bbno\u00a0\u00bb type=\u00a0\u00bbfull_width\u00a0\u00bb angled_section=\u00a0\u00bbno\u00a0\u00bb text_align=\u00a0\u00bbleft\u00a0\u00bb background_image_as_pattern=\u00a0\u00bbwithout_pattern\u00a0\u00bb][vc_column][vc_empty_space][vc_column_text css=\u00a0\u00bb\u00a0\u00bb] Bellariva, pour d\u00e9couvrir les merveilles de la Riviera romagnole En s\u00e9journant dans notre h\u00f4tel \u00e0 Bellariva di Rimini, vous aurez \u00e0 quelques pas de vous les meilleures ressources que la Riviera romagnole a \u00e0 offrir \u00e0&#8230;<\/p>\n","protected":false},"author":1,"featured_media":0,"parent":0,"menu_order":0,"comment_status":"closed","ping_status":"closed","template":"","meta":{"_monsterinsights_skip_tracking":false,"_monsterinsights_sitenote_active":false,"_monsterinsights_sitenote_note":"","_monsterinsights_sitenote_category":0,"footnotes":""},"class_list":["post-4200","page","type-page","status-publish","hentry"],"aioseo_notices":[],"_links":{"self":[{"href":"https:\/\/hotelardesia.com\/fr\/wp-json\/wp\/v2\/pages\/4200","targetHints":{"allow":["GET"]}}],"collection":[{"href":"https:\/\/hotelardesia.com\/fr\/wp-json\/wp\/v2\/pages"}],"about":[{"href":"https:\/\/hotelardesia.com\/fr\/wp-json\/wp\/v2\/types\/page"}],"author":[{"embeddable":true,"href":"https:\/\/hotelardesia.com\/fr\/wp-json\/wp\/v2\/users\/1"}],"replies":[{"embeddable":true,"href":"https:\/\/hotelardesia.com\/fr\/wp-json\/wp\/v2\/comments?post=4200"}],"version-history":[{"count":0,"href":"https:\/\/hotelardesia.com\/fr\/wp-json\/wp\/v2\/pages\/4200\/revisions"}],"wp:attachment":[{"href":"https:\/\/hotelardesia.com\/fr\/wp-json\/wp\/v2\/media?parent=4200"}],"curies":[{"name":"wp","href":"https:\/\/api.w.org\/{rel}","templated":true}]}}