{"id":4209,"date":"2025-12-15T21:56:19","date_gmt":"2025-12-15T20:56:19","guid":{"rendered":"https:\/\/hotelardesia.com\/ecomondo"},"modified":"2025-12-15T21:56:19","modified_gmt":"2025-12-15T20:56:19","slug":"ecomondo","status":"publish","type":"page","link":"https:\/\/hotelardesia.com\/fr\/ecomondo","title":{"rendered":"Economondo, le salon international du d\u00e9veloppement durable"},"content":{"rendered":"<div class=\"wpb-content-wrapper\"><p>[vc_row css_animation=\u00a0\u00bb\u00a0\u00bb row_type=\u00a0\u00bbrow\u00a0\u00bb use_row_as_full_screen_section=\u00a0\u00bbno\u00a0\u00bb type=\u00a0\u00bbfull_width\u00a0\u00bb angled_section=\u00a0\u00bbno\u00a0\u00bb text_align=\u00a0\u00bbleft\u00a0\u00bb background_image_as_pattern=\u00a0\u00bbwithout_pattern\u00a0\u00bb][vc_column][vc_empty_space][vc_column_text css=\u00a0\u00bb\u00a0\u00bb]<\/p>\n<h2 data-start=\u00ab 164 \u00bb data-end=\u00ab 244 \u00bb>H\u00f4tels \u00e0 Rimini pour Ecomondo \u2013 Confort et commodit\u00e9 \u00e0 quelques minutes du salon<\/h2>\n<p><\/p>\n<p data-start=\u00ab 246 \u00bb data-end=\u00ab 596 \u00bb>Si vous recherchez un <strong data-start=\u00ab 266 \u00bb data-end=\u201c302\u201d>h\u00f4tel \u00e0 Rimini pr\u00e8s d&rsquo;Ecomondo<\/strong>, notre \u00e9tablissement est la solution id\u00e9ale pour ceux qui participent au principal salon europ\u00e9en d\u00e9di\u00e9 \u00e0 l&rsquo;<strong data-start=\u00ab 398 \u00bb data-end= \u00ab 415 \u00bb>\u00e9conomie verte<\/strong>, \u00e0 l&rsquo;<strong data-start=\u00ab 421 \u00bb data-end=\u00ab 443 \u00bb>\u00e9conomie circulaire<\/strong> et aux <strong data-start=\u201c451\u201d data-end=\u00ab 477 \u00bb>technologies durables<\/strong>. Nous offrons confort, services d&rsquo;affaires et un emplacement strat\u00e9gique pour rejoindre facilement le <strong data-start=\u00ab 571 \u00bb data-end=\u00ab 593 \u00bb>Rimini Expo Centre<\/strong>.<\/p>\n<h3 data-start=\u201c598\u201d data-end=\u00ab 649 \u00bb>S\u00e9jour confortable pr\u00e8s du Rimini Expo Centre<\/h3>\n<p><\/p>\n<p data-start=\u00ab 650 \u00bb data-end=\u00ab 922 \u00bb>Gr\u00e2ce \u00e0 notre emplacement et aux liaisons rapides avec le <strong data-start=\u201c711\u201d data-end=\u00ab 730 \u00bb>parc des expositions de Rimini<\/strong>, vous pourrez vous d\u00e9placer en quelques minutes et profiter d&rsquo;Ecomondo sans stress. L&rsquo;h\u00f4tel est id\u00e9al pour les exposants et les visiteurs qui recherchent un pied-\u00e0-terre confortable et bien organis\u00e9.<\/p>\n<h3 data-start=\u00ab 924 \u00bb data-end=\u00ab 983 \u00bb>Ecomondo : le salon international du d\u00e9veloppement durable<\/p>\n<p data-start=\u00ab 984 \u00bb data-end=\u00ab 1193 \u00bb><strong data-start=\u201c984\u201d data-end=\u00ab 996 \u00bb>Ecomondo<\/strong> est l&rsquo;\u00e9v\u00e9nement de r\u00e9f\u00e9rence pour la transition \u00e9cologique et l&rsquo;innovation environnementale en Europe. Il rassemble chaque ann\u00e9e des entreprises, des start-ups, des professionnels et des institutions pour pr\u00e9senter les derni\u00e8res nouveaut\u00e9s dans les domaines suivants :<\/p>\n<ul data-start=\u00ab 1195 \u00bb data-end=\u00ab 1492 \u00bb>\n<li data-start=\u00ab 1195 \u00bb data-end=\u00ab 1233 \u00bb>\n<p data-start=\u00ab 1197 \u00bb data-end=\u00ab 1233 \u00bb><strong data-start=\u201c1197\u201d data-end=\u00ab 1231 \u00bb>Gestion et recyclage des d\u00e9chets<\/strong><\/p>\n<\/li>\n<li data-start=\u00ab 1234 \u00bb data-end=\u00ab 1279 \u00bb>\n<p data-start=\u00ab 1236 \u00bb data-end=\u00ab 1279 \u00bb><strong data-start=\u201c1236\u201d data-end=\u00ab 1277 \u00bb>Traitement et \u00e9puration des eaux<\/strong><\/p>\n<\/li>\n<li data-start=\u00ab 1280 \u00bb data-end=\u00ab 1323 \u00bb>\n<p data-start=\u00ab 1282 \u00bb data-end=\u00ab 1323 \u00bb><strong data-start=\u201c1282\u201d data-end=\u00ab 1321 \u00bb>Assainissement et r\u00e9g\u00e9n\u00e9ration des sols<\/strong><\/p>\n<\/li>\n<li data-start=\u00ab 1324 \u00bb data-end=\u00ab 1368 \u00bb>\n<p data-start=\u00ab 1326 \u00bb data-end=\u00ab 1368 \u00bb><strong data-start=\u201c1326\u201d data-end=\u00ab 1366 \u00bb>Bio\u00e9nergies et agriculture durable<\/strong><\/p>\n<\/li>\n<li data-start=\u00ab 1369 \u00bb data-end=\u00ab 1406 \u00bb>\n<p data-start=\u00ab 1371 \u00bb data-end=\u00ab 1406 \u00bb><strong data-start=\u201c1371\u201d data-end=\u00ab 1404 \u00bb>Mobilit\u00e9 verte et villes intelligentes<\/strong><\/p>\n<\/li>\n<li data-start=\u00ab 1407 \u00bb data-end=\u00ab 1442 \u00bb>\n<p data-start=\u00ab 1409 \u00bb data-end=\u00ab 1442 \u00bb><strong data-start=\u201c1409\u201d data-end=\u00ab 1440 \u00bb>Num\u00e9risation environnementale<\/strong><\/p>\n<\/li>\n<li data-start=\u00ab 1443 \u00bb data-end=\u00ab 1492 \u00bb>\n<p data-start=\u00ab 1445 \u00bb data-end=\u00ab 1492 \u00bb><strong data-start=\u201c1445\u201d data-end=\u00ab 1490 \u00bb>Efficacit\u00e9 \u00e9nerg\u00e9tique et d\u00e9carbonisation<\/strong><\/p>\n<\/li>\n<\/ul>\n<p><\/p>\n<p data-start=\u00ab 1494 \u00bb data-end=\u00ab 1725 \u00bb>Le salon comprend \u00e9galement des <strong data-start=\u201c1519\u201d data-end=\u00ab 1597 \u00bb>conf\u00e9rences, des ateliers, des tables rondes et des \u00e9v\u00e9nements de r\u00e9seautage international<\/strong>, offrant ainsi l&rsquo;occasion id\u00e9ale de se tenir au courant des technologies vertes, d&rsquo;\u00e9changer des exp\u00e9riences et de nouer de nouvelles collaborations.<\/p>\n<h3 data-start=\u00ab 1727 \u00bb data-end=\u00ab 1777 \u00bb>Services con\u00e7us pour les participants \u00e0 Ecomondo<\/h3>\n<p data-start=\u201c1778\u201d data-end=\u00ab 1894 \u00bb>Notre h\u00f4tel met \u00e0 votre disposition tout le n\u00e9cessaire pour affronter au mieux les journ\u00e9es intenses du salon :<\/p>\n<ul data-start=\u00ab 1896 \u00bb data-end=\u00ab 2291 \u00bb>\n<li data-start=\u201c1896\u201d data-end=\u00ab 1969 \u00bb>\n<p data-start=\u00ab 1898 \u00bb data-end=\u00ab 1969 \u00bb><strong data-start=\u201c1898\u201d data-end=\u00ab 1927 \u00bb>Wi-Fi rapide et illimit\u00e9<\/strong> dans toutes les chambres et les espaces communs<\/p>\n<\/li>\n<li data-start=\u00ab 1970 \u00bb data-end=\u00ab 2048 \u00bb>\n<p data-start=\u00ab 1972 \u00bb data-end=\u00ab 2048 \u00bb><strong data-start=\u201c1972\u201d data-end=\u00ab 1996 \u00bb>Petit-d\u00e9jeuner anticip\u00e9<\/strong> pour ceux qui doivent se rendre \u00e0 Ecomondo t\u00f4t le matin<\/p>\n<\/li>\n<li data-start=\u00ab 2049 \u00bb data-end=\u00ab 2129 \u00bb>\n<p data-start=\u00ab 2051 \u00bb data-end=\u00ab 2129 \u00bb><strong data-start=\u201c2051\u201d data-end=\u00ab 2073 \u00bb>Parking priv\u00e9<\/strong> et possibilit\u00e9 de transfert vers le parc des expositions<\/p>\n<\/li>\n<li data-start=\u00ab 2130 \u00bb data-end=\u00ab 2179 \u00bb>\n<p data-start=\u00ab 2132 \u00bb data-end=\u00ab 2179 \u00bb><strong data-start=\u201c2132\u201d data-end=\u00ab 2177 \u00bb>Chambres modernes, calmes et climatis\u00e9es<\/strong><\/p>\n<\/li>\n<li data-start=\u00ab 2180 \u00bb data-end=\u00ab 2233 \u00bb>\n<p data-start=\u00ab 2182 \u00bb data-end=\u00ab 2233 \u00bb><strong data-start=\u201c2182\u201d data-end=\u00ab 2201 \u00bb>Coin affaires<\/strong> avec poste PC et imprimante<\/p>\n<\/li>\n<li data-start=\u00ab 2234 \u00bb data-end=\u00ab 2291 \u00bb>\n<p data-start=\u00ab 2236 \u00bb data-end=\u00ab 2291 \u00bb><strong data-start=\u201c2236\u201d data-end=\u00ab 2254 \u00bb>D\u00e9part tardif<\/strong>, pratique pour ceux qui ont des engagements au salon<\/p>\n<\/li>\n<\/ul>\n<p><\/p>\n<h3 data-start=\u00ab 2293 \u00bb data-end=\u00ab 2346 \u00bb>R\u00e9servez votre h\u00f4tel \u00e0 Rimini pour Ecomondo<\/h3>\n<p><\/p>\n<p data-start=\u201c2347\u201d data-end=\u00ab 2584 \u00bb>Les disponibilit\u00e9s pendant les jours du salon s&rsquo;\u00e9puisent rapidement. R\u00e9servez d\u00e8s maintenant votre h\u00e9bergement dans un <strong data-start=\u00ab 2462 \u00bb data-end=\u00ab 2489 \u00bb>h\u00f4tel pr\u00e8s d&rsquo;Ecomondo<\/strong> et vivez l&rsquo;\u00e9v\u00e9nement d\u00e9di\u00e9 \u00e0 la durabilit\u00e9 avec tout le confort et l&rsquo;efficacit\u00e9 que vous m\u00e9ritez.<\/p>\n<p>[\/vc_column_text][vc_empty_space][\/vc_column][\/vc_row]<\/p>\n<\/div>","protected":false},"excerpt":{"rendered":"<p>[vc_row css_animation=\u00a0\u00bb\u00a0\u00bb row_type=\u00a0\u00bbrow\u00a0\u00bb use_row_as_full_screen_section=\u00a0\u00bbno\u00a0\u00bb type=\u00a0\u00bbfull_width\u00a0\u00bb angled_section=\u00a0\u00bbno\u00a0\u00bb text_align=\u00a0\u00bbleft\u00a0\u00bb background_image_as_pattern=\u00a0\u00bbwithout_pattern\u00a0\u00bb][vc_column][vc_empty_space][vc_column_text css=\u00a0\u00bb\u00a0\u00bb] H\u00f4tels \u00e0 Rimini pour Ecomondo \u2013 Confort et commodit\u00e9 \u00e0 quelques minutes du salon Si vous recherchez un h\u00f4tel \u00e0 Rimini pr\u00e8s d&rsquo;Ecomondo, notre \u00e9tablissement est la solution id\u00e9ale pour ceux qui participent au principal salon&#8230;<\/p>\n","protected":false},"author":1,"featured_media":0,"parent":0,"menu_order":0,"comment_status":"closed","ping_status":"closed","template":"","meta":{"_monsterinsights_skip_tracking":false,"_monsterinsights_sitenote_active":false,"_monsterinsights_sitenote_note":"","_monsterinsights_sitenote_category":0,"footnotes":""},"class_list":["post-4209","page","type-page","status-publish","hentry"],"aioseo_notices":[],"_links":{"self":[{"href":"https:\/\/hotelardesia.com\/fr\/wp-json\/wp\/v2\/pages\/4209","targetHints":{"allow":["GET"]}}],"collection":[{"href":"https:\/\/hotelardesia.com\/fr\/wp-json\/wp\/v2\/pages"}],"about":[{"href":"https:\/\/hotelardesia.com\/fr\/wp-json\/wp\/v2\/types\/page"}],"author":[{"embeddable":true,"href":"https:\/\/hotelardesia.com\/fr\/wp-json\/wp\/v2\/users\/1"}],"replies":[{"embeddable":true,"href":"https:\/\/hotelardesia.com\/fr\/wp-json\/wp\/v2\/comments?post=4209"}],"version-history":[{"count":0,"href":"https:\/\/hotelardesia.com\/fr\/wp-json\/wp\/v2\/pages\/4209\/revisions"}],"wp:attachment":[{"href":"https:\/\/hotelardesia.com\/fr\/wp-json\/wp\/v2\/media?parent=4209"}],"curies":[{"name":"wp","href":"https:\/\/api.w.org\/{rel}","templated":true}]}}